{"id":1427,"date":"2024-04-11T08:53:25","date_gmt":"2024-04-11T06:53:25","guid":{"rendered":"https:\/\/czeskastrefa.pl\/komunikace-v-cestine\/"},"modified":"2024-05-15T20:28:43","modified_gmt":"2024-05-15T18:28:43","slug":"komunikace-v-cestine","status":"publish","type":"page","link":"https:\/\/czeskastrefa.pl\/cs\/komunikace-v-cestine\/","title":{"rendered":"Komunikace v \u010de\u0161tin\u011b"},"content":{"rendered":"\n<blockquote class=\"wp-block-quote is-layout-flow wp-block-quote-is-layout-flow\">\n<p>Komunikace je jednou z nejd\u016fle\u017eit\u011bj\u0161\u00edch v\u011bc\u00ed p\u0159i zah\u00e1jen\u00ed podnik\u00e1n\u00ed v \u010cesk\u00e9 republice. A\u0165 u\u017e se jedn\u00e1 o registraci spole\u010dnosti k DPH, poskytov\u00e1n\u00ed z\u00e1kaznick\u00e9ho servisu nebo nav\u00e1z\u00e1n\u00ed spolupr\u00e1ce s \u010desk\u00fdmi firmami, komunikaci prost\u011b nelze obej\u00edt. Nechte na n\u00e1s, abychom s druhou stranou komunikovali telefonicky a e-mailem a zjistili, jak\u00fd bude v\u00fdsledek.  <\/p>\n<\/blockquote>\n\n<p><strong>V tomto ohledu poskytujeme n\u00e1sleduj\u00edc\u00ed slu\u017eby:  <\/strong><\/p>\n\n<p><strong>1. Komunikace s maloobchodn\u00edm z\u00e1kazn\u00edkem  <\/strong><\/p>\n\n<p>Poskytn\u011bte sv\u00fdm individu\u00e1ln\u00edm klient\u016fm kvalitn\u00ed komunika\u010dn\u00ed slu\u017eby a investujte do zam\u011bstnance, pro kter\u00e9ho je komunikace v \u010de\u0161tin\u011b snadn\u00e1, a\u0165 u\u017e elektronicky, nebo po telefonu. Tato osoba by m\u011bla zn\u00e1t v\u0161echna pravidla pravopisu a \u010desk\u00e9ho jazyka, aby byla schopna form\u00e1ln\u011b jednat s klienty a z\u00e1rove\u0148 reprezentovat va\u0161i spole\u010dnost v \u010cesk\u00e9 republice.  <\/p>\n\n<p><strong>2. Komunikace s velkoobchodn\u00edm z\u00e1kazn\u00edkem  <\/strong><\/p>\n\n<p>Pro v\u00e1\u0161 internetov\u00fd obchod nen\u00ed nic d\u016fle\u017eit\u011bj\u0161\u00edho ne\u017e st\u00e1l\u00fd kontakt s velkoobchodn\u00edmi z\u00e1kazn\u00edky, kte\u0159\u00ed od v\u00e1s nakupuj\u00ed zbo\u017e\u00ed ve velk\u00e9m mno\u017estv\u00ed. Zde pot\u0159ebujete z\u00e1stupce, kter\u00fd velmi dob\u0159e zn\u00e1 va\u0161i nab\u00eddku, abyste se s velkoobchodn\u00edm z\u00e1kazn\u00edkem mohli dohodnout na podm\u00ednk\u00e1ch, cen\u011b, slev\u00e1ch nebo fakturaci.  <\/p>\n\n<p><strong>3. komunikace s \u00fa\u010detn\u00edm odd\u011blen\u00edm  <\/strong><\/p>\n\n<p>Jak\u00e1 sazba DPH se vztahuje na zbo\u017e\u00ed, kter\u00e9 prod\u00e1v\u00e1m v \u010cesk\u00e9 republice? M\u00e1m z\u00e1kazn\u00edkovi fakturovat s 0% DPH, 21% DPH nebo 23% DPH? Co je to \u010d\u00edslo I\u010cO a \u010d\u00edslo DI\u010c? Ot\u00e1zky, kter\u00e9 zam\u011bstn\u00e1vaj\u00ed mnoho polsk\u00fdch spole\u010dnost\u00ed. Pokud chcete vy\u0159e\u0161it slo\u017eitou situaci va\u0161eho \u00fa\u010detnictv\u00ed v \u010cesk\u00e9 republice, m\u016f\u017eete mi sv\u011b\u0159it komunikaci mezi \u010desk\u00fdm a polsk\u00fdm \u00fa\u010detn\u00edm odd\u011blen\u00edm jako t\u0159et\u00ed stran\u011b. Zn\u00e1m \u010desk\u00e9 a polsk\u00e9 prot\u011bj\u0161ky v oblasti \u00fa\u010detnictv\u00ed, proto\u017ee v t\u00e9to oblasti pracuji.  <\/p>\n\n<p><strong>4. z\u00e1kaznick\u00fd servis  <\/strong><\/p>\n\n<p>E-mailov\u00e1 schr\u00e1nka, telefonick\u00fd kontakt nebo chat. V sou\u010dasn\u00e9 dob\u011b existuj\u00ed komplexn\u00ed \u0159e\u0161en\u00ed, kter\u00e1 v\u0161echny tyto n\u00e1stroje spojuj\u00ed do jednoho syst\u00e9mu. Syst\u00e9my jsou intuitivn\u00ed, tak\u017ee je m\u016f\u017ee ovl\u00e1dat ka\u017ed\u00fd. Pokud se po\u010det hovor\u016f zv\u00fd\u0161il nebo pokud pot\u0159ebujete dal\u0161\u00ed pomoc se z\u00e1kaznick\u00fdm servisem v \u010cesk\u00e9 republice, nev\u00e1hejte n\u00e1s kontaktovat.  <\/p>\n\n<p><strong>5. komunikace s \u00fa\u0159ady v \u010cesk\u00e9 republice  <\/strong><\/p>\n\n<p>Dnes existuje mnoho n\u00e1stroj\u016f, jak komunikovat s \u00fa\u0159ady. V \u010cesk\u00e9 republice je obl\u00edben\u00fdm prost\u0159edkem t\u00e9to komunikace slu\u017eba &#8222;datov\u00e1 schr\u00e1nka&#8220;, kter\u00e1 umo\u017e\u0148uje komunikovat s \u00fa\u0159ady v\u00fdhradn\u011b elektronicky. Mezi dal\u0161\u00ed \u010dasto pou\u017e\u00edvan\u00e9 n\u00e1stroje pat\u0159\u00ed elektronick\u00fd formul\u00e1\u0159, e-mailov\u00e1 adresa nebo telefonick\u00fd kontakt.  <\/p>\n\n<p><strong>6. Komunikace s obchodn\u00ed inspekc\u00ed (\u010cOI)  <\/strong><\/p>\n\n<p>Nem\u016f\u017eete se dohodnout s \u010desk\u00fdm z\u00e1kazn\u00edkem kv\u016fli spot\u0159ebitelsk\u00e9mu sporu? M\u00e1te obavy ohledn\u011b postupu p\u0159i pod\u00e1v\u00e1n\u00ed st\u00ed\u017enost\u00ed nebo pr\u00e1v spot\u0159ebitel\u016f? Kontaktoval v\u00e1\u0161 klient obchodn\u00ed inspekci? Nezoufejte, mimosoudn\u00ed \u0159e\u0161en\u00ed spot\u0159ebitelsk\u00fdch spor\u016f zaji\u0161\u0165uje \u010cesk\u00e1 obchodn\u00ed inspekce. M\u00e1lokdo tak\u00e9 v\u00ed, \u017ee \u010cOI p\u016fsob\u00ed tak\u00e9 v oblasti poradenstv\u00ed. V praxi to znamen\u00e1, \u017ee pokud m\u00e1te pochybnosti nap\u0159\u00edklad o \u010desk\u00e9m spot\u0159ebitelsk\u00e9m pr\u00e1vu, m\u016f\u017eete \u010cOI zaslat dotaz, kter\u00fd v\u00e1m zodpov\u00ed pracovn\u00edk znal\u00fd \u010desk\u00e9ho pr\u00e1va.  <\/p>\n\n<p><strong>7. komunikace se spole\u010dnostmi, se kter\u00fdmi chcete spolupracovat.  <\/strong><\/p>\n\n<p>Chcete za\u010d\u00edt spolupracovat s \u010desk\u00fdmi firmami ve stejn\u00e9m oboru nebo chcete roz\u0161\u00ed\u0159it sv\u00e9 slu\u017eby o spolupr\u00e1ci s \u010desk\u00fdmi firmami? Lze proto o\u010dek\u00e1vat, \u017ee takov\u00e1 jedn\u00e1n\u00ed budou zah\u00e1jena s c\u00edlem dohodnout podm\u00ednky spolupr\u00e1ce. Telefonickou a e-mailovou komunikaci se spole\u010dnost\u00ed v \u010cesk\u00e9 republice m\u016f\u017eete p\u0159enechat mn\u011b a j\u00e1 se s nimi domluv\u00edm, co budete cht\u00edt. Z\u00e1rove\u0148 budete informov\u00e1ni o ka\u017ed\u00e9m kontaktu s potenci\u00e1ln\u00edm partnerem a m\u00e1te jistotu 100% d\u016fv\u011brnosti.  <\/p>\n\n<p><strong>8 Komunikace s bankami  <\/strong><\/p>\n\n<p>Pokud si pot\u0159ebujete otev\u0159\u00edt \u00fa\u010det v \u010desk\u00e9 bance nebo komunikovat s pracovn\u00edkem banky. Dal\u0161\u00ed podrobnosti o t\u00e9to slu\u017eb\u011b najdete <a href=\"https:\/\/czeskastrefa.pl\/cs\/zalozeni-bankovniho-uctu\/\">zde<\/a>.  <\/p>\n\n<p><strong>9. komunikace s pr\u00e1vn\u00edky  <\/strong><\/p>\n\n<p>Komunikace s pr\u00e1vn\u00edm odd\u011blen\u00edm v \u010cesk\u00e9 republice a n\u00e1sledn\u00fd p\u0159eklad pro v\u00e1s.  <\/p>\n\n<p><strong>10. komunikace s dodavateli nebo dopravci  <\/strong><\/p>\n\n<p>Chcete za\u010d\u00edt spolupracovat s dodavateli nebo dopravci v \u010cesk\u00e9 republice? Pot\u0159ebujete reklamovat p\u0159epravu? Mo\u017en\u00e1 v\u00e1m st\u00e1vaj\u00edc\u00ed smlouva s oper\u00e1torem nevyhovuje a r\u00e1di byste se dohodli na jin\u00fdch podm\u00ednk\u00e1ch. N\u011bkte\u0159\u00ed dopravci, kte\u0159\u00ed na polsk\u00e9m trhu nep\u016fsob\u00ed, jsou v \u010cesk\u00e9 republice velmi obl\u00edben\u00ed. Z\u00edskejte si p\u0159\u00edze\u0148 z\u00e1kazn\u00edk\u016f a z\u00e1rove\u0148 si sjednejte v\u00fdhodn\u00e9 podm\u00ednky pro sebe.  <\/p>\n\n<p><strong>11. komunikace s celn\u00ed nebo finan\u010dn\u00ed spr\u00e1vou  <\/strong><\/p>\n\n<p>Pot\u0159ebujete se zaregistrovat k DPH nebo pot\u0159ebujete pomoci s odbaven\u00edm z\u00e1silek v \u010cesk\u00e9 republice? Pokud si p\u0159ejete, mohu pro v\u00e1s v\u00e9st komunikaci v \u010de\u0161tin\u011b.  <\/p>\n\n<p>Pokud tedy pot\u0159ebujete komunika\u010dn\u00ed podporu v \u010cesk\u00e9 republice, nev\u00e1hejte n\u00e1s kontaktovat!<\/p>\n","protected":false},"excerpt":{"rendered":"<p>Komunikace je jednou z nejd\u016fle\u017eit\u011bj\u0161\u00edch v\u011bc\u00ed p\u0159i zah\u00e1jen\u00ed podnik\u00e1n\u00ed v \u010cesk\u00e9 republice. A\u0165 u\u017e se jedn\u00e1 o registraci spole\u010dnosti k DPH, poskytov\u00e1n\u00ed z\u00e1kaznick\u00e9ho servisu nebo nav\u00e1z\u00e1n\u00ed spolupr\u00e1ce s \u010desk\u00fdmi firmami, komunikaci prost\u011b nelze obej\u00edt. Nechte na n\u00e1s, abychom s druhou stranou komunikovali telefonicky a e-mailem a zjistili, jak\u00fd bude v\u00fdsledek. V tomto ohledu poskytujeme n\u00e1sleduj\u00edc\u00ed [&hellip;]<\/p>\n","protected":false},"author":1,"featured_media":995,"parent":0,"menu_order":0,"comment_status":"closed","ping_status":"open","template":"","meta":{"footnotes":""},"class_list":["post-1427","page","type-page","status-publish","has-post-thumbnail","hentry"],"yoast_head":"<!-- This site is optimized with the Yoast SEO plugin v26.7 - https:\/\/yoast.com\/wordpress\/plugins\/seo\/ -->\n<title>Komunikace v \u010de\u0161tin\u011b | Czeska Strefa<\/title>\n<meta name=\"description\" content=\"Komunikace je jednou z nejd\u016fle\u017eit\u011bj\u0161\u00edch v\u011bc\u00ed p\u0159i zah\u00e1jen\u00ed podnik\u00e1n\u00ed v \u010cesk\u00e9 republice. A\u0165 u\u017e se jedn\u00e1 o registraci spole\u010dnosti k DPH, poskytov\u00e1n\u00ed z\u00e1kaznick\u00e9ho servisu nebo nav\u00e1z\u00e1n\u00ed spolupr\u00e1ce s \u010desk\u00fdmi firmami, komunikaci prost\u011b nelze obej\u00edt. Nechte na n\u00e1s, abychom s druhou stranou komunikovali telefonicky a e-mailem a zjistili, jak\u00fd bude v\u00fdsledek.\" \/>\n<meta name=\"robots\" content=\"index, follow, max-snippet:-1, max-image-preview:large, max-video-preview:-1\" \/>\n<link rel=\"canonical\" href=\"https:\/\/czeskastrefa.pl\/cs\/komunikace-v-cestine\/\" \/>\n<meta property=\"og:locale\" content=\"cs_CZ\" \/>\n<meta property=\"og:type\" content=\"article\" \/>\n<meta property=\"og:title\" content=\"Komunikace v \u010de\u0161tin\u011b\" \/>\n<meta property=\"og:description\" content=\"Komunikace je jednou z nejd\u016fle\u017eit\u011bj\u0161\u00edch v\u011bc\u00ed p\u0159i zah\u00e1jen\u00ed podnik\u00e1n\u00ed v \u010cesk\u00e9 republice. A\u0165 u\u017e se jedn\u00e1 o registraci spole\u010dnosti k DPH, poskytov\u00e1n\u00ed z\u00e1kaznick\u00e9ho servisu nebo nav\u00e1z\u00e1n\u00ed spolupr\u00e1ce s \u010desk\u00fdmi firmami, komunikaci prost\u011b nelze obej\u00edt. Nechte na n\u00e1s, abychom s druhou stranou komunikovali telefonicky a e-mailem a zjistili, jak\u00fd bude v\u00fdsledek.\" \/>\n<meta property=\"og:url\" content=\"https:\/\/czeskastrefa.pl\/cs\/komunikace-v-cestine\/\" \/>\n<meta property=\"og:site_name\" content=\"Czeska Strefa\" \/>\n<meta property=\"article:publisher\" content=\"https:\/\/www.facebook.com\/czeskastrefa\" \/>\n<meta property=\"article:modified_time\" content=\"2024-05-15T18:28:43+00:00\" \/>\n<meta property=\"og:image\" content=\"https:\/\/czeskastrefa.pl\/wp-content\/uploads\/2024\/04\/nordwood-themes-q8U1YgBaRQk-unsplash-1024x683.jpg\" \/>\n<meta name=\"twitter:card\" content=\"summary_large_image\" \/>\n<meta name=\"twitter:label1\" content=\"Odhadovan\u00e1 doba \u010dten\u00ed\" \/>\n\t<meta name=\"twitter:data1\" content=\"4 minuty\" \/>\n<script type=\"application\/ld+json\" class=\"yoast-schema-graph\">{\"@context\":\"https:\/\/schema.org\",\"@graph\":[{\"@type\":\"WebPage\",\"@id\":\"https:\/\/czeskastrefa.pl\/cs\/komunikace-v-cestine\/\",\"url\":\"https:\/\/czeskastrefa.pl\/cs\/komunikace-v-cestine\/\",\"name\":\"Komunikace v \u010de\u0161tin\u011b | Czeska Strefa\",\"isPartOf\":{\"@id\":\"https:\/\/czeskastrefa.pl\/cs\/#website\"},\"primaryImageOfPage\":{\"@id\":\"https:\/\/czeskastrefa.pl\/cs\/komunikace-v-cestine\/#primaryimage\"},\"image\":{\"@id\":\"https:\/\/czeskastrefa.pl\/cs\/komunikace-v-cestine\/#primaryimage\"},\"thumbnailUrl\":\"https:\/\/czeskastrefa.pl\/wp-content\/uploads\/2024\/04\/nordwood-themes-q8U1YgBaRQk-unsplash-scaled.jpg\",\"datePublished\":\"2024-04-11T06:53:25+00:00\",\"dateModified\":\"2024-05-15T18:28:43+00:00\",\"description\":\"Komunikace je jednou z nejd\u016fle\u017eit\u011bj\u0161\u00edch v\u011bc\u00ed p\u0159i zah\u00e1jen\u00ed podnik\u00e1n\u00ed v \u010cesk\u00e9 republice. A\u0165 u\u017e se jedn\u00e1 o registraci spole\u010dnosti k DPH, poskytov\u00e1n\u00ed z\u00e1kaznick\u00e9ho servisu nebo nav\u00e1z\u00e1n\u00ed spolupr\u00e1ce s \u010desk\u00fdmi firmami, komunikaci prost\u011b nelze obej\u00edt. Nechte na n\u00e1s, abychom s druhou stranou komunikovali telefonicky a e-mailem a zjistili, jak\u00fd bude v\u00fdsledek.\",\"breadcrumb\":{\"@id\":\"https:\/\/czeskastrefa.pl\/cs\/komunikace-v-cestine\/#breadcrumb\"},\"inLanguage\":\"cs\",\"potentialAction\":[{\"@type\":\"ReadAction\",\"target\":[\"https:\/\/czeskastrefa.pl\/cs\/komunikace-v-cestine\/\"]}]},{\"@type\":\"ImageObject\",\"inLanguage\":\"cs\",\"@id\":\"https:\/\/czeskastrefa.pl\/cs\/komunikace-v-cestine\/#primaryimage\",\"url\":\"https:\/\/czeskastrefa.pl\/wp-content\/uploads\/2024\/04\/nordwood-themes-q8U1YgBaRQk-unsplash-scaled.jpg\",\"contentUrl\":\"https:\/\/czeskastrefa.pl\/wp-content\/uploads\/2024\/04\/nordwood-themes-q8U1YgBaRQk-unsplash-scaled.jpg\",\"width\":2560,\"height\":1707},{\"@type\":\"BreadcrumbList\",\"@id\":\"https:\/\/czeskastrefa.pl\/cs\/komunikace-v-cestine\/#breadcrumb\",\"itemListElement\":[{\"@type\":\"ListItem\",\"position\":1,\"name\":\"Strona g\u0142\u00f3wna\",\"item\":\"https:\/\/czeskastrefa.pl\/cs\/\"},{\"@type\":\"ListItem\",\"position\":2,\"name\":\"Komunikace v \u010de\u0161tin\u011b\"}]},{\"@type\":\"WebSite\",\"@id\":\"https:\/\/czeskastrefa.pl\/cs\/#website\",\"url\":\"https:\/\/czeskastrefa.pl\/cs\/\",\"name\":\"Czeska Strefa\",\"description\":\"Us\u0142ugi zwi\u0105zane z e-commerce na rynku czeskim\",\"publisher\":{\"@id\":\"https:\/\/czeskastrefa.pl\/cs\/#organization\"},\"alternateName\":\"Czeska Strefa\",\"potentialAction\":[{\"@type\":\"SearchAction\",\"target\":{\"@type\":\"EntryPoint\",\"urlTemplate\":\"https:\/\/czeskastrefa.pl\/cs\/?s={search_term_string}\"},\"query-input\":{\"@type\":\"PropertyValueSpecification\",\"valueRequired\":true,\"valueName\":\"search_term_string\"}}],\"inLanguage\":\"cs\"},{\"@type\":\"Organization\",\"@id\":\"https:\/\/czeskastrefa.pl\/cs\/#organization\",\"name\":\"Czeska Strefa\",\"alternateName\":\"Us\u0142ugi e-commerce na rynku czeskim\",\"url\":\"https:\/\/czeskastrefa.pl\/cs\/\",\"logo\":{\"@type\":\"ImageObject\",\"inLanguage\":\"cs\",\"@id\":\"https:\/\/czeskastrefa.pl\/cs\/#\/schema\/logo\/image\/\",\"url\":\"https:\/\/czeskastrefa.pl\/wp-content\/uploads\/2024\/04\/cropped-thumbnail_czeska-strefa-512-pxbhhui.png\",\"contentUrl\":\"https:\/\/czeskastrefa.pl\/wp-content\/uploads\/2024\/04\/cropped-thumbnail_czeska-strefa-512-pxbhhui.png\",\"width\":240,\"height\":240,\"caption\":\"Czeska Strefa\"},\"image\":{\"@id\":\"https:\/\/czeskastrefa.pl\/cs\/#\/schema\/logo\/image\/\"},\"sameAs\":[\"https:\/\/www.facebook.com\/czeskastrefa\",\"https:\/\/www.linkedin.com\/company\/czeskastrefa\",\"https:\/\/www.instagram.com\/czeskastrefa\"]}]}<\/script>\n<!-- \/ Yoast SEO plugin. -->","yoast_head_json":{"title":"Komunikace v \u010de\u0161tin\u011b | Czeska Strefa","description":"Komunikace je jednou z nejd\u016fle\u017eit\u011bj\u0161\u00edch v\u011bc\u00ed p\u0159i zah\u00e1jen\u00ed podnik\u00e1n\u00ed v \u010cesk\u00e9 republice. A\u0165 u\u017e se jedn\u00e1 o registraci spole\u010dnosti k DPH, poskytov\u00e1n\u00ed z\u00e1kaznick\u00e9ho servisu nebo nav\u00e1z\u00e1n\u00ed spolupr\u00e1ce s \u010desk\u00fdmi firmami, komunikaci prost\u011b nelze obej\u00edt. Nechte na n\u00e1s, abychom s druhou stranou komunikovali telefonicky a e-mailem a zjistili, jak\u00fd bude v\u00fdsledek.","robots":{"index":"index","follow":"follow","max-snippet":"max-snippet:-1","max-image-preview":"max-image-preview:large","max-video-preview":"max-video-preview:-1"},"canonical":"https:\/\/czeskastrefa.pl\/cs\/komunikace-v-cestine\/","og_locale":"cs_CZ","og_type":"article","og_title":"Komunikace v \u010de\u0161tin\u011b","og_description":"Komunikace je jednou z nejd\u016fle\u017eit\u011bj\u0161\u00edch v\u011bc\u00ed p\u0159i zah\u00e1jen\u00ed podnik\u00e1n\u00ed v \u010cesk\u00e9 republice. A\u0165 u\u017e se jedn\u00e1 o registraci spole\u010dnosti k DPH, poskytov\u00e1n\u00ed z\u00e1kaznick\u00e9ho servisu nebo nav\u00e1z\u00e1n\u00ed spolupr\u00e1ce s \u010desk\u00fdmi firmami, komunikaci prost\u011b nelze obej\u00edt. Nechte na n\u00e1s, abychom s druhou stranou komunikovali telefonicky a e-mailem a zjistili, jak\u00fd bude v\u00fdsledek.","og_url":"https:\/\/czeskastrefa.pl\/cs\/komunikace-v-cestine\/","og_site_name":"Czeska Strefa","article_publisher":"https:\/\/www.facebook.com\/czeskastrefa","article_modified_time":"2024-05-15T18:28:43+00:00","og_image":[{"url":"https:\/\/czeskastrefa.pl\/wp-content\/uploads\/2024\/04\/nordwood-themes-q8U1YgBaRQk-unsplash-1024x683.jpg","type":"","width":"","height":""}],"twitter_card":"summary_large_image","twitter_misc":{"Odhadovan\u00e1 doba \u010dten\u00ed":"4 minuty"},"schema":{"@context":"https:\/\/schema.org","@graph":[{"@type":"WebPage","@id":"https:\/\/czeskastrefa.pl\/cs\/komunikace-v-cestine\/","url":"https:\/\/czeskastrefa.pl\/cs\/komunikace-v-cestine\/","name":"Komunikace v \u010de\u0161tin\u011b | Czeska Strefa","isPartOf":{"@id":"https:\/\/czeskastrefa.pl\/cs\/#website"},"primaryImageOfPage":{"@id":"https:\/\/czeskastrefa.pl\/cs\/komunikace-v-cestine\/#primaryimage"},"image":{"@id":"https:\/\/czeskastrefa.pl\/cs\/komunikace-v-cestine\/#primaryimage"},"thumbnailUrl":"https:\/\/czeskastrefa.pl\/wp-content\/uploads\/2024\/04\/nordwood-themes-q8U1YgBaRQk-unsplash-scaled.jpg","datePublished":"2024-04-11T06:53:25+00:00","dateModified":"2024-05-15T18:28:43+00:00","description":"Komunikace je jednou z nejd\u016fle\u017eit\u011bj\u0161\u00edch v\u011bc\u00ed p\u0159i zah\u00e1jen\u00ed podnik\u00e1n\u00ed v \u010cesk\u00e9 republice. A\u0165 u\u017e se jedn\u00e1 o registraci spole\u010dnosti k DPH, poskytov\u00e1n\u00ed z\u00e1kaznick\u00e9ho servisu nebo nav\u00e1z\u00e1n\u00ed spolupr\u00e1ce s \u010desk\u00fdmi firmami, komunikaci prost\u011b nelze obej\u00edt. Nechte na n\u00e1s, abychom s druhou stranou komunikovali telefonicky a e-mailem a zjistili, jak\u00fd bude v\u00fdsledek.","breadcrumb":{"@id":"https:\/\/czeskastrefa.pl\/cs\/komunikace-v-cestine\/#breadcrumb"},"inLanguage":"cs","potentialAction":[{"@type":"ReadAction","target":["https:\/\/czeskastrefa.pl\/cs\/komunikace-v-cestine\/"]}]},{"@type":"ImageObject","inLanguage":"cs","@id":"https:\/\/czeskastrefa.pl\/cs\/komunikace-v-cestine\/#primaryimage","url":"https:\/\/czeskastrefa.pl\/wp-content\/uploads\/2024\/04\/nordwood-themes-q8U1YgBaRQk-unsplash-scaled.jpg","contentUrl":"https:\/\/czeskastrefa.pl\/wp-content\/uploads\/2024\/04\/nordwood-themes-q8U1YgBaRQk-unsplash-scaled.jpg","width":2560,"height":1707},{"@type":"BreadcrumbList","@id":"https:\/\/czeskastrefa.pl\/cs\/komunikace-v-cestine\/#breadcrumb","itemListElement":[{"@type":"ListItem","position":1,"name":"Strona g\u0142\u00f3wna","item":"https:\/\/czeskastrefa.pl\/cs\/"},{"@type":"ListItem","position":2,"name":"Komunikace v \u010de\u0161tin\u011b"}]},{"@type":"WebSite","@id":"https:\/\/czeskastrefa.pl\/cs\/#website","url":"https:\/\/czeskastrefa.pl\/cs\/","name":"Czeska Strefa","description":"Us\u0142ugi zwi\u0105zane z e-commerce na rynku czeskim","publisher":{"@id":"https:\/\/czeskastrefa.pl\/cs\/#organization"},"alternateName":"Czeska Strefa","potentialAction":[{"@type":"SearchAction","target":{"@type":"EntryPoint","urlTemplate":"https:\/\/czeskastrefa.pl\/cs\/?s={search_term_string}"},"query-input":{"@type":"PropertyValueSpecification","valueRequired":true,"valueName":"search_term_string"}}],"inLanguage":"cs"},{"@type":"Organization","@id":"https:\/\/czeskastrefa.pl\/cs\/#organization","name":"Czeska Strefa","alternateName":"Us\u0142ugi e-commerce na rynku czeskim","url":"https:\/\/czeskastrefa.pl\/cs\/","logo":{"@type":"ImageObject","inLanguage":"cs","@id":"https:\/\/czeskastrefa.pl\/cs\/#\/schema\/logo\/image\/","url":"https:\/\/czeskastrefa.pl\/wp-content\/uploads\/2024\/04\/cropped-thumbnail_czeska-strefa-512-pxbhhui.png","contentUrl":"https:\/\/czeskastrefa.pl\/wp-content\/uploads\/2024\/04\/cropped-thumbnail_czeska-strefa-512-pxbhhui.png","width":240,"height":240,"caption":"Czeska Strefa"},"image":{"@id":"https:\/\/czeskastrefa.pl\/cs\/#\/schema\/logo\/image\/"},"sameAs":["https:\/\/www.facebook.com\/czeskastrefa","https:\/\/www.linkedin.com\/company\/czeskastrefa","https:\/\/www.instagram.com\/czeskastrefa"]}]}},"_links":{"self":[{"href":"https:\/\/czeskastrefa.pl\/cs\/wp-json\/wp\/v2\/pages\/1427","targetHints":{"allow":["GET"]}}],"collection":[{"href":"https:\/\/czeskastrefa.pl\/cs\/wp-json\/wp\/v2\/pages"}],"about":[{"href":"https:\/\/czeskastrefa.pl\/cs\/wp-json\/wp\/v2\/types\/page"}],"author":[{"embeddable":true,"href":"https:\/\/czeskastrefa.pl\/cs\/wp-json\/wp\/v2\/users\/1"}],"replies":[{"embeddable":true,"href":"https:\/\/czeskastrefa.pl\/cs\/wp-json\/wp\/v2\/comments?post=1427"}],"version-history":[{"count":1,"href":"https:\/\/czeskastrefa.pl\/cs\/wp-json\/wp\/v2\/pages\/1427\/revisions"}],"predecessor-version":[{"id":1428,"href":"https:\/\/czeskastrefa.pl\/cs\/wp-json\/wp\/v2\/pages\/1427\/revisions\/1428"}],"wp:featuredmedia":[{"embeddable":true,"href":"https:\/\/czeskastrefa.pl\/cs\/wp-json\/wp\/v2\/media\/995"}],"wp:attachment":[{"href":"https:\/\/czeskastrefa.pl\/cs\/wp-json\/wp\/v2\/media?parent=1427"}],"curies":[{"name":"wp","href":"https:\/\/api.w.org\/{rel}","templated":true}]}}