{"id":1432,"date":"2024-04-12T22:13:41","date_gmt":"2024-04-12T20:13:41","guid":{"rendered":"https:\/\/czeskastrefa.pl\/preklad-z-polstiny-do-cestiny\/"},"modified":"2024-05-18T20:35:53","modified_gmt":"2024-05-18T18:35:53","slug":"preklad-z-polstiny-do-cestiny","status":"publish","type":"page","link":"https:\/\/czeskastrefa.pl\/cs\/preklad-z-polstiny-do-cestiny\/","title":{"rendered":"P\u0159eklad z pol\u0161tiny do \u010de\u0161tiny"},"content":{"rendered":"\n<blockquote class=\"wp-block-quote is-layout-flow wp-block-quote-is-layout-flow\">\n<p>Pot\u0159ebujete p\u0159elo\u017eit webov\u00e9 str\u00e1nky nebo jin\u00fd text z pol\u0161tiny do \u010de\u0161tiny? Pokud je va\u0161e odpov\u011b\u010f kladn\u00e1, pod\u00edvejte se na na\u0161i nab\u00eddku n\u00ed\u017ee.  <\/p>\n<\/blockquote>\n\n<p><strong>V tomto ohledu poskytujeme n\u00e1sleduj\u00edc\u00ed slu\u017eby:  <\/strong><\/p>\n\n<p><strong>1. p\u0159eklad webov\u00fdch str\u00e1nek  <\/strong><\/p>\n\n<p>Pokud jste se rozhodli vstoupit na \u010desk\u00fd trh, p\u0159eklad va\u0161ich webov\u00fdch str\u00e1nek z pol\u0161tiny do \u010de\u0161tiny bude jedn\u00edm z prvn\u00edch \u00fakol\u016f, kter\u00e9 v\u00e1s \u010dekaj\u00ed. Tuto pr\u00e1ci m\u016f\u017eete sv\u011b\u0159it jak jednotlivc\u016fm, kte\u0159\u00ed ovl\u00e1daj\u00ed oba jazyky, tak p\u0159ekladatelsk\u00fdm agentur\u00e1m. Je v\u0161ak d\u016fle\u017eit\u00e9, aby osoba, kter\u00e1 texty p\u0159ekl\u00e1d\u00e1, zohlednila optimalizaci pro SEO. M\u016f\u017eete si nechat p\u0159elo\u017eit str\u00e1nku do \u010de\u0161tiny s n\u00edzkou n\u00e1v\u0161t\u011bvnost\u00ed, nebo si nechat p\u0159elo\u017eit str\u00e1nku do \u010de\u0161tiny s vysokou n\u00e1v\u0161t\u011bvnost\u00ed, pokud p\u0159ekladatel pou\u017eije kl\u00ed\u010dov\u00e1 slova a fr\u00e1ze, pod kter\u00fdmi ji z\u00e1kazn\u00edk najde ve vyhled\u00e1va\u010di Google. Pro p\u0159ekladatele je jist\u011b cenn\u00e9, kdy\u017e si p\u0159ed p\u0159ekladem zjist\u00ed oborovou slovn\u00ed z\u00e1sobu p\u0159ekl\u00e1dan\u00e9 webov\u00e9 str\u00e1nky, nap\u0159. od konkurence, aby byla zaji\u0161t\u011bna kvalita p\u0159ekladu po\u017eadovan\u00e9 str\u00e1nky.<\/p>\n\n<p><strong>2. p\u0159eklad nab\u00eddek, kategori\u00ed a tla\u010d\u00edtek  <\/strong><\/p>\n\n<p>Z hlediska optimalizace SEO je tento p\u0159eklad obzvl\u00e1\u0161t\u011b d\u016fle\u017eit\u00fd. N\u00e1zvy nab\u00eddek, kategori\u00ed a tla\u010d\u00edtek jsou ji\u017e zavedeny v ka\u017ed\u00e9m jazyce. Kdybychom tyto d\u00edly doslovn\u011b p\u0159elo\u017eili z ciz\u00edho jazyka, nesetkali bychom se na \u010desk\u00e9m trhu s dobr\u00fdm ohlasem. Z\u00e1kazn\u00edci rozhoduj\u00ed o tom, zda jsou va\u0161e webov\u00e9 str\u00e1nky srozumiteln\u00e9, nebo ne. Takov\u00fd doslovn\u00fd p\u0159eklad m\u016f\u017ee op\u011bt v\u00e9st k n\u00edzk\u00e9 n\u00e1v\u0161t\u011bvnosti, n\u00edzk\u00e9mu po\u010dtu zobrazen\u00ed ve vyhled\u00e1va\u010d\u00edch a klam\u00e1n\u00ed z\u00e1kazn\u00edk\u016f. Z\u00e1kazn\u00edci nav\u00edc budou obt\u00ed\u017en\u011b hledat nap\u0159\u00edklad konkr\u00e9tn\u00ed skupinu produkt\u016f, co\u017e zvy\u0161uje zat\u00ed\u017een\u00ed z\u00e1kazn\u00edk\u016f a sni\u017euje intuitivnost va\u0161ich webov\u00fdch str\u00e1nek.<\/p>\n\n<p><strong>3. p\u0159eklad produkt\u016f (nadpisy, technick\u00e9 specifikace, popisy) a filtr\u016f  <\/strong><\/p>\n\n<p>Pro v\u011bt\u0161inu internetov\u00fdch obchod\u016f se jedn\u00e1 o nejobs\u00e1hlej\u0161\u00ed oblast va\u0161ich webov\u00fdch str\u00e1nek. Stejn\u011b d\u016fle\u017eit\u00e9 jako p\u0159eklad nab\u00eddek, kategori\u00ed a tla\u010d\u00edtek je i p\u0159eklad filtr\u016f, aby si z\u00e1kazn\u00edci mohli vyb\u00edrat produkty, kter\u00e9 je zaj\u00edmaj\u00ed, pomoc\u00ed p\u0159edem zvolen\u00fdch filtr\u016f. Op\u011bt by se m\u011blo jednat o slova, kter\u00e1 jsou na \u010desk\u00e9m trhu ji\u017e dob\u0159e zaveden\u00e1, aby byl cel\u00fd proces filtrov\u00e1n\u00ed produkt\u016f pro z\u00e1kazn\u00edka intuitivn\u00ed. Tot\u00e9\u017e plat\u00ed pro p\u0159eklad technick\u00fdch parametr\u016f. N\u00e1zev v\u00fdrobku mus\u00ed nutn\u011b obsahovat kl\u00ed\u010dov\u00e1 slova, zpravidla kl\u00ed\u010dov\u00e9 slovo v\u00fdrobku, pod kter\u00fdm se v \u010cesk\u00e9 republice objevuje, a d\u00e1le nap\u0159\u00edklad pro co je ur\u010den, odv\u011btv\u00ed, kter\u00e9ho se t\u00fdk\u00e1, zna\u010dku nebo technick\u00e9 parametry charakterizuj\u00edc\u00ed v\u00fdrobek.\nV popisu v\u00fdrobku m\u00e1me prostor pro uveden\u00ed podrobn\u011bj\u0161\u00edch specifikac\u00ed nebo t\u0159eba historie v\u00fdrobku.\nJe zde tak\u00e9 prostor pro z\u00e1m\u011bny.\nNe ka\u017ed\u00fd v\u00fdrobek m\u00e1 stoprocentn\u00ed \u010desk\u00fd ekvivalent, nap\u0159. v jedn\u00e9 oblasti \u010cesk\u00e9 republiky se pro v\u00fdrobek pou\u017e\u00edv\u00e1 jin\u00fd n\u00e1zev nebo jin\u00e1 v\u011bkov\u00e1 skupina naz\u00fdv\u00e1 v\u00fdrobek jinak.\nTo v\u0161e lze v popisu zohlednit nahrazen\u00edm n\u00e1zvu v\u00fdrobku, kter\u00fd pou\u017e\u00edv\u00e1 nap\u0159. v\u011bt\u0161ina v \u010cR.    <\/p>\n\n<p><strong>4 P\u0159eklad n\u00e1vodu k instalaci a obsluze<\/strong><\/p>\n\n<p>N\u00e1vody k mont\u00e1\u017ei a u\u017eivatelsk\u00e9 p\u0159\u00edru\u010dky jsou nezbytnou sou\u010d\u00e1st\u00ed v\u011bt\u0161iny v\u00fdrobk\u016f.\nInternetov\u00e9 obchody je z\u00e1kazn\u00edk\u016fm poskytuj\u00ed bu\u010f v elektronick\u00e9, nebo v pap\u00edrov\u00e9 podob\u011b.\nV \u010cesk\u00e9 republice o t\u00e9to povinnosti informovat z\u00e1kazn\u00edka v p\u0159\u00edpad\u011b pot\u0159eby hovo\u0159\u00ed z\u00e1kon o ochran\u011b spot\u0159ebitele a ob\u010dansk\u00fd z\u00e1kon\u00edk.   Jedn\u00e1 se o obzvl\u00e1\u0161t\u011b d\u016fle\u017eit\u00e9 informace, kter\u00e9 je t\u0159eba p\u0159elo\u017eit, proto\u017ee n\u00e1vod obsahuje r\u016fzn\u00e1 upozorn\u011bn\u00ed, co u\u017eivatel v\u00fdrobku nesm\u00ed d\u011blat nebo co se m\u016f\u017ee st\u00e1t p\u0159i nespr\u00e1vn\u00e9m pou\u017eit\u00ed v\u00fdrobku.<\/p>\n\n<p><strong>5. p\u0159eklad propaga\u010dn\u00edch akc\u00ed, reklamn\u00edch banner\u016f, reklamn\u00edho obsahu a p\u0159\u00edsp\u011bvk\u016f na soci\u00e1ln\u00edch s\u00edt\u00edch.<\/strong><\/p>\n\n<p>Reklamn\u00ed kampan\u011b maj\u00ed p\u0159il\u00e1kat nov\u00e9 z\u00e1kazn\u00edky do va\u0161eho internetov\u00e9ho obchodu a udr\u017eet si st\u00e1vaj\u00edc\u00ed z\u00e1kazn\u00edky. Op\u011bt existuj\u00ed kl\u00ed\u010dov\u00e1 slova, kter\u00e1 se pou\u017e\u00edvaj\u00ed v \u010desk\u00e9m marketingu a bez kter\u00fdch by se nem\u011bla rozj\u00ed\u017ed\u011bt \u017e\u00e1dn\u00e1 reklamn\u00ed kampa\u0148. I zde je d\u016fle\u017eit\u00e9 ovl\u00e1dat jazyk c\u00edlov\u00e9 skupiny, aby porozum\u011bla obsahu reklamn\u00ed kampan\u011b, a tak\u00e9 je nutn\u00e9 zn\u00e1t \u010desk\u00e9 re\u00e1lie.<\/p>\n\n<p><strong>6. p\u0159eklady \u010dl\u00e1nk\u016f, rad a blog\u016f  <\/strong><\/p>\n\n<p>Pokud chcete budovat dlouhodob\u00e9 vztahy se sv\u00fdmi klienty, je pro v\u00e1s psan\u00ed \u010dl\u00e1nk\u016f a poradenstv\u00ed tou spr\u00e1vnou volbou. T\u00edmto zp\u016fsobem m\u016f\u017eete komentovat r\u016fzn\u00e1 t\u00e9mata, kter\u00e1 va\u0161e z\u00e1kazn\u00edky zaj\u00edmaj\u00ed, nebo jim n\u011bco doporu\u010dit. T\u00edmto zp\u016fsobem p\u016fsob\u00edte d\u016fv\u011bryhodn\u011b v oblasti, ve kter\u00e9 podnik\u00e1te, a d\u00edky sv\u00fdm znalostem p\u0159esv\u011bd\u010dujete potenci\u00e1ln\u00ed z\u00e1kazn\u00edky, aby si koupili va\u0161e v\u00fdrobky.<\/p>\n\n<p><strong>7. P\u0159eklad automatick\u00fdch e-mail\u016f  <\/strong><\/p>\n\n<p>Automatizovan\u00e9 e-maily v podstat\u011b zjednodu\u0161uj\u00ed proces komunikace se z\u00e1kazn\u00edkem. Nej\u010dast\u011bji se jedn\u00e1 o zas\u00edl\u00e1n\u00ed automatick\u00fdch e-mail\u016f t\u00fdkaj\u00edc\u00edch se newsletteru, pr\u016fb\u011bhu objedn\u00e1vky, dostupnosti produktu, platby, dopravy nebo \u017e\u00e1dosti o zhodnocen\u00ed n\u00e1kupu.<\/p>\n\n<p><strong>8 P\u0159eklad \u0161t\u00edtk\u016f  <\/strong><\/p>\n\n<p>Z\u00e1kon o ochran\u011b spot\u0159ebitele uv\u00e1d\u00ed, \u017ee etikety v\u00fdrobk\u016f ze zahrani\u010d\u00ed mus\u00ed b\u00fdt p\u0159elo\u017eeny do \u010de\u0161tiny.<\/p>\n\n<p><strong>Tedy.<\/strong><\/p>\n\n<p>Pokud pot\u0159ebujete p\u0159eklad z v\u00fd\u0161e uveden\u00fdch oblast\u00ed, nev\u00e1hejte n\u00e1s kontaktovat. Chcete-li odeslat objedn\u00e1vku, vypl\u0148te jednoduch\u00fd formul\u00e1\u0159 <a href=\"https:\/\/czeskastrefa.pl\/cs\/cena\/\">zde<\/a>. Pokud nev\u00edte, jak takovou objedn\u00e1vku vytvo\u0159it nebo odeslat, p\u0159e\u010dt\u011bte si \u010dl\u00e1nek <a href=\"https:\/\/czeskastrefa.pl\/cs\/jak-vytvorim-a-odeslu-objednavku\/\">Jak vytvo\u0159it a odeslat objedn\u00e1vku<\/a>.<\/p>\n\n<p>Na\u0161im klient\u016fm poskytujeme jistotu spr\u00e1vn\u011b p\u0159elo\u017een\u00fdch text\u016f v\u010detn\u011b SEO optimalizace. Na\u0161im klient\u016fm se tak\u00e9 zavazujeme z\u00e1rukou na ji\u017e p\u0159elo\u017een\u00e9 dokumenty, slevami za pr\u016fb\u011b\u017enou spolupr\u00e1ci a p\u0159edev\u0161\u00edm d\u016fv\u011brnost\u00ed obsahu p\u0159ekl\u00e1dan\u00fdch dokument\u016f.<\/p>\n","protected":false},"excerpt":{"rendered":"<p>Pot\u0159ebujete p\u0159elo\u017eit webov\u00e9 str\u00e1nky nebo jin\u00fd text z pol\u0161tiny do \u010de\u0161tiny? Pokud je va\u0161e odpov\u011b\u010f kladn\u00e1, pod\u00edvejte se na na\u0161i nab\u00eddku n\u00ed\u017ee. V tomto ohledu poskytujeme n\u00e1sleduj\u00edc\u00ed slu\u017eby: 1. p\u0159eklad webov\u00fdch str\u00e1nek Pokud jste se rozhodli vstoupit na \u010desk\u00fd trh, p\u0159eklad va\u0161ich webov\u00fdch str\u00e1nek z pol\u0161tiny do \u010de\u0161tiny bude jedn\u00edm z prvn\u00edch \u00fakol\u016f, kter\u00e9 v\u00e1s [&hellip;]<\/p>\n","protected":false},"author":1,"featured_media":989,"parent":0,"menu_order":0,"comment_status":"closed","ping_status":"closed","template":"","meta":{"footnotes":""},"class_list":["post-1432","page","type-page","status-publish","has-post-thumbnail","hentry"],"yoast_head":"<!-- This site is optimized with the Yoast SEO plugin v26.7 - https:\/\/yoast.com\/wordpress\/plugins\/seo\/ -->\n<title>P\u0159eklad z pol\u0161tiny do \u010de\u0161tiny | Czeska Strefa<\/title>\n<meta name=\"description\" content=\"Pot\u0159ebujete p\u0159elo\u017eit webov\u00e9 str\u00e1nky nebo jin\u00fd text z pol\u0161tiny do \u010de\u0161tiny? Pokud je va\u0161e odpov\u011b\u010f kladn\u00e1, pod\u00edvejte se na na\u0161i nab\u00eddku n\u00ed\u017ee.\" \/>\n<meta name=\"robots\" content=\"index, follow, max-snippet:-1, max-image-preview:large, max-video-preview:-1\" \/>\n<link rel=\"canonical\" href=\"https:\/\/czeskastrefa.pl\/cs\/preklad-z-polstiny-do-cestiny\/\" \/>\n<meta property=\"og:locale\" content=\"cs_CZ\" \/>\n<meta property=\"og:type\" content=\"article\" \/>\n<meta property=\"og:title\" content=\"P\u0159eklad z pol\u0161tiny do \u010de\u0161tiny\" \/>\n<meta property=\"og:description\" content=\"Pot\u0159ebujete p\u0159elo\u017eit webov\u00e9 str\u00e1nky nebo jin\u00fd text z pol\u0161tiny do \u010de\u0161tiny? Pokud je va\u0161e odpov\u011b\u010f kladn\u00e1, pod\u00edvejte se na na\u0161i nab\u00eddku n\u00ed\u017ee.\" \/>\n<meta property=\"og:url\" content=\"https:\/\/czeskastrefa.pl\/cs\/preklad-z-polstiny-do-cestiny\/\" \/>\n<meta property=\"og:site_name\" content=\"Czeska Strefa\" \/>\n<meta property=\"article:publisher\" content=\"https:\/\/www.facebook.com\/czeskastrefa\" \/>\n<meta property=\"article:modified_time\" content=\"2024-05-18T18:35:53+00:00\" \/>\n<meta property=\"og:image\" content=\"https:\/\/czeskastrefa.pl\/wp-content\/uploads\/2024\/04\/iStock-1488294044-1024x683.jpg\" \/>\n<meta name=\"twitter:card\" content=\"summary_large_image\" \/>\n<meta name=\"twitter:label1\" content=\"Odhadovan\u00e1 doba \u010dten\u00ed\" \/>\n\t<meta name=\"twitter:data1\" content=\"5 minut\" \/>\n<script type=\"application\/ld+json\" class=\"yoast-schema-graph\">{\"@context\":\"https:\/\/schema.org\",\"@graph\":[{\"@type\":\"WebPage\",\"@id\":\"https:\/\/czeskastrefa.pl\/cs\/preklad-z-polstiny-do-cestiny\/\",\"url\":\"https:\/\/czeskastrefa.pl\/cs\/preklad-z-polstiny-do-cestiny\/\",\"name\":\"P\u0159eklad z pol\u0161tiny do \u010de\u0161tiny | Czeska Strefa\",\"isPartOf\":{\"@id\":\"https:\/\/czeskastrefa.pl\/cs\/#website\"},\"primaryImageOfPage\":{\"@id\":\"https:\/\/czeskastrefa.pl\/cs\/preklad-z-polstiny-do-cestiny\/#primaryimage\"},\"image\":{\"@id\":\"https:\/\/czeskastrefa.pl\/cs\/preklad-z-polstiny-do-cestiny\/#primaryimage\"},\"thumbnailUrl\":\"https:\/\/czeskastrefa.pl\/wp-content\/uploads\/2024\/04\/iStock-1488294044.jpg\",\"datePublished\":\"2024-04-12T20:13:41+00:00\",\"dateModified\":\"2024-05-18T18:35:53+00:00\",\"description\":\"Pot\u0159ebujete p\u0159elo\u017eit webov\u00e9 str\u00e1nky nebo jin\u00fd text z pol\u0161tiny do \u010de\u0161tiny? Pokud je va\u0161e odpov\u011b\u010f kladn\u00e1, pod\u00edvejte se na na\u0161i nab\u00eddku n\u00ed\u017ee.\",\"breadcrumb\":{\"@id\":\"https:\/\/czeskastrefa.pl\/cs\/preklad-z-polstiny-do-cestiny\/#breadcrumb\"},\"inLanguage\":\"cs\",\"potentialAction\":[{\"@type\":\"ReadAction\",\"target\":[\"https:\/\/czeskastrefa.pl\/cs\/preklad-z-polstiny-do-cestiny\/\"]}]},{\"@type\":\"ImageObject\",\"inLanguage\":\"cs\",\"@id\":\"https:\/\/czeskastrefa.pl\/cs\/preklad-z-polstiny-do-cestiny\/#primaryimage\",\"url\":\"https:\/\/czeskastrefa.pl\/wp-content\/uploads\/2024\/04\/iStock-1488294044.jpg\",\"contentUrl\":\"https:\/\/czeskastrefa.pl\/wp-content\/uploads\/2024\/04\/iStock-1488294044.jpg\",\"width\":2121,\"height\":1414,\"caption\":\"Businessman works on laptop Showing business analytics dashboard with charts, metrics, and KPI to analyze performance and create insight reports for operations management. Data analysis concept.Ai\"},{\"@type\":\"BreadcrumbList\",\"@id\":\"https:\/\/czeskastrefa.pl\/cs\/preklad-z-polstiny-do-cestiny\/#breadcrumb\",\"itemListElement\":[{\"@type\":\"ListItem\",\"position\":1,\"name\":\"Strona g\u0142\u00f3wna\",\"item\":\"https:\/\/czeskastrefa.pl\/cs\/\"},{\"@type\":\"ListItem\",\"position\":2,\"name\":\"P\u0159eklad z pol\u0161tiny do \u010de\u0161tiny\"}]},{\"@type\":\"WebSite\",\"@id\":\"https:\/\/czeskastrefa.pl\/cs\/#website\",\"url\":\"https:\/\/czeskastrefa.pl\/cs\/\",\"name\":\"Czeska Strefa\",\"description\":\"Us\u0142ugi zwi\u0105zane z e-commerce na rynku czeskim\",\"publisher\":{\"@id\":\"https:\/\/czeskastrefa.pl\/cs\/#organization\"},\"alternateName\":\"Czeska Strefa\",\"potentialAction\":[{\"@type\":\"SearchAction\",\"target\":{\"@type\":\"EntryPoint\",\"urlTemplate\":\"https:\/\/czeskastrefa.pl\/cs\/?s={search_term_string}\"},\"query-input\":{\"@type\":\"PropertyValueSpecification\",\"valueRequired\":true,\"valueName\":\"search_term_string\"}}],\"inLanguage\":\"cs\"},{\"@type\":\"Organization\",\"@id\":\"https:\/\/czeskastrefa.pl\/cs\/#organization\",\"name\":\"Czeska Strefa\",\"alternateName\":\"Us\u0142ugi e-commerce na rynku czeskim\",\"url\":\"https:\/\/czeskastrefa.pl\/cs\/\",\"logo\":{\"@type\":\"ImageObject\",\"inLanguage\":\"cs\",\"@id\":\"https:\/\/czeskastrefa.pl\/cs\/#\/schema\/logo\/image\/\",\"url\":\"https:\/\/czeskastrefa.pl\/wp-content\/uploads\/2024\/04\/cropped-thumbnail_czeska-strefa-512-pxbhhui.png\",\"contentUrl\":\"https:\/\/czeskastrefa.pl\/wp-content\/uploads\/2024\/04\/cropped-thumbnail_czeska-strefa-512-pxbhhui.png\",\"width\":240,\"height\":240,\"caption\":\"Czeska Strefa\"},\"image\":{\"@id\":\"https:\/\/czeskastrefa.pl\/cs\/#\/schema\/logo\/image\/\"},\"sameAs\":[\"https:\/\/www.facebook.com\/czeskastrefa\",\"https:\/\/www.linkedin.com\/company\/czeskastrefa\",\"https:\/\/www.instagram.com\/czeskastrefa\"]}]}<\/script>\n<!-- \/ Yoast SEO plugin. -->","yoast_head_json":{"title":"P\u0159eklad z pol\u0161tiny do \u010de\u0161tiny | Czeska Strefa","description":"Pot\u0159ebujete p\u0159elo\u017eit webov\u00e9 str\u00e1nky nebo jin\u00fd text z pol\u0161tiny do \u010de\u0161tiny? Pokud je va\u0161e odpov\u011b\u010f kladn\u00e1, pod\u00edvejte se na na\u0161i nab\u00eddku n\u00ed\u017ee.","robots":{"index":"index","follow":"follow","max-snippet":"max-snippet:-1","max-image-preview":"max-image-preview:large","max-video-preview":"max-video-preview:-1"},"canonical":"https:\/\/czeskastrefa.pl\/cs\/preklad-z-polstiny-do-cestiny\/","og_locale":"cs_CZ","og_type":"article","og_title":"P\u0159eklad z pol\u0161tiny do \u010de\u0161tiny","og_description":"Pot\u0159ebujete p\u0159elo\u017eit webov\u00e9 str\u00e1nky nebo jin\u00fd text z pol\u0161tiny do \u010de\u0161tiny? Pokud je va\u0161e odpov\u011b\u010f kladn\u00e1, pod\u00edvejte se na na\u0161i nab\u00eddku n\u00ed\u017ee.","og_url":"https:\/\/czeskastrefa.pl\/cs\/preklad-z-polstiny-do-cestiny\/","og_site_name":"Czeska Strefa","article_publisher":"https:\/\/www.facebook.com\/czeskastrefa","article_modified_time":"2024-05-18T18:35:53+00:00","og_image":[{"url":"https:\/\/czeskastrefa.pl\/wp-content\/uploads\/2024\/04\/iStock-1488294044-1024x683.jpg","type":"","width":"","height":""}],"twitter_card":"summary_large_image","twitter_misc":{"Odhadovan\u00e1 doba \u010dten\u00ed":"5 minut"},"schema":{"@context":"https:\/\/schema.org","@graph":[{"@type":"WebPage","@id":"https:\/\/czeskastrefa.pl\/cs\/preklad-z-polstiny-do-cestiny\/","url":"https:\/\/czeskastrefa.pl\/cs\/preklad-z-polstiny-do-cestiny\/","name":"P\u0159eklad z pol\u0161tiny do \u010de\u0161tiny | Czeska Strefa","isPartOf":{"@id":"https:\/\/czeskastrefa.pl\/cs\/#website"},"primaryImageOfPage":{"@id":"https:\/\/czeskastrefa.pl\/cs\/preklad-z-polstiny-do-cestiny\/#primaryimage"},"image":{"@id":"https:\/\/czeskastrefa.pl\/cs\/preklad-z-polstiny-do-cestiny\/#primaryimage"},"thumbnailUrl":"https:\/\/czeskastrefa.pl\/wp-content\/uploads\/2024\/04\/iStock-1488294044.jpg","datePublished":"2024-04-12T20:13:41+00:00","dateModified":"2024-05-18T18:35:53+00:00","description":"Pot\u0159ebujete p\u0159elo\u017eit webov\u00e9 str\u00e1nky nebo jin\u00fd text z pol\u0161tiny do \u010de\u0161tiny? Pokud je va\u0161e odpov\u011b\u010f kladn\u00e1, pod\u00edvejte se na na\u0161i nab\u00eddku n\u00ed\u017ee.","breadcrumb":{"@id":"https:\/\/czeskastrefa.pl\/cs\/preklad-z-polstiny-do-cestiny\/#breadcrumb"},"inLanguage":"cs","potentialAction":[{"@type":"ReadAction","target":["https:\/\/czeskastrefa.pl\/cs\/preklad-z-polstiny-do-cestiny\/"]}]},{"@type":"ImageObject","inLanguage":"cs","@id":"https:\/\/czeskastrefa.pl\/cs\/preklad-z-polstiny-do-cestiny\/#primaryimage","url":"https:\/\/czeskastrefa.pl\/wp-content\/uploads\/2024\/04\/iStock-1488294044.jpg","contentUrl":"https:\/\/czeskastrefa.pl\/wp-content\/uploads\/2024\/04\/iStock-1488294044.jpg","width":2121,"height":1414,"caption":"Businessman works on laptop Showing business analytics dashboard with charts, metrics, and KPI to analyze performance and create insight reports for operations management. Data analysis concept.Ai"},{"@type":"BreadcrumbList","@id":"https:\/\/czeskastrefa.pl\/cs\/preklad-z-polstiny-do-cestiny\/#breadcrumb","itemListElement":[{"@type":"ListItem","position":1,"name":"Strona g\u0142\u00f3wna","item":"https:\/\/czeskastrefa.pl\/cs\/"},{"@type":"ListItem","position":2,"name":"P\u0159eklad z pol\u0161tiny do \u010de\u0161tiny"}]},{"@type":"WebSite","@id":"https:\/\/czeskastrefa.pl\/cs\/#website","url":"https:\/\/czeskastrefa.pl\/cs\/","name":"Czeska Strefa","description":"Us\u0142ugi zwi\u0105zane z e-commerce na rynku czeskim","publisher":{"@id":"https:\/\/czeskastrefa.pl\/cs\/#organization"},"alternateName":"Czeska Strefa","potentialAction":[{"@type":"SearchAction","target":{"@type":"EntryPoint","urlTemplate":"https:\/\/czeskastrefa.pl\/cs\/?s={search_term_string}"},"query-input":{"@type":"PropertyValueSpecification","valueRequired":true,"valueName":"search_term_string"}}],"inLanguage":"cs"},{"@type":"Organization","@id":"https:\/\/czeskastrefa.pl\/cs\/#organization","name":"Czeska Strefa","alternateName":"Us\u0142ugi e-commerce na rynku czeskim","url":"https:\/\/czeskastrefa.pl\/cs\/","logo":{"@type":"ImageObject","inLanguage":"cs","@id":"https:\/\/czeskastrefa.pl\/cs\/#\/schema\/logo\/image\/","url":"https:\/\/czeskastrefa.pl\/wp-content\/uploads\/2024\/04\/cropped-thumbnail_czeska-strefa-512-pxbhhui.png","contentUrl":"https:\/\/czeskastrefa.pl\/wp-content\/uploads\/2024\/04\/cropped-thumbnail_czeska-strefa-512-pxbhhui.png","width":240,"height":240,"caption":"Czeska Strefa"},"image":{"@id":"https:\/\/czeskastrefa.pl\/cs\/#\/schema\/logo\/image\/"},"sameAs":["https:\/\/www.facebook.com\/czeskastrefa","https:\/\/www.linkedin.com\/company\/czeskastrefa","https:\/\/www.instagram.com\/czeskastrefa"]}]}},"_links":{"self":[{"href":"https:\/\/czeskastrefa.pl\/cs\/wp-json\/wp\/v2\/pages\/1432","targetHints":{"allow":["GET"]}}],"collection":[{"href":"https:\/\/czeskastrefa.pl\/cs\/wp-json\/wp\/v2\/pages"}],"about":[{"href":"https:\/\/czeskastrefa.pl\/cs\/wp-json\/wp\/v2\/types\/page"}],"author":[{"embeddable":true,"href":"https:\/\/czeskastrefa.pl\/cs\/wp-json\/wp\/v2\/users\/1"}],"replies":[{"embeddable":true,"href":"https:\/\/czeskastrefa.pl\/cs\/wp-json\/wp\/v2\/comments?post=1432"}],"version-history":[{"count":3,"href":"https:\/\/czeskastrefa.pl\/cs\/wp-json\/wp\/v2\/pages\/1432\/revisions"}],"predecessor-version":[{"id":1840,"href":"https:\/\/czeskastrefa.pl\/cs\/wp-json\/wp\/v2\/pages\/1432\/revisions\/1840"}],"wp:featuredmedia":[{"embeddable":true,"href":"https:\/\/czeskastrefa.pl\/cs\/wp-json\/wp\/v2\/media\/989"}],"wp:attachment":[{"href":"https:\/\/czeskastrefa.pl\/cs\/wp-json\/wp\/v2\/media?parent=1432"}],"curies":[{"name":"wp","href":"https:\/\/api.w.org\/{rel}","templated":true}]}}