{"id":1467,"date":"2024-04-15T18:08:36","date_gmt":"2024-04-15T16:08:36","guid":{"rendered":"https:\/\/czeskastrefa.pl\/ocenovani\/"},"modified":"2024-05-15T20:30:08","modified_gmt":"2024-05-15T18:30:08","slug":"ocenovani","status":"publish","type":"page","link":"https:\/\/czeskastrefa.pl\/cs\/ocenovani\/","title":{"rendered":"Oce\u0148ov\u00e1n\u00ed"},"content":{"rendered":"\n<div class=\"wp-block-group skill-section has-global-padding is-layout-constrained wp-block-group-is-layout-constrained\" style=\"margin-top:0;margin-bottom:0;padding-top:var(--wp--preset--spacing--80);padding-bottom:var(--wp--preset--spacing--80)\">\n<div class=\"wp-block-columns are-vertically-aligned-center skill-outer-box is-layout-flex wp-container-core-columns-is-layout-9b24e0e0 wp-block-columns-is-layout-flex\">\n<div class=\"wp-block-column is-vertically-aligned-center skill-box wow lightSpeedIn is-layout-flow wp-block-column-is-layout-flow\" style=\"flex-basis:100%\">\n<div class=\"wp-block-group skill-inner-box has-white-background-color has-background has-global-padding is-layout-constrained wp-container-core-group-is-layout-280f0a9a wp-block-group-is-layout-constrained\" style=\"padding-top:20px;padding-right:15px;padding-bottom:20px;padding-left:15px\">\n<div class=\"wp-block-contact-form-7-contact-form-selector\">\n<div class=\"wpcf7 no-js\" id=\"wpcf7-f1735-o1\" lang=\"cs-CZ\" dir=\"ltr\" data-wpcf7-id=\"1735\">\n<div class=\"screen-reader-response\"><p role=\"status\" aria-live=\"polite\" aria-atomic=\"true\"><\/p> <ul><\/ul><\/div>\n<form action=\"\/cs\/wp-json\/wp\/v2\/pages\/1467#wpcf7-f1735-o1\" method=\"post\" class=\"wpcf7-form init\" aria-label=\"Kontaktn\u00ed formul\u00e1\u0159\" enctype=\"multipart\/form-data\" novalidate=\"novalidate\" data-status=\"init\">\n<fieldset class=\"hidden-fields-container\"><input type=\"hidden\" name=\"_wpcf7\" value=\"1735\" \/><input type=\"hidden\" name=\"_wpcf7_version\" value=\"6.1.4\" \/><input type=\"hidden\" name=\"_wpcf7_locale\" value=\"cs_CZ\" \/><input type=\"hidden\" name=\"_wpcf7_unit_tag\" value=\"wpcf7-f1735-o1\" \/><input type=\"hidden\" name=\"_wpcf7_container_post\" value=\"0\" \/><input type=\"hidden\" name=\"_wpcf7_posted_data_hash\" value=\"\" \/>\n<\/fieldset>\n<p><label> N\u00e1zev slu\u017eby<br \/>\n<span class=\"wpcf7-form-control-wrap\" data-name=\"menu-629\"><select class=\"wpcf7-form-control wpcf7-select wpcf7-validates-as-required\" aria-required=\"true\" aria-invalid=\"false\" name=\"menu-629\"><option value=\"Wybierz\">Wybierz<\/option><option value=\"Badania na rynku czeskim\">Badania na rynku czeskim<\/option><option value=\"Banery reklamowe\">Banery reklamowe<\/option><option value=\"Doradztwo w wyborze banku oraz wyborze konta\">Doradztwo w wyborze banku oraz wyborze konta<\/option><option value=\"Doradztwo w zakresie e-commerce na rynku czeskim\">Doradztwo w zakresie e-commerce na rynku czeskim<\/option><option value=\"Grafiki do medi\u00f3w spo\u0142eczno\u015bciowych\">Grafiki do medi\u00f3w spo\u0142eczno\u015bciowych<\/option><option value=\"Komunikacja telefoniczna oraz mailowa z klientem\">Komunikacja telefoniczna oraz mailowa z klientem<\/option><option value=\"Komunikacja telefoniczna oraz mailowa z pracownikiem banku\">Komunikacja telefoniczna oraz mailowa z pracownikiem banku<\/option><option value=\"Komunikacja w j\u0119zyku czeskim\">Komunikacja w j\u0119zyku czeskim<\/option><option value=\"Korekta strony internetowej\">Korekta strony internetowej<\/option><option value=\"Korekta tre\u015bci w j\u0119zyku czeskim z uwzgl\u0119dnieniem SEO\">Korekta tre\u015bci w j\u0119zyku czeskim z uwzgl\u0119dnieniem SEO<\/option><option value=\"Obs\u0142uga klienta\">Obs\u0142uga klienta<\/option><option value=\"Prezentacja Twojej firmy w Internecie i mediach spo\u0142eczno\u015bciowych\">Prezentacja Twojej firmy w Internecie i mediach spo\u0142eczno\u015bciowych<\/option><option value=\"Rekrutacja kandydat\u00f3w z Polski, Czech oraz S\u0142owacji\">Rekrutacja kandydat\u00f3w z Polski, Czech oraz S\u0142owacji<\/option><option value=\"Rozmowy kwalifikacyjne z kandydatami w j\u0119zyku czeskim, polskim i angielskim\">Rozmowy kwalifikacyjne z kandydatami w j\u0119zyku czeskim, polskim i angielskim<\/option><option value=\"Rozwi\u0105zywanie sporu z klientem\">Rozwi\u0105zywanie sporu z klientem<\/option><option value=\"Sprzeda\u017c produkt\u00f3w i us\u0142ug\">Sprzeda\u017c produkt\u00f3w i us\u0142ug<\/option><option value=\"Stworzenie loga firmy\">Stworzenie loga firmy<\/option><option value=\"T\u0142umaczenie artyku\u0142\u00f3w, porad oraz blog\u00f3w\">T\u0142umaczenie artyku\u0142\u00f3w, porad oraz blog\u00f3w<\/option><option value=\"T\u0142umaczenie e-maili automatycznych\">T\u0142umaczenie e-maili automatycznych<\/option><option value=\"T\u0142umaczenie instrukcji monta\u017cu i instrukcji obs\u0142ugi\">T\u0142umaczenie instrukcji monta\u017cu i instrukcji obs\u0142ugi<\/option><option value=\"T\u0142umaczenie produkt\u00f3w - nag\u0142\u00f3wki, parametry techniczne, opisy\">T\u0142umaczenie produkt\u00f3w - nag\u0142\u00f3wki, parametry techniczne, opisy<\/option><option value=\"T\u0142umaczenie promocji, baner\u00f3w reklamowych, tre\u015bci reklamowych oraz post\u00f3w w mediach spo\u0142eczno\u015bciowych\">T\u0142umaczenie promocji, baner\u00f3w reklamowych, tre\u015bci reklamowych oraz post\u00f3w w mediach spo\u0142eczno\u015bciowych<\/option><option value=\"T\u0142umaczenie strony internetowej\">T\u0142umaczenie strony internetowej<\/option><option value=\"T\u0142umaczenie ustne konsekutywne\">T\u0142umaczenie ustne konsekutywne<\/option><option value=\"T\u0142umaczenia z j\u0119zyka angielskiego na j\u0119zyk czeski\">T\u0142umaczenia z j\u0119zyka angielskiego na j\u0119zyk czeski<\/option><option value=\"T\u0142umaczenie z j\u0119zyka polskiego na czeski\">T\u0142umaczenie z j\u0119zyka polskiego na czeski<\/option><option value=\"T\u0142umaczenia z j\u0119zyka s\u0142owackiego na j\u0119zyk czeski i odwrotnie\">T\u0142umaczenia z j\u0119zyka s\u0142owackiego na j\u0119zyk czeski i odwrotnie<\/option><option value=\"Tworzenie ofert pracy na portalach pracy oraz w mediach spo\u0142eczno\u015bciowych\">Tworzenie ofert pracy na portalach pracy oraz w mediach spo\u0142eczno\u015bciowych<\/option><option value=\"Um\u00f3wienie telekonferencji z pracownikiem banku\">Um\u00f3wienie telekonferencji z pracownikiem banku<\/option><option value=\"Za\u0142o\u017cenie konta bankowego\">Za\u0142o\u017cenie konta bankowego<\/option><option value=\"Zaprojektowanie ulotki\">Zaprojektowanie ulotki<\/option><option value=\"Inne us\u0142ugi\">Inne us\u0142ugi<\/option><\/select><\/span> <\/label>\n<\/p>\n<p><label> N\u00e1zev spole\u010dnosti nebo odkaz na webov\u00e9 str\u00e1nky<br \/>\n<span class=\"wpcf7-form-control-wrap\" data-name=\"your-name\"><input size=\"40\" maxlength=\"400\" class=\"wpcf7-form-control wpcf7-text wpcf7-validates-as-required\" aria-required=\"true\" aria-invalid=\"false\" value=\"\" type=\"text\" name=\"your-name\" \/><\/span>. <\/label>\n<\/p>\n<p><label> E-mailov\u00e1 adresa<br \/>\n<span class=\"wpcf7-form-control-wrap\" data-name=\"your-email\"><input size=\"40\" maxlength=\"400\" class=\"wpcf7-form-control wpcf7-email wpcf7-validates-as-required wpcf7-text wpcf7-validates-as-email\" autocomplete=\"email\" aria-required=\"true\" aria-invalid=\"false\" value=\"\" type=\"email\" name=\"your-email\" \/><\/span> <\/label>\n<\/p>\n<p><label> Va\u0161e zpr\u00e1va<br \/>\n<span class=\"wpcf7-form-control-wrap\" data-name=\"your-message\"><textarea cols=\"40\" rows=\"10\" maxlength=\"2000\" class=\"wpcf7-form-control wpcf7-textarea wpcf7-validates-as-required\" aria-required=\"true\" aria-invalid=\"false\" name=\"your-message\"><\/textarea><\/span> <\/label>\n<\/p>\n<p><span class=\"wpcf7-form-control-wrap\" data-name=\"file-755\"><input size=\"40\" class=\"wpcf7-form-control wpcf7-file\" accept=\".image,.txt,.pdf,.video,.audio,.jpg,.jpeg,.png,.gif,.doc,.docx,.ppt,.pptx,.odt,.avi,.ogg,.m4a,.mov,.mp3,.mp4,.mpg,.wav,.wmv,.ai,.eps,.tif,.bmp,.htm,.html,.dotx,.dotm,.dot,.xml,.xps,.csv,.dbf,.mht,.xls,.xlsb,.xlsm,.xlsx,.xlt,.xltm,.xltx,.xlw,.file\" aria-invalid=\"false\" type=\"file\" name=\"file-755\" \/><\/span>\n<\/p>\n<p><span class=\"wpcf7-form-control-wrap\" data-name=\"file-756\"><input size=\"40\" class=\"wpcf7-form-control wpcf7-file\" accept=\".image,.txt,.pdf,.video,.audio,.jpg,.jpeg,.png,.gif,.doc,.docx,.ppt,.pptx,.odt,.avi,.ogg,.m4a,.mov,.mp3,.mp4,.mpg,.wav,.wmv,.ai,.eps,.tif,.bmp,.htm,.html,.dotx,.dotm,.dot,.xml,.xps,.csv,.dbf,.mht,.xls,.xlsb,.xlsm,.xlsx,.xlt,.xltm,.xltx,.xlw,.file\" aria-invalid=\"false\" type=\"file\" name=\"file-756\" \/><\/span>\n<\/p>\n<p><label>Setk\u00e1n\u00ed<br \/>\n<span class=\"wpcf7-form-control-wrap\" data-name=\"radio-553\"><span class=\"wpcf7-form-control wpcf7-radio\"><span class=\"wpcf7-list-item first\"><label><input type=\"radio\" name=\"radio-553\" value=\"Nie trzeba\" checked=\"checked\" \/><span class=\"wpcf7-list-item-label\">Nie trzeba<\/span><\/label><\/span><span class=\"wpcf7-list-item\"><label><input type=\"radio\" name=\"radio-553\" value=\"Rozmowa telefoniczna\" \/><span class=\"wpcf7-list-item-label\">Rozmowa telefoniczna<\/span><\/label><\/span><span class=\"wpcf7-list-item\"><label><input type=\"radio\" name=\"radio-553\" value=\"Microsoft Teams\" \/><span class=\"wpcf7-list-item-label\">Microsoft Teams<\/span><\/label><\/span><span class=\"wpcf7-list-item last\"><label><input type=\"radio\" name=\"radio-553\" value=\"Krak\u00f3w\" \/><span class=\"wpcf7-list-item-label\">Krak\u00f3w<\/span><\/label><\/span><\/span><\/span> <\/label>\n<\/p>\n<p><label> Spolupr\u00e1ce<br \/>\n<span class=\"wpcf7-form-control-wrap\" data-name=\"radio-454\"><span class=\"wpcf7-form-control wpcf7-radio\"><span class=\"wpcf7-list-item first\"><label><input type=\"radio\" name=\"radio-454\" value=\"Jednorazowa\" checked=\"checked\" \/><span class=\"wpcf7-list-item-label\">Jednorazowa<\/span><\/label><\/span><span class=\"wpcf7-list-item last\"><label><input type=\"radio\" name=\"radio-454\" value=\"Sta\u0142a\" \/><span class=\"wpcf7-list-item-label\">Sta\u0142a<\/span><\/label><\/span><\/span><\/span> <\/label>\n<\/p>\n<p><span class=\"wpcf7-form-control-wrap\" data-name=\"gdpr\"><span class=\"wpcf7-form-control wpcf7-acceptance\"><span class=\"wpcf7-list-item\"><label><input type=\"checkbox\" name=\"gdpr\" value=\"1\" aria-invalid=\"false\" \/><span class=\"wpcf7-list-item-label\">P\u0159e\u010detl\/a jsem si <a href=\"https:\/\/czeskastrefa.pl\/regulamin\">podm\u00ednky slu\u017eby<\/a> a <a href=\"https:\/\/czeskastrefa.pl\/polityka-prywatnosci\">z\u00e1sady ochrany osobn\u00edch \u00fadaj\u016f<\/a> a souhlas\u00edm s nimi.<\/span><\/label><\/span><\/span><\/span>\n<\/p>\n<p><span class=\"wpcf7-form-control-wrap\" data-name=\"text-392\"><input size=\"40\" maxlength=\"400\" class=\"wpcf7-form-control wpcf7-text\" aria-invalid=\"false\" value=\"Wystawiamy faktury bez VAT na podstawie dzia\u0142alno\u015bci nierejestrowanej.\" type=\"text\" name=\"text-392\" \/><\/span>\n<\/p>\n<p><label> <span class=\"wpcf7-form-control-wrap\" data-name=\"text-757\"><input size=\"40\" maxlength=\"400\" class=\"wpcf7-form-control wpcf7-text\" aria-invalid=\"false\" value=\"Odpowied\u017a otrzymasz w ci\u0105gu 2 dni roboczych.\" type=\"text\" name=\"text-757\" \/><\/span> <\/label>\n<\/p>\n<p><input class=\"wpcf7-form-control wpcf7-submit has-spinner\" type=\"submit\" value=\"Wy\u015blij\" \/>\n<\/p><div class=\"wpcf7-response-output\" aria-hidden=\"true\"><\/div>\n<\/form>\n<\/div>\n<\/div>\n<\/div>\n<\/div>\n<\/div>\n<\/div>\n","protected":false},"excerpt":{"rendered":"","protected":false},"author":1,"featured_media":0,"parent":0,"menu_order":0,"comment_status":"closed","ping_status":"closed","template":"","meta":{"footnotes":""},"class_list":["post-1467","page","type-page","status-publish","hentry"],"yoast_head":"<!-- This site is optimized with the Yoast SEO plugin v26.7 - https:\/\/yoast.com\/wordpress\/plugins\/seo\/ -->\n<title>Oce\u0148ov\u00e1n\u00ed | Czeska Strefa<\/title>\n<meta name=\"robots\" content=\"index, follow, max-snippet:-1, max-image-preview:large, max-video-preview:-1\" \/>\n<link rel=\"canonical\" href=\"https:\/\/czeskastrefa.pl\/cs\/ocenovani\/\" \/>\n<meta property=\"og:locale\" content=\"cs_CZ\" \/>\n<meta property=\"og:type\" content=\"article\" \/>\n<meta property=\"og:title\" content=\"Oce\u0148ov\u00e1n\u00ed | Czeska Strefa\" \/>\n<meta property=\"og:url\" content=\"https:\/\/czeskastrefa.pl\/cs\/ocenovani\/\" \/>\n<meta property=\"og:site_name\" content=\"Czeska Strefa\" \/>\n<meta property=\"article:publisher\" content=\"https:\/\/www.facebook.com\/czeskastrefa\" \/>\n<meta property=\"article:modified_time\" content=\"2024-05-15T18:30:08+00:00\" \/>\n<meta property=\"og:image\" content=\"https:\/\/czeskastrefa.pl\/wp-content\/uploads\/2024\/04\/iStock-1061299140-1-2-scaled.jpg\" \/>\n\t<meta property=\"og:image:width\" content=\"2560\" \/>\n\t<meta property=\"og:image:height\" content=\"1697\" \/>\n\t<meta property=\"og:image:type\" content=\"image\/jpeg\" \/>\n<meta name=\"twitter:card\" content=\"summary_large_image\" \/>\n<script type=\"application\/ld+json\" class=\"yoast-schema-graph\">{\"@context\":\"https:\/\/schema.org\",\"@graph\":[{\"@type\":\"WebPage\",\"@id\":\"https:\/\/czeskastrefa.pl\/cs\/ocenovani\/\",\"url\":\"https:\/\/czeskastrefa.pl\/cs\/ocenovani\/\",\"name\":\"Oce\u0148ov\u00e1n\u00ed | Czeska Strefa\",\"isPartOf\":{\"@id\":\"https:\/\/czeskastrefa.pl\/cs\/#website\"},\"datePublished\":\"2024-04-15T16:08:36+00:00\",\"dateModified\":\"2024-05-15T18:30:08+00:00\",\"breadcrumb\":{\"@id\":\"https:\/\/czeskastrefa.pl\/cs\/ocenovani\/#breadcrumb\"},\"inLanguage\":\"cs\",\"potentialAction\":[{\"@type\":\"ReadAction\",\"target\":[\"https:\/\/czeskastrefa.pl\/cs\/ocenovani\/\"]}]},{\"@type\":\"BreadcrumbList\",\"@id\":\"https:\/\/czeskastrefa.pl\/cs\/ocenovani\/#breadcrumb\",\"itemListElement\":[{\"@type\":\"ListItem\",\"position\":1,\"name\":\"Strona g\u0142\u00f3wna\",\"item\":\"https:\/\/czeskastrefa.pl\/cs\/\"},{\"@type\":\"ListItem\",\"position\":2,\"name\":\"Oce\u0148ov\u00e1n\u00ed\"}]},{\"@type\":\"WebSite\",\"@id\":\"https:\/\/czeskastrefa.pl\/cs\/#website\",\"url\":\"https:\/\/czeskastrefa.pl\/cs\/\",\"name\":\"Czeska Strefa\",\"description\":\"Us\u0142ugi zwi\u0105zane z e-commerce na rynku czeskim\",\"publisher\":{\"@id\":\"https:\/\/czeskastrefa.pl\/cs\/#organization\"},\"alternateName\":\"Czeska Strefa\",\"potentialAction\":[{\"@type\":\"SearchAction\",\"target\":{\"@type\":\"EntryPoint\",\"urlTemplate\":\"https:\/\/czeskastrefa.pl\/cs\/?s={search_term_string}\"},\"query-input\":{\"@type\":\"PropertyValueSpecification\",\"valueRequired\":true,\"valueName\":\"search_term_string\"}}],\"inLanguage\":\"cs\"},{\"@type\":\"Organization\",\"@id\":\"https:\/\/czeskastrefa.pl\/cs\/#organization\",\"name\":\"Czeska Strefa\",\"alternateName\":\"Us\u0142ugi e-commerce na rynku czeskim\",\"url\":\"https:\/\/czeskastrefa.pl\/cs\/\",\"logo\":{\"@type\":\"ImageObject\",\"inLanguage\":\"cs\",\"@id\":\"https:\/\/czeskastrefa.pl\/cs\/#\/schema\/logo\/image\/\",\"url\":\"https:\/\/czeskastrefa.pl\/wp-content\/uploads\/2024\/04\/cropped-thumbnail_czeska-strefa-512-pxbhhui.png\",\"contentUrl\":\"https:\/\/czeskastrefa.pl\/wp-content\/uploads\/2024\/04\/cropped-thumbnail_czeska-strefa-512-pxbhhui.png\",\"width\":240,\"height\":240,\"caption\":\"Czeska Strefa\"},\"image\":{\"@id\":\"https:\/\/czeskastrefa.pl\/cs\/#\/schema\/logo\/image\/\"},\"sameAs\":[\"https:\/\/www.facebook.com\/czeskastrefa\",\"https:\/\/www.linkedin.com\/company\/czeskastrefa\",\"https:\/\/www.instagram.com\/czeskastrefa\"]}]}<\/script>\n<!-- \/ Yoast SEO plugin. -->","yoast_head_json":{"title":"Oce\u0148ov\u00e1n\u00ed | Czeska Strefa","robots":{"index":"index","follow":"follow","max-snippet":"max-snippet:-1","max-image-preview":"max-image-preview:large","max-video-preview":"max-video-preview:-1"},"canonical":"https:\/\/czeskastrefa.pl\/cs\/ocenovani\/","og_locale":"cs_CZ","og_type":"article","og_title":"Oce\u0148ov\u00e1n\u00ed | Czeska Strefa","og_url":"https:\/\/czeskastrefa.pl\/cs\/ocenovani\/","og_site_name":"Czeska Strefa","article_publisher":"https:\/\/www.facebook.com\/czeskastrefa","article_modified_time":"2024-05-15T18:30:08+00:00","og_image":[{"width":2560,"height":1697,"url":"https:\/\/czeskastrefa.pl\/wp-content\/uploads\/2024\/04\/iStock-1061299140-1-2-scaled.jpg","type":"image\/jpeg"}],"twitter_card":"summary_large_image","schema":{"@context":"https:\/\/schema.org","@graph":[{"@type":"WebPage","@id":"https:\/\/czeskastrefa.pl\/cs\/ocenovani\/","url":"https:\/\/czeskastrefa.pl\/cs\/ocenovani\/","name":"Oce\u0148ov\u00e1n\u00ed | Czeska Strefa","isPartOf":{"@id":"https:\/\/czeskastrefa.pl\/cs\/#website"},"datePublished":"2024-04-15T16:08:36+00:00","dateModified":"2024-05-15T18:30:08+00:00","breadcrumb":{"@id":"https:\/\/czeskastrefa.pl\/cs\/ocenovani\/#breadcrumb"},"inLanguage":"cs","potentialAction":[{"@type":"ReadAction","target":["https:\/\/czeskastrefa.pl\/cs\/ocenovani\/"]}]},{"@type":"BreadcrumbList","@id":"https:\/\/czeskastrefa.pl\/cs\/ocenovani\/#breadcrumb","itemListElement":[{"@type":"ListItem","position":1,"name":"Strona g\u0142\u00f3wna","item":"https:\/\/czeskastrefa.pl\/cs\/"},{"@type":"ListItem","position":2,"name":"Oce\u0148ov\u00e1n\u00ed"}]},{"@type":"WebSite","@id":"https:\/\/czeskastrefa.pl\/cs\/#website","url":"https:\/\/czeskastrefa.pl\/cs\/","name":"Czeska Strefa","description":"Us\u0142ugi zwi\u0105zane z e-commerce na rynku czeskim","publisher":{"@id":"https:\/\/czeskastrefa.pl\/cs\/#organization"},"alternateName":"Czeska Strefa","potentialAction":[{"@type":"SearchAction","target":{"@type":"EntryPoint","urlTemplate":"https:\/\/czeskastrefa.pl\/cs\/?s={search_term_string}"},"query-input":{"@type":"PropertyValueSpecification","valueRequired":true,"valueName":"search_term_string"}}],"inLanguage":"cs"},{"@type":"Organization","@id":"https:\/\/czeskastrefa.pl\/cs\/#organization","name":"Czeska Strefa","alternateName":"Us\u0142ugi e-commerce na rynku czeskim","url":"https:\/\/czeskastrefa.pl\/cs\/","logo":{"@type":"ImageObject","inLanguage":"cs","@id":"https:\/\/czeskastrefa.pl\/cs\/#\/schema\/logo\/image\/","url":"https:\/\/czeskastrefa.pl\/wp-content\/uploads\/2024\/04\/cropped-thumbnail_czeska-strefa-512-pxbhhui.png","contentUrl":"https:\/\/czeskastrefa.pl\/wp-content\/uploads\/2024\/04\/cropped-thumbnail_czeska-strefa-512-pxbhhui.png","width":240,"height":240,"caption":"Czeska Strefa"},"image":{"@id":"https:\/\/czeskastrefa.pl\/cs\/#\/schema\/logo\/image\/"},"sameAs":["https:\/\/www.facebook.com\/czeskastrefa","https:\/\/www.linkedin.com\/company\/czeskastrefa","https:\/\/www.instagram.com\/czeskastrefa"]}]}},"_links":{"self":[{"href":"https:\/\/czeskastrefa.pl\/cs\/wp-json\/wp\/v2\/pages\/1467","targetHints":{"allow":["GET"]}}],"collection":[{"href":"https:\/\/czeskastrefa.pl\/cs\/wp-json\/wp\/v2\/pages"}],"about":[{"href":"https:\/\/czeskastrefa.pl\/cs\/wp-json\/wp\/v2\/types\/page"}],"author":[{"embeddable":true,"href":"https:\/\/czeskastrefa.pl\/cs\/wp-json\/wp\/v2\/users\/1"}],"replies":[{"embeddable":true,"href":"https:\/\/czeskastrefa.pl\/cs\/wp-json\/wp\/v2\/comments?post=1467"}],"version-history":[{"count":1,"href":"https:\/\/czeskastrefa.pl\/cs\/wp-json\/wp\/v2\/pages\/1467\/revisions"}],"predecessor-version":[{"id":1472,"href":"https:\/\/czeskastrefa.pl\/cs\/wp-json\/wp\/v2\/pages\/1467\/revisions\/1472"}],"wp:attachment":[{"href":"https:\/\/czeskastrefa.pl\/cs\/wp-json\/wp\/v2\/media?parent=1467"}],"curies":[{"name":"wp","href":"https:\/\/api.w.org\/{rel}","templated":true}]}}