{"id":1477,"date":"2024-04-13T11:18:57","date_gmt":"2024-04-13T09:18:57","guid":{"rendered":"https:\/\/czeskastrefa.pl\/zakaznicky-servis\/"},"modified":"2024-05-15T20:33:41","modified_gmt":"2024-05-15T18:33:41","slug":"zakaznicky-servis","status":"publish","type":"page","link":"https:\/\/czeskastrefa.pl\/cs\/zakaznicky-servis\/","title":{"rendered":"Z\u00e1kaznick\u00fd servis"},"content":{"rendered":"\n<blockquote class=\"wp-block-quote is-layout-flow wp-block-quote-is-layout-flow\">\n<p>Sv\u011b\u0159te z\u00e1kaznick\u00fd servis sv\u00e9 firmy n\u00e1m a p\u0159esv\u011bd\u010dte se o kvalit\u011b a efektivit\u011b na\u0161ich slu\u017eeb. Na \u010desk\u00e9m trhu vystupujeme jm\u00e9nem va\u0161\u00ed spole\u010dnosti, aby se z\u00e1kazn\u00edk c\u00edtil bezpe\u010dn\u011b a m\u011bl pocit, \u017ee komunikuje se zam\u011bstnanci va\u0161\u00ed spole\u010dnosti. N\u00e1\u0161 t\u00fdm se skl\u00e1d\u00e1 z profesion\u00e1l\u016f, kte\u0159\u00ed hovo\u0159\u00ed \u010desky i polsky. Ve vztahu k va\u0161im z\u00e1kazn\u00edk\u016fm se \u0159\u00edd\u00edme z\u00e1sadami ochrany osobn\u00edch \u00fadaj\u016f, ob\u010dansk\u00fdm z\u00e1kon\u00edkem, z\u00e1konem o ochran\u011b spot\u0159ebitele a dal\u0161\u00edmi pr\u00e1vn\u00edmi p\u0159edpisy.<\/p>\n<\/blockquote>\n\n<p><strong>V oblasti slu\u017eeb z\u00e1kazn\u00edk\u016fm nab\u00edz\u00edme n\u00e1sleduj\u00edc\u00ed slu\u017eby:<\/strong><\/p>\n\n<p><strong>1. Informov\u00e1n\u00ed z\u00e1kazn\u00edk\u016f v souladu s va\u0161imi postupy<\/strong><\/p>\n\n<p>Poskytov\u00e1n\u00ed informac\u00ed z\u00e1kazn\u00edk\u016fm o va\u0161\u00ed spole\u010dnosti, produktech nebo slu\u017eb\u00e1ch, cen\u00e1ch, dod\u00e1vk\u00e1ch apod.<\/p>\n\n<p><strong>2. telefonick\u00fd kontakt se z\u00e1kazn\u00edky<\/strong><\/p>\n\n<p>Vy\u0159izov\u00e1n\u00ed p\u0159\u00edchoz\u00edch a odchoz\u00edch telefonn\u00edch hovor\u016f pro \u010desk\u00e9 z\u00e1kazn\u00edky.<\/p>\n\n<p><strong>3. e-mailov\u00fd kontakt se z\u00e1kazn\u00edky<\/strong><\/p>\n\n<p>E-mailov\u00e1 komunikace v \u010de\u0161tin\u011b.<\/p>\n\n<p><strong>4. online sch\u016fzky se z\u00e1kazn\u00edky<\/strong><\/p>\n\n<p>Online sch\u016fzky s klienty prost\u0159ednictv\u00edm aplikace Microsoft Teams.<\/p>\n\n<p><strong>5. Kontakt se z\u00e1kazn\u00edkem prost\u0159ednictv\u00edm chatu<\/strong><\/p>\n\n<p>Odpov\u00edd\u00e1n\u00ed na dotazy z\u00e1kazn\u00edk\u016f v chatu.<\/p>\n\n<p><strong>6. P\u0159ed\u00e1v\u00e1n\u00ed informac\u00ed a jejich p\u0159eklad do pol\u0161tiny mezi na\u0161\u00edm t\u00fdmem a v\u00e1mi<\/strong><\/p>\n\n<p>P\u0159ed\u00e1v\u00e1n\u00ed ve\u0161ker\u00e9 korespondence se z\u00e1kazn\u00edky k dal\u0161\u00ed realizaci po\u017eadavk\u016f z\u00e1kazn\u00edk\u016f s p\u0159ekladem do pol\u0161tiny.<\/p>\n\n<p><strong>7. zpracov\u00e1n\u00ed po\u017eadavk\u016f z\u00e1kazn\u00edk\u016f v souladu s va\u0161imi postupy.<\/strong><\/p>\n\n<p>Zpracov\u00e1n\u00ed po\u017eadavk\u016f z\u00e1kazn\u00edk\u016f v souladu s va\u0161imi postupy.<\/p>\n\n<p><strong>8. P\u0159eklady z \u010de\u0161tiny do pol\u0161tiny a z pol\u0161tiny do \u010de\u0161tiny pro intern\u00ed komunikaci<\/strong><\/p>\n\n<p>P\u0159eklad intern\u00ed komunikace z \u010de\u0161tiny do pol\u0161tiny a naopak.<\/p>\n\n<p><strong>9. Vytv\u00e1\u0159en\u00ed automatick\u00fdch e-mailov\u00fdch \u0161ablon v \u010de\u0161tin\u011b<\/strong><\/p>\n\n<p>Vytv\u00e1\u0159en\u00ed e-mailov\u00fdch \u0161ablon v \u010de\u0161tin\u011b pro automatizaci proces\u016f.<\/p>\n\n<p><strong>10. intern\u00ed spolupr\u00e1ce s va\u0161imi odd\u011blen\u00edmi<\/strong><\/p>\n\n<p>Intern\u00ed komunikace s odd\u011blen\u00edmi.<\/p>\n\n<div style=\"height:5px\" aria-hidden=\"true\" class=\"wp-block-spacer\"><\/div>\n\n<figure class=\"wp-block-image size-full\"><img loading=\"lazy\" decoding=\"async\" width=\"2560\" height=\"1707\" src=\"https:\/\/czeskastrefa.pl\/wp-content\/uploads\/2024\/04\/pexels-anna-shvets-4226140-scaled.jpg\" alt=\"\" class=\"wp-image-197\" srcset=\"https:\/\/czeskastrefa.pl\/wp-content\/uploads\/2024\/04\/pexels-anna-shvets-4226140-scaled.jpg 2560w, https:\/\/czeskastrefa.pl\/wp-content\/uploads\/2024\/04\/pexels-anna-shvets-4226140-300x200.jpg 300w, https:\/\/czeskastrefa.pl\/wp-content\/uploads\/2024\/04\/pexels-anna-shvets-4226140-1024x683.jpg 1024w, https:\/\/czeskastrefa.pl\/wp-content\/uploads\/2024\/04\/pexels-anna-shvets-4226140-768x512.jpg 768w, https:\/\/czeskastrefa.pl\/wp-content\/uploads\/2024\/04\/pexels-anna-shvets-4226140-1536x1024.jpg 1536w, https:\/\/czeskastrefa.pl\/wp-content\/uploads\/2024\/04\/pexels-anna-shvets-4226140-2048x1365.jpg 2048w\" sizes=\"auto, (max-width: 2560px) 100vw, 2560px\" \/><\/figure>\n","protected":false},"excerpt":{"rendered":"<p>Sv\u011b\u0159te z\u00e1kaznick\u00fd servis sv\u00e9 firmy n\u00e1m a p\u0159esv\u011bd\u010dte se o kvalit\u011b a efektivit\u011b na\u0161ich slu\u017eeb. Na \u010desk\u00e9m trhu vystupujeme jm\u00e9nem va\u0161\u00ed spole\u010dnosti, aby se z\u00e1kazn\u00edk c\u00edtil bezpe\u010dn\u011b a m\u011bl pocit, \u017ee komunikuje se zam\u011bstnanci va\u0161\u00ed spole\u010dnosti. N\u00e1\u0161 t\u00fdm se skl\u00e1d\u00e1 z profesion\u00e1l\u016f, kte\u0159\u00ed hovo\u0159\u00ed \u010desky i polsky. Ve vztahu k va\u0161im z\u00e1kazn\u00edk\u016fm se \u0159\u00edd\u00edme z\u00e1sadami [&hellip;]<\/p>\n","protected":false},"author":1,"featured_media":2198,"parent":0,"menu_order":0,"comment_status":"closed","ping_status":"closed","template":"","meta":{"footnotes":""},"class_list":["post-1477","page","type-page","status-publish","has-post-thumbnail","hentry"],"yoast_head":"<!-- This site is optimized with the Yoast SEO plugin v26.7 - https:\/\/yoast.com\/wordpress\/plugins\/seo\/ -->\n<title>Z\u00e1kaznick\u00fd servis | Czeska Strefa<\/title>\n<meta name=\"description\" content=\"Sv\u011b\u0159te z\u00e1kaznick\u00fd servis sv\u00e9 firmy n\u00e1m a p\u0159esv\u011bd\u010dte se o kvalit\u011b a efektivit\u011b na\u0161ich slu\u017eeb. Na \u010desk\u00e9m trhu vystupujeme jm\u00e9nem va\u0161\u00ed spole\u010dnosti, aby se z\u00e1kazn\u00edk c\u00edtil bezpe\u010dn\u011b a m\u011bl pocit, \u017ee komunikuje se zam\u011bstnanci va\u0161\u00ed spole\u010dnosti. N\u00e1\u0161 t\u00fdm se skl\u00e1d\u00e1 z profesion\u00e1l\u016f, kte\u0159\u00ed hovo\u0159\u00ed \u010desky i polsky. Ve vztahu k va\u0161im z\u00e1kazn\u00edk\u016fm se \u0159\u00edd\u00edme z\u00e1sadami ochrany osobn\u00edch \u00fadaj\u016f, ob\u010dansk\u00fdm z\u00e1kon\u00edkem, z\u00e1konem o ochran\u011b spot\u0159ebitele a dal\u0161\u00edmi pr\u00e1vn\u00edmi p\u0159edpisy.\" \/>\n<meta name=\"robots\" content=\"index, follow, max-snippet:-1, max-image-preview:large, max-video-preview:-1\" \/>\n<link rel=\"canonical\" href=\"https:\/\/czeskastrefa.pl\/cs\/zakaznicky-servis\/\" \/>\n<meta property=\"og:locale\" content=\"cs_CZ\" \/>\n<meta property=\"og:type\" content=\"article\" \/>\n<meta property=\"og:title\" content=\"Z\u00e1kaznick\u00fd servis\" \/>\n<meta property=\"og:description\" content=\"Sv\u011b\u0159te z\u00e1kaznick\u00fd servis sv\u00e9 firmy n\u00e1m a p\u0159esv\u011bd\u010dte se o kvalit\u011b a efektivit\u011b na\u0161ich slu\u017eeb. Na \u010desk\u00e9m trhu vystupujeme jm\u00e9nem va\u0161\u00ed spole\u010dnosti, aby se z\u00e1kazn\u00edk c\u00edtil bezpe\u010dn\u011b a m\u011bl pocit, \u017ee komunikuje se zam\u011bstnanci va\u0161\u00ed spole\u010dnosti. N\u00e1\u0161 t\u00fdm se skl\u00e1d\u00e1 z profesion\u00e1l\u016f, kte\u0159\u00ed hovo\u0159\u00ed \u010desky i polsky. Ve vztahu k va\u0161im z\u00e1kazn\u00edk\u016fm se \u0159\u00edd\u00edme z\u00e1sadami ochrany osobn\u00edch \u00fadaj\u016f, ob\u010dansk\u00fdm z\u00e1kon\u00edkem, z\u00e1konem o ochran\u011b spot\u0159ebitele a dal\u0161\u00edmi pr\u00e1vn\u00edmi p\u0159edpisy.\" \/>\n<meta property=\"og:url\" content=\"https:\/\/czeskastrefa.pl\/cs\/zakaznicky-servis\/\" \/>\n<meta property=\"og:site_name\" content=\"Czeska Strefa\" \/>\n<meta property=\"article:publisher\" content=\"https:\/\/www.facebook.com\/czeskastrefa\" \/>\n<meta property=\"article:modified_time\" content=\"2024-05-15T18:33:41+00:00\" \/>\n<meta property=\"og:image\" content=\"https:\/\/czeskastrefa.pl\/wp-content\/uploads\/2024\/04\/pexels-mikhail-nilov-7682340-1024x683.jpg\" \/>\n<meta name=\"twitter:card\" content=\"summary_large_image\" \/>\n<meta name=\"twitter:label1\" content=\"Odhadovan\u00e1 doba \u010dten\u00ed\" \/>\n\t<meta name=\"twitter:data1\" content=\"2 minuty\" \/>\n<script type=\"application\/ld+json\" class=\"yoast-schema-graph\">{\"@context\":\"https:\/\/schema.org\",\"@graph\":[{\"@type\":\"WebPage\",\"@id\":\"https:\/\/czeskastrefa.pl\/cs\/zakaznicky-servis\/\",\"url\":\"https:\/\/czeskastrefa.pl\/cs\/zakaznicky-servis\/\",\"name\":\"Z\u00e1kaznick\u00fd servis | Czeska Strefa\",\"isPartOf\":{\"@id\":\"https:\/\/czeskastrefa.pl\/cs\/#website\"},\"primaryImageOfPage\":{\"@id\":\"https:\/\/czeskastrefa.pl\/cs\/zakaznicky-servis\/#primaryimage\"},\"image\":{\"@id\":\"https:\/\/czeskastrefa.pl\/cs\/zakaznicky-servis\/#primaryimage\"},\"thumbnailUrl\":\"https:\/\/czeskastrefa.pl\/wp-content\/uploads\/2024\/10\/iStock-1043600870.jpg\",\"datePublished\":\"2024-04-13T09:18:57+00:00\",\"dateModified\":\"2024-05-15T18:33:41+00:00\",\"description\":\"Sv\u011b\u0159te z\u00e1kaznick\u00fd servis sv\u00e9 firmy n\u00e1m a p\u0159esv\u011bd\u010dte se o kvalit\u011b a efektivit\u011b na\u0161ich slu\u017eeb. Na \u010desk\u00e9m trhu vystupujeme jm\u00e9nem va\u0161\u00ed spole\u010dnosti, aby se z\u00e1kazn\u00edk c\u00edtil bezpe\u010dn\u011b a m\u011bl pocit, \u017ee komunikuje se zam\u011bstnanci va\u0161\u00ed spole\u010dnosti. N\u00e1\u0161 t\u00fdm se skl\u00e1d\u00e1 z profesion\u00e1l\u016f, kte\u0159\u00ed hovo\u0159\u00ed \u010desky i polsky. Ve vztahu k va\u0161im z\u00e1kazn\u00edk\u016fm se \u0159\u00edd\u00edme z\u00e1sadami ochrany osobn\u00edch \u00fadaj\u016f, ob\u010dansk\u00fdm z\u00e1kon\u00edkem, z\u00e1konem o ochran\u011b spot\u0159ebitele a dal\u0161\u00edmi pr\u00e1vn\u00edmi p\u0159edpisy.\",\"breadcrumb\":{\"@id\":\"https:\/\/czeskastrefa.pl\/cs\/zakaznicky-servis\/#breadcrumb\"},\"inLanguage\":\"cs\",\"potentialAction\":[{\"@type\":\"ReadAction\",\"target\":[\"https:\/\/czeskastrefa.pl\/cs\/zakaznicky-servis\/\"]}]},{\"@type\":\"ImageObject\",\"inLanguage\":\"cs\",\"@id\":\"https:\/\/czeskastrefa.pl\/cs\/zakaznicky-servis\/#primaryimage\",\"url\":\"https:\/\/czeskastrefa.pl\/wp-content\/uploads\/2024\/10\/iStock-1043600870.jpg\",\"contentUrl\":\"https:\/\/czeskastrefa.pl\/wp-content\/uploads\/2024\/10\/iStock-1043600870.jpg\",\"width\":2119,\"height\":1414,\"caption\":\"attractive smiling female call center worker looking at camera isolated on blue\"},{\"@type\":\"BreadcrumbList\",\"@id\":\"https:\/\/czeskastrefa.pl\/cs\/zakaznicky-servis\/#breadcrumb\",\"itemListElement\":[{\"@type\":\"ListItem\",\"position\":1,\"name\":\"Strona g\u0142\u00f3wna\",\"item\":\"https:\/\/czeskastrefa.pl\/cs\/\"},{\"@type\":\"ListItem\",\"position\":2,\"name\":\"Z\u00e1kaznick\u00fd servis\"}]},{\"@type\":\"WebSite\",\"@id\":\"https:\/\/czeskastrefa.pl\/cs\/#website\",\"url\":\"https:\/\/czeskastrefa.pl\/cs\/\",\"name\":\"Czeska Strefa\",\"description\":\"Us\u0142ugi zwi\u0105zane z e-commerce na rynku czeskim\",\"publisher\":{\"@id\":\"https:\/\/czeskastrefa.pl\/cs\/#organization\"},\"alternateName\":\"Czeska Strefa\",\"potentialAction\":[{\"@type\":\"SearchAction\",\"target\":{\"@type\":\"EntryPoint\",\"urlTemplate\":\"https:\/\/czeskastrefa.pl\/cs\/?s={search_term_string}\"},\"query-input\":{\"@type\":\"PropertyValueSpecification\",\"valueRequired\":true,\"valueName\":\"search_term_string\"}}],\"inLanguage\":\"cs\"},{\"@type\":\"Organization\",\"@id\":\"https:\/\/czeskastrefa.pl\/cs\/#organization\",\"name\":\"Czeska Strefa\",\"alternateName\":\"Us\u0142ugi e-commerce na rynku czeskim\",\"url\":\"https:\/\/czeskastrefa.pl\/cs\/\",\"logo\":{\"@type\":\"ImageObject\",\"inLanguage\":\"cs\",\"@id\":\"https:\/\/czeskastrefa.pl\/cs\/#\/schema\/logo\/image\/\",\"url\":\"https:\/\/czeskastrefa.pl\/wp-content\/uploads\/2024\/04\/cropped-thumbnail_czeska-strefa-512-pxbhhui.png\",\"contentUrl\":\"https:\/\/czeskastrefa.pl\/wp-content\/uploads\/2024\/04\/cropped-thumbnail_czeska-strefa-512-pxbhhui.png\",\"width\":240,\"height\":240,\"caption\":\"Czeska Strefa\"},\"image\":{\"@id\":\"https:\/\/czeskastrefa.pl\/cs\/#\/schema\/logo\/image\/\"},\"sameAs\":[\"https:\/\/www.facebook.com\/czeskastrefa\",\"https:\/\/www.linkedin.com\/company\/czeskastrefa\",\"https:\/\/www.instagram.com\/czeskastrefa\"]}]}<\/script>\n<!-- \/ Yoast SEO plugin. -->","yoast_head_json":{"title":"Z\u00e1kaznick\u00fd servis | Czeska Strefa","description":"Sv\u011b\u0159te z\u00e1kaznick\u00fd servis sv\u00e9 firmy n\u00e1m a p\u0159esv\u011bd\u010dte se o kvalit\u011b a efektivit\u011b na\u0161ich slu\u017eeb. Na \u010desk\u00e9m trhu vystupujeme jm\u00e9nem va\u0161\u00ed spole\u010dnosti, aby se z\u00e1kazn\u00edk c\u00edtil bezpe\u010dn\u011b a m\u011bl pocit, \u017ee komunikuje se zam\u011bstnanci va\u0161\u00ed spole\u010dnosti. N\u00e1\u0161 t\u00fdm se skl\u00e1d\u00e1 z profesion\u00e1l\u016f, kte\u0159\u00ed hovo\u0159\u00ed \u010desky i polsky. Ve vztahu k va\u0161im z\u00e1kazn\u00edk\u016fm se \u0159\u00edd\u00edme z\u00e1sadami ochrany osobn\u00edch \u00fadaj\u016f, ob\u010dansk\u00fdm z\u00e1kon\u00edkem, z\u00e1konem o ochran\u011b spot\u0159ebitele a dal\u0161\u00edmi pr\u00e1vn\u00edmi p\u0159edpisy.","robots":{"index":"index","follow":"follow","max-snippet":"max-snippet:-1","max-image-preview":"max-image-preview:large","max-video-preview":"max-video-preview:-1"},"canonical":"https:\/\/czeskastrefa.pl\/cs\/zakaznicky-servis\/","og_locale":"cs_CZ","og_type":"article","og_title":"Z\u00e1kaznick\u00fd servis","og_description":"Sv\u011b\u0159te z\u00e1kaznick\u00fd servis sv\u00e9 firmy n\u00e1m a p\u0159esv\u011bd\u010dte se o kvalit\u011b a efektivit\u011b na\u0161ich slu\u017eeb. Na \u010desk\u00e9m trhu vystupujeme jm\u00e9nem va\u0161\u00ed spole\u010dnosti, aby se z\u00e1kazn\u00edk c\u00edtil bezpe\u010dn\u011b a m\u011bl pocit, \u017ee komunikuje se zam\u011bstnanci va\u0161\u00ed spole\u010dnosti. N\u00e1\u0161 t\u00fdm se skl\u00e1d\u00e1 z profesion\u00e1l\u016f, kte\u0159\u00ed hovo\u0159\u00ed \u010desky i polsky. Ve vztahu k va\u0161im z\u00e1kazn\u00edk\u016fm se \u0159\u00edd\u00edme z\u00e1sadami ochrany osobn\u00edch \u00fadaj\u016f, ob\u010dansk\u00fdm z\u00e1kon\u00edkem, z\u00e1konem o ochran\u011b spot\u0159ebitele a dal\u0161\u00edmi pr\u00e1vn\u00edmi p\u0159edpisy.","og_url":"https:\/\/czeskastrefa.pl\/cs\/zakaznicky-servis\/","og_site_name":"Czeska Strefa","article_publisher":"https:\/\/www.facebook.com\/czeskastrefa","article_modified_time":"2024-05-15T18:33:41+00:00","og_image":[{"url":"https:\/\/czeskastrefa.pl\/wp-content\/uploads\/2024\/04\/pexels-mikhail-nilov-7682340-1024x683.jpg","type":"","width":"","height":""}],"twitter_card":"summary_large_image","twitter_misc":{"Odhadovan\u00e1 doba \u010dten\u00ed":"2 minuty"},"schema":{"@context":"https:\/\/schema.org","@graph":[{"@type":"WebPage","@id":"https:\/\/czeskastrefa.pl\/cs\/zakaznicky-servis\/","url":"https:\/\/czeskastrefa.pl\/cs\/zakaznicky-servis\/","name":"Z\u00e1kaznick\u00fd servis | Czeska Strefa","isPartOf":{"@id":"https:\/\/czeskastrefa.pl\/cs\/#website"},"primaryImageOfPage":{"@id":"https:\/\/czeskastrefa.pl\/cs\/zakaznicky-servis\/#primaryimage"},"image":{"@id":"https:\/\/czeskastrefa.pl\/cs\/zakaznicky-servis\/#primaryimage"},"thumbnailUrl":"https:\/\/czeskastrefa.pl\/wp-content\/uploads\/2024\/10\/iStock-1043600870.jpg","datePublished":"2024-04-13T09:18:57+00:00","dateModified":"2024-05-15T18:33:41+00:00","description":"Sv\u011b\u0159te z\u00e1kaznick\u00fd servis sv\u00e9 firmy n\u00e1m a p\u0159esv\u011bd\u010dte se o kvalit\u011b a efektivit\u011b na\u0161ich slu\u017eeb. Na \u010desk\u00e9m trhu vystupujeme jm\u00e9nem va\u0161\u00ed spole\u010dnosti, aby se z\u00e1kazn\u00edk c\u00edtil bezpe\u010dn\u011b a m\u011bl pocit, \u017ee komunikuje se zam\u011bstnanci va\u0161\u00ed spole\u010dnosti. N\u00e1\u0161 t\u00fdm se skl\u00e1d\u00e1 z profesion\u00e1l\u016f, kte\u0159\u00ed hovo\u0159\u00ed \u010desky i polsky. Ve vztahu k va\u0161im z\u00e1kazn\u00edk\u016fm se \u0159\u00edd\u00edme z\u00e1sadami ochrany osobn\u00edch \u00fadaj\u016f, ob\u010dansk\u00fdm z\u00e1kon\u00edkem, z\u00e1konem o ochran\u011b spot\u0159ebitele a dal\u0161\u00edmi pr\u00e1vn\u00edmi p\u0159edpisy.","breadcrumb":{"@id":"https:\/\/czeskastrefa.pl\/cs\/zakaznicky-servis\/#breadcrumb"},"inLanguage":"cs","potentialAction":[{"@type":"ReadAction","target":["https:\/\/czeskastrefa.pl\/cs\/zakaznicky-servis\/"]}]},{"@type":"ImageObject","inLanguage":"cs","@id":"https:\/\/czeskastrefa.pl\/cs\/zakaznicky-servis\/#primaryimage","url":"https:\/\/czeskastrefa.pl\/wp-content\/uploads\/2024\/10\/iStock-1043600870.jpg","contentUrl":"https:\/\/czeskastrefa.pl\/wp-content\/uploads\/2024\/10\/iStock-1043600870.jpg","width":2119,"height":1414,"caption":"attractive smiling female call center worker looking at camera isolated on blue"},{"@type":"BreadcrumbList","@id":"https:\/\/czeskastrefa.pl\/cs\/zakaznicky-servis\/#breadcrumb","itemListElement":[{"@type":"ListItem","position":1,"name":"Strona g\u0142\u00f3wna","item":"https:\/\/czeskastrefa.pl\/cs\/"},{"@type":"ListItem","position":2,"name":"Z\u00e1kaznick\u00fd servis"}]},{"@type":"WebSite","@id":"https:\/\/czeskastrefa.pl\/cs\/#website","url":"https:\/\/czeskastrefa.pl\/cs\/","name":"Czeska Strefa","description":"Us\u0142ugi zwi\u0105zane z e-commerce na rynku czeskim","publisher":{"@id":"https:\/\/czeskastrefa.pl\/cs\/#organization"},"alternateName":"Czeska Strefa","potentialAction":[{"@type":"SearchAction","target":{"@type":"EntryPoint","urlTemplate":"https:\/\/czeskastrefa.pl\/cs\/?s={search_term_string}"},"query-input":{"@type":"PropertyValueSpecification","valueRequired":true,"valueName":"search_term_string"}}],"inLanguage":"cs"},{"@type":"Organization","@id":"https:\/\/czeskastrefa.pl\/cs\/#organization","name":"Czeska Strefa","alternateName":"Us\u0142ugi e-commerce na rynku czeskim","url":"https:\/\/czeskastrefa.pl\/cs\/","logo":{"@type":"ImageObject","inLanguage":"cs","@id":"https:\/\/czeskastrefa.pl\/cs\/#\/schema\/logo\/image\/","url":"https:\/\/czeskastrefa.pl\/wp-content\/uploads\/2024\/04\/cropped-thumbnail_czeska-strefa-512-pxbhhui.png","contentUrl":"https:\/\/czeskastrefa.pl\/wp-content\/uploads\/2024\/04\/cropped-thumbnail_czeska-strefa-512-pxbhhui.png","width":240,"height":240,"caption":"Czeska Strefa"},"image":{"@id":"https:\/\/czeskastrefa.pl\/cs\/#\/schema\/logo\/image\/"},"sameAs":["https:\/\/www.facebook.com\/czeskastrefa","https:\/\/www.linkedin.com\/company\/czeskastrefa","https:\/\/www.instagram.com\/czeskastrefa"]}]}},"_links":{"self":[{"href":"https:\/\/czeskastrefa.pl\/cs\/wp-json\/wp\/v2\/pages\/1477","targetHints":{"allow":["GET"]}}],"collection":[{"href":"https:\/\/czeskastrefa.pl\/cs\/wp-json\/wp\/v2\/pages"}],"about":[{"href":"https:\/\/czeskastrefa.pl\/cs\/wp-json\/wp\/v2\/types\/page"}],"author":[{"embeddable":true,"href":"https:\/\/czeskastrefa.pl\/cs\/wp-json\/wp\/v2\/users\/1"}],"replies":[{"embeddable":true,"href":"https:\/\/czeskastrefa.pl\/cs\/wp-json\/wp\/v2\/comments?post=1477"}],"version-history":[{"count":1,"href":"https:\/\/czeskastrefa.pl\/cs\/wp-json\/wp\/v2\/pages\/1477\/revisions"}],"predecessor-version":[{"id":1482,"href":"https:\/\/czeskastrefa.pl\/cs\/wp-json\/wp\/v2\/pages\/1477\/revisions\/1482"}],"wp:featuredmedia":[{"embeddable":true,"href":"https:\/\/czeskastrefa.pl\/cs\/wp-json\/wp\/v2\/media\/2198"}],"wp:attachment":[{"href":"https:\/\/czeskastrefa.pl\/cs\/wp-json\/wp\/v2\/media?parent=1477"}],"curies":[{"name":"wp","href":"https:\/\/api.w.org\/{rel}","templated":true}]}}