{"id":1478,"date":"2024-04-13T11:25:17","date_gmt":"2024-04-13T09:25:17","guid":{"rendered":"https:\/\/czeskastrefa.pl\/prezentace-vasi-spolecnosti\/"},"modified":"2024-05-15T20:33:43","modified_gmt":"2024-05-15T18:33:43","slug":"prezentace-vasi-spolecnosti","status":"publish","type":"page","link":"https:\/\/czeskastrefa.pl\/cs\/prezentace-vasi-spolecnosti\/","title":{"rendered":"Prezentace va\u0161\u00ed spole\u010dnosti"},"content":{"rendered":"\n<blockquote class=\"wp-block-quote is-layout-flow wp-block-quote-is-layout-flow\">\n<p>Zanechte n\u00e1m prezentaci sv\u00e9 spole\u010dnosti a p\u0159esv\u011bd\u010dte se o kvalit\u011b a efektivit\u011b na\u0161ich slu\u017eeb. Na \u010desk\u00e9m trhu vystupujeme jm\u00e9nem va\u0161\u00ed spole\u010dnosti, aby se z\u00e1kazn\u00edk c\u00edtil bezpe\u010dn\u011b a m\u011bl pocit, \u017ee komunikuje se zam\u011bstnanci va\u0161\u00ed spole\u010dnosti. N\u00e1\u0161 t\u00fdm se skl\u00e1d\u00e1 z profesion\u00e1l\u016f, kte\u0159\u00ed hovo\u0159\u00ed \u010desky i polsky. Ve vztahu k va\u0161im z\u00e1kazn\u00edk\u016fm se \u0159\u00edd\u00edme z\u00e1sadami ochrany osobn\u00edch \u00fadaj\u016f, ob\u010dansk\u00fdm z\u00e1kon\u00edkem, z\u00e1konem o ochran\u011b spot\u0159ebitele a dal\u0161\u00edmi pr\u00e1vn\u00edmi p\u0159edpisy.<\/p>\n<\/blockquote>\n\n<p><strong>V oblasti prezentace va\u0161\u00ed spole\u010dnosti nab\u00edz\u00edme n\u00e1sleduj\u00edc\u00ed slu\u017eby:<\/strong><\/p>\n\n<p><strong>1. Vytvo\u0159en\u00ed a spr\u00e1va profilu spole\u010dnosti Google na \u010desk\u00e9m trhu<\/strong><\/p>\n\n<p>Vytvo\u0159en\u00ed a spr\u00e1va firemn\u00edho \u00fa\u010dtu Google pro \u010desk\u00fd trh.<\/p>\n\n<p><strong>2. vytvo\u0159en\u00ed profilu na <\/strong><strong>\n  <a href=\"https:\/\/www.heureka.cz\/\">heureka.cz<\/a>\n<\/strong><strong> a spravovat jej<\/strong><\/p>\n\n<p>Vytvo\u0159en\u00ed a spr\u00e1va \u00fa\u010dtu na online srovn\u00e1va\u010di cen heureka.cz.<\/p>\n\n<p><strong>3. vytvo\u0159te si profil na <\/strong><strong>\n  <a href=\"https:\/\/www.zbozi.cz\/\">zbozi.cz<\/a>\n<\/strong><strong>, <\/strong><a href=\"https:\/\/www.biano.cz\/\">\n  <strong>biano.cz<\/strong>\n<\/a><strong> nebo jin\u00fdch internetov\u00fdch srovn\u00e1va\u010d\u00edch cen a jejich spr\u00e1v\u011b<\/strong><\/p>\n\n<p>Vytvo\u0159en\u00ed a spr\u00e1va \u00fa\u010dt\u016f na internetov\u00fdch srovn\u00e1va\u010d\u00edch cen zbozi.cz, biano.cz.<\/p>\n\n<p><strong>4. Z\u00edsk\u00e1v\u00e1n\u00ed zp\u011btn\u00e9 vazby od z\u00e1kazn\u00edk\u016f po telefonu<\/strong><\/p>\n\n<p>Shroma\u017e\u010fov\u00e1n\u00ed a spr\u00e1va zp\u011btn\u00e9 vazby od z\u00e1kazn\u00edk\u016f z\u00edskan\u00e9 telefonicky.<\/p>\n\n<p><strong>5. Z\u00edsk\u00e1v\u00e1n\u00ed zp\u011btn\u00e9 vazby od z\u00e1kazn\u00edk\u016f prost\u0159ednictv\u00edm e-mailu  <\/strong><\/p>\n\n<p>Shroma\u017e\u010fov\u00e1n\u00ed a spr\u00e1va zp\u011btn\u00e9 vazby od z\u00e1kazn\u00edk\u016f obdr\u017een\u00e9 e-mailem.<\/p>\n\n<p><strong>6. Prezentace va\u0161\u00ed spole\u010dnosti na soci\u00e1ln\u00edch s\u00edt\u00edch<\/strong><\/p>\n\n<p>Zviditeln\u011bn\u00ed va\u0161\u00ed spole\u010dnosti na soci\u00e1ln\u00edch s\u00edt\u00edch.<\/p>\n\n<p><strong>7. vytv\u00e1\u0159en\u00ed p\u0159\u00edsp\u011bvk\u016f a vztah\u016f na Facebooku, LinkedIn, Tiktok a Instagramu<\/strong><\/p>\n\n<p>Vytv\u00e1\u0159en\u00ed p\u0159\u00edsp\u011bvk\u016f a vztah\u016f na Facebooku, LinkedIn, Tiktok, Instagramu.<\/p>\n\n<p><strong>8. Pod\u00e1v\u00e1n\u00ed zpr\u00e1v a prezentace v\u00fdsledk\u016f zp\u011btn\u00e9 vazby z \u010desk\u00e9ho trhu<\/strong><\/p>\n\n<p>Tvorba zpr\u00e1v a prezentace v\u00fdsledk\u016f zp\u011btn\u00e9 vazby z \u010desk\u00e9ho trhu.<\/p>\n\n<p><strong>9. kontrola ve\u0161ker\u00e9ho obsahu va\u0161\u00ed spole\u010dnosti na \u010desk\u00e9m trhu a jeho oprava nebo aktualizace.<\/strong><\/p>\n\n<p>Kontrola online obsahu va\u0161\u00ed spole\u010dnosti a jeho oprava nebo aktualizace.<\/p>\n\n<p><strong>10. spr\u00e1va blogu na \u010desk\u00fdch webov\u00fdch str\u00e1nk\u00e1ch<\/strong><\/p>\n\n<p>Vytvo\u0159en\u00ed blogu a pravideln\u00e9 p\u0159id\u00e1v\u00e1n\u00ed \u010dl\u00e1nk\u016f.<\/p>\n\n<p><strong>11. Spr\u00e1va poradenstv\u00ed na \u010desk\u00fdch internetov\u00fdch str\u00e1nk\u00e1ch<\/strong><\/p>\n\n<p>Pravideln\u011b vytv\u00e1\u0159ejte tipy a p\u0159id\u00e1vejte \u010dl\u00e1nky.<\/p>\n\n<p><strong>12. tvorba reklamn\u00edch kampan\u00ed pro \u010desk\u00fd trh<\/strong><\/p>\n\n<p>Tvorba nebo p\u0159eklad marketingov\u00e9ho obsahu pro \u010desk\u00fd trh.<\/p>\n\n<p><strong>13. intern\u00ed spolupr\u00e1ce s va\u0161imi odd\u011blen\u00edmi<\/strong><\/p>\n\n<p>Intern\u00ed komunikace s odd\u011blen\u00edmi.<\/p>\n\n<div style=\"height:5px\" aria-hidden=\"true\" class=\"wp-block-spacer\"><\/div>\n\n<figure class=\"wp-block-image size-large\"><img loading=\"lazy\" decoding=\"async\" width=\"1024\" height=\"713\" src=\"https:\/\/czeskastrefa.pl\/wp-content\/uploads\/2024\/04\/teens-holding-text-boxes-1024x713.jpg\" alt=\"\" class=\"wp-image-195\" srcset=\"https:\/\/czeskastrefa.pl\/wp-content\/uploads\/2024\/04\/teens-holding-text-boxes-1024x713.jpg 1024w, https:\/\/czeskastrefa.pl\/wp-content\/uploads\/2024\/04\/teens-holding-text-boxes-300x209.jpg 300w, https:\/\/czeskastrefa.pl\/wp-content\/uploads\/2024\/04\/teens-holding-text-boxes-768x535.jpg 768w, https:\/\/czeskastrefa.pl\/wp-content\/uploads\/2024\/04\/teens-holding-text-boxes-1536x1069.jpg 1536w, https:\/\/czeskastrefa.pl\/wp-content\/uploads\/2024\/04\/teens-holding-text-boxes-2048x1425.jpg 2048w\" sizes=\"auto, (max-width: 1024px) 100vw, 1024px\" \/><\/figure>\n","protected":false},"excerpt":{"rendered":"<p>Zanechte n\u00e1m prezentaci sv\u00e9 spole\u010dnosti a p\u0159esv\u011bd\u010dte se o kvalit\u011b a efektivit\u011b na\u0161ich slu\u017eeb. Na \u010desk\u00e9m trhu vystupujeme jm\u00e9nem va\u0161\u00ed spole\u010dnosti, aby se z\u00e1kazn\u00edk c\u00edtil bezpe\u010dn\u011b a m\u011bl pocit, \u017ee komunikuje se zam\u011bstnanci va\u0161\u00ed spole\u010dnosti. N\u00e1\u0161 t\u00fdm se skl\u00e1d\u00e1 z profesion\u00e1l\u016f, kte\u0159\u00ed hovo\u0159\u00ed \u010desky i polsky. Ve vztahu k va\u0161im z\u00e1kazn\u00edk\u016fm se \u0159\u00edd\u00edme z\u00e1sadami ochrany [&hellip;]<\/p>\n","protected":false},"author":1,"featured_media":1016,"parent":0,"menu_order":0,"comment_status":"closed","ping_status":"closed","template":"","meta":{"footnotes":""},"class_list":["post-1478","page","type-page","status-publish","has-post-thumbnail","hentry"],"yoast_head":"<!-- This site is optimized with the Yoast SEO plugin v26.7 - https:\/\/yoast.com\/wordpress\/plugins\/seo\/ -->\n<title>Prezentace va\u0161\u00ed spole\u010dnosti | Czeska Strefa<\/title>\n<meta name=\"description\" content=\"Zanechte n\u00e1m prezentaci sv\u00e9 spole\u010dnosti a p\u0159esv\u011bd\u010dte se o kvalit\u011b a efektivit\u011b na\u0161ich slu\u017eeb. Na \u010desk\u00e9m trhu vystupujeme jm\u00e9nem va\u0161\u00ed spole\u010dnosti, aby se z\u00e1kazn\u00edk c\u00edtil bezpe\u010dn\u011b a m\u011bl pocit, \u017ee komunikuje se zam\u011bstnanci va\u0161\u00ed spole\u010dnosti. N\u00e1\u0161 t\u00fdm se skl\u00e1d\u00e1 z profesion\u00e1l\u016f, kte\u0159\u00ed hovo\u0159\u00ed \u010desky i polsky. Ve vztahu k va\u0161im z\u00e1kazn\u00edk\u016fm se \u0159\u00edd\u00edme z\u00e1sadami ochrany osobn\u00edch \u00fadaj\u016f, ob\u010dansk\u00fdm z\u00e1kon\u00edkem, z\u00e1konem o ochran\u011b spot\u0159ebitele a dal\u0161\u00edmi pr\u00e1vn\u00edmi p\u0159edpisy.\" \/>\n<meta name=\"robots\" content=\"index, follow, max-snippet:-1, max-image-preview:large, max-video-preview:-1\" \/>\n<link rel=\"canonical\" href=\"https:\/\/czeskastrefa.pl\/cs\/prezentace-vasi-spolecnosti\/\" \/>\n<meta property=\"og:locale\" content=\"cs_CZ\" \/>\n<meta property=\"og:type\" content=\"article\" \/>\n<meta property=\"og:title\" content=\"Prezentace va\u0161\u00ed spole\u010dnosti\" \/>\n<meta property=\"og:description\" content=\"Zanechte n\u00e1m prezentaci sv\u00e9 spole\u010dnosti a p\u0159esv\u011bd\u010dte se o kvalit\u011b a efektivit\u011b na\u0161ich slu\u017eeb. Na \u010desk\u00e9m trhu vystupujeme jm\u00e9nem va\u0161\u00ed spole\u010dnosti, aby se z\u00e1kazn\u00edk c\u00edtil bezpe\u010dn\u011b a m\u011bl pocit, \u017ee komunikuje se zam\u011bstnanci va\u0161\u00ed spole\u010dnosti. N\u00e1\u0161 t\u00fdm se skl\u00e1d\u00e1 z profesion\u00e1l\u016f, kte\u0159\u00ed hovo\u0159\u00ed \u010desky i polsky. Ve vztahu k va\u0161im z\u00e1kazn\u00edk\u016fm se \u0159\u00edd\u00edme z\u00e1sadami ochrany osobn\u00edch \u00fadaj\u016f, ob\u010dansk\u00fdm z\u00e1kon\u00edkem, z\u00e1konem o ochran\u011b spot\u0159ebitele a dal\u0161\u00edmi pr\u00e1vn\u00edmi p\u0159edpisy.\" \/>\n<meta property=\"og:url\" content=\"https:\/\/czeskastrefa.pl\/cs\/prezentace-vasi-spolecnosti\/\" \/>\n<meta property=\"og:site_name\" content=\"Czeska Strefa\" \/>\n<meta property=\"article:publisher\" content=\"https:\/\/www.facebook.com\/czeskastrefa\" \/>\n<meta property=\"article:modified_time\" content=\"2024-05-15T18:33:43+00:00\" \/>\n<meta property=\"og:image\" content=\"https:\/\/czeskastrefa.pl\/wp-content\/uploads\/2024\/04\/madison-oren-uGP_6CAD-14-unsplash-1024x683.jpg\" \/>\n<meta name=\"twitter:card\" content=\"summary_large_image\" \/>\n<meta name=\"twitter:label1\" content=\"Odhadovan\u00e1 doba \u010dten\u00ed\" \/>\n\t<meta name=\"twitter:data1\" content=\"2 minuty\" \/>\n<script type=\"application\/ld+json\" class=\"yoast-schema-graph\">{\"@context\":\"https:\/\/schema.org\",\"@graph\":[{\"@type\":\"WebPage\",\"@id\":\"https:\/\/czeskastrefa.pl\/cs\/prezentace-vasi-spolecnosti\/\",\"url\":\"https:\/\/czeskastrefa.pl\/cs\/prezentace-vasi-spolecnosti\/\",\"name\":\"Prezentace va\u0161\u00ed spole\u010dnosti | Czeska Strefa\",\"isPartOf\":{\"@id\":\"https:\/\/czeskastrefa.pl\/cs\/#website\"},\"primaryImageOfPage\":{\"@id\":\"https:\/\/czeskastrefa.pl\/cs\/prezentace-vasi-spolecnosti\/#primaryimage\"},\"image\":{\"@id\":\"https:\/\/czeskastrefa.pl\/cs\/prezentace-vasi-spolecnosti\/#primaryimage\"},\"thumbnailUrl\":\"https:\/\/czeskastrefa.pl\/wp-content\/uploads\/2024\/04\/madison-oren-uGP_6CAD-14-unsplash-scaled.jpg\",\"datePublished\":\"2024-04-13T09:25:17+00:00\",\"dateModified\":\"2024-05-15T18:33:43+00:00\",\"description\":\"Zanechte n\u00e1m prezentaci sv\u00e9 spole\u010dnosti a p\u0159esv\u011bd\u010dte se o kvalit\u011b a efektivit\u011b na\u0161ich slu\u017eeb. Na \u010desk\u00e9m trhu vystupujeme jm\u00e9nem va\u0161\u00ed spole\u010dnosti, aby se z\u00e1kazn\u00edk c\u00edtil bezpe\u010dn\u011b a m\u011bl pocit, \u017ee komunikuje se zam\u011bstnanci va\u0161\u00ed spole\u010dnosti. N\u00e1\u0161 t\u00fdm se skl\u00e1d\u00e1 z profesion\u00e1l\u016f, kte\u0159\u00ed hovo\u0159\u00ed \u010desky i polsky. Ve vztahu k va\u0161im z\u00e1kazn\u00edk\u016fm se \u0159\u00edd\u00edme z\u00e1sadami ochrany osobn\u00edch \u00fadaj\u016f, ob\u010dansk\u00fdm z\u00e1kon\u00edkem, z\u00e1konem o ochran\u011b spot\u0159ebitele a dal\u0161\u00edmi pr\u00e1vn\u00edmi p\u0159edpisy.\",\"breadcrumb\":{\"@id\":\"https:\/\/czeskastrefa.pl\/cs\/prezentace-vasi-spolecnosti\/#breadcrumb\"},\"inLanguage\":\"cs\",\"potentialAction\":[{\"@type\":\"ReadAction\",\"target\":[\"https:\/\/czeskastrefa.pl\/cs\/prezentace-vasi-spolecnosti\/\"]}]},{\"@type\":\"ImageObject\",\"inLanguage\":\"cs\",\"@id\":\"https:\/\/czeskastrefa.pl\/cs\/prezentace-vasi-spolecnosti\/#primaryimage\",\"url\":\"https:\/\/czeskastrefa.pl\/wp-content\/uploads\/2024\/04\/madison-oren-uGP_6CAD-14-unsplash-scaled.jpg\",\"contentUrl\":\"https:\/\/czeskastrefa.pl\/wp-content\/uploads\/2024\/04\/madison-oren-uGP_6CAD-14-unsplash-scaled.jpg\",\"width\":2560,\"height\":1707},{\"@type\":\"BreadcrumbList\",\"@id\":\"https:\/\/czeskastrefa.pl\/cs\/prezentace-vasi-spolecnosti\/#breadcrumb\",\"itemListElement\":[{\"@type\":\"ListItem\",\"position\":1,\"name\":\"Strona g\u0142\u00f3wna\",\"item\":\"https:\/\/czeskastrefa.pl\/cs\/\"},{\"@type\":\"ListItem\",\"position\":2,\"name\":\"Prezentace va\u0161\u00ed spole\u010dnosti\"}]},{\"@type\":\"WebSite\",\"@id\":\"https:\/\/czeskastrefa.pl\/cs\/#website\",\"url\":\"https:\/\/czeskastrefa.pl\/cs\/\",\"name\":\"Czeska Strefa\",\"description\":\"Us\u0142ugi zwi\u0105zane z e-commerce na rynku czeskim\",\"publisher\":{\"@id\":\"https:\/\/czeskastrefa.pl\/cs\/#organization\"},\"alternateName\":\"Czeska Strefa\",\"potentialAction\":[{\"@type\":\"SearchAction\",\"target\":{\"@type\":\"EntryPoint\",\"urlTemplate\":\"https:\/\/czeskastrefa.pl\/cs\/?s={search_term_string}\"},\"query-input\":{\"@type\":\"PropertyValueSpecification\",\"valueRequired\":true,\"valueName\":\"search_term_string\"}}],\"inLanguage\":\"cs\"},{\"@type\":\"Organization\",\"@id\":\"https:\/\/czeskastrefa.pl\/cs\/#organization\",\"name\":\"Czeska Strefa\",\"alternateName\":\"Us\u0142ugi e-commerce na rynku czeskim\",\"url\":\"https:\/\/czeskastrefa.pl\/cs\/\",\"logo\":{\"@type\":\"ImageObject\",\"inLanguage\":\"cs\",\"@id\":\"https:\/\/czeskastrefa.pl\/cs\/#\/schema\/logo\/image\/\",\"url\":\"https:\/\/czeskastrefa.pl\/wp-content\/uploads\/2024\/04\/cropped-thumbnail_czeska-strefa-512-pxbhhui.png\",\"contentUrl\":\"https:\/\/czeskastrefa.pl\/wp-content\/uploads\/2024\/04\/cropped-thumbnail_czeska-strefa-512-pxbhhui.png\",\"width\":240,\"height\":240,\"caption\":\"Czeska Strefa\"},\"image\":{\"@id\":\"https:\/\/czeskastrefa.pl\/cs\/#\/schema\/logo\/image\/\"},\"sameAs\":[\"https:\/\/www.facebook.com\/czeskastrefa\",\"https:\/\/www.linkedin.com\/company\/czeskastrefa\",\"https:\/\/www.instagram.com\/czeskastrefa\"]}]}<\/script>\n<!-- \/ Yoast SEO plugin. -->","yoast_head_json":{"title":"Prezentace va\u0161\u00ed spole\u010dnosti | Czeska Strefa","description":"Zanechte n\u00e1m prezentaci sv\u00e9 spole\u010dnosti a p\u0159esv\u011bd\u010dte se o kvalit\u011b a efektivit\u011b na\u0161ich slu\u017eeb. Na \u010desk\u00e9m trhu vystupujeme jm\u00e9nem va\u0161\u00ed spole\u010dnosti, aby se z\u00e1kazn\u00edk c\u00edtil bezpe\u010dn\u011b a m\u011bl pocit, \u017ee komunikuje se zam\u011bstnanci va\u0161\u00ed spole\u010dnosti. N\u00e1\u0161 t\u00fdm se skl\u00e1d\u00e1 z profesion\u00e1l\u016f, kte\u0159\u00ed hovo\u0159\u00ed \u010desky i polsky. Ve vztahu k va\u0161im z\u00e1kazn\u00edk\u016fm se \u0159\u00edd\u00edme z\u00e1sadami ochrany osobn\u00edch \u00fadaj\u016f, ob\u010dansk\u00fdm z\u00e1kon\u00edkem, z\u00e1konem o ochran\u011b spot\u0159ebitele a dal\u0161\u00edmi pr\u00e1vn\u00edmi p\u0159edpisy.","robots":{"index":"index","follow":"follow","max-snippet":"max-snippet:-1","max-image-preview":"max-image-preview:large","max-video-preview":"max-video-preview:-1"},"canonical":"https:\/\/czeskastrefa.pl\/cs\/prezentace-vasi-spolecnosti\/","og_locale":"cs_CZ","og_type":"article","og_title":"Prezentace va\u0161\u00ed spole\u010dnosti","og_description":"Zanechte n\u00e1m prezentaci sv\u00e9 spole\u010dnosti a p\u0159esv\u011bd\u010dte se o kvalit\u011b a efektivit\u011b na\u0161ich slu\u017eeb. Na \u010desk\u00e9m trhu vystupujeme jm\u00e9nem va\u0161\u00ed spole\u010dnosti, aby se z\u00e1kazn\u00edk c\u00edtil bezpe\u010dn\u011b a m\u011bl pocit, \u017ee komunikuje se zam\u011bstnanci va\u0161\u00ed spole\u010dnosti. N\u00e1\u0161 t\u00fdm se skl\u00e1d\u00e1 z profesion\u00e1l\u016f, kte\u0159\u00ed hovo\u0159\u00ed \u010desky i polsky. Ve vztahu k va\u0161im z\u00e1kazn\u00edk\u016fm se \u0159\u00edd\u00edme z\u00e1sadami ochrany osobn\u00edch \u00fadaj\u016f, ob\u010dansk\u00fdm z\u00e1kon\u00edkem, z\u00e1konem o ochran\u011b spot\u0159ebitele a dal\u0161\u00edmi pr\u00e1vn\u00edmi p\u0159edpisy.","og_url":"https:\/\/czeskastrefa.pl\/cs\/prezentace-vasi-spolecnosti\/","og_site_name":"Czeska Strefa","article_publisher":"https:\/\/www.facebook.com\/czeskastrefa","article_modified_time":"2024-05-15T18:33:43+00:00","og_image":[{"url":"https:\/\/czeskastrefa.pl\/wp-content\/uploads\/2024\/04\/madison-oren-uGP_6CAD-14-unsplash-1024x683.jpg","type":"","width":"","height":""}],"twitter_card":"summary_large_image","twitter_misc":{"Odhadovan\u00e1 doba \u010dten\u00ed":"2 minuty"},"schema":{"@context":"https:\/\/schema.org","@graph":[{"@type":"WebPage","@id":"https:\/\/czeskastrefa.pl\/cs\/prezentace-vasi-spolecnosti\/","url":"https:\/\/czeskastrefa.pl\/cs\/prezentace-vasi-spolecnosti\/","name":"Prezentace va\u0161\u00ed spole\u010dnosti | Czeska Strefa","isPartOf":{"@id":"https:\/\/czeskastrefa.pl\/cs\/#website"},"primaryImageOfPage":{"@id":"https:\/\/czeskastrefa.pl\/cs\/prezentace-vasi-spolecnosti\/#primaryimage"},"image":{"@id":"https:\/\/czeskastrefa.pl\/cs\/prezentace-vasi-spolecnosti\/#primaryimage"},"thumbnailUrl":"https:\/\/czeskastrefa.pl\/wp-content\/uploads\/2024\/04\/madison-oren-uGP_6CAD-14-unsplash-scaled.jpg","datePublished":"2024-04-13T09:25:17+00:00","dateModified":"2024-05-15T18:33:43+00:00","description":"Zanechte n\u00e1m prezentaci sv\u00e9 spole\u010dnosti a p\u0159esv\u011bd\u010dte se o kvalit\u011b a efektivit\u011b na\u0161ich slu\u017eeb. Na \u010desk\u00e9m trhu vystupujeme jm\u00e9nem va\u0161\u00ed spole\u010dnosti, aby se z\u00e1kazn\u00edk c\u00edtil bezpe\u010dn\u011b a m\u011bl pocit, \u017ee komunikuje se zam\u011bstnanci va\u0161\u00ed spole\u010dnosti. N\u00e1\u0161 t\u00fdm se skl\u00e1d\u00e1 z profesion\u00e1l\u016f, kte\u0159\u00ed hovo\u0159\u00ed \u010desky i polsky. Ve vztahu k va\u0161im z\u00e1kazn\u00edk\u016fm se \u0159\u00edd\u00edme z\u00e1sadami ochrany osobn\u00edch \u00fadaj\u016f, ob\u010dansk\u00fdm z\u00e1kon\u00edkem, z\u00e1konem o ochran\u011b spot\u0159ebitele a dal\u0161\u00edmi pr\u00e1vn\u00edmi p\u0159edpisy.","breadcrumb":{"@id":"https:\/\/czeskastrefa.pl\/cs\/prezentace-vasi-spolecnosti\/#breadcrumb"},"inLanguage":"cs","potentialAction":[{"@type":"ReadAction","target":["https:\/\/czeskastrefa.pl\/cs\/prezentace-vasi-spolecnosti\/"]}]},{"@type":"ImageObject","inLanguage":"cs","@id":"https:\/\/czeskastrefa.pl\/cs\/prezentace-vasi-spolecnosti\/#primaryimage","url":"https:\/\/czeskastrefa.pl\/wp-content\/uploads\/2024\/04\/madison-oren-uGP_6CAD-14-unsplash-scaled.jpg","contentUrl":"https:\/\/czeskastrefa.pl\/wp-content\/uploads\/2024\/04\/madison-oren-uGP_6CAD-14-unsplash-scaled.jpg","width":2560,"height":1707},{"@type":"BreadcrumbList","@id":"https:\/\/czeskastrefa.pl\/cs\/prezentace-vasi-spolecnosti\/#breadcrumb","itemListElement":[{"@type":"ListItem","position":1,"name":"Strona g\u0142\u00f3wna","item":"https:\/\/czeskastrefa.pl\/cs\/"},{"@type":"ListItem","position":2,"name":"Prezentace va\u0161\u00ed spole\u010dnosti"}]},{"@type":"WebSite","@id":"https:\/\/czeskastrefa.pl\/cs\/#website","url":"https:\/\/czeskastrefa.pl\/cs\/","name":"Czeska Strefa","description":"Us\u0142ugi zwi\u0105zane z e-commerce na rynku czeskim","publisher":{"@id":"https:\/\/czeskastrefa.pl\/cs\/#organization"},"alternateName":"Czeska Strefa","potentialAction":[{"@type":"SearchAction","target":{"@type":"EntryPoint","urlTemplate":"https:\/\/czeskastrefa.pl\/cs\/?s={search_term_string}"},"query-input":{"@type":"PropertyValueSpecification","valueRequired":true,"valueName":"search_term_string"}}],"inLanguage":"cs"},{"@type":"Organization","@id":"https:\/\/czeskastrefa.pl\/cs\/#organization","name":"Czeska Strefa","alternateName":"Us\u0142ugi e-commerce na rynku czeskim","url":"https:\/\/czeskastrefa.pl\/cs\/","logo":{"@type":"ImageObject","inLanguage":"cs","@id":"https:\/\/czeskastrefa.pl\/cs\/#\/schema\/logo\/image\/","url":"https:\/\/czeskastrefa.pl\/wp-content\/uploads\/2024\/04\/cropped-thumbnail_czeska-strefa-512-pxbhhui.png","contentUrl":"https:\/\/czeskastrefa.pl\/wp-content\/uploads\/2024\/04\/cropped-thumbnail_czeska-strefa-512-pxbhhui.png","width":240,"height":240,"caption":"Czeska Strefa"},"image":{"@id":"https:\/\/czeskastrefa.pl\/cs\/#\/schema\/logo\/image\/"},"sameAs":["https:\/\/www.facebook.com\/czeskastrefa","https:\/\/www.linkedin.com\/company\/czeskastrefa","https:\/\/www.instagram.com\/czeskastrefa"]}]}},"_links":{"self":[{"href":"https:\/\/czeskastrefa.pl\/cs\/wp-json\/wp\/v2\/pages\/1478","targetHints":{"allow":["GET"]}}],"collection":[{"href":"https:\/\/czeskastrefa.pl\/cs\/wp-json\/wp\/v2\/pages"}],"about":[{"href":"https:\/\/czeskastrefa.pl\/cs\/wp-json\/wp\/v2\/types\/page"}],"author":[{"embeddable":true,"href":"https:\/\/czeskastrefa.pl\/cs\/wp-json\/wp\/v2\/users\/1"}],"replies":[{"embeddable":true,"href":"https:\/\/czeskastrefa.pl\/cs\/wp-json\/wp\/v2\/comments?post=1478"}],"version-history":[{"count":1,"href":"https:\/\/czeskastrefa.pl\/cs\/wp-json\/wp\/v2\/pages\/1478\/revisions"}],"predecessor-version":[{"id":1483,"href":"https:\/\/czeskastrefa.pl\/cs\/wp-json\/wp\/v2\/pages\/1478\/revisions\/1483"}],"wp:featuredmedia":[{"embeddable":true,"href":"https:\/\/czeskastrefa.pl\/cs\/wp-json\/wp\/v2\/media\/1016"}],"wp:attachment":[{"href":"https:\/\/czeskastrefa.pl\/cs\/wp-json\/wp\/v2\/media?parent=1478"}],"curies":[{"name":"wp","href":"https:\/\/api.w.org\/{rel}","templated":true}]}}