{"id":1488,"date":"2024-04-13T10:19:25","date_gmt":"2024-04-13T08:19:25","guid":{"rendered":"https:\/\/czeskastrefa.pl\/zalozeni-bankovniho-uctu\/"},"modified":"2024-05-18T20:02:36","modified_gmt":"2024-05-18T18:02:36","slug":"zalozeni-bankovniho-uctu","status":"publish","type":"page","link":"https:\/\/czeskastrefa.pl\/cs\/zalozeni-bankovniho-uctu\/","title":{"rendered":"Zalo\u017een\u00ed bankovn\u00edho \u00fa\u010dtu"},"content":{"rendered":"\n<blockquote class=\"wp-block-quote is-layout-flow wp-block-quote-is-layout-flow\">\n<p>Chcete si zalo\u017eit bankovn\u00ed \u00fa\u010det v \u010cesk\u00e9 republice, ale nev\u00edte jak? Nem\u016f\u017eete vyj\u00edt se zam\u011bstnancem banky? Nejste si jisti, co budete pot\u0159ebovat k otev\u0159en\u00ed \u010desk\u00e9ho bankovn\u00edho \u00fa\u010dtu? Pot\u0159ebujete si domluvit sch\u016fzku se zam\u011bstnancem banky? Nev\u00edte, kterou banku nebo jak\u00fd typ \u00fa\u010dtu si zalo\u017eit? Pot\u0159ebujete konsekutivn\u00ed tlumo\u010den\u00ed p\u0159i jedn\u00e1n\u00ed se zam\u011bstnancem banky? Pokud jste na n\u011bkterou z t\u011bchto ot\u00e1zek odpov\u011bd\u011bli kladn\u011b, jste na spr\u00e1vn\u00e9m m\u00edst\u011b!<\/p>\n<\/blockquote>\n\n<p><strong>V tomto ohledu poskytujeme n\u00e1sleduj\u00edc\u00ed slu\u017eby:<\/strong><\/p>\n\n<p><strong>1. rady pro v\u00fdb\u011br banky<\/strong><\/p>\n\n<p>Porad\u00edme v\u00e1m, kterou banku v \u010cesk\u00e9 republice si vybrat podle va\u0161ich preferenc\u00ed. V\u00edce se dozv\u00edte v \u010dl\u00e1nku Jakou <a href=\"https:\/\/czeskastrefa.pl\/cs\/jakou-banku-si-vybrat-v-ceske-republice\/\">banku si vybrat v \u010cesk\u00e9 republice<\/a>?<\/p>\n\n<p><strong>2. poradenstv\u00ed p\u0159i v\u00fdb\u011bru \u00fa\u010dtu<\/strong><\/p>\n\n<p>Zjist\u00edme, k jak\u00e9mu \u00fa\u010delu pot\u0159ebujete bankovn\u00ed \u00fa\u010det, a na z\u00e1klad\u011b va\u0161ich informac\u00ed v\u00e1m doporu\u010d\u00edme typ bankovn\u00edho \u00fa\u010dtu, kter\u00fd si m\u016f\u017eete v \u010cesk\u00e9 republice zalo\u017eit. V\u00edce informac\u00ed naleznete v \u010dl\u00e1nku <a href=\"https:\/\/czeskastrefa.pl\/cs\/cesky-bankovni-ucet\/\">\u010cesk\u00fd bankovn\u00ed \u00fa\u010det<\/a>.<\/p>\n\n<p><strong>3. telefonick\u00e1 komunikace se zam\u011bstnancem banky<\/strong><\/p>\n\n<p>Od p\u0159ijet\u00ed va\u0161\u00ed \u017e\u00e1dosti o bankovn\u00ed \u00fa\u010det a\u017e po sjedn\u00e1n\u00ed sch\u016fzky s pracovn\u00edkem banky jsme v telefonick\u00e9m kontaktu s pracovn\u00edkem banky. K dispozici jsou tak\u00e9 informace z telefonn\u00edch hovor\u016f.<\/p>\n\n<p><strong>4. e-mailov\u00e1 komunikace s pracovn\u00edkem banky a p\u0159eklad do pol\u0161tiny pro v\u00e1s<\/strong><\/p>\n\n<p>E-mailov\u00e1 korespondence je nezbytn\u00e1 zejm\u00e9na p\u0159i z\u0159izov\u00e1n\u00ed firemn\u00edch bankovn\u00edch \u00fa\u010dt\u016f. B\u011bhem cel\u00e9 e-mailov\u00e9 korespondence m\u00e1 z\u00e1kazn\u00edk p\u0159ehled o v\u0161ech odeslan\u00fdch a p\u0159ijat\u00fdch e-mailech v p\u016fvodn\u00ed jazykov\u00e9 verzi. P\u0159ekl\u00e1d\u00e1me e-maily od zam\u011bstnance banky z \u010de\u0161tiny do pol\u0161tiny a va\u0161e e-maily z pol\u0161tiny do \u010de\u0161tiny. B\u011bhem e-mailov\u00e9 korespondence db\u00e1me na to, aby si ob\u011b strany rozum\u011bly.<\/p>\n\n<p><strong>5. sjedn\u00e1n\u00ed sch\u016fzky s konkr\u00e9tn\u00edm pracovn\u00edkem banky v ur\u010dit\u00fd \u010das.<\/strong><\/p>\n\n<p>Jedn\u00e1 se o z\u00e1v\u011bre\u010dnou f\u00e1zi, kdy mus\u00ed b\u00fdt ob\u011b strany fyzicky p\u0159\u00edtomny. Setk\u00e1n\u00ed se kon\u00e1 v \u010cesk\u00e9 republice. Domluv\u00edme si sch\u016fzku s pracovn\u00edkem banky tak, aby v\u00e1m vyhovovala.<\/p>\n\n<p><strong>6. sjedn\u00e1n\u00ed telekonference s konkr\u00e9tn\u00edm zam\u011bstnancem banky v ur\u010dit\u00fd \u010das.<\/strong><\/p>\n\n<p>V n\u011bkter\u00fdch p\u0159\u00edpadech je mo\u017en\u00e9 si s pracovn\u00edkem banky domluvit sch\u016fzku na ur\u010dit\u00fd \u010das pomoc\u00ed telekonference. M\u00e1te nap\u0159\u00edklad dotazy k nov\u011b otev\u0159en\u00e9mu bankovn\u00edmu \u00fa\u010dtu nebo si pot\u0159ebujete n\u011bco ujasnit. Nen\u00ed tedy nutn\u00e9 p\u0159ij\u00ed\u017ed\u011bt do \u010cesk\u00e9 republiky a domlouvat si sch\u016fzku v bance, ale sta\u010d\u00ed kontaktovat pracovn\u00edka banky prost\u0159ednictv\u00edm telekonference. Pokud se tedy chcete spojit s pracovn\u00edkem banky prost\u0159ednictv\u00edm konferen\u010dn\u00edho hovoru, kontaktujte n\u00e1s a domluvte si term\u00edn, kter\u00fd bude vyhovovat v\u0161em t\u0159em stran\u00e1m. Ve stanoven\u00fd \u010das zah\u00e1j\u00edme konferen\u010dn\u00ed hovor, do kter\u00e9ho se zapoj\u00ed ob\u011b strany &#8211; vy i pracovn\u00edk banky. B\u011bhem telekonference p\u0159ekl\u00e1d\u00e1me ob\u011bma stran\u00e1m z pol\u0161tiny do \u010de\u0161tiny a naopak, aby si ob\u011b strany rozum\u011bly. Podrobnosti o telekonferenci naleznete <a href=\"https:\/\/support.apple.com\/pl-pl\/HT211110\">zde<\/a>.<\/p>\n\n<p><strong>7. hled\u00e1n\u00ed informac\u00ed o z\u0159\u00edzen\u00ed bankovn\u00edho \u00fa\u010dtu<\/strong><\/p>\n\n<p>Stejn\u011b jako existuj\u00ed r\u016fzn\u00e9 typy spole\u010dnost\u00ed, li\u0161\u00ed se i po\u017eadavky na otev\u0159en\u00ed nap\u0159\u00edklad firemn\u00edch bankovn\u00edch \u00fa\u010dt\u016f. Ka\u017ed\u00e1 banka m\u00e1 tak\u00e9 jin\u00e1 pravidla pro otev\u0159en\u00ed bankovn\u00edho \u00fa\u010dtu. Tyto informace z\u00edsk\u00e1v\u00e1m z ofici\u00e1ln\u00edch zdroj\u016f, tj. od pracovn\u00edk\u016f banky, kte\u0159\u00ed se pak obracej\u00ed na p\u0159\u00edslu\u0161n\u00e9 pracovn\u00edky banky. Z\u00edsk\u00e1te tak ov\u011b\u0159en\u00e9 informace.<\/p>\n\n<p><strong>8. konsekutivn\u00ed tlumo\u010den\u00ed p\u0159i jedn\u00e1n\u00ed se zam\u011bstnancem banky<\/strong><\/p>\n\n<p>Jsme p\u0159\u00edtomni na m\u00edst\u011b p\u0159i jedn\u00e1n\u00ed s pracovn\u00edkem banky. P\u0159ekl\u00e1d\u00e1me ob\u011bma stran\u00e1m, aby si navz\u00e1jem rozum\u011bly. Vy z pol\u0161tiny do \u010de\u0161tiny a zam\u011bstnanec banky z \u010de\u0161tiny do pol\u0161tiny. Jsme tak\u00e9 p\u0159ipraveni vysv\u011btlit a dodr\u017eovat postupy banky tak, abyste se setkali p\u0159\u00edmo s konkr\u00e9tn\u00edm pracovn\u00edkem banky, se kter\u00fdm jsme si p\u0159edem domluvili sch\u016fzku.<\/p>\n\n<p><strong>9. konsekutivn\u00ed tlumo\u010den\u00ed b\u011bhem konferen\u010dn\u00edho hovoru se zam\u011bstnancem banky<\/strong><\/p>\n\n<p>Na z\u00e1klad\u011b va\u0161\u00ed \u017e\u00e1dosti najdou v\u0161echny t\u0159i strany vhodn\u00fd \u010das pro zah\u00e1jen\u00ed telekonference. Na telekonferenci p\u0159id\u00e1me v\u00e1s a zam\u011bstnance banky. Pracovn\u00edk\u016fm banky polo\u017e\u00edte ot\u00e1zky nebo vysv\u011btl\u00edte probl\u00e9my a my v\u00e1m je p\u0159elo\u017e\u00edme do \u010de\u0161tiny. Odpov\u011bdi zam\u011bstnanc\u016f banky pak p\u0159elo\u017e\u00edme do pol\u0161tiny.<\/p>\n","protected":false},"excerpt":{"rendered":"<p>Chcete si zalo\u017eit bankovn\u00ed \u00fa\u010det v \u010cesk\u00e9 republice, ale nev\u00edte jak? Nem\u016f\u017eete vyj\u00edt se zam\u011bstnancem banky? Nejste si jisti, co budete pot\u0159ebovat k otev\u0159en\u00ed \u010desk\u00e9ho bankovn\u00edho \u00fa\u010dtu? Pot\u0159ebujete si domluvit sch\u016fzku se zam\u011bstnancem banky? Nev\u00edte, kterou banku nebo jak\u00fd typ \u00fa\u010dtu si zalo\u017eit? Pot\u0159ebujete konsekutivn\u00ed tlumo\u010den\u00ed p\u0159i jedn\u00e1n\u00ed se zam\u011bstnancem banky? Pokud jste na n\u011bkterou [&hellip;]<\/p>\n","protected":false},"author":1,"featured_media":1343,"parent":0,"menu_order":0,"comment_status":"closed","ping_status":"closed","template":"","meta":{"footnotes":""},"class_list":["post-1488","page","type-page","status-publish","has-post-thumbnail","hentry"],"yoast_head":"<!-- This site is optimized with the Yoast SEO plugin v26.7 - https:\/\/yoast.com\/wordpress\/plugins\/seo\/ -->\n<title>Zalo\u017een\u00ed bankovn\u00edho \u00fa\u010dtu | Czeska Strefa<\/title>\n<meta name=\"description\" content=\"Chcete si zalo\u017eit bankovn\u00ed \u00fa\u010det v \u010cesk\u00e9 republice, ale nev\u00edte jak? Nem\u016f\u017eete vyj\u00edt se zam\u011bstnancem banky? Nejste si jisti, co budete pot\u0159ebovat k otev\u0159en\u00ed \u010desk\u00e9ho bankovn\u00edho \u00fa\u010dtu? Pot\u0159ebujete si domluvit sch\u016fzku se zam\u011bstnancem banky? Nev\u00edte, kterou banku nebo jak\u00fd typ \u00fa\u010dtu si zalo\u017eit? Pot\u0159ebujete konsekutivn\u00ed tlumo\u010den\u00ed p\u0159i jedn\u00e1n\u00ed se zam\u011bstnancem banky? Pokud jste na n\u011bkterou z t\u011bchto ot\u00e1zek odpov\u011bd\u011bli kladn\u011b, jste na spr\u00e1vn\u00e9m m\u00edst\u011b!\" \/>\n<meta name=\"robots\" content=\"index, follow, max-snippet:-1, max-image-preview:large, max-video-preview:-1\" \/>\n<link rel=\"canonical\" href=\"https:\/\/czeskastrefa.pl\/cs\/zalozeni-bankovniho-uctu\/\" \/>\n<meta property=\"og:locale\" content=\"cs_CZ\" \/>\n<meta property=\"og:type\" content=\"article\" \/>\n<meta property=\"og:title\" content=\"Zalo\u017een\u00ed bankovn\u00edho \u00fa\u010dtu\" \/>\n<meta property=\"og:description\" content=\"Chcete si zalo\u017eit bankovn\u00ed \u00fa\u010det v \u010cesk\u00e9 republice, ale nev\u00edte jak? Nem\u016f\u017eete vyj\u00edt se zam\u011bstnancem banky? Nejste si jisti, co budete pot\u0159ebovat k otev\u0159en\u00ed \u010desk\u00e9ho bankovn\u00edho \u00fa\u010dtu? Pot\u0159ebujete si domluvit sch\u016fzku se zam\u011bstnancem banky? Nev\u00edte, kterou banku nebo jak\u00fd typ \u00fa\u010dtu si zalo\u017eit? Pot\u0159ebujete konsekutivn\u00ed tlumo\u010den\u00ed p\u0159i jedn\u00e1n\u00ed se zam\u011bstnancem banky? Pokud jste na n\u011bkterou z t\u011bchto ot\u00e1zek odpov\u011bd\u011bli kladn\u011b, jste na spr\u00e1vn\u00e9m m\u00edst\u011b!\" \/>\n<meta property=\"og:url\" content=\"https:\/\/czeskastrefa.pl\/cs\/zalozeni-bankovniho-uctu\/\" \/>\n<meta property=\"og:site_name\" content=\"Czeska Strefa\" \/>\n<meta property=\"article:publisher\" content=\"https:\/\/www.facebook.com\/czeskastrefa\" \/>\n<meta property=\"article:modified_time\" content=\"2024-05-18T18:02:36+00:00\" \/>\n<meta property=\"og:image\" content=\"https:\/\/czeskastrefa.pl\/wp-content\/uploads\/2024\/04\/iStock-1608216639-2-1024x737.jpg\" \/>\n<meta name=\"twitter:card\" content=\"summary_large_image\" \/>\n<meta name=\"twitter:label1\" content=\"Odhadovan\u00e1 doba \u010dten\u00ed\" \/>\n\t<meta name=\"twitter:data1\" content=\"4 minuty\" \/>\n<script type=\"application\/ld+json\" class=\"yoast-schema-graph\">{\"@context\":\"https:\/\/schema.org\",\"@graph\":[{\"@type\":\"WebPage\",\"@id\":\"https:\/\/czeskastrefa.pl\/cs\/zalozeni-bankovniho-uctu\/\",\"url\":\"https:\/\/czeskastrefa.pl\/cs\/zalozeni-bankovniho-uctu\/\",\"name\":\"Zalo\u017een\u00ed bankovn\u00edho \u00fa\u010dtu | Czeska Strefa\",\"isPartOf\":{\"@id\":\"https:\/\/czeskastrefa.pl\/cs\/#website\"},\"primaryImageOfPage\":{\"@id\":\"https:\/\/czeskastrefa.pl\/cs\/zalozeni-bankovniho-uctu\/#primaryimage\"},\"image\":{\"@id\":\"https:\/\/czeskastrefa.pl\/cs\/zalozeni-bankovniho-uctu\/#primaryimage\"},\"thumbnailUrl\":\"https:\/\/czeskastrefa.pl\/wp-content\/uploads\/2024\/04\/iStock-1608216639-2.jpg\",\"datePublished\":\"2024-04-13T08:19:25+00:00\",\"dateModified\":\"2024-05-18T18:02:36+00:00\",\"description\":\"Chcete si zalo\u017eit bankovn\u00ed \u00fa\u010det v \u010cesk\u00e9 republice, ale nev\u00edte jak? Nem\u016f\u017eete vyj\u00edt se zam\u011bstnancem banky? Nejste si jisti, co budete pot\u0159ebovat k otev\u0159en\u00ed \u010desk\u00e9ho bankovn\u00edho \u00fa\u010dtu? Pot\u0159ebujete si domluvit sch\u016fzku se zam\u011bstnancem banky? Nev\u00edte, kterou banku nebo jak\u00fd typ \u00fa\u010dtu si zalo\u017eit? Pot\u0159ebujete konsekutivn\u00ed tlumo\u010den\u00ed p\u0159i jedn\u00e1n\u00ed se zam\u011bstnancem banky? Pokud jste na n\u011bkterou z t\u011bchto ot\u00e1zek odpov\u011bd\u011bli kladn\u011b, jste na spr\u00e1vn\u00e9m m\u00edst\u011b!\",\"breadcrumb\":{\"@id\":\"https:\/\/czeskastrefa.pl\/cs\/zalozeni-bankovniho-uctu\/#breadcrumb\"},\"inLanguage\":\"cs\",\"potentialAction\":[{\"@type\":\"ReadAction\",\"target\":[\"https:\/\/czeskastrefa.pl\/cs\/zalozeni-bankovniho-uctu\/\"]}]},{\"@type\":\"ImageObject\",\"inLanguage\":\"cs\",\"@id\":\"https:\/\/czeskastrefa.pl\/cs\/zalozeni-bankovniho-uctu\/#primaryimage\",\"url\":\"https:\/\/czeskastrefa.pl\/wp-content\/uploads\/2024\/04\/iStock-1608216639-2.jpg\",\"contentUrl\":\"https:\/\/czeskastrefa.pl\/wp-content\/uploads\/2024\/04\/iStock-1608216639-2.jpg\",\"width\":2041,\"height\":1469,\"caption\":\"Prague, Czech- July 19,2023: The branch office of Ceska sporitelna in Prague. Ceska sporitelna is the biggest Czech bank measured by the number of clients, It is a part of the Erste Group, Austria.\"},{\"@type\":\"BreadcrumbList\",\"@id\":\"https:\/\/czeskastrefa.pl\/cs\/zalozeni-bankovniho-uctu\/#breadcrumb\",\"itemListElement\":[{\"@type\":\"ListItem\",\"position\":1,\"name\":\"Strona g\u0142\u00f3wna\",\"item\":\"https:\/\/czeskastrefa.pl\/cs\/\"},{\"@type\":\"ListItem\",\"position\":2,\"name\":\"Zalo\u017een\u00ed bankovn\u00edho \u00fa\u010dtu\"}]},{\"@type\":\"WebSite\",\"@id\":\"https:\/\/czeskastrefa.pl\/cs\/#website\",\"url\":\"https:\/\/czeskastrefa.pl\/cs\/\",\"name\":\"Czeska Strefa\",\"description\":\"Us\u0142ugi zwi\u0105zane z e-commerce na rynku czeskim\",\"publisher\":{\"@id\":\"https:\/\/czeskastrefa.pl\/cs\/#organization\"},\"alternateName\":\"Czeska Strefa\",\"potentialAction\":[{\"@type\":\"SearchAction\",\"target\":{\"@type\":\"EntryPoint\",\"urlTemplate\":\"https:\/\/czeskastrefa.pl\/cs\/?s={search_term_string}\"},\"query-input\":{\"@type\":\"PropertyValueSpecification\",\"valueRequired\":true,\"valueName\":\"search_term_string\"}}],\"inLanguage\":\"cs\"},{\"@type\":\"Organization\",\"@id\":\"https:\/\/czeskastrefa.pl\/cs\/#organization\",\"name\":\"Czeska Strefa\",\"alternateName\":\"Us\u0142ugi e-commerce na rynku czeskim\",\"url\":\"https:\/\/czeskastrefa.pl\/cs\/\",\"logo\":{\"@type\":\"ImageObject\",\"inLanguage\":\"cs\",\"@id\":\"https:\/\/czeskastrefa.pl\/cs\/#\/schema\/logo\/image\/\",\"url\":\"https:\/\/czeskastrefa.pl\/wp-content\/uploads\/2024\/04\/cropped-thumbnail_czeska-strefa-512-pxbhhui.png\",\"contentUrl\":\"https:\/\/czeskastrefa.pl\/wp-content\/uploads\/2024\/04\/cropped-thumbnail_czeska-strefa-512-pxbhhui.png\",\"width\":240,\"height\":240,\"caption\":\"Czeska Strefa\"},\"image\":{\"@id\":\"https:\/\/czeskastrefa.pl\/cs\/#\/schema\/logo\/image\/\"},\"sameAs\":[\"https:\/\/www.facebook.com\/czeskastrefa\",\"https:\/\/www.linkedin.com\/company\/czeskastrefa\",\"https:\/\/www.instagram.com\/czeskastrefa\"]}]}<\/script>\n<!-- \/ Yoast SEO plugin. -->","yoast_head_json":{"title":"Zalo\u017een\u00ed bankovn\u00edho \u00fa\u010dtu | Czeska Strefa","description":"Chcete si zalo\u017eit bankovn\u00ed \u00fa\u010det v \u010cesk\u00e9 republice, ale nev\u00edte jak? Nem\u016f\u017eete vyj\u00edt se zam\u011bstnancem banky? Nejste si jisti, co budete pot\u0159ebovat k otev\u0159en\u00ed \u010desk\u00e9ho bankovn\u00edho \u00fa\u010dtu? Pot\u0159ebujete si domluvit sch\u016fzku se zam\u011bstnancem banky? Nev\u00edte, kterou banku nebo jak\u00fd typ \u00fa\u010dtu si zalo\u017eit? Pot\u0159ebujete konsekutivn\u00ed tlumo\u010den\u00ed p\u0159i jedn\u00e1n\u00ed se zam\u011bstnancem banky? Pokud jste na n\u011bkterou z t\u011bchto ot\u00e1zek odpov\u011bd\u011bli kladn\u011b, jste na spr\u00e1vn\u00e9m m\u00edst\u011b!","robots":{"index":"index","follow":"follow","max-snippet":"max-snippet:-1","max-image-preview":"max-image-preview:large","max-video-preview":"max-video-preview:-1"},"canonical":"https:\/\/czeskastrefa.pl\/cs\/zalozeni-bankovniho-uctu\/","og_locale":"cs_CZ","og_type":"article","og_title":"Zalo\u017een\u00ed bankovn\u00edho \u00fa\u010dtu","og_description":"Chcete si zalo\u017eit bankovn\u00ed \u00fa\u010det v \u010cesk\u00e9 republice, ale nev\u00edte jak? Nem\u016f\u017eete vyj\u00edt se zam\u011bstnancem banky? Nejste si jisti, co budete pot\u0159ebovat k otev\u0159en\u00ed \u010desk\u00e9ho bankovn\u00edho \u00fa\u010dtu? Pot\u0159ebujete si domluvit sch\u016fzku se zam\u011bstnancem banky? Nev\u00edte, kterou banku nebo jak\u00fd typ \u00fa\u010dtu si zalo\u017eit? Pot\u0159ebujete konsekutivn\u00ed tlumo\u010den\u00ed p\u0159i jedn\u00e1n\u00ed se zam\u011bstnancem banky? Pokud jste na n\u011bkterou z t\u011bchto ot\u00e1zek odpov\u011bd\u011bli kladn\u011b, jste na spr\u00e1vn\u00e9m m\u00edst\u011b!","og_url":"https:\/\/czeskastrefa.pl\/cs\/zalozeni-bankovniho-uctu\/","og_site_name":"Czeska Strefa","article_publisher":"https:\/\/www.facebook.com\/czeskastrefa","article_modified_time":"2024-05-18T18:02:36+00:00","og_image":[{"url":"https:\/\/czeskastrefa.pl\/wp-content\/uploads\/2024\/04\/iStock-1608216639-2-1024x737.jpg","type":"","width":"","height":""}],"twitter_card":"summary_large_image","twitter_misc":{"Odhadovan\u00e1 doba \u010dten\u00ed":"4 minuty"},"schema":{"@context":"https:\/\/schema.org","@graph":[{"@type":"WebPage","@id":"https:\/\/czeskastrefa.pl\/cs\/zalozeni-bankovniho-uctu\/","url":"https:\/\/czeskastrefa.pl\/cs\/zalozeni-bankovniho-uctu\/","name":"Zalo\u017een\u00ed bankovn\u00edho \u00fa\u010dtu | Czeska Strefa","isPartOf":{"@id":"https:\/\/czeskastrefa.pl\/cs\/#website"},"primaryImageOfPage":{"@id":"https:\/\/czeskastrefa.pl\/cs\/zalozeni-bankovniho-uctu\/#primaryimage"},"image":{"@id":"https:\/\/czeskastrefa.pl\/cs\/zalozeni-bankovniho-uctu\/#primaryimage"},"thumbnailUrl":"https:\/\/czeskastrefa.pl\/wp-content\/uploads\/2024\/04\/iStock-1608216639-2.jpg","datePublished":"2024-04-13T08:19:25+00:00","dateModified":"2024-05-18T18:02:36+00:00","description":"Chcete si zalo\u017eit bankovn\u00ed \u00fa\u010det v \u010cesk\u00e9 republice, ale nev\u00edte jak? Nem\u016f\u017eete vyj\u00edt se zam\u011bstnancem banky? Nejste si jisti, co budete pot\u0159ebovat k otev\u0159en\u00ed \u010desk\u00e9ho bankovn\u00edho \u00fa\u010dtu? Pot\u0159ebujete si domluvit sch\u016fzku se zam\u011bstnancem banky? Nev\u00edte, kterou banku nebo jak\u00fd typ \u00fa\u010dtu si zalo\u017eit? Pot\u0159ebujete konsekutivn\u00ed tlumo\u010den\u00ed p\u0159i jedn\u00e1n\u00ed se zam\u011bstnancem banky? Pokud jste na n\u011bkterou z t\u011bchto ot\u00e1zek odpov\u011bd\u011bli kladn\u011b, jste na spr\u00e1vn\u00e9m m\u00edst\u011b!","breadcrumb":{"@id":"https:\/\/czeskastrefa.pl\/cs\/zalozeni-bankovniho-uctu\/#breadcrumb"},"inLanguage":"cs","potentialAction":[{"@type":"ReadAction","target":["https:\/\/czeskastrefa.pl\/cs\/zalozeni-bankovniho-uctu\/"]}]},{"@type":"ImageObject","inLanguage":"cs","@id":"https:\/\/czeskastrefa.pl\/cs\/zalozeni-bankovniho-uctu\/#primaryimage","url":"https:\/\/czeskastrefa.pl\/wp-content\/uploads\/2024\/04\/iStock-1608216639-2.jpg","contentUrl":"https:\/\/czeskastrefa.pl\/wp-content\/uploads\/2024\/04\/iStock-1608216639-2.jpg","width":2041,"height":1469,"caption":"Prague, Czech- July 19,2023: The branch office of Ceska sporitelna in Prague. Ceska sporitelna is the biggest Czech bank measured by the number of clients, It is a part of the Erste Group, Austria."},{"@type":"BreadcrumbList","@id":"https:\/\/czeskastrefa.pl\/cs\/zalozeni-bankovniho-uctu\/#breadcrumb","itemListElement":[{"@type":"ListItem","position":1,"name":"Strona g\u0142\u00f3wna","item":"https:\/\/czeskastrefa.pl\/cs\/"},{"@type":"ListItem","position":2,"name":"Zalo\u017een\u00ed bankovn\u00edho \u00fa\u010dtu"}]},{"@type":"WebSite","@id":"https:\/\/czeskastrefa.pl\/cs\/#website","url":"https:\/\/czeskastrefa.pl\/cs\/","name":"Czeska Strefa","description":"Us\u0142ugi zwi\u0105zane z e-commerce na rynku czeskim","publisher":{"@id":"https:\/\/czeskastrefa.pl\/cs\/#organization"},"alternateName":"Czeska Strefa","potentialAction":[{"@type":"SearchAction","target":{"@type":"EntryPoint","urlTemplate":"https:\/\/czeskastrefa.pl\/cs\/?s={search_term_string}"},"query-input":{"@type":"PropertyValueSpecification","valueRequired":true,"valueName":"search_term_string"}}],"inLanguage":"cs"},{"@type":"Organization","@id":"https:\/\/czeskastrefa.pl\/cs\/#organization","name":"Czeska Strefa","alternateName":"Us\u0142ugi e-commerce na rynku czeskim","url":"https:\/\/czeskastrefa.pl\/cs\/","logo":{"@type":"ImageObject","inLanguage":"cs","@id":"https:\/\/czeskastrefa.pl\/cs\/#\/schema\/logo\/image\/","url":"https:\/\/czeskastrefa.pl\/wp-content\/uploads\/2024\/04\/cropped-thumbnail_czeska-strefa-512-pxbhhui.png","contentUrl":"https:\/\/czeskastrefa.pl\/wp-content\/uploads\/2024\/04\/cropped-thumbnail_czeska-strefa-512-pxbhhui.png","width":240,"height":240,"caption":"Czeska Strefa"},"image":{"@id":"https:\/\/czeskastrefa.pl\/cs\/#\/schema\/logo\/image\/"},"sameAs":["https:\/\/www.facebook.com\/czeskastrefa","https:\/\/www.linkedin.com\/company\/czeskastrefa","https:\/\/www.instagram.com\/czeskastrefa"]}]}},"_links":{"self":[{"href":"https:\/\/czeskastrefa.pl\/cs\/wp-json\/wp\/v2\/pages\/1488","targetHints":{"allow":["GET"]}}],"collection":[{"href":"https:\/\/czeskastrefa.pl\/cs\/wp-json\/wp\/v2\/pages"}],"about":[{"href":"https:\/\/czeskastrefa.pl\/cs\/wp-json\/wp\/v2\/types\/page"}],"author":[{"embeddable":true,"href":"https:\/\/czeskastrefa.pl\/cs\/wp-json\/wp\/v2\/users\/1"}],"replies":[{"embeddable":true,"href":"https:\/\/czeskastrefa.pl\/cs\/wp-json\/wp\/v2\/comments?post=1488"}],"version-history":[{"count":2,"href":"https:\/\/czeskastrefa.pl\/cs\/wp-json\/wp\/v2\/pages\/1488\/revisions"}],"predecessor-version":[{"id":1806,"href":"https:\/\/czeskastrefa.pl\/cs\/wp-json\/wp\/v2\/pages\/1488\/revisions\/1806"}],"wp:featuredmedia":[{"embeddable":true,"href":"https:\/\/czeskastrefa.pl\/cs\/wp-json\/wp\/v2\/media\/1343"}],"wp:attachment":[{"href":"https:\/\/czeskastrefa.pl\/cs\/wp-json\/wp\/v2\/media?parent=1488"}],"curies":[{"name":"wp","href":"https:\/\/api.w.org\/{rel}","templated":true}]}}