{"id":1493,"date":"2024-04-13T10:51:24","date_gmt":"2024-04-13T08:51:24","guid":{"rendered":"https:\/\/czeskastrefa.pl\/revize-obsahu-s-ohledem-na-seo-v-cestine\/"},"modified":"2024-05-18T21:04:07","modified_gmt":"2024-05-18T19:04:07","slug":"revize-obsahu-s-ohledem-na-seo-v-cestine","status":"publish","type":"page","link":"https:\/\/czeskastrefa.pl\/cs\/revize-obsahu-s-ohledem-na-seo-v-cestine\/","title":{"rendered":"Revize obsahu s ohledem na SEO v \u010de\u0161tin\u011b"},"content":{"rendered":"\n<blockquote class=\"wp-block-quote is-layout-flow wp-block-quote-is-layout-flow\">\n<p>V\u0161imli jste si, \u017ee va\u0161e webov\u00e9 str\u00e1nky byly \u0161patn\u011b p\u0159elo\u017eeny do \u010de\u0161tiny? St\u00e1le dost\u00e1v\u00e1te zp\u011btnou vazbu od z\u00e1kazn\u00edk\u016f o \u0161patn\u011b p\u0159elo\u017een\u00fdch produktech na va\u0161ich webov\u00fdch str\u00e1nk\u00e1ch? St\u011b\u017euj\u00ed si va\u0161i z\u00e1kazn\u00edci na vysok\u00fd po\u010det pravopisn\u00fdch chyb na va\u0161ich webov\u00fdch str\u00e1nk\u00e1ch? Nezoufejte! N\u00ed\u017ee je uvedeno \u0159e\u0161en\u00ed.<\/p>\n<\/blockquote>\n\n<p><strong>V tomto ohledu poskytujeme n\u00e1sleduj\u00edc\u00ed slu\u017eby:  <\/strong><\/p>\n\n<p><strong>1. vyhled\u00e1n\u00ed pravopisn\u00fdch, gramatick\u00fdch a syntaktick\u00fdch chyb v textu.<\/strong><\/p>\n\n<p>Bohu\u017eel je b\u011b\u017enou prax\u00ed, \u017ee si spole\u010dnosti na p\u0159eklad sv\u00fdch webov\u00fdch str\u00e1nek nebo jejich obsahu naj\u00edmaj\u00ed &#8222;kohokoli&#8220;. Rozhoduj\u00edc\u00edm faktorem je pro n\u011b n\u00edzk\u00e1 cena a rychl\u00e1 realizace. Pak p\u0159ich\u00e1z\u00ed zklam\u00e1n\u00ed, \u017ee str\u00e1nky t\u00e9m\u011b\u0159 nikdo nenav\u0161t\u011bvuje a \u017ee jejich z\u00e1kazn\u00edci maj\u00ed \u0161patn\u00e9 recenze. Jak ale situaci napravit? Pro opravu chyb v \u010de\u0161tin\u011b bude nutn\u00e9 vyhledat rodil\u00e9ho mluv\u010d\u00edho. Tento \u010dlov\u011bk, kter\u00fd by m\u011bl zn\u00e1t sv\u016fj jazyk a velmi dob\u0159e ho pou\u017e\u00edvat, je schopen naj\u00edt v\u0161echny druhy chyb.<\/p>\n\n<p><strong>2. vyhled\u00e1n\u00ed chyb\u011bj\u00edc\u00edch kl\u00ed\u010dov\u00fdch slov a optimalizace pro SEO v textu  <\/strong><\/p>\n\n<p>Dal\u0161\u00ed ot\u00e1zkou je, zda sta\u010d\u00ed chyby lokalizovat. Prodej je d\u016fle\u017eit\u00fd pro ka\u017ed\u00fd internetov\u00fd obchod. Pokud v\u0161ak va\u0161e str\u00e1nky nebo produkty nikdo nenav\u0161t\u011bvuje, ztr\u00e1c\u00ed to smysl. Z tohoto d\u016fvodu spole\u010dnosti, se kter\u00fdmi spolupracujeme, nab\u00edzej\u00ed tak\u00e9 lokalizaci slov, kter\u00e1 nebyla p\u0159elo\u017eena pro SEO, byla p\u0159elo\u017eena automatick\u00fdm p\u0159eklada\u010dem nebo nap\u0159\u00edklad doslovn\u011b.<\/p>\n\n<p><strong>3. oprava pravopisn\u00fdch, gramatick\u00fdch a syntaktick\u00fdch chyb v textu.  <\/strong><\/p>\n\n<p>Sv\u011b\u0159\u00edte-li korekturu sv\u00fdch webov\u00fdch str\u00e1nek rodil\u00e9mu mluv\u010d\u00edmu se znalost\u00ed \u010de\u0161tiny, ud\u011bl\u00e1te to nejlep\u0161\u00ed rozhodnut\u00ed. Snadno najdu a oprav\u00edm pravopisn\u00e9, gramatick\u00e9 a syntaktick\u00e9 chyby.<\/p>\n\n<p><strong>4. korektury ji\u017e p\u0159elo\u017een\u00e9ho textu do \u010de\u0161tiny pro SEO na va\u0161ich webov\u00fdch str\u00e1nk\u00e1ch  <\/strong><\/p>\n\n<p>Doporu\u010duji tuto mo\u017enost opravy. Rodil\u00fd mluv\u010d\u00ed nejen oprav\u00ed pravopisn\u00e9 chyby, ale tak\u00e9 vyhled\u00e1 kl\u00ed\u010dov\u00e1 slova a optimalizuje va\u0161e webov\u00e9 str\u00e1nky. To zajist\u00ed lep\u0161\u00ed viditelnost ve vyhled\u00e1va\u010d\u00edch a n\u00e1v\u0161t\u011bvnost va\u0161ich webov\u00fdch str\u00e1nek.<\/p>\n\n<p><strong>5. korektura ji\u017e p\u0159elo\u017een\u00e9ho textu do \u010de\u0161tiny pro SEO pro va\u0161e filtry, kategorie, tla\u010d\u00edtka a menu  <\/strong><\/p>\n\n<p>Filtry, kategorie, tla\u010d\u00edtka nebo nab\u00eddky jsou prvky, bez kter\u00fdch se \u017e\u00e1dn\u00fd internetov\u00fd obchod neobejde. Kv\u016fli SEO mus\u00ed b\u00fdt bezchybn\u011b p\u0159elo\u017eeny do \u010de\u0161tiny.<\/p>\n\n<p><strong>6. korektury ji\u017e p\u0159elo\u017een\u00e9ho textu do \u010de\u0161tiny pro SEO pro va\u0161e produkty  <\/strong><\/p>\n\n<p>Sortiment obvykle ur\u010duje nejrozs\u00e1hlej\u0161\u00ed \u010d\u00e1st va\u0161eho internetov\u00e9ho obchodu. Pokud chcete, aby va\u0161e produkty z\u00e1kazn\u00edci snadno na\u0161li ve vyhled\u00e1va\u010di, vyplat\u00ed se investovat do copywritera s \u010de\u0161tinou.<\/p>\n\n<p><strong>7. korektura ji\u017e p\u0159elo\u017een\u00e9ho textu do \u010de\u0161tiny pro SEO ve va\u0161ich reklamn\u00edch kampan\u00edch, bannerov\u00fdch reklam\u00e1ch a p\u0159\u00edsp\u011bvc\u00edch  <\/strong><\/p>\n\n<p>Reklamn\u00ed kampan\u011b dlouhodob\u011b nepln\u00ed sv\u016fj \u00fa\u010del nebo k v\u00e1m nep\u0159il\u00e1kaj\u00ed nov\u00e9 z\u00e1kazn\u00edky. Probl\u00e9m m\u016f\u017ee spo\u010d\u00edvat v samotn\u00e9m obsahu reklamn\u00ed kampan\u011b, p\u0159\u00ed\u010dinou probl\u00e9mu m\u016f\u017ee b\u00fdt nepou\u017e\u00edv\u00e1n\u00ed \u010desk\u00fdch marketingov\u00fdch slov, kl\u00ed\u010dov\u00fdch slov nebo neznalost \u010desk\u00fdch re\u00e1li\u00ed.<\/p>\n\n<p><strong>8. Korektury ji\u017e p\u0159elo\u017een\u00fdch text\u016f do \u010de\u0161tiny pro SEO pro va\u0161e \u010dl\u00e1nky a rady  <\/strong><\/p>\n\n<p>Op\u011bt odd\u00edl, kter\u00fd si zaslou\u017e\u00ed va\u0161i pozornost. M\u011bla by b\u00fdt vhodn\u011b p\u0159elo\u017eena nebo opravena pro SEO.<\/p>\n\n<p><strong>9. Oprava ji\u017e p\u0159elo\u017een\u00e9ho textu do \u010de\u0161tiny pro SEO v automatick\u00fdch e-mailech<\/strong><\/p>\n\n<p>Pokud jsou automatick\u00e9 e-maily p\u0159elo\u017eeny nespr\u00e1vn\u011b, va\u0161i z\u00e1kazn\u00edci budou zmateni a vy se op\u011bt vystav\u00edte \u0161patn\u00fdm recenz\u00edm a kritice ze strany z\u00e1kazn\u00edk\u016f.<\/p>\n\n<p>Kontrola webu pro tuto slu\u017ebu nevy\u017eaduje nahr\u00e1n\u00ed souboru. Sta\u010d\u00ed poslat odkaz na konkr\u00e9tn\u00ed str\u00e1nku, kterou chcete zkontrolovat, na e-mailovou adresu <a href=\"mailto:info@czeskastrefa.pl\">info@czeskastrefa.pl<\/a>. Na z\u00e1klad\u011b toho jsme schopni sestavit cenovou nab\u00eddku na zak\u00e1zku. Objedn\u00e1vku m\u016f\u017eete tak\u00e9 odeslat prost\u0159ednictv\u00edm formul\u00e1\u0159e <a href=\"https:\/\/czeskastrefa.pl\/cs\/cena\/\" data-type=\"link\" data-id=\"https:\/\/czeskastrefa.pl\/cena\/\">zde<\/a>.<\/p>\n","protected":false},"excerpt":{"rendered":"<p>V\u0161imli jste si, \u017ee va\u0161e webov\u00e9 str\u00e1nky byly \u0161patn\u011b p\u0159elo\u017eeny do \u010de\u0161tiny? St\u00e1le dost\u00e1v\u00e1te zp\u011btnou vazbu od z\u00e1kazn\u00edk\u016f o \u0161patn\u011b p\u0159elo\u017een\u00fdch produktech na va\u0161ich webov\u00fdch str\u00e1nk\u00e1ch? St\u011b\u017euj\u00ed si va\u0161i z\u00e1kazn\u00edci na vysok\u00fd po\u010det pravopisn\u00fdch chyb na va\u0161ich webov\u00fdch str\u00e1nk\u00e1ch? Nezoufejte! N\u00ed\u017ee je uvedeno \u0159e\u0161en\u00ed. V tomto ohledu poskytujeme n\u00e1sleduj\u00edc\u00ed slu\u017eby: 1. vyhled\u00e1n\u00ed pravopisn\u00fdch, gramatick\u00fdch a [&hellip;]<\/p>\n","protected":false},"author":1,"featured_media":992,"parent":0,"menu_order":0,"comment_status":"closed","ping_status":"closed","template":"","meta":{"footnotes":""},"class_list":["post-1493","page","type-page","status-publish","has-post-thumbnail","hentry"],"yoast_head":"<!-- This site is optimized with the Yoast SEO plugin v26.7 - https:\/\/yoast.com\/wordpress\/plugins\/seo\/ -->\n<title>Revize obsahu s ohledem na SEO v \u010de\u0161tin\u011b | Czeska Strefa<\/title>\n<meta name=\"description\" content=\"V\u0161imli jste si, \u017ee va\u0161e webov\u00e9 str\u00e1nky byly \u0161patn\u011b p\u0159elo\u017eeny do \u010de\u0161tiny? St\u00e1le dost\u00e1v\u00e1te zp\u011btnou vazbu od z\u00e1kazn\u00edk\u016f o \u0161patn\u011b p\u0159elo\u017een\u00fdch produktech na va\u0161ich webov\u00fdch str\u00e1nk\u00e1ch? St\u011b\u017euj\u00ed si va\u0161i z\u00e1kazn\u00edci na vysok\u00fd po\u010det pravopisn\u00fdch chyb na va\u0161ich webov\u00fdch str\u00e1nk\u00e1ch? Nezoufejte! N\u00ed\u017ee je uvedeno \u0159e\u0161en\u00ed.\" \/>\n<meta name=\"robots\" content=\"index, follow, max-snippet:-1, max-image-preview:large, max-video-preview:-1\" \/>\n<link rel=\"canonical\" href=\"https:\/\/czeskastrefa.pl\/cs\/revize-obsahu-s-ohledem-na-seo-v-cestine\/\" \/>\n<meta property=\"og:locale\" content=\"cs_CZ\" \/>\n<meta property=\"og:type\" content=\"article\" \/>\n<meta property=\"og:title\" content=\"Revize obsahu s ohledem na SEO v \u010de\u0161tin\u011b\" \/>\n<meta property=\"og:description\" content=\"V\u0161imli jste si, \u017ee va\u0161e webov\u00e9 str\u00e1nky byly \u0161patn\u011b p\u0159elo\u017eeny do \u010de\u0161tiny? St\u00e1le dost\u00e1v\u00e1te zp\u011btnou vazbu od z\u00e1kazn\u00edk\u016f o \u0161patn\u011b p\u0159elo\u017een\u00fdch produktech na va\u0161ich webov\u00fdch str\u00e1nk\u00e1ch? St\u011b\u017euj\u00ed si va\u0161i z\u00e1kazn\u00edci na vysok\u00fd po\u010det pravopisn\u00fdch chyb na va\u0161ich webov\u00fdch str\u00e1nk\u00e1ch? Nezoufejte! N\u00ed\u017ee je uvedeno \u0159e\u0161en\u00ed.\" \/>\n<meta property=\"og:url\" content=\"https:\/\/czeskastrefa.pl\/cs\/revize-obsahu-s-ohledem-na-seo-v-cestine\/\" \/>\n<meta property=\"og:site_name\" content=\"Czeska Strefa\" \/>\n<meta property=\"article:publisher\" content=\"https:\/\/www.facebook.com\/czeskastrefa\" \/>\n<meta property=\"article:modified_time\" content=\"2024-05-18T19:04:07+00:00\" \/>\n<meta property=\"og:image\" content=\"https:\/\/czeskastrefa.pl\/wp-content\/uploads\/2024\/04\/iStock-1280363533-1024x683.jpg\" \/>\n<meta name=\"twitter:card\" content=\"summary_large_image\" \/>\n<meta name=\"twitter:label1\" content=\"Odhadovan\u00e1 doba \u010dten\u00ed\" \/>\n\t<meta name=\"twitter:data1\" content=\"4 minuty\" \/>\n<script type=\"application\/ld+json\" class=\"yoast-schema-graph\">{\"@context\":\"https:\/\/schema.org\",\"@graph\":[{\"@type\":\"WebPage\",\"@id\":\"https:\/\/czeskastrefa.pl\/cs\/revize-obsahu-s-ohledem-na-seo-v-cestine\/\",\"url\":\"https:\/\/czeskastrefa.pl\/cs\/revize-obsahu-s-ohledem-na-seo-v-cestine\/\",\"name\":\"Revize obsahu s ohledem na SEO v \u010de\u0161tin\u011b | Czeska Strefa\",\"isPartOf\":{\"@id\":\"https:\/\/czeskastrefa.pl\/cs\/#website\"},\"primaryImageOfPage\":{\"@id\":\"https:\/\/czeskastrefa.pl\/cs\/revize-obsahu-s-ohledem-na-seo-v-cestine\/#primaryimage\"},\"image\":{\"@id\":\"https:\/\/czeskastrefa.pl\/cs\/revize-obsahu-s-ohledem-na-seo-v-cestine\/#primaryimage\"},\"thumbnailUrl\":\"https:\/\/czeskastrefa.pl\/wp-content\/uploads\/2024\/04\/iStock-1280363533.jpg\",\"datePublished\":\"2024-04-13T08:51:24+00:00\",\"dateModified\":\"2024-05-18T19:04:07+00:00\",\"description\":\"V\u0161imli jste si, \u017ee va\u0161e webov\u00e9 str\u00e1nky byly \u0161patn\u011b p\u0159elo\u017eeny do \u010de\u0161tiny? St\u00e1le dost\u00e1v\u00e1te zp\u011btnou vazbu od z\u00e1kazn\u00edk\u016f o \u0161patn\u011b p\u0159elo\u017een\u00fdch produktech na va\u0161ich webov\u00fdch str\u00e1nk\u00e1ch? St\u011b\u017euj\u00ed si va\u0161i z\u00e1kazn\u00edci na vysok\u00fd po\u010det pravopisn\u00fdch chyb na va\u0161ich webov\u00fdch str\u00e1nk\u00e1ch? Nezoufejte! N\u00ed\u017ee je uvedeno \u0159e\u0161en\u00ed.\",\"breadcrumb\":{\"@id\":\"https:\/\/czeskastrefa.pl\/cs\/revize-obsahu-s-ohledem-na-seo-v-cestine\/#breadcrumb\"},\"inLanguage\":\"cs\",\"potentialAction\":[{\"@type\":\"ReadAction\",\"target\":[\"https:\/\/czeskastrefa.pl\/cs\/revize-obsahu-s-ohledem-na-seo-v-cestine\/\"]}]},{\"@type\":\"ImageObject\",\"inLanguage\":\"cs\",\"@id\":\"https:\/\/czeskastrefa.pl\/cs\/revize-obsahu-s-ohledem-na-seo-v-cestine\/#primaryimage\",\"url\":\"https:\/\/czeskastrefa.pl\/wp-content\/uploads\/2024\/04\/iStock-1280363533.jpg\",\"contentUrl\":\"https:\/\/czeskastrefa.pl\/wp-content\/uploads\/2024\/04\/iStock-1280363533.jpg\",\"width\":2120,\"height\":1414,\"caption\":\"Top view of the workspace and office of a female translator working on a document and checking some references\"},{\"@type\":\"BreadcrumbList\",\"@id\":\"https:\/\/czeskastrefa.pl\/cs\/revize-obsahu-s-ohledem-na-seo-v-cestine\/#breadcrumb\",\"itemListElement\":[{\"@type\":\"ListItem\",\"position\":1,\"name\":\"Strona g\u0142\u00f3wna\",\"item\":\"https:\/\/czeskastrefa.pl\/cs\/\"},{\"@type\":\"ListItem\",\"position\":2,\"name\":\"Revize obsahu s ohledem na SEO v \u010de\u0161tin\u011b\"}]},{\"@type\":\"WebSite\",\"@id\":\"https:\/\/czeskastrefa.pl\/cs\/#website\",\"url\":\"https:\/\/czeskastrefa.pl\/cs\/\",\"name\":\"Czeska Strefa\",\"description\":\"Us\u0142ugi zwi\u0105zane z e-commerce na rynku czeskim\",\"publisher\":{\"@id\":\"https:\/\/czeskastrefa.pl\/cs\/#organization\"},\"alternateName\":\"Czeska Strefa\",\"potentialAction\":[{\"@type\":\"SearchAction\",\"target\":{\"@type\":\"EntryPoint\",\"urlTemplate\":\"https:\/\/czeskastrefa.pl\/cs\/?s={search_term_string}\"},\"query-input\":{\"@type\":\"PropertyValueSpecification\",\"valueRequired\":true,\"valueName\":\"search_term_string\"}}],\"inLanguage\":\"cs\"},{\"@type\":\"Organization\",\"@id\":\"https:\/\/czeskastrefa.pl\/cs\/#organization\",\"name\":\"Czeska Strefa\",\"alternateName\":\"Us\u0142ugi e-commerce na rynku czeskim\",\"url\":\"https:\/\/czeskastrefa.pl\/cs\/\",\"logo\":{\"@type\":\"ImageObject\",\"inLanguage\":\"cs\",\"@id\":\"https:\/\/czeskastrefa.pl\/cs\/#\/schema\/logo\/image\/\",\"url\":\"https:\/\/czeskastrefa.pl\/wp-content\/uploads\/2024\/04\/cropped-thumbnail_czeska-strefa-512-pxbhhui.png\",\"contentUrl\":\"https:\/\/czeskastrefa.pl\/wp-content\/uploads\/2024\/04\/cropped-thumbnail_czeska-strefa-512-pxbhhui.png\",\"width\":240,\"height\":240,\"caption\":\"Czeska Strefa\"},\"image\":{\"@id\":\"https:\/\/czeskastrefa.pl\/cs\/#\/schema\/logo\/image\/\"},\"sameAs\":[\"https:\/\/www.facebook.com\/czeskastrefa\",\"https:\/\/www.linkedin.com\/company\/czeskastrefa\",\"https:\/\/www.instagram.com\/czeskastrefa\"]}]}<\/script>\n<!-- \/ Yoast SEO plugin. -->","yoast_head_json":{"title":"Revize obsahu s ohledem na SEO v \u010de\u0161tin\u011b | Czeska Strefa","description":"V\u0161imli jste si, \u017ee va\u0161e webov\u00e9 str\u00e1nky byly \u0161patn\u011b p\u0159elo\u017eeny do \u010de\u0161tiny? St\u00e1le dost\u00e1v\u00e1te zp\u011btnou vazbu od z\u00e1kazn\u00edk\u016f o \u0161patn\u011b p\u0159elo\u017een\u00fdch produktech na va\u0161ich webov\u00fdch str\u00e1nk\u00e1ch? St\u011b\u017euj\u00ed si va\u0161i z\u00e1kazn\u00edci na vysok\u00fd po\u010det pravopisn\u00fdch chyb na va\u0161ich webov\u00fdch str\u00e1nk\u00e1ch? Nezoufejte! N\u00ed\u017ee je uvedeno \u0159e\u0161en\u00ed.","robots":{"index":"index","follow":"follow","max-snippet":"max-snippet:-1","max-image-preview":"max-image-preview:large","max-video-preview":"max-video-preview:-1"},"canonical":"https:\/\/czeskastrefa.pl\/cs\/revize-obsahu-s-ohledem-na-seo-v-cestine\/","og_locale":"cs_CZ","og_type":"article","og_title":"Revize obsahu s ohledem na SEO v \u010de\u0161tin\u011b","og_description":"V\u0161imli jste si, \u017ee va\u0161e webov\u00e9 str\u00e1nky byly \u0161patn\u011b p\u0159elo\u017eeny do \u010de\u0161tiny? St\u00e1le dost\u00e1v\u00e1te zp\u011btnou vazbu od z\u00e1kazn\u00edk\u016f o \u0161patn\u011b p\u0159elo\u017een\u00fdch produktech na va\u0161ich webov\u00fdch str\u00e1nk\u00e1ch? St\u011b\u017euj\u00ed si va\u0161i z\u00e1kazn\u00edci na vysok\u00fd po\u010det pravopisn\u00fdch chyb na va\u0161ich webov\u00fdch str\u00e1nk\u00e1ch? Nezoufejte! N\u00ed\u017ee je uvedeno \u0159e\u0161en\u00ed.","og_url":"https:\/\/czeskastrefa.pl\/cs\/revize-obsahu-s-ohledem-na-seo-v-cestine\/","og_site_name":"Czeska Strefa","article_publisher":"https:\/\/www.facebook.com\/czeskastrefa","article_modified_time":"2024-05-18T19:04:07+00:00","og_image":[{"url":"https:\/\/czeskastrefa.pl\/wp-content\/uploads\/2024\/04\/iStock-1280363533-1024x683.jpg","type":"","width":"","height":""}],"twitter_card":"summary_large_image","twitter_misc":{"Odhadovan\u00e1 doba \u010dten\u00ed":"4 minuty"},"schema":{"@context":"https:\/\/schema.org","@graph":[{"@type":"WebPage","@id":"https:\/\/czeskastrefa.pl\/cs\/revize-obsahu-s-ohledem-na-seo-v-cestine\/","url":"https:\/\/czeskastrefa.pl\/cs\/revize-obsahu-s-ohledem-na-seo-v-cestine\/","name":"Revize obsahu s ohledem na SEO v \u010de\u0161tin\u011b | Czeska Strefa","isPartOf":{"@id":"https:\/\/czeskastrefa.pl\/cs\/#website"},"primaryImageOfPage":{"@id":"https:\/\/czeskastrefa.pl\/cs\/revize-obsahu-s-ohledem-na-seo-v-cestine\/#primaryimage"},"image":{"@id":"https:\/\/czeskastrefa.pl\/cs\/revize-obsahu-s-ohledem-na-seo-v-cestine\/#primaryimage"},"thumbnailUrl":"https:\/\/czeskastrefa.pl\/wp-content\/uploads\/2024\/04\/iStock-1280363533.jpg","datePublished":"2024-04-13T08:51:24+00:00","dateModified":"2024-05-18T19:04:07+00:00","description":"V\u0161imli jste si, \u017ee va\u0161e webov\u00e9 str\u00e1nky byly \u0161patn\u011b p\u0159elo\u017eeny do \u010de\u0161tiny? St\u00e1le dost\u00e1v\u00e1te zp\u011btnou vazbu od z\u00e1kazn\u00edk\u016f o \u0161patn\u011b p\u0159elo\u017een\u00fdch produktech na va\u0161ich webov\u00fdch str\u00e1nk\u00e1ch? St\u011b\u017euj\u00ed si va\u0161i z\u00e1kazn\u00edci na vysok\u00fd po\u010det pravopisn\u00fdch chyb na va\u0161ich webov\u00fdch str\u00e1nk\u00e1ch? Nezoufejte! N\u00ed\u017ee je uvedeno \u0159e\u0161en\u00ed.","breadcrumb":{"@id":"https:\/\/czeskastrefa.pl\/cs\/revize-obsahu-s-ohledem-na-seo-v-cestine\/#breadcrumb"},"inLanguage":"cs","potentialAction":[{"@type":"ReadAction","target":["https:\/\/czeskastrefa.pl\/cs\/revize-obsahu-s-ohledem-na-seo-v-cestine\/"]}]},{"@type":"ImageObject","inLanguage":"cs","@id":"https:\/\/czeskastrefa.pl\/cs\/revize-obsahu-s-ohledem-na-seo-v-cestine\/#primaryimage","url":"https:\/\/czeskastrefa.pl\/wp-content\/uploads\/2024\/04\/iStock-1280363533.jpg","contentUrl":"https:\/\/czeskastrefa.pl\/wp-content\/uploads\/2024\/04\/iStock-1280363533.jpg","width":2120,"height":1414,"caption":"Top view of the workspace and office of a female translator working on a document and checking some references"},{"@type":"BreadcrumbList","@id":"https:\/\/czeskastrefa.pl\/cs\/revize-obsahu-s-ohledem-na-seo-v-cestine\/#breadcrumb","itemListElement":[{"@type":"ListItem","position":1,"name":"Strona g\u0142\u00f3wna","item":"https:\/\/czeskastrefa.pl\/cs\/"},{"@type":"ListItem","position":2,"name":"Revize obsahu s ohledem na SEO v \u010de\u0161tin\u011b"}]},{"@type":"WebSite","@id":"https:\/\/czeskastrefa.pl\/cs\/#website","url":"https:\/\/czeskastrefa.pl\/cs\/","name":"Czeska Strefa","description":"Us\u0142ugi zwi\u0105zane z e-commerce na rynku czeskim","publisher":{"@id":"https:\/\/czeskastrefa.pl\/cs\/#organization"},"alternateName":"Czeska Strefa","potentialAction":[{"@type":"SearchAction","target":{"@type":"EntryPoint","urlTemplate":"https:\/\/czeskastrefa.pl\/cs\/?s={search_term_string}"},"query-input":{"@type":"PropertyValueSpecification","valueRequired":true,"valueName":"search_term_string"}}],"inLanguage":"cs"},{"@type":"Organization","@id":"https:\/\/czeskastrefa.pl\/cs\/#organization","name":"Czeska Strefa","alternateName":"Us\u0142ugi e-commerce na rynku czeskim","url":"https:\/\/czeskastrefa.pl\/cs\/","logo":{"@type":"ImageObject","inLanguage":"cs","@id":"https:\/\/czeskastrefa.pl\/cs\/#\/schema\/logo\/image\/","url":"https:\/\/czeskastrefa.pl\/wp-content\/uploads\/2024\/04\/cropped-thumbnail_czeska-strefa-512-pxbhhui.png","contentUrl":"https:\/\/czeskastrefa.pl\/wp-content\/uploads\/2024\/04\/cropped-thumbnail_czeska-strefa-512-pxbhhui.png","width":240,"height":240,"caption":"Czeska Strefa"},"image":{"@id":"https:\/\/czeskastrefa.pl\/cs\/#\/schema\/logo\/image\/"},"sameAs":["https:\/\/www.facebook.com\/czeskastrefa","https:\/\/www.linkedin.com\/company\/czeskastrefa","https:\/\/www.instagram.com\/czeskastrefa"]}]}},"_links":{"self":[{"href":"https:\/\/czeskastrefa.pl\/cs\/wp-json\/wp\/v2\/pages\/1493","targetHints":{"allow":["GET"]}}],"collection":[{"href":"https:\/\/czeskastrefa.pl\/cs\/wp-json\/wp\/v2\/pages"}],"about":[{"href":"https:\/\/czeskastrefa.pl\/cs\/wp-json\/wp\/v2\/types\/page"}],"author":[{"embeddable":true,"href":"https:\/\/czeskastrefa.pl\/cs\/wp-json\/wp\/v2\/users\/1"}],"replies":[{"embeddable":true,"href":"https:\/\/czeskastrefa.pl\/cs\/wp-json\/wp\/v2\/comments?post=1493"}],"version-history":[{"count":4,"href":"https:\/\/czeskastrefa.pl\/cs\/wp-json\/wp\/v2\/pages\/1493\/revisions"}],"predecessor-version":[{"id":1863,"href":"https:\/\/czeskastrefa.pl\/cs\/wp-json\/wp\/v2\/pages\/1493\/revisions\/1863"}],"wp:featuredmedia":[{"embeddable":true,"href":"https:\/\/czeskastrefa.pl\/cs\/wp-json\/wp\/v2\/media\/992"}],"wp:attachment":[{"href":"https:\/\/czeskastrefa.pl\/cs\/wp-json\/wp\/v2\/media?parent=1493"}],"curies":[{"name":"wp","href":"https:\/\/api.w.org\/{rel}","templated":true}]}}