{"id":1494,"date":"2024-04-13T10:36:13","date_gmt":"2024-04-13T08:36:13","guid":{"rendered":"https:\/\/czeskastrefa.pl\/poradenstvi-v-oblasti-e-commerce-pro-cesky-trh\/"},"modified":"2024-05-18T22:16:34","modified_gmt":"2024-05-18T20:16:34","slug":"poradenstvi-v-oblasti-e-commerce-pro-cesky-trh","status":"publish","type":"page","link":"https:\/\/czeskastrefa.pl\/cs\/poradenstvi-v-oblasti-e-commerce-pro-cesky-trh\/","title":{"rendered":"Poradenstv\u00ed v oblasti e-commerce pro \u010desk\u00fd trh"},"content":{"rendered":"\n<blockquote class=\"wp-block-quote is-layout-flow wp-block-quote-is-layout-flow\">\n<p>Pot\u0159ebujete pomoci s orientac\u00ed v oblasti e-commerce na \u010desk\u00e9m trhu? Chcete se st\u00e1t spolehliv\u00fdm internetov\u00fdm obchodem pro sv\u00e9 z\u00e1kazn\u00edky nebo chcete dos\u00e1hnout vy\u0161\u0161\u00edch tr\u017eeb? Chcete si zlep\u0161it pov\u011bst na \u010desk\u00e9m trhu? Co takhle jednodu\u0161e zkontrolovat, zda je ve va\u0161em internetov\u00e9m obchod\u011b v\u0161e v po\u0159\u00e1dku? Pod\u00edvejte se na nab\u00eddku n\u00ed\u017ee.<\/p>\n<\/blockquote>\n\n<p><strong>V tomto ohledu poskytujeme n\u00e1sleduj\u00edc\u00ed slu\u017eby:  <\/strong><\/p>\n\n<p><strong>1. poradenstv\u00ed p\u0159i zakl\u00e1d\u00e1n\u00ed spole\u010dnosti, registraci k DPH, registraci ke zdravotn\u00edmu a soci\u00e1ln\u00edmu poji\u0161t\u011bn\u00ed nebo z\u0159\u00edzen\u00ed \u010desk\u00e9 po\u0161tovn\u00ed adresy.  <\/strong><\/p>\n\n<p>Odk\u00e1z\u00e1n\u00ed na konkr\u00e9tn\u00ed \u00fa\u0159ady a formul\u00e1\u0159e v z\u00e1vislosti na typu zvolen\u00e9 \u010dinnosti. V \u010dl\u00e1nku<a href=\"https:\/\/czeskastrefa.pl\/cs\/co-je-to-virtualni-kancelar\/\">&#8222;Co je to virtu\u00e1ln\u00ed kancel\u00e1\u0159?&#8220;<\/a>se dozv\u00edte, kterou spole\u010dnost doporu\u010dujeme pro z\u0159\u00edzen\u00ed po\u0161tovn\u00edch adres.  <\/p>\n\n<p><strong>2. Anal\u00fdza va\u0161eho internetov\u00e9ho obchodu (webov\u00e9 str\u00e1nky)  <\/strong><\/p>\n\n<p>\u00davodn\u00ed p\u0159ehled o va\u0161em internetov\u00e9m obchod\u011b. Obdr\u017e\u00edte podrobnou zpr\u00e1vu o v\u0161ech zji\u0161t\u011bn\u00fdch chyb\u00e1ch. Obdr\u017e\u00edte cenovou nab\u00eddku na korekturu textu a n\u00e1vrhy \u0159e\u0161en\u00ed, kter\u00e9 zv\u00fd\u0161\u00ed d\u016fv\u011bryhodnost va\u0161eho internetov\u00e9ho obchodu a z\u00edskaj\u00ed tak nov\u00e9 potenci\u00e1ln\u00ed z\u00e1kazn\u00edky.  <\/p>\n\n<p><strong>3. Anal\u00fdza prezentace va\u0161eho internetov\u00e9ho obchodu na \u010desk\u00e9m trhu  <\/strong><\/p>\n\n<p>Kontrola viditelnosti a aktu\u00e1ln\u00edch \u00fadaj\u016f o va\u0161em internetov\u00e9m obchod\u011b na internetu &#8211; vizitka Google, YouTube, Facebook, Instagram a dal\u0161\u00ed webov\u00e9 str\u00e1nky nebo soci\u00e1ln\u00ed m\u00e9dia. Vyhled\u00e1v\u00e1n\u00ed chyb a navrhov\u00e1n\u00ed \u0159e\u0161en\u00ed, jak prezentovat sv\u016fj internetov\u00fd obchod v \u010cesk\u00e9 republice a jak komunikovat s \u010desk\u00fdmi z\u00e1kazn\u00edky prost\u0159ednictv\u00edm soci\u00e1ln\u00edch m\u00e9di\u00ed.  <\/p>\n\n<p><strong>4. poradenstv\u00ed ohledn\u011b srovn\u00e1va\u010d\u016f cen <\/strong><strong>\n  <a href=\"http:\/\/heureka.cz\/\">heureka.cz<\/a>\n<\/strong><strong>, <\/strong><a href=\"http:\/\/zbozi.cz\/\">\n  <strong>zbozi.cz<\/strong>\n<\/a><strong> a <\/strong><a href=\"http:\/\/biano.cz\/\">\n  <strong>biano.cz<\/strong>\n<\/a><strong> <\/strong><\/p>\n\n<p>Doporu\u010den\u00ed konkr\u00e9tn\u00edch srovn\u00e1vac\u00edch web\u016f p\u0159izp\u016fsoben\u00fdch va\u0161emu oboru. Vyhled\u00e1v\u00e1n\u00ed informac\u00ed, p\u0159eklady, telefonick\u00e1 komunikace a pomoc p\u0159i z\u0159izov\u00e1n\u00ed u\u017eivatelsk\u00e9ho \u00fa\u010dtu.  <\/p>\n\n<p><strong>5. poradenstv\u00ed o \u010desk\u00fdch online tr\u017ei\u0161t\u00edch <\/strong><strong>\n  <a href=\"http:\/\/aukro.cz\/\">aukro.cz<\/a>\n<\/strong><strong>, <\/strong><a href=\"http:\/\/mall.cz\/\">\n  <strong>mall.cz<\/strong>\n<\/a><strong> a <\/strong><a href=\"http:\/\/allegro.cz\/\">\n  <strong>allegro.cz<\/strong>\n<\/a><strong> <\/strong><\/p>\n\n<p>Doporu\u010den\u00ed konkr\u00e9tn\u00edch \u010desk\u00fdch tr\u017ei\u0161\u0165, kde m\u016f\u017eete prod\u00e1vat sv\u00e9 produkty. Vyhled\u00e1v\u00e1n\u00ed informac\u00ed, p\u0159eklady, telefonick\u00e1 komunikace a pomoc p\u0159i z\u0159izov\u00e1n\u00ed u\u017eivatelsk\u00e9ho \u00fa\u010dtu.  <\/p>\n\n<p><strong>6. poradenstv\u00ed v oblasti marketingu a z\u00edsk\u00e1v\u00e1n\u00ed n\u00e1zor\u016f  <\/strong><\/p>\n\n<p>Anal\u00fdza marketingov\u00e9 strategie a procesu zp\u011btn\u00e9 vazby. Najd\u011bte chyby a navrhn\u011bte postup, kter\u00fd zlep\u0161\u00ed va\u0161i marketingovou strategii a zv\u00fd\u0161\u00ed pozitivn\u00ed zp\u011btnou vazbu a po\u010det recenz\u00ed va\u0161eho internetov\u00e9ho obchodu.  <\/p>\n\n<p><strong>7. anal\u00fdza \u010desk\u00e9ho trhu v odv\u011btv\u00ed, ve kter\u00e9m p\u016fsob\u00edte.  <\/strong><\/p>\n\n<p>Anal\u00fdza konkurence na \u010desk\u00e9m trhu. N\u00e1vrh na zv\u00fd\u0161en\u00ed va\u0161\u00ed konkurenceschopnosti ve vztahu k podnik\u016fm v \u010cesk\u00e9 republice.  <\/p>\n\n<p>Pokud tedy pot\u0159ebujete poradit nebo analyzovat v\u00e1\u0161 internetov\u00fd obchod v \u010cesk\u00e9 republice v n\u011bkter\u00e9 z v\u00fd\u0161e uveden\u00fdch oblast\u00ed, nev\u00e1hejte n\u00e1s kontaktovat!  <\/p>\n","protected":false},"excerpt":{"rendered":"<p>Pot\u0159ebujete pomoci s orientac\u00ed v oblasti e-commerce na \u010desk\u00e9m trhu? Chcete se st\u00e1t spolehliv\u00fdm internetov\u00fdm obchodem pro sv\u00e9 z\u00e1kazn\u00edky nebo chcete dos\u00e1hnout vy\u0161\u0161\u00edch tr\u017eeb? Chcete si zlep\u0161it pov\u011bst na \u010desk\u00e9m trhu? Co takhle jednodu\u0161e zkontrolovat, zda je ve va\u0161em internetov\u00e9m obchod\u011b v\u0161e v po\u0159\u00e1dku? Pod\u00edvejte se na nab\u00eddku n\u00ed\u017ee. V tomto ohledu poskytujeme n\u00e1sleduj\u00edc\u00ed slu\u017eby: [&hellip;]<\/p>\n","protected":false},"author":1,"featured_media":998,"parent":0,"menu_order":0,"comment_status":"closed","ping_status":"closed","template":"","meta":{"footnotes":""},"class_list":["post-1494","page","type-page","status-publish","has-post-thumbnail","hentry"],"yoast_head":"<!-- This site is optimized with the Yoast SEO plugin v26.7 - https:\/\/yoast.com\/wordpress\/plugins\/seo\/ -->\n<title>Poradenstv\u00ed v oblasti e-commerce pro \u010desk\u00fd trh | Czeska Strefa<\/title>\n<meta name=\"description\" content=\"Pot\u0159ebujete pomoci s orientac\u00ed v oblasti e-commerce na \u010desk\u00e9m trhu? Chcete se st\u00e1t spolehliv\u00fdm internetov\u00fdm obchodem pro sv\u00e9 z\u00e1kazn\u00edky nebo chcete dos\u00e1hnout vy\u0161\u0161\u00edch tr\u017eeb? Chcete si zlep\u0161it pov\u011bst na \u010desk\u00e9m trhu? Co takhle jednodu\u0161e zkontrolovat, zda je ve va\u0161em internetov\u00e9m obchod\u011b v\u0161e v po\u0159\u00e1dku? Pod\u00edvejte se na nab\u00eddku n\u00ed\u017ee.\" \/>\n<meta name=\"robots\" content=\"index, follow, max-snippet:-1, max-image-preview:large, max-video-preview:-1\" \/>\n<link rel=\"canonical\" href=\"https:\/\/czeskastrefa.pl\/cs\/poradenstvi-v-oblasti-e-commerce-pro-cesky-trh\/\" \/>\n<meta property=\"og:locale\" content=\"cs_CZ\" \/>\n<meta property=\"og:type\" content=\"article\" \/>\n<meta property=\"og:title\" content=\"Poradenstv\u00ed v oblasti e-commerce pro \u010desk\u00fd trh\" \/>\n<meta property=\"og:description\" content=\"Pot\u0159ebujete pomoci s orientac\u00ed v oblasti e-commerce na \u010desk\u00e9m trhu? Chcete se st\u00e1t spolehliv\u00fdm internetov\u00fdm obchodem pro sv\u00e9 z\u00e1kazn\u00edky nebo chcete dos\u00e1hnout vy\u0161\u0161\u00edch tr\u017eeb? Chcete si zlep\u0161it pov\u011bst na \u010desk\u00e9m trhu? Co takhle jednodu\u0161e zkontrolovat, zda je ve va\u0161em internetov\u00e9m obchod\u011b v\u0161e v po\u0159\u00e1dku? Pod\u00edvejte se na nab\u00eddku n\u00ed\u017ee.\" \/>\n<meta property=\"og:url\" content=\"https:\/\/czeskastrefa.pl\/cs\/poradenstvi-v-oblasti-e-commerce-pro-cesky-trh\/\" \/>\n<meta property=\"og:site_name\" content=\"Czeska Strefa\" \/>\n<meta property=\"article:publisher\" content=\"https:\/\/www.facebook.com\/czeskastrefa\" \/>\n<meta property=\"article:modified_time\" content=\"2024-05-18T20:16:34+00:00\" \/>\n<meta property=\"og:image\" content=\"https:\/\/czeskastrefa.pl\/wp-content\/uploads\/2024\/04\/iStock-1444399074-1024x683.jpg\" \/>\n<meta name=\"twitter:card\" content=\"summary_large_image\" \/>\n<meta name=\"twitter:label1\" content=\"Odhadovan\u00e1 doba \u010dten\u00ed\" \/>\n\t<meta name=\"twitter:data1\" content=\"3 minuty\" \/>\n<script type=\"application\/ld+json\" class=\"yoast-schema-graph\">{\"@context\":\"https:\/\/schema.org\",\"@graph\":[{\"@type\":\"WebPage\",\"@id\":\"https:\/\/czeskastrefa.pl\/cs\/poradenstvi-v-oblasti-e-commerce-pro-cesky-trh\/\",\"url\":\"https:\/\/czeskastrefa.pl\/cs\/poradenstvi-v-oblasti-e-commerce-pro-cesky-trh\/\",\"name\":\"Poradenstv\u00ed v oblasti e-commerce pro \u010desk\u00fd trh | Czeska Strefa\",\"isPartOf\":{\"@id\":\"https:\/\/czeskastrefa.pl\/cs\/#website\"},\"primaryImageOfPage\":{\"@id\":\"https:\/\/czeskastrefa.pl\/cs\/poradenstvi-v-oblasti-e-commerce-pro-cesky-trh\/#primaryimage\"},\"image\":{\"@id\":\"https:\/\/czeskastrefa.pl\/cs\/poradenstvi-v-oblasti-e-commerce-pro-cesky-trh\/#primaryimage\"},\"thumbnailUrl\":\"https:\/\/czeskastrefa.pl\/wp-content\/uploads\/2024\/04\/iStock-1444399074.jpg\",\"datePublished\":\"2024-04-13T08:36:13+00:00\",\"dateModified\":\"2024-05-18T20:16:34+00:00\",\"description\":\"Pot\u0159ebujete pomoci s orientac\u00ed v oblasti e-commerce na \u010desk\u00e9m trhu? Chcete se st\u00e1t spolehliv\u00fdm internetov\u00fdm obchodem pro sv\u00e9 z\u00e1kazn\u00edky nebo chcete dos\u00e1hnout vy\u0161\u0161\u00edch tr\u017eeb? Chcete si zlep\u0161it pov\u011bst na \u010desk\u00e9m trhu? Co takhle jednodu\u0161e zkontrolovat, zda je ve va\u0161em internetov\u00e9m obchod\u011b v\u0161e v po\u0159\u00e1dku? Pod\u00edvejte se na nab\u00eddku n\u00ed\u017ee.\",\"breadcrumb\":{\"@id\":\"https:\/\/czeskastrefa.pl\/cs\/poradenstvi-v-oblasti-e-commerce-pro-cesky-trh\/#breadcrumb\"},\"inLanguage\":\"cs\",\"potentialAction\":[{\"@type\":\"ReadAction\",\"target\":[\"https:\/\/czeskastrefa.pl\/cs\/poradenstvi-v-oblasti-e-commerce-pro-cesky-trh\/\"]}]},{\"@type\":\"ImageObject\",\"inLanguage\":\"cs\",\"@id\":\"https:\/\/czeskastrefa.pl\/cs\/poradenstvi-v-oblasti-e-commerce-pro-cesky-trh\/#primaryimage\",\"url\":\"https:\/\/czeskastrefa.pl\/wp-content\/uploads\/2024\/04\/iStock-1444399074.jpg\",\"contentUrl\":\"https:\/\/czeskastrefa.pl\/wp-content\/uploads\/2024\/04\/iStock-1444399074.jpg\",\"width\":2120,\"height\":1414,\"caption\":\"Basketball, hands and team of men high five for outdoor game. Success, diversity and victory in sports for boys goal. Teamwork, diversity and support, friends on basketball court together with coach.\"},{\"@type\":\"BreadcrumbList\",\"@id\":\"https:\/\/czeskastrefa.pl\/cs\/poradenstvi-v-oblasti-e-commerce-pro-cesky-trh\/#breadcrumb\",\"itemListElement\":[{\"@type\":\"ListItem\",\"position\":1,\"name\":\"Strona g\u0142\u00f3wna\",\"item\":\"https:\/\/czeskastrefa.pl\/cs\/\"},{\"@type\":\"ListItem\",\"position\":2,\"name\":\"Poradenstv\u00ed v oblasti e-commerce pro \u010desk\u00fd trh\"}]},{\"@type\":\"WebSite\",\"@id\":\"https:\/\/czeskastrefa.pl\/cs\/#website\",\"url\":\"https:\/\/czeskastrefa.pl\/cs\/\",\"name\":\"Czeska Strefa\",\"description\":\"Us\u0142ugi zwi\u0105zane z e-commerce na rynku czeskim\",\"publisher\":{\"@id\":\"https:\/\/czeskastrefa.pl\/cs\/#organization\"},\"alternateName\":\"Czeska Strefa\",\"potentialAction\":[{\"@type\":\"SearchAction\",\"target\":{\"@type\":\"EntryPoint\",\"urlTemplate\":\"https:\/\/czeskastrefa.pl\/cs\/?s={search_term_string}\"},\"query-input\":{\"@type\":\"PropertyValueSpecification\",\"valueRequired\":true,\"valueName\":\"search_term_string\"}}],\"inLanguage\":\"cs\"},{\"@type\":\"Organization\",\"@id\":\"https:\/\/czeskastrefa.pl\/cs\/#organization\",\"name\":\"Czeska Strefa\",\"alternateName\":\"Us\u0142ugi e-commerce na rynku czeskim\",\"url\":\"https:\/\/czeskastrefa.pl\/cs\/\",\"logo\":{\"@type\":\"ImageObject\",\"inLanguage\":\"cs\",\"@id\":\"https:\/\/czeskastrefa.pl\/cs\/#\/schema\/logo\/image\/\",\"url\":\"https:\/\/czeskastrefa.pl\/wp-content\/uploads\/2024\/04\/cropped-thumbnail_czeska-strefa-512-pxbhhui.png\",\"contentUrl\":\"https:\/\/czeskastrefa.pl\/wp-content\/uploads\/2024\/04\/cropped-thumbnail_czeska-strefa-512-pxbhhui.png\",\"width\":240,\"height\":240,\"caption\":\"Czeska Strefa\"},\"image\":{\"@id\":\"https:\/\/czeskastrefa.pl\/cs\/#\/schema\/logo\/image\/\"},\"sameAs\":[\"https:\/\/www.facebook.com\/czeskastrefa\",\"https:\/\/www.linkedin.com\/company\/czeskastrefa\",\"https:\/\/www.instagram.com\/czeskastrefa\"]}]}<\/script>\n<!-- \/ Yoast SEO plugin. -->","yoast_head_json":{"title":"Poradenstv\u00ed v oblasti e-commerce pro \u010desk\u00fd trh | Czeska Strefa","description":"Pot\u0159ebujete pomoci s orientac\u00ed v oblasti e-commerce na \u010desk\u00e9m trhu? Chcete se st\u00e1t spolehliv\u00fdm internetov\u00fdm obchodem pro sv\u00e9 z\u00e1kazn\u00edky nebo chcete dos\u00e1hnout vy\u0161\u0161\u00edch tr\u017eeb? Chcete si zlep\u0161it pov\u011bst na \u010desk\u00e9m trhu? Co takhle jednodu\u0161e zkontrolovat, zda je ve va\u0161em internetov\u00e9m obchod\u011b v\u0161e v po\u0159\u00e1dku? Pod\u00edvejte se na nab\u00eddku n\u00ed\u017ee.","robots":{"index":"index","follow":"follow","max-snippet":"max-snippet:-1","max-image-preview":"max-image-preview:large","max-video-preview":"max-video-preview:-1"},"canonical":"https:\/\/czeskastrefa.pl\/cs\/poradenstvi-v-oblasti-e-commerce-pro-cesky-trh\/","og_locale":"cs_CZ","og_type":"article","og_title":"Poradenstv\u00ed v oblasti e-commerce pro \u010desk\u00fd trh","og_description":"Pot\u0159ebujete pomoci s orientac\u00ed v oblasti e-commerce na \u010desk\u00e9m trhu? Chcete se st\u00e1t spolehliv\u00fdm internetov\u00fdm obchodem pro sv\u00e9 z\u00e1kazn\u00edky nebo chcete dos\u00e1hnout vy\u0161\u0161\u00edch tr\u017eeb? Chcete si zlep\u0161it pov\u011bst na \u010desk\u00e9m trhu? Co takhle jednodu\u0161e zkontrolovat, zda je ve va\u0161em internetov\u00e9m obchod\u011b v\u0161e v po\u0159\u00e1dku? Pod\u00edvejte se na nab\u00eddku n\u00ed\u017ee.","og_url":"https:\/\/czeskastrefa.pl\/cs\/poradenstvi-v-oblasti-e-commerce-pro-cesky-trh\/","og_site_name":"Czeska Strefa","article_publisher":"https:\/\/www.facebook.com\/czeskastrefa","article_modified_time":"2024-05-18T20:16:34+00:00","og_image":[{"url":"https:\/\/czeskastrefa.pl\/wp-content\/uploads\/2024\/04\/iStock-1444399074-1024x683.jpg","type":"","width":"","height":""}],"twitter_card":"summary_large_image","twitter_misc":{"Odhadovan\u00e1 doba \u010dten\u00ed":"3 minuty"},"schema":{"@context":"https:\/\/schema.org","@graph":[{"@type":"WebPage","@id":"https:\/\/czeskastrefa.pl\/cs\/poradenstvi-v-oblasti-e-commerce-pro-cesky-trh\/","url":"https:\/\/czeskastrefa.pl\/cs\/poradenstvi-v-oblasti-e-commerce-pro-cesky-trh\/","name":"Poradenstv\u00ed v oblasti e-commerce pro \u010desk\u00fd trh | Czeska Strefa","isPartOf":{"@id":"https:\/\/czeskastrefa.pl\/cs\/#website"},"primaryImageOfPage":{"@id":"https:\/\/czeskastrefa.pl\/cs\/poradenstvi-v-oblasti-e-commerce-pro-cesky-trh\/#primaryimage"},"image":{"@id":"https:\/\/czeskastrefa.pl\/cs\/poradenstvi-v-oblasti-e-commerce-pro-cesky-trh\/#primaryimage"},"thumbnailUrl":"https:\/\/czeskastrefa.pl\/wp-content\/uploads\/2024\/04\/iStock-1444399074.jpg","datePublished":"2024-04-13T08:36:13+00:00","dateModified":"2024-05-18T20:16:34+00:00","description":"Pot\u0159ebujete pomoci s orientac\u00ed v oblasti e-commerce na \u010desk\u00e9m trhu? Chcete se st\u00e1t spolehliv\u00fdm internetov\u00fdm obchodem pro sv\u00e9 z\u00e1kazn\u00edky nebo chcete dos\u00e1hnout vy\u0161\u0161\u00edch tr\u017eeb? Chcete si zlep\u0161it pov\u011bst na \u010desk\u00e9m trhu? Co takhle jednodu\u0161e zkontrolovat, zda je ve va\u0161em internetov\u00e9m obchod\u011b v\u0161e v po\u0159\u00e1dku? Pod\u00edvejte se na nab\u00eddku n\u00ed\u017ee.","breadcrumb":{"@id":"https:\/\/czeskastrefa.pl\/cs\/poradenstvi-v-oblasti-e-commerce-pro-cesky-trh\/#breadcrumb"},"inLanguage":"cs","potentialAction":[{"@type":"ReadAction","target":["https:\/\/czeskastrefa.pl\/cs\/poradenstvi-v-oblasti-e-commerce-pro-cesky-trh\/"]}]},{"@type":"ImageObject","inLanguage":"cs","@id":"https:\/\/czeskastrefa.pl\/cs\/poradenstvi-v-oblasti-e-commerce-pro-cesky-trh\/#primaryimage","url":"https:\/\/czeskastrefa.pl\/wp-content\/uploads\/2024\/04\/iStock-1444399074.jpg","contentUrl":"https:\/\/czeskastrefa.pl\/wp-content\/uploads\/2024\/04\/iStock-1444399074.jpg","width":2120,"height":1414,"caption":"Basketball, hands and team of men high five for outdoor game. Success, diversity and victory in sports for boys goal. Teamwork, diversity and support, friends on basketball court together with coach."},{"@type":"BreadcrumbList","@id":"https:\/\/czeskastrefa.pl\/cs\/poradenstvi-v-oblasti-e-commerce-pro-cesky-trh\/#breadcrumb","itemListElement":[{"@type":"ListItem","position":1,"name":"Strona g\u0142\u00f3wna","item":"https:\/\/czeskastrefa.pl\/cs\/"},{"@type":"ListItem","position":2,"name":"Poradenstv\u00ed v oblasti e-commerce pro \u010desk\u00fd trh"}]},{"@type":"WebSite","@id":"https:\/\/czeskastrefa.pl\/cs\/#website","url":"https:\/\/czeskastrefa.pl\/cs\/","name":"Czeska Strefa","description":"Us\u0142ugi zwi\u0105zane z e-commerce na rynku czeskim","publisher":{"@id":"https:\/\/czeskastrefa.pl\/cs\/#organization"},"alternateName":"Czeska Strefa","potentialAction":[{"@type":"SearchAction","target":{"@type":"EntryPoint","urlTemplate":"https:\/\/czeskastrefa.pl\/cs\/?s={search_term_string}"},"query-input":{"@type":"PropertyValueSpecification","valueRequired":true,"valueName":"search_term_string"}}],"inLanguage":"cs"},{"@type":"Organization","@id":"https:\/\/czeskastrefa.pl\/cs\/#organization","name":"Czeska Strefa","alternateName":"Us\u0142ugi e-commerce na rynku czeskim","url":"https:\/\/czeskastrefa.pl\/cs\/","logo":{"@type":"ImageObject","inLanguage":"cs","@id":"https:\/\/czeskastrefa.pl\/cs\/#\/schema\/logo\/image\/","url":"https:\/\/czeskastrefa.pl\/wp-content\/uploads\/2024\/04\/cropped-thumbnail_czeska-strefa-512-pxbhhui.png","contentUrl":"https:\/\/czeskastrefa.pl\/wp-content\/uploads\/2024\/04\/cropped-thumbnail_czeska-strefa-512-pxbhhui.png","width":240,"height":240,"caption":"Czeska Strefa"},"image":{"@id":"https:\/\/czeskastrefa.pl\/cs\/#\/schema\/logo\/image\/"},"sameAs":["https:\/\/www.facebook.com\/czeskastrefa","https:\/\/www.linkedin.com\/company\/czeskastrefa","https:\/\/www.instagram.com\/czeskastrefa"]}]}},"_links":{"self":[{"href":"https:\/\/czeskastrefa.pl\/cs\/wp-json\/wp\/v2\/pages\/1494","targetHints":{"allow":["GET"]}}],"collection":[{"href":"https:\/\/czeskastrefa.pl\/cs\/wp-json\/wp\/v2\/pages"}],"about":[{"href":"https:\/\/czeskastrefa.pl\/cs\/wp-json\/wp\/v2\/types\/page"}],"author":[{"embeddable":true,"href":"https:\/\/czeskastrefa.pl\/cs\/wp-json\/wp\/v2\/users\/1"}],"replies":[{"embeddable":true,"href":"https:\/\/czeskastrefa.pl\/cs\/wp-json\/wp\/v2\/comments?post=1494"}],"version-history":[{"count":4,"href":"https:\/\/czeskastrefa.pl\/cs\/wp-json\/wp\/v2\/pages\/1494\/revisions"}],"predecessor-version":[{"id":1905,"href":"https:\/\/czeskastrefa.pl\/cs\/wp-json\/wp\/v2\/pages\/1494\/revisions\/1905"}],"wp:featuredmedia":[{"embeddable":true,"href":"https:\/\/czeskastrefa.pl\/cs\/wp-json\/wp\/v2\/media\/998"}],"wp:attachment":[{"href":"https:\/\/czeskastrefa.pl\/cs\/wp-json\/wp\/v2\/media?parent=1494"}],"curies":[{"name":"wp","href":"https:\/\/api.w.org\/{rel}","templated":true}]}}