{"id":1539,"date":"2024-04-15T19:01:51","date_gmt":"2024-04-15T17:01:51","guid":{"rendered":"https:\/\/czeskastrefa.pl\/cena\/"},"modified":"2025-11-10T23:12:10","modified_gmt":"2025-11-10T22:12:10","slug":"cena","status":"publish","type":"page","link":"https:\/\/czeskastrefa.pl\/cs\/cena\/","title":{"rendered":"Cena"},"content":{"rendered":"\n<div class=\"wp-block-group skill-section has-global-padding is-layout-constrained wp-container-core-group-is-layout-42c4990b wp-block-group-is-layout-constrained\" style=\"margin-top:0;margin-bottom:0;padding-top:var(--wp--preset--spacing--80);padding-bottom:var(--wp--preset--spacing--80)\">\n<div class=\"wp-block-columns alignfull are-vertically-aligned-center skill-outer-box is-layout-flex wp-container-core-columns-is-layout-9b24e0e0 wp-block-columns-is-layout-flex\">\n<div class=\"wp-block-column is-vertically-aligned-center skill-box wow lightSpeedIn is-layout-flow wp-block-column-is-layout-flow\" style=\"flex-basis:100%\">\n<div class=\"wp-block-group skill-inner-box has-white-background-color has-background has-global-padding is-layout-constrained wp-container-core-group-is-layout-280f0a9a wp-block-group-is-layout-constrained\" style=\"padding-top:20px;padding-right:15px;padding-bottom:20px;padding-left:15px\">\n<p class=\"has-text-align-center\">Pro nab\u00edzen\u00e9 slu\u017eby neexistuje \u017e\u00e1dn\u00fd pevn\u00fd cen\u00edk. Vytvo\u0159en\u00ed cenov\u00e9 nab\u00eddky je ovlivn\u011bno nap\u0159\u00edklad d\u00e9lkou objedn\u00e1vky, odv\u011btv\u00edm, kter\u00e9ho se objedn\u00e1vka t\u00fdk\u00e1, a t\u00edm, zda jste st\u00e1l\u00fdm z\u00e1kazn\u00edkem. Ka\u017ed\u00e1 objedn\u00e1vka se oce\u0148uje individu\u00e1ln\u011b. V p\u0159\u00edpad\u011b pot\u0159eby v\u00e1m m\u016f\u017eeme polo\u017eit i dal\u0161\u00ed ot\u00e1zky t\u00fdkaj\u00edc\u00ed se zad\u00e1n\u00ed.<\/p>\n<\/div>\n\n\n\n<div class=\"wp-block-group skill-inner-box has-white-background-color has-background has-global-padding is-layout-constrained wp-container-core-group-is-layout-280f0a9a wp-block-group-is-layout-constrained\" style=\"padding-top:20px;padding-right:15px;padding-bottom:20px;padding-left:15px\">\n<p class=\"has-text-align-center\">Cenov\u00e1 nab\u00eddka zahrnuje:  <\/p>\n\n\n\n<div style=\"height:3px\" aria-hidden=\"true\" class=\"wp-block-spacer\"><\/div>\n\n\n\n<figure class=\"wp-block-table\"><table class=\"has-fixed-layout\"><tbody><tr><td>Nab\u00eddka objedn\u00e1vky<\/td><td>v\u00fdpo\u010det ceny<\/td><\/tr><tr><td>Lh\u016fta pro proveden\u00ed<\/td><td>datum, ke kter\u00e9mu bude p\u0159\u00edkaz proveden.<\/td><\/tr><tr><td>Fakturace<\/td><td>\u00fadaje o fakturaci<\/td><\/tr><\/tbody><\/table><\/figure>\n<\/div>\n\n\n\n<div class=\"wp-block-group skill-inner-box has-white-background-color has-background has-global-padding is-layout-constrained wp-container-core-group-is-layout-280f0a9a wp-block-group-is-layout-constrained\" style=\"padding-top:20px;padding-right:15px;padding-bottom:20px;padding-left:15px\">\n<p class=\"has-text-align-center\">Faktury vystavujeme bez DPH.<\/p>\n\n\n\n<p class=\"has-text-align-center\">Chcete-li z\u00edskat cenovou nab\u00eddku, vypl\u0148te pros\u00edm n\u00ed\u017ee uveden\u00fd formul\u00e1\u0159. Odpov\u011b\u010f obdr\u017e\u00edte do <span style=\"text-decoration: underline;\">2 pracovn\u00edch dn\u016f<\/span>.<\/p>\n<\/div>\n<\/div>\n<\/div>\n\n\n\n<div class=\"wp-block-group skill-section has-global-padding is-layout-constrained wp-container-core-group-is-layout-42c4990b wp-block-group-is-layout-constrained\" style=\"margin-top:0;margin-bottom:0;padding-top:var(--wp--preset--spacing--80);padding-bottom:var(--wp--preset--spacing--80)\">\n<div class=\"wp-block-columns are-vertically-aligned-center skill-outer-box is-layout-flex wp-container-core-columns-is-layout-9b24e0e0 wp-block-columns-is-layout-flex\">\n<div class=\"wp-block-column is-vertically-aligned-center skill-box wow lightSpeedIn is-layout-flow wp-block-column-is-layout-flow\" style=\"flex-basis:100%\">\n<div class=\"wp-block-group skill-inner-box has-white-background-color has-background has-global-padding is-layout-constrained wp-container-core-group-is-layout-280f0a9a wp-block-group-is-layout-constrained\" style=\"padding-top:20px;padding-right:15px;padding-bottom:20px;padding-left:15px\">\n<div class=\"wp-block-contact-form-7-contact-form-selector\">\n<div class=\"wpcf7 no-js\" id=\"wpcf7-f1722-o1\" lang=\"cs-CZ\" dir=\"ltr\" data-wpcf7-id=\"1722\">\n<div class=\"screen-reader-response\"><p role=\"status\" aria-live=\"polite\" aria-atomic=\"true\"><\/p> <ul><\/ul><\/div>\n<form action=\"\/cs\/wp-json\/wp\/v2\/pages\/1539#wpcf7-f1722-o1\" method=\"post\" class=\"wpcf7-form init\" aria-label=\"Kontaktn\u00ed formul\u00e1\u0159\" enctype=\"multipart\/form-data\" novalidate=\"novalidate\" data-status=\"init\">\n<fieldset class=\"hidden-fields-container\"><input type=\"hidden\" name=\"_wpcf7\" value=\"1722\" \/><input type=\"hidden\" name=\"_wpcf7_version\" value=\"6.1.4\" \/><input type=\"hidden\" name=\"_wpcf7_locale\" value=\"cs_CZ\" \/><input type=\"hidden\" name=\"_wpcf7_unit_tag\" value=\"wpcf7-f1722-o1\" \/><input type=\"hidden\" name=\"_wpcf7_container_post\" value=\"0\" \/><input type=\"hidden\" name=\"_wpcf7_posted_data_hash\" value=\"\" \/>\n<\/fieldset>\n<p><label> N\u00e1zev slu\u017eby<br \/>\n<span class=\"wpcf7-form-control-wrap\" data-name=\"menu-67\"><select class=\"wpcf7-form-control wpcf7-select\" aria-invalid=\"false\" name=\"menu-67\"><option value=\"Wybierz\">Wybierz<\/option><option value=\"Za\u0142o\u017cenie konta bankowego\">Za\u0142o\u017cenie konta bankowego<\/option><option value=\"T\u0142umaczenie z j\u0119zyka polskiego na czeski\">T\u0142umaczenie z j\u0119zyka polskiego na czeski<\/option><option value=\"Korekta tre\u015bci po czesku z uwzgl\u0119dnieniem SEO\">Korekta tre\u015bci po czesku z uwzgl\u0119dnieniem SEO<\/option><option value=\"Komunikacja w j\u0119zyku czeskim\">Komunikacja w j\u0119zyku czeskim<\/option><option value=\"Doradztwo w zakresie e-commerce na rynku czeskim\">Doradztwo w zakresie e-commerce na rynku czeskim<\/option><option value=\"HR\">HR<\/option><option value=\"Inne us\u0142ugi\">Inne us\u0142ugi<\/option><option value=\"Obs\u0142uga klienta\">Obs\u0142uga klienta<\/option><option value=\"Spory\">Spory<\/option><option value=\"Sprzeda\u017c\">Sprzeda\u017c<\/option><option value=\"Marketing\">Marketing<\/option><option value=\"Grafika\">Grafika<\/option><\/select><\/span> <\/label>\n<\/p>\n<p><label> N\u00e1zev spole\u010dnosti<br \/>\n<span class=\"wpcf7-form-control-wrap\" data-name=\"your-name\"><input size=\"40\" maxlength=\"400\" class=\"wpcf7-form-control wpcf7-text wpcf7-validates-as-required\" autocomplete=\"name\" aria-required=\"true\" aria-invalid=\"false\" value=\"\" type=\"text\" name=\"your-name\" \/><\/span> <\/label>\n<\/p>\n<p><label> Odkaz na webov\u00e9 str\u00e1nky<br \/>\n<span class=\"wpcf7-form-control-wrap\" data-name=\"url-243\"><input size=\"40\" maxlength=\"400\" class=\"wpcf7-form-control wpcf7-url wpcf7-text wpcf7-validates-as-url\" aria-invalid=\"false\" value=\"\" type=\"url\" name=\"url-243\" \/><\/span> <\/label>\n<\/p>\n<p><label> E-mailov\u00e1 adresa<br \/>\n<span class=\"wpcf7-form-control-wrap\" data-name=\"your-email\"><input size=\"40\" maxlength=\"400\" class=\"wpcf7-form-control wpcf7-email wpcf7-validates-as-required wpcf7-text wpcf7-validates-as-email\" autocomplete=\"email\" aria-required=\"true\" aria-invalid=\"false\" value=\"\" type=\"email\" name=\"your-email\" \/><\/span> <\/label>\n<\/p>\n<p><label> Va\u0161e zpr\u00e1va<br \/>\n<span class=\"wpcf7-form-control-wrap\" data-name=\"your-message\"><textarea cols=\"40\" rows=\"10\" maxlength=\"2000\" class=\"wpcf7-form-control wpcf7-textarea wpcf7-validates-as-required\" aria-required=\"true\" aria-invalid=\"false\" name=\"your-message\"><\/textarea><\/span> <\/label>\n<\/p>\n<p><span class=\"wpcf7-form-control-wrap\" data-name=\"file-755\"><input size=\"40\" class=\"wpcf7-form-control wpcf7-file\" accept=\".image,.txt,.pdf,.video,.audio,.jpg,.jpeg,.png,.gif,.doc,.docx,.ppt,.pptx,.odt,.avi,.ogg,.m4a,.mov,.mp3,.mp4,.mpg,.wav,.wmv,.ai,.eps,.tif,.bmp,.htm,.html,.dotx,.dotm,.dot,.xml,.xps,.csv,.dbf,.mht,.xls,.xlsb,.xlsm,.xlsx,.xlt,.xltm,.xltx,.xlw\" aria-invalid=\"false\" type=\"file\" name=\"file-755\" \/><\/span>\n<\/p>\n<p><span class=\"wpcf7-form-control-wrap\" data-name=\"file-756\"><input size=\"40\" class=\"wpcf7-form-control wpcf7-file\" accept=\".image,.txt,.pdf,.video,.audio,.jpg,.jpeg,.png,.gif,.doc,.docx,.ppt,.pptx,.odt,.avi,.ogg,.m4a,.mov,.mp3,.mp4,.mpg,.wav,.wmv,.ai,.eps,.tif,.bmp,.htm,.html,.dotx,.dotm,.dot,.xml,.xps,.csv,.dbf,.mht,.xls,.xlsb,.xlsm,.xlsx,.xlt,.xltm,.xltx,.xlw\" aria-invalid=\"false\" type=\"file\" name=\"file-756\" \/><\/span>\n<\/p>\n<p><span class=\"wpcf7-form-control-wrap\" data-name=\"file-757\"><input size=\"40\" class=\"wpcf7-form-control wpcf7-file\" accept=\".image,.txt,.pdf,.video,.audio,.jpg,.jpeg,.png,.gif,.doc,.docx,.ppt,.pptx,.odt,.avi,.ogg,.m4a,.mov,.mp3,.mp4,.mpg,.wav,.wmv,.ai,.eps,.tif,.bmp,.htm,.html,.dotx,.dotm,.dot,.xml,.xps,.csv,.dbf,.mht,.xls,.xlsb,.xlsm,.xlsx,.xlt,.xltm,.xltx,.xlw\" aria-invalid=\"false\" type=\"file\" name=\"file-757\" \/><\/span>\n<\/p>\n<p><span class=\"wpcf7-form-control-wrap\" data-name=\"gdpr\"><span class=\"wpcf7-form-control wpcf7-acceptance\"><span class=\"wpcf7-list-item\"><label><input type=\"checkbox\" name=\"gdpr\" value=\"1\" aria-invalid=\"false\" \/><span class=\"wpcf7-list-item-label\">P\u0159e\u010detl\/a jsem si <a href=\"https:\/\/czeskastrefa.pl\/regulamin\">podm\u00ednky slu\u017eby<\/a> a <a href=\"https:\/\/czeskastrefa.pl\/polityka-prywatnosci\">z\u00e1sady ochrany osobn\u00edch \u00fadaj\u016f<\/a> a souhlas\u00edm s nimi.<\/span><\/label><\/span><\/span><\/span>\n<\/p>\n<p><input class=\"wpcf7-form-control wpcf7-submit has-spinner\" type=\"submit\" value=\"Wy\u015blij\" \/>\n<\/p><div class=\"wpcf7-response-output\" aria-hidden=\"true\"><\/div>\n<\/form>\n<\/div>\n<\/div>\n<\/div>\n<\/div>\n<\/div>\n<\/div>\n<\/div>\n","protected":false},"excerpt":{"rendered":"<p>Pro nab\u00edzen\u00e9 slu\u017eby neexistuje \u017e\u00e1dn\u00fd pevn\u00fd cen\u00edk. Vytvo\u0159en\u00ed cenov\u00e9 nab\u00eddky je ovlivn\u011bno nap\u0159\u00edklad d\u00e9lkou objedn\u00e1vky, odv\u011btv\u00edm, kter\u00e9ho se objedn\u00e1vka t\u00fdk\u00e1, a t\u00edm, zda jste st\u00e1l\u00fdm z\u00e1kazn\u00edkem. Ka\u017ed\u00e1 objedn\u00e1vka se oce\u0148uje individu\u00e1ln\u011b. V p\u0159\u00edpad\u011b pot\u0159eby v\u00e1m m\u016f\u017eeme polo\u017eit i dal\u0161\u00ed ot\u00e1zky t\u00fdkaj\u00edc\u00ed se zad\u00e1n\u00ed. Cenov\u00e1 nab\u00eddka zahrnuje: Nab\u00eddka objedn\u00e1vky v\u00fdpo\u010det ceny Lh\u016fta pro proveden\u00ed datum, ke [&hellip;]<\/p>\n","protected":false},"author":1,"featured_media":1385,"parent":0,"menu_order":0,"comment_status":"closed","ping_status":"closed","template":"","meta":{"footnotes":""},"class_list":["post-1539","page","type-page","status-publish","has-post-thumbnail","hentry"],"yoast_head":"<!-- This site is optimized with the Yoast SEO plugin v26.7 - https:\/\/yoast.com\/wordpress\/plugins\/seo\/ -->\n<title>Cena | Czeska Strefa<\/title>\n<meta name=\"description\" content=\"Pro nab\u00edzen\u00e9 slu\u017eby neexistuje \u017e\u00e1dn\u00fd pevn\u00fd cen\u00edk. Vytvo\u0159en\u00ed cenov\u00e9 nab\u00eddky je ovlivn\u011bno nap\u0159\u00edklad d\u00e9lkou objedn\u00e1vky, odv\u011btv\u00edm, kter\u00e9ho se objedn\u00e1vka t\u00fdk\u00e1, a t\u00edm, zda jste st\u00e1l\u00fdm z\u00e1kazn\u00edkem. Ka\u017ed\u00e1 objedn\u00e1vka se oce\u0148uje individu\u00e1ln\u011b. V p\u0159\u00edpad\u011b pot\u0159eby v\u00e1m m\u016f\u017eeme polo\u017eit i dal\u0161\u00ed ot\u00e1zky t\u00fdkaj\u00edc\u00ed se zad\u00e1n\u00ed.\" \/>\n<meta name=\"robots\" content=\"index, follow, max-snippet:-1, max-image-preview:large, max-video-preview:-1\" \/>\n<link rel=\"canonical\" href=\"https:\/\/czeskastrefa.pl\/cs\/cena\/\" \/>\n<meta property=\"og:locale\" content=\"cs_CZ\" \/>\n<meta property=\"og:type\" content=\"article\" \/>\n<meta property=\"og:title\" content=\"Cena\" \/>\n<meta property=\"og:description\" content=\"Pro nab\u00edzen\u00e9 slu\u017eby neexistuje \u017e\u00e1dn\u00fd pevn\u00fd cen\u00edk. Vytvo\u0159en\u00ed cenov\u00e9 nab\u00eddky je ovlivn\u011bno nap\u0159\u00edklad d\u00e9lkou objedn\u00e1vky, odv\u011btv\u00edm, kter\u00e9ho se objedn\u00e1vka t\u00fdk\u00e1, a t\u00edm, zda jste st\u00e1l\u00fdm z\u00e1kazn\u00edkem. Ka\u017ed\u00e1 objedn\u00e1vka se oce\u0148uje individu\u00e1ln\u011b. V p\u0159\u00edpad\u011b pot\u0159eby v\u00e1m m\u016f\u017eeme polo\u017eit i dal\u0161\u00ed ot\u00e1zky t\u00fdkaj\u00edc\u00ed se zad\u00e1n\u00ed.\" \/>\n<meta property=\"og:url\" content=\"https:\/\/czeskastrefa.pl\/cs\/cena\/\" \/>\n<meta property=\"og:site_name\" content=\"Czeska Strefa\" \/>\n<meta property=\"article:publisher\" content=\"https:\/\/www.facebook.com\/czeskastrefa\" \/>\n<meta property=\"article:modified_time\" content=\"2025-11-10T22:12:10+00:00\" \/>\n<meta property=\"og:image\" content=\"https:\/\/czeskastrefa.pl\/wp-content\/uploads\/2024\/05\/closeup-shot-entrepreneur-working-from-home-his-personal-finances-savings-scaled.jpg\" \/>\n<meta name=\"twitter:card\" content=\"summary_large_image\" \/>\n<meta name=\"twitter:label1\" content=\"Odhadovan\u00e1 doba \u010dten\u00ed\" \/>\n\t<meta name=\"twitter:data1\" content=\"1 minuta\" \/>\n<script type=\"application\/ld+json\" class=\"yoast-schema-graph\">{\"@context\":\"https:\/\/schema.org\",\"@graph\":[{\"@type\":\"WebPage\",\"@id\":\"https:\/\/czeskastrefa.pl\/cs\/cena\/\",\"url\":\"https:\/\/czeskastrefa.pl\/cs\/cena\/\",\"name\":\"Cena | Czeska Strefa\",\"isPartOf\":{\"@id\":\"https:\/\/czeskastrefa.pl\/cs\/#website\"},\"primaryImageOfPage\":{\"@id\":\"https:\/\/czeskastrefa.pl\/cs\/cena\/#primaryimage\"},\"image\":{\"@id\":\"https:\/\/czeskastrefa.pl\/cs\/cena\/#primaryimage\"},\"thumbnailUrl\":\"https:\/\/czeskastrefa.pl\/wp-content\/uploads\/2024\/05\/closeup-shot-entrepreneur-working-from-home-his-personal-finances-savings-scaled.jpg\",\"datePublished\":\"2024-04-15T17:01:51+00:00\",\"dateModified\":\"2025-11-10T22:12:10+00:00\",\"description\":\"Pro nab\u00edzen\u00e9 slu\u017eby neexistuje \u017e\u00e1dn\u00fd pevn\u00fd cen\u00edk. Vytvo\u0159en\u00ed cenov\u00e9 nab\u00eddky je ovlivn\u011bno nap\u0159\u00edklad d\u00e9lkou objedn\u00e1vky, odv\u011btv\u00edm, kter\u00e9ho se objedn\u00e1vka t\u00fdk\u00e1, a t\u00edm, zda jste st\u00e1l\u00fdm z\u00e1kazn\u00edkem. Ka\u017ed\u00e1 objedn\u00e1vka se oce\u0148uje individu\u00e1ln\u011b. V p\u0159\u00edpad\u011b pot\u0159eby v\u00e1m m\u016f\u017eeme polo\u017eit i dal\u0161\u00ed ot\u00e1zky t\u00fdkaj\u00edc\u00ed se zad\u00e1n\u00ed.\",\"breadcrumb\":{\"@id\":\"https:\/\/czeskastrefa.pl\/cs\/cena\/#breadcrumb\"},\"inLanguage\":\"cs\",\"potentialAction\":[{\"@type\":\"ReadAction\",\"target\":[\"https:\/\/czeskastrefa.pl\/cs\/cena\/\"]}]},{\"@type\":\"ImageObject\",\"inLanguage\":\"cs\",\"@id\":\"https:\/\/czeskastrefa.pl\/cs\/cena\/#primaryimage\",\"url\":\"https:\/\/czeskastrefa.pl\/wp-content\/uploads\/2024\/05\/closeup-shot-entrepreneur-working-from-home-his-personal-finances-savings-scaled.jpg\",\"contentUrl\":\"https:\/\/czeskastrefa.pl\/wp-content\/uploads\/2024\/05\/closeup-shot-entrepreneur-working-from-home-his-personal-finances-savings-scaled.jpg\",\"width\":2560,\"height\":1707,\"caption\":\"A closeup shot of an entrepreneur working from home on his personal finances and savings\"},{\"@type\":\"BreadcrumbList\",\"@id\":\"https:\/\/czeskastrefa.pl\/cs\/cena\/#breadcrumb\",\"itemListElement\":[{\"@type\":\"ListItem\",\"position\":1,\"name\":\"Strona g\u0142\u00f3wna\",\"item\":\"https:\/\/czeskastrefa.pl\/cs\/\"},{\"@type\":\"ListItem\",\"position\":2,\"name\":\"Cena\"}]},{\"@type\":\"WebSite\",\"@id\":\"https:\/\/czeskastrefa.pl\/cs\/#website\",\"url\":\"https:\/\/czeskastrefa.pl\/cs\/\",\"name\":\"Czeska Strefa\",\"description\":\"Us\u0142ugi zwi\u0105zane z e-commerce na rynku czeskim\",\"publisher\":{\"@id\":\"https:\/\/czeskastrefa.pl\/cs\/#organization\"},\"alternateName\":\"Czeska Strefa\",\"potentialAction\":[{\"@type\":\"SearchAction\",\"target\":{\"@type\":\"EntryPoint\",\"urlTemplate\":\"https:\/\/czeskastrefa.pl\/cs\/?s={search_term_string}\"},\"query-input\":{\"@type\":\"PropertyValueSpecification\",\"valueRequired\":true,\"valueName\":\"search_term_string\"}}],\"inLanguage\":\"cs\"},{\"@type\":\"Organization\",\"@id\":\"https:\/\/czeskastrefa.pl\/cs\/#organization\",\"name\":\"Czeska Strefa\",\"alternateName\":\"Us\u0142ugi e-commerce na rynku czeskim\",\"url\":\"https:\/\/czeskastrefa.pl\/cs\/\",\"logo\":{\"@type\":\"ImageObject\",\"inLanguage\":\"cs\",\"@id\":\"https:\/\/czeskastrefa.pl\/cs\/#\/schema\/logo\/image\/\",\"url\":\"https:\/\/czeskastrefa.pl\/wp-content\/uploads\/2024\/04\/cropped-thumbnail_czeska-strefa-512-pxbhhui.png\",\"contentUrl\":\"https:\/\/czeskastrefa.pl\/wp-content\/uploads\/2024\/04\/cropped-thumbnail_czeska-strefa-512-pxbhhui.png\",\"width\":240,\"height\":240,\"caption\":\"Czeska Strefa\"},\"image\":{\"@id\":\"https:\/\/czeskastrefa.pl\/cs\/#\/schema\/logo\/image\/\"},\"sameAs\":[\"https:\/\/www.facebook.com\/czeskastrefa\",\"https:\/\/www.linkedin.com\/company\/czeskastrefa\",\"https:\/\/www.instagram.com\/czeskastrefa\"]}]}<\/script>\n<!-- \/ Yoast SEO plugin. -->","yoast_head_json":{"title":"Cena | Czeska Strefa","description":"Pro nab\u00edzen\u00e9 slu\u017eby neexistuje \u017e\u00e1dn\u00fd pevn\u00fd cen\u00edk. Vytvo\u0159en\u00ed cenov\u00e9 nab\u00eddky je ovlivn\u011bno nap\u0159\u00edklad d\u00e9lkou objedn\u00e1vky, odv\u011btv\u00edm, kter\u00e9ho se objedn\u00e1vka t\u00fdk\u00e1, a t\u00edm, zda jste st\u00e1l\u00fdm z\u00e1kazn\u00edkem. Ka\u017ed\u00e1 objedn\u00e1vka se oce\u0148uje individu\u00e1ln\u011b. V p\u0159\u00edpad\u011b pot\u0159eby v\u00e1m m\u016f\u017eeme polo\u017eit i dal\u0161\u00ed ot\u00e1zky t\u00fdkaj\u00edc\u00ed se zad\u00e1n\u00ed.","robots":{"index":"index","follow":"follow","max-snippet":"max-snippet:-1","max-image-preview":"max-image-preview:large","max-video-preview":"max-video-preview:-1"},"canonical":"https:\/\/czeskastrefa.pl\/cs\/cena\/","og_locale":"cs_CZ","og_type":"article","og_title":"Cena","og_description":"Pro nab\u00edzen\u00e9 slu\u017eby neexistuje \u017e\u00e1dn\u00fd pevn\u00fd cen\u00edk. Vytvo\u0159en\u00ed cenov\u00e9 nab\u00eddky je ovlivn\u011bno nap\u0159\u00edklad d\u00e9lkou objedn\u00e1vky, odv\u011btv\u00edm, kter\u00e9ho se objedn\u00e1vka t\u00fdk\u00e1, a t\u00edm, zda jste st\u00e1l\u00fdm z\u00e1kazn\u00edkem. Ka\u017ed\u00e1 objedn\u00e1vka se oce\u0148uje individu\u00e1ln\u011b. V p\u0159\u00edpad\u011b pot\u0159eby v\u00e1m m\u016f\u017eeme polo\u017eit i dal\u0161\u00ed ot\u00e1zky t\u00fdkaj\u00edc\u00ed se zad\u00e1n\u00ed.","og_url":"https:\/\/czeskastrefa.pl\/cs\/cena\/","og_site_name":"Czeska Strefa","article_publisher":"https:\/\/www.facebook.com\/czeskastrefa","article_modified_time":"2025-11-10T22:12:10+00:00","og_image":[{"url":"https:\/\/czeskastrefa.pl\/wp-content\/uploads\/2024\/05\/closeup-shot-entrepreneur-working-from-home-his-personal-finances-savings-scaled.jpg","type":"","width":"","height":""}],"twitter_card":"summary_large_image","twitter_misc":{"Odhadovan\u00e1 doba \u010dten\u00ed":"1 minuta"},"schema":{"@context":"https:\/\/schema.org","@graph":[{"@type":"WebPage","@id":"https:\/\/czeskastrefa.pl\/cs\/cena\/","url":"https:\/\/czeskastrefa.pl\/cs\/cena\/","name":"Cena | Czeska Strefa","isPartOf":{"@id":"https:\/\/czeskastrefa.pl\/cs\/#website"},"primaryImageOfPage":{"@id":"https:\/\/czeskastrefa.pl\/cs\/cena\/#primaryimage"},"image":{"@id":"https:\/\/czeskastrefa.pl\/cs\/cena\/#primaryimage"},"thumbnailUrl":"https:\/\/czeskastrefa.pl\/wp-content\/uploads\/2024\/05\/closeup-shot-entrepreneur-working-from-home-his-personal-finances-savings-scaled.jpg","datePublished":"2024-04-15T17:01:51+00:00","dateModified":"2025-11-10T22:12:10+00:00","description":"Pro nab\u00edzen\u00e9 slu\u017eby neexistuje \u017e\u00e1dn\u00fd pevn\u00fd cen\u00edk. Vytvo\u0159en\u00ed cenov\u00e9 nab\u00eddky je ovlivn\u011bno nap\u0159\u00edklad d\u00e9lkou objedn\u00e1vky, odv\u011btv\u00edm, kter\u00e9ho se objedn\u00e1vka t\u00fdk\u00e1, a t\u00edm, zda jste st\u00e1l\u00fdm z\u00e1kazn\u00edkem. Ka\u017ed\u00e1 objedn\u00e1vka se oce\u0148uje individu\u00e1ln\u011b. V p\u0159\u00edpad\u011b pot\u0159eby v\u00e1m m\u016f\u017eeme polo\u017eit i dal\u0161\u00ed ot\u00e1zky t\u00fdkaj\u00edc\u00ed se zad\u00e1n\u00ed.","breadcrumb":{"@id":"https:\/\/czeskastrefa.pl\/cs\/cena\/#breadcrumb"},"inLanguage":"cs","potentialAction":[{"@type":"ReadAction","target":["https:\/\/czeskastrefa.pl\/cs\/cena\/"]}]},{"@type":"ImageObject","inLanguage":"cs","@id":"https:\/\/czeskastrefa.pl\/cs\/cena\/#primaryimage","url":"https:\/\/czeskastrefa.pl\/wp-content\/uploads\/2024\/05\/closeup-shot-entrepreneur-working-from-home-his-personal-finances-savings-scaled.jpg","contentUrl":"https:\/\/czeskastrefa.pl\/wp-content\/uploads\/2024\/05\/closeup-shot-entrepreneur-working-from-home-his-personal-finances-savings-scaled.jpg","width":2560,"height":1707,"caption":"A closeup shot of an entrepreneur working from home on his personal finances and savings"},{"@type":"BreadcrumbList","@id":"https:\/\/czeskastrefa.pl\/cs\/cena\/#breadcrumb","itemListElement":[{"@type":"ListItem","position":1,"name":"Strona g\u0142\u00f3wna","item":"https:\/\/czeskastrefa.pl\/cs\/"},{"@type":"ListItem","position":2,"name":"Cena"}]},{"@type":"WebSite","@id":"https:\/\/czeskastrefa.pl\/cs\/#website","url":"https:\/\/czeskastrefa.pl\/cs\/","name":"Czeska Strefa","description":"Us\u0142ugi zwi\u0105zane z e-commerce na rynku czeskim","publisher":{"@id":"https:\/\/czeskastrefa.pl\/cs\/#organization"},"alternateName":"Czeska Strefa","potentialAction":[{"@type":"SearchAction","target":{"@type":"EntryPoint","urlTemplate":"https:\/\/czeskastrefa.pl\/cs\/?s={search_term_string}"},"query-input":{"@type":"PropertyValueSpecification","valueRequired":true,"valueName":"search_term_string"}}],"inLanguage":"cs"},{"@type":"Organization","@id":"https:\/\/czeskastrefa.pl\/cs\/#organization","name":"Czeska Strefa","alternateName":"Us\u0142ugi e-commerce na rynku czeskim","url":"https:\/\/czeskastrefa.pl\/cs\/","logo":{"@type":"ImageObject","inLanguage":"cs","@id":"https:\/\/czeskastrefa.pl\/cs\/#\/schema\/logo\/image\/","url":"https:\/\/czeskastrefa.pl\/wp-content\/uploads\/2024\/04\/cropped-thumbnail_czeska-strefa-512-pxbhhui.png","contentUrl":"https:\/\/czeskastrefa.pl\/wp-content\/uploads\/2024\/04\/cropped-thumbnail_czeska-strefa-512-pxbhhui.png","width":240,"height":240,"caption":"Czeska Strefa"},"image":{"@id":"https:\/\/czeskastrefa.pl\/cs\/#\/schema\/logo\/image\/"},"sameAs":["https:\/\/www.facebook.com\/czeskastrefa","https:\/\/www.linkedin.com\/company\/czeskastrefa","https:\/\/www.instagram.com\/czeskastrefa"]}]}},"_links":{"self":[{"href":"https:\/\/czeskastrefa.pl\/cs\/wp-json\/wp\/v2\/pages\/1539","targetHints":{"allow":["GET"]}}],"collection":[{"href":"https:\/\/czeskastrefa.pl\/cs\/wp-json\/wp\/v2\/pages"}],"about":[{"href":"https:\/\/czeskastrefa.pl\/cs\/wp-json\/wp\/v2\/types\/page"}],"author":[{"embeddable":true,"href":"https:\/\/czeskastrefa.pl\/cs\/wp-json\/wp\/v2\/users\/1"}],"replies":[{"embeddable":true,"href":"https:\/\/czeskastrefa.pl\/cs\/wp-json\/wp\/v2\/comments?post=1539"}],"version-history":[{"count":2,"href":"https:\/\/czeskastrefa.pl\/cs\/wp-json\/wp\/v2\/pages\/1539\/revisions"}],"predecessor-version":[{"id":2421,"href":"https:\/\/czeskastrefa.pl\/cs\/wp-json\/wp\/v2\/pages\/1539\/revisions\/2421"}],"wp:featuredmedia":[{"embeddable":true,"href":"https:\/\/czeskastrefa.pl\/cs\/wp-json\/wp\/v2\/media\/1385"}],"wp:attachment":[{"href":"https:\/\/czeskastrefa.pl\/cs\/wp-json\/wp\/v2\/media?parent=1539"}],"curies":[{"name":"wp","href":"https:\/\/api.w.org\/{rel}","templated":true}]}}