{"id":1558,"date":"2024-05-03T20:54:38","date_gmt":"2024-05-03T18:54:38","guid":{"rendered":"https:\/\/czeskastrefa.pl\/grafika\/"},"modified":"2024-05-15T20:34:02","modified_gmt":"2024-05-15T18:34:02","slug":"grafika","status":"publish","type":"page","link":"https:\/\/czeskastrefa.pl\/cs\/grafika\/","title":{"rendered":"Grafika"},"content":{"rendered":"\n<blockquote class=\"wp-block-quote is-layout-flow wp-block-quote-is-layout-flow\">\n<p>Pot\u0159ebujete vytvo\u0159it logo pro svou firmu nebo reklamn\u00ed bannery na m\u00edru \u010desk\u00e9mu trhu? Pod\u00edvejte se na na\u0161i nab\u00eddku.  <\/p>\n<\/blockquote>\n\n<p><strong>V tomto ohledu poskytujeme n\u00e1sleduj\u00edc\u00ed slu\u017eby:  <\/strong>  <\/p>\n\n<p><strong>1. vytvo\u0159en\u00ed loga spole\u010dnosti<\/strong> <\/p>\n\n<p>Na z\u00e1klad\u011b va\u0161ich o\u010dek\u00e1v\u00e1n\u00ed vytvo\u0159\u00edme logo pro va\u0161i spole\u010dnost nebo organizaci.  <\/p>\n\n<p><strong>2. kniha zna\u010dek<\/strong> <\/p>\n\n<p>Pokyny pro spr\u00e1vn\u00e9 pou\u017e\u00edv\u00e1n\u00ed zna\u010dky (loga). Komplexn\u00ed dokument obsahuj\u00edc\u00ed ve\u0161ker\u00e9 informace o logu a firemn\u00edch stylech, jako jsou barvy, typografie, dal\u0161\u00ed dekorativn\u00ed prvky specifick\u00e9 pro zna\u010dku. Obsahuje tak\u00e9 \u0161ablony pro skladov\u00e9 \/ ti\u0161t\u011bn\u00e9 materi\u00e1ly &#8211; vizitky, hlavi\u010dkov\u00e9 pap\u00edry, kalend\u00e1\u0159e, tri\u010dka, pera a hrnky s logy nebo samolepkami.  <\/p>\n\n<p><strong>3 Tvorba let\u00e1ku<\/strong> <\/p>\n\n<p>Vytvo\u0159en\u00ed let\u00e1ku s informa\u010dn\u00edm nebo reklamn\u00edm textem.  <\/p>\n\n<p><strong>4. n\u00e1vrh bro\u017eury<\/strong> <\/p>\n\n<p>Tenk\u00e1 bro\u017eura v m\u011bkk\u00fdch desk\u00e1ch m\u016f\u017ee obsahovat informace o v\u00fdrobku, slu\u017eb\u00e1ch spole\u010dnosti, ud\u00e1losti atd.  <\/p>\n\n<p><strong>5 Citylight  <\/strong>  <\/p>\n\n<p>Typ venkovn\u00ed pouli\u010dn\u00ed reklamy ve form\u011b billboard\u016f, obvykle osv\u011btlen\u00fdch, o rozm\u011brech obvykle 1,2 \u00d7 1,8 m.  <\/p>\n\n<p><strong>6. n\u00e1vrh plak\u00e1tu<\/strong> <\/p>\n\n<p>Typ tiskoviny klasifikovan\u00fd jako dopln\u011bk. Jednostrann\u00e9 velkoform\u00e1tov\u00e9 tisky (minim\u00e1ln\u011b A3), informativn\u00ed, ale n\u011bkdy i propagandistick\u00e9, jsou um\u00edst\u011bny na st\u00e1l\u00fdch ve\u0159ejn\u00fdch m\u00edstech.  <\/p>\n\n<p><strong>7. roll-up<\/strong> <\/p>\n\n<p>Reklamn\u00ed m\u00e9dium, typ jednoduch\u00e9ho zobrazovac\u00edho syst\u00e9mu sest\u00e1vaj\u00edc\u00edho z kazety se srolovan\u00fdm plak\u00e1tem a hlin\u00edkov\u00fdch trubek slou\u017e\u00edc\u00edch k znehybn\u011bn\u00ed rozvinut\u00e9ho tisku.  <\/p>\n\n<p><strong>8 Grafika pro soci\u00e1ln\u00ed m\u00e9dia<\/strong> <\/p>\n\n<p>Profilov\u00e9 fotografie, fotografie na pozad\u00ed pro soci\u00e1ln\u00ed m\u00e9dia, grafika pro vertik\u00e1ln\u00ed p\u0159\u00edsp\u011bvky, grafika pro horizont\u00e1ln\u00ed p\u0159\u00edsp\u011bvky, grafika fanou\u0161kovsk\u00fdch str\u00e1nek, karuselov\u00e9 reklamy, ob\u00e1lky ud\u00e1lost\u00ed, pokryt\u00ed Facebooku a Instagramu.  <\/p>\n\n<p><strong>9. reklamn\u00ed bannery<\/strong> <\/p>\n\n<p>Bannery ur\u010den\u00e9 pro reklamn\u00ed kampan\u011b na va\u0161e produkty nebo slu\u017eby.  <\/p>\n\n<p><strong>10. Grafick\u00fd design katalog\u016f a knih<\/strong> <\/p>\n\n<p><strong>11. obaly na knihy, katalogy a CD<\/strong> <\/p>\n\n<p><strong>12 Balen\u00ed v\u00fdrobku<\/strong> <\/p>\n\n<p><strong>13. zpracov\u00e1n\u00ed obrazu<\/strong> <\/p>\n\n<p>O\u0159\u00edznut\u00ed, zlep\u0161en\u00ed barev, kontrastu a jasu.  <\/p>\n\n<p><strong>14. retu\u0161ov\u00e1n\u00ed fotografi\u00ed<\/strong> <\/p>\n\n<p>Pokud pot\u0159ebujete podporu s grafikou, nev\u00e1hejte n\u00e1s kontaktovat na adrese <a href=\"mailto:info@czeskastrefa.pl\" target=\"_blank\" rel=\"noreferrer noopener\">info@czeskastrefa.pl<\/a>.  <\/p>\n","protected":false},"excerpt":{"rendered":"<p>Pot\u0159ebujete vytvo\u0159it logo pro svou firmu nebo reklamn\u00ed bannery na m\u00edru \u010desk\u00e9mu trhu? Pod\u00edvejte se na na\u0161i nab\u00eddku. V tomto ohledu poskytujeme n\u00e1sleduj\u00edc\u00ed slu\u017eby: 1. vytvo\u0159en\u00ed loga spole\u010dnosti Na z\u00e1klad\u011b va\u0161ich o\u010dek\u00e1v\u00e1n\u00ed vytvo\u0159\u00edme logo pro va\u0161i spole\u010dnost nebo organizaci. 2. kniha zna\u010dek Pokyny pro spr\u00e1vn\u00e9 pou\u017e\u00edv\u00e1n\u00ed zna\u010dky (loga). Komplexn\u00ed dokument obsahuj\u00edc\u00ed ve\u0161ker\u00e9 informace o logu [&hellip;]<\/p>\n","protected":false},"author":1,"featured_media":2221,"parent":0,"menu_order":0,"comment_status":"closed","ping_status":"closed","template":"","meta":{"footnotes":""},"class_list":["post-1558","page","type-page","status-publish","has-post-thumbnail","hentry"],"yoast_head":"<!-- This site is optimized with the Yoast SEO plugin v26.7 - https:\/\/yoast.com\/wordpress\/plugins\/seo\/ -->\n<title>Grafika | Czeska Strefa<\/title>\n<meta name=\"description\" content=\"Pot\u0159ebujete vytvo\u0159it logo pro svou firmu nebo reklamn\u00ed bannery na m\u00edru \u010desk\u00e9mu trhu? Pod\u00edvejte se na na\u0161i nab\u00eddku.\" \/>\n<meta name=\"robots\" content=\"index, follow, max-snippet:-1, max-image-preview:large, max-video-preview:-1\" \/>\n<link rel=\"canonical\" href=\"https:\/\/czeskastrefa.pl\/cs\/grafika\/\" \/>\n<meta property=\"og:locale\" content=\"cs_CZ\" \/>\n<meta property=\"og:type\" content=\"article\" \/>\n<meta property=\"og:title\" content=\"Grafika\" \/>\n<meta property=\"og:description\" content=\"Pot\u0159ebujete vytvo\u0159it logo pro svou firmu nebo reklamn\u00ed bannery na m\u00edru \u010desk\u00e9mu trhu? Pod\u00edvejte se na na\u0161i nab\u00eddku.\" \/>\n<meta property=\"og:url\" content=\"https:\/\/czeskastrefa.pl\/cs\/grafika\/\" \/>\n<meta property=\"og:site_name\" content=\"Czeska Strefa\" \/>\n<meta property=\"article:publisher\" content=\"https:\/\/www.facebook.com\/czeskastrefa\" \/>\n<meta property=\"article:modified_time\" content=\"2024-05-15T18:34:02+00:00\" \/>\n<meta property=\"og:image\" content=\"https:\/\/czeskastrefa.pl\/wp-content\/uploads\/2024\/05\/bw-greek-statue-image-torn-paper-style-remixed-media-1.jpg\" \/>\n<meta name=\"twitter:card\" content=\"summary_large_image\" \/>\n<meta name=\"twitter:label1\" content=\"Odhadovan\u00e1 doba \u010dten\u00ed\" \/>\n\t<meta name=\"twitter:data1\" content=\"2 minuty\" \/>\n<script type=\"application\/ld+json\" class=\"yoast-schema-graph\">{\"@context\":\"https:\/\/schema.org\",\"@graph\":[{\"@type\":\"WebPage\",\"@id\":\"https:\/\/czeskastrefa.pl\/cs\/grafika\/\",\"url\":\"https:\/\/czeskastrefa.pl\/cs\/grafika\/\",\"name\":\"Grafika | Czeska Strefa\",\"isPartOf\":{\"@id\":\"https:\/\/czeskastrefa.pl\/cs\/#website\"},\"primaryImageOfPage\":{\"@id\":\"https:\/\/czeskastrefa.pl\/cs\/grafika\/#primaryimage\"},\"image\":{\"@id\":\"https:\/\/czeskastrefa.pl\/cs\/grafika\/#primaryimage\"},\"thumbnailUrl\":\"https:\/\/czeskastrefa.pl\/wp-content\/uploads\/2024\/10\/iStock-1415925069-1.jpg\",\"datePublished\":\"2024-05-03T18:54:38+00:00\",\"dateModified\":\"2024-05-15T18:34:02+00:00\",\"description\":\"Pot\u0159ebujete vytvo\u0159it logo pro svou firmu nebo reklamn\u00ed bannery na m\u00edru \u010desk\u00e9mu trhu? Pod\u00edvejte se na na\u0161i nab\u00eddku.\",\"breadcrumb\":{\"@id\":\"https:\/\/czeskastrefa.pl\/cs\/grafika\/#breadcrumb\"},\"inLanguage\":\"cs\",\"potentialAction\":[{\"@type\":\"ReadAction\",\"target\":[\"https:\/\/czeskastrefa.pl\/cs\/grafika\/\"]}]},{\"@type\":\"ImageObject\",\"inLanguage\":\"cs\",\"@id\":\"https:\/\/czeskastrefa.pl\/cs\/grafika\/#primaryimage\",\"url\":\"https:\/\/czeskastrefa.pl\/wp-content\/uploads\/2024\/10\/iStock-1415925069-1.jpg\",\"contentUrl\":\"https:\/\/czeskastrefa.pl\/wp-content\/uploads\/2024\/10\/iStock-1415925069-1.jpg\",\"width\":2121,\"height\":1414,\"caption\":\"Asian woman graphic designer working in office. Artist creative designer illustrator graphic skill concept.\"},{\"@type\":\"BreadcrumbList\",\"@id\":\"https:\/\/czeskastrefa.pl\/cs\/grafika\/#breadcrumb\",\"itemListElement\":[{\"@type\":\"ListItem\",\"position\":1,\"name\":\"Strona g\u0142\u00f3wna\",\"item\":\"https:\/\/czeskastrefa.pl\/cs\/\"},{\"@type\":\"ListItem\",\"position\":2,\"name\":\"Grafika\"}]},{\"@type\":\"WebSite\",\"@id\":\"https:\/\/czeskastrefa.pl\/cs\/#website\",\"url\":\"https:\/\/czeskastrefa.pl\/cs\/\",\"name\":\"Czeska Strefa\",\"description\":\"Us\u0142ugi zwi\u0105zane z e-commerce na rynku czeskim\",\"publisher\":{\"@id\":\"https:\/\/czeskastrefa.pl\/cs\/#organization\"},\"alternateName\":\"Czeska Strefa\",\"potentialAction\":[{\"@type\":\"SearchAction\",\"target\":{\"@type\":\"EntryPoint\",\"urlTemplate\":\"https:\/\/czeskastrefa.pl\/cs\/?s={search_term_string}\"},\"query-input\":{\"@type\":\"PropertyValueSpecification\",\"valueRequired\":true,\"valueName\":\"search_term_string\"}}],\"inLanguage\":\"cs\"},{\"@type\":\"Organization\",\"@id\":\"https:\/\/czeskastrefa.pl\/cs\/#organization\",\"name\":\"Czeska Strefa\",\"alternateName\":\"Us\u0142ugi e-commerce na rynku czeskim\",\"url\":\"https:\/\/czeskastrefa.pl\/cs\/\",\"logo\":{\"@type\":\"ImageObject\",\"inLanguage\":\"cs\",\"@id\":\"https:\/\/czeskastrefa.pl\/cs\/#\/schema\/logo\/image\/\",\"url\":\"https:\/\/czeskastrefa.pl\/wp-content\/uploads\/2024\/04\/cropped-thumbnail_czeska-strefa-512-pxbhhui.png\",\"contentUrl\":\"https:\/\/czeskastrefa.pl\/wp-content\/uploads\/2024\/04\/cropped-thumbnail_czeska-strefa-512-pxbhhui.png\",\"width\":240,\"height\":240,\"caption\":\"Czeska Strefa\"},\"image\":{\"@id\":\"https:\/\/czeskastrefa.pl\/cs\/#\/schema\/logo\/image\/\"},\"sameAs\":[\"https:\/\/www.facebook.com\/czeskastrefa\",\"https:\/\/www.linkedin.com\/company\/czeskastrefa\",\"https:\/\/www.instagram.com\/czeskastrefa\"]}]}<\/script>\n<!-- \/ Yoast SEO plugin. -->","yoast_head_json":{"title":"Grafika | Czeska Strefa","description":"Pot\u0159ebujete vytvo\u0159it logo pro svou firmu nebo reklamn\u00ed bannery na m\u00edru \u010desk\u00e9mu trhu? Pod\u00edvejte se na na\u0161i nab\u00eddku.","robots":{"index":"index","follow":"follow","max-snippet":"max-snippet:-1","max-image-preview":"max-image-preview:large","max-video-preview":"max-video-preview:-1"},"canonical":"https:\/\/czeskastrefa.pl\/cs\/grafika\/","og_locale":"cs_CZ","og_type":"article","og_title":"Grafika","og_description":"Pot\u0159ebujete vytvo\u0159it logo pro svou firmu nebo reklamn\u00ed bannery na m\u00edru \u010desk\u00e9mu trhu? Pod\u00edvejte se na na\u0161i nab\u00eddku.","og_url":"https:\/\/czeskastrefa.pl\/cs\/grafika\/","og_site_name":"Czeska Strefa","article_publisher":"https:\/\/www.facebook.com\/czeskastrefa","article_modified_time":"2024-05-15T18:34:02+00:00","og_image":[{"url":"https:\/\/czeskastrefa.pl\/wp-content\/uploads\/2024\/05\/bw-greek-statue-image-torn-paper-style-remixed-media-1.jpg","type":"","width":"","height":""}],"twitter_card":"summary_large_image","twitter_misc":{"Odhadovan\u00e1 doba \u010dten\u00ed":"2 minuty"},"schema":{"@context":"https:\/\/schema.org","@graph":[{"@type":"WebPage","@id":"https:\/\/czeskastrefa.pl\/cs\/grafika\/","url":"https:\/\/czeskastrefa.pl\/cs\/grafika\/","name":"Grafika | Czeska Strefa","isPartOf":{"@id":"https:\/\/czeskastrefa.pl\/cs\/#website"},"primaryImageOfPage":{"@id":"https:\/\/czeskastrefa.pl\/cs\/grafika\/#primaryimage"},"image":{"@id":"https:\/\/czeskastrefa.pl\/cs\/grafika\/#primaryimage"},"thumbnailUrl":"https:\/\/czeskastrefa.pl\/wp-content\/uploads\/2024\/10\/iStock-1415925069-1.jpg","datePublished":"2024-05-03T18:54:38+00:00","dateModified":"2024-05-15T18:34:02+00:00","description":"Pot\u0159ebujete vytvo\u0159it logo pro svou firmu nebo reklamn\u00ed bannery na m\u00edru \u010desk\u00e9mu trhu? Pod\u00edvejte se na na\u0161i nab\u00eddku.","breadcrumb":{"@id":"https:\/\/czeskastrefa.pl\/cs\/grafika\/#breadcrumb"},"inLanguage":"cs","potentialAction":[{"@type":"ReadAction","target":["https:\/\/czeskastrefa.pl\/cs\/grafika\/"]}]},{"@type":"ImageObject","inLanguage":"cs","@id":"https:\/\/czeskastrefa.pl\/cs\/grafika\/#primaryimage","url":"https:\/\/czeskastrefa.pl\/wp-content\/uploads\/2024\/10\/iStock-1415925069-1.jpg","contentUrl":"https:\/\/czeskastrefa.pl\/wp-content\/uploads\/2024\/10\/iStock-1415925069-1.jpg","width":2121,"height":1414,"caption":"Asian woman graphic designer working in office. Artist creative designer illustrator graphic skill concept."},{"@type":"BreadcrumbList","@id":"https:\/\/czeskastrefa.pl\/cs\/grafika\/#breadcrumb","itemListElement":[{"@type":"ListItem","position":1,"name":"Strona g\u0142\u00f3wna","item":"https:\/\/czeskastrefa.pl\/cs\/"},{"@type":"ListItem","position":2,"name":"Grafika"}]},{"@type":"WebSite","@id":"https:\/\/czeskastrefa.pl\/cs\/#website","url":"https:\/\/czeskastrefa.pl\/cs\/","name":"Czeska Strefa","description":"Us\u0142ugi zwi\u0105zane z e-commerce na rynku czeskim","publisher":{"@id":"https:\/\/czeskastrefa.pl\/cs\/#organization"},"alternateName":"Czeska Strefa","potentialAction":[{"@type":"SearchAction","target":{"@type":"EntryPoint","urlTemplate":"https:\/\/czeskastrefa.pl\/cs\/?s={search_term_string}"},"query-input":{"@type":"PropertyValueSpecification","valueRequired":true,"valueName":"search_term_string"}}],"inLanguage":"cs"},{"@type":"Organization","@id":"https:\/\/czeskastrefa.pl\/cs\/#organization","name":"Czeska Strefa","alternateName":"Us\u0142ugi e-commerce na rynku czeskim","url":"https:\/\/czeskastrefa.pl\/cs\/","logo":{"@type":"ImageObject","inLanguage":"cs","@id":"https:\/\/czeskastrefa.pl\/cs\/#\/schema\/logo\/image\/","url":"https:\/\/czeskastrefa.pl\/wp-content\/uploads\/2024\/04\/cropped-thumbnail_czeska-strefa-512-pxbhhui.png","contentUrl":"https:\/\/czeskastrefa.pl\/wp-content\/uploads\/2024\/04\/cropped-thumbnail_czeska-strefa-512-pxbhhui.png","width":240,"height":240,"caption":"Czeska Strefa"},"image":{"@id":"https:\/\/czeskastrefa.pl\/cs\/#\/schema\/logo\/image\/"},"sameAs":["https:\/\/www.facebook.com\/czeskastrefa","https:\/\/www.linkedin.com\/company\/czeskastrefa","https:\/\/www.instagram.com\/czeskastrefa"]}]}},"_links":{"self":[{"href":"https:\/\/czeskastrefa.pl\/cs\/wp-json\/wp\/v2\/pages\/1558","targetHints":{"allow":["GET"]}}],"collection":[{"href":"https:\/\/czeskastrefa.pl\/cs\/wp-json\/wp\/v2\/pages"}],"about":[{"href":"https:\/\/czeskastrefa.pl\/cs\/wp-json\/wp\/v2\/types\/page"}],"author":[{"embeddable":true,"href":"https:\/\/czeskastrefa.pl\/cs\/wp-json\/wp\/v2\/users\/1"}],"replies":[{"embeddable":true,"href":"https:\/\/czeskastrefa.pl\/cs\/wp-json\/wp\/v2\/comments?post=1558"}],"version-history":[{"count":1,"href":"https:\/\/czeskastrefa.pl\/cs\/wp-json\/wp\/v2\/pages\/1558\/revisions"}],"predecessor-version":[{"id":1567,"href":"https:\/\/czeskastrefa.pl\/cs\/wp-json\/wp\/v2\/pages\/1558\/revisions\/1567"}],"wp:featuredmedia":[{"embeddable":true,"href":"https:\/\/czeskastrefa.pl\/cs\/wp-json\/wp\/v2\/media\/2221"}],"wp:attachment":[{"href":"https:\/\/czeskastrefa.pl\/cs\/wp-json\/wp\/v2\/media?parent=1558"}],"curies":[{"name":"wp","href":"https:\/\/api.w.org\/{rel}","templated":true}]}}