{"id":1583,"date":"2024-04-22T21:05:01","date_gmt":"2024-04-22T19:05:01","guid":{"rendered":"https:\/\/czeskastrefa.pl\/qa\/"},"modified":"2024-05-15T20:34:02","modified_gmt":"2024-05-15T18:34:02","slug":"qa","status":"publish","type":"page","link":"https:\/\/czeskastrefa.pl\/cs\/qa\/","title":{"rendered":"Q&amp;A"},"content":{"rendered":"\n<div class=\"wp-block-group service-section has-global-padding is-layout-constrained wp-container-core-group-is-layout-42c4990b wp-block-group-is-layout-constrained\" style=\"margin-top:0;margin-bottom:0;padding-top:var(--wp--preset--spacing--80);padding-bottom:var(--wp--preset--spacing--80)\">\n<h3 class=\"wp-block-heading alignfull has-text-align-center wow bounceInDown delay-1000 has-primary-color has-text-color has-link-color wp-elements-068d66026f3dedaa0217e3abeecd3770\" style=\"text-transform:uppercase\"><strong>Ot\u00e1zky a odpov\u011bdi<\/strong><\/h3>\n\n\n\n<p class=\"has-text-align-center has-heading-color has-text-color has-link-color has-regular-font-size wp-elements-ca387e82fce07773965313f390dc619c\" style=\"font-style:normal;font-weight:500\">Nej\u010dast\u011bj\u0161\u00ed dotazy na\u0161ich klient\u016f podnikaj\u00edc\u00edch v \u010cesk\u00e9 republice.<\/p>\n\n\n\n<div style=\"height:18px\" aria-hidden=\"true\" class=\"wp-block-spacer\"><\/div>\n\n\n\n<div class=\"wp-block-columns alignfull are-vertically-aligned-center service-outer-box is-layout-flex wp-container-core-columns-is-layout-9b24e0e0 wp-block-columns-is-layout-flex\">\n<div class=\"wp-block-column is-vertically-aligned-center service-box wow swing is-layout-flow wp-block-column-is-layout-flow\" style=\"flex-basis:33.33%\">\n<div class=\"wp-block-group service-inner-box has-background has-global-padding is-layout-constrained wp-container-core-group-is-layout-280f0a9a wp-block-group-is-layout-constrained\" style=\"background-color:#f5f5f5;padding-top:20px;padding-right:15px;padding-bottom:20px;padding-left:15px\">\n<figure class=\"wp-block-image aligncenter size-full\"><a href=\"https:\/\/czeskastrefa.pl\/cs\/jak-si-mohu-otevrit-bankovni-ucet-v-ceske-republice\/\"><img loading=\"lazy\" decoding=\"async\" width=\"800\" height=\"533\" src=\"https:\/\/czeskastrefa.pl\/wp-content\/uploads\/2024\/04\/iStock-1389182834-1.jpg\" alt=\"\" class=\"wp-image-654\" srcset=\"https:\/\/czeskastrefa.pl\/wp-content\/uploads\/2024\/04\/iStock-1389182834-1.jpg 800w, https:\/\/czeskastrefa.pl\/wp-content\/uploads\/2024\/04\/iStock-1389182834-1-300x200.jpg 300w, https:\/\/czeskastrefa.pl\/wp-content\/uploads\/2024\/04\/iStock-1389182834-1-768x512.jpg 768w\" sizes=\"auto, (max-width: 800px) 100vw, 800px\" \/><\/a><\/figure>\n\n\n\n<h6 class=\"wp-block-heading has-text-align-center has-text-color has-link-color wp-elements-eb7dc34cc1f520592a44ff0706f29288\" style=\"color:#424242;text-transform:capitalize\">Jak si mohu otev\u0159\u00edt bankovn\u00ed \u00fa\u010det v \u010cesk\u00e9 republice?<\/h6>\n\n\n\n<hr class=\"wp-block-separator has-text-color has-primary-color has-alpha-channel-opacity has-primary-background-color has-background service-seperator\" style=\"margin-top:var(--wp--preset--spacing--30);margin-bottom:var(--wp--preset--spacing--30)\"\/>\n\n\n\n<p class=\"has-text-align-center\">Proces zalo\u017een\u00ed bankovn\u00edho \u00fa\u010dtu ve t\u0159ech kroc\u00edch. Slu\u017eby, kter\u00e9 v t\u00e9to oblasti nab\u00edz\u00edme.<\/p>\n<\/div>\n<\/div>\n\n\n\n<div class=\"wp-block-column is-vertically-aligned-center service-box wow swing is-layout-flow wp-block-column-is-layout-flow\" style=\"flex-basis:33.33%\">\n<div class=\"wp-block-group service-inner-box has-background has-global-padding is-layout-constrained wp-container-core-group-is-layout-280f0a9a wp-block-group-is-layout-constrained\" style=\"background-color:#f5f5f5;padding-top:20px;padding-right:15px;padding-bottom:20px;padding-left:15px\">\n<figure class=\"wp-block-image aligncenter size-full\"><a href=\"https:\/\/czeskastrefa.pl\/jak-stworzyc-i-wyslac-zlecenie\/\"><img loading=\"lazy\" decoding=\"async\" width=\"1024\" height=\"684\" src=\"https:\/\/czeskastrefa.pl\/wp-content\/uploads\/2024\/04\/iStock-1370835398-1.jpg\" alt=\"\" class=\"wp-image-655\" srcset=\"https:\/\/czeskastrefa.pl\/wp-content\/uploads\/2024\/04\/iStock-1370835398-1.jpg 1024w, https:\/\/czeskastrefa.pl\/wp-content\/uploads\/2024\/04\/iStock-1370835398-1-300x200.jpg 300w, https:\/\/czeskastrefa.pl\/wp-content\/uploads\/2024\/04\/iStock-1370835398-1-768x513.jpg 768w\" sizes=\"auto, (max-width: 1024px) 100vw, 1024px\" \/><\/a><\/figure>\n\n\n\n<h6 class=\"wp-block-heading has-text-align-center has-text-color has-link-color wp-elements-29b40ad5ac8db3653e294fe83515161f\" style=\"color:#424242;text-transform:capitalize\">Jak vytvo\u0159\u00edm a ode\u0161lu objedn\u00e1vku?<\/h6>\n\n\n\n<hr class=\"wp-block-separator has-text-color has-primary-color has-alpha-channel-opacity has-primary-background-color has-background service-seperator\" style=\"margin-top:var(--wp--preset--spacing--30);margin-bottom:var(--wp--preset--spacing--30)\"\/>\n\n\n\n<p class=\"has-text-align-center\">Praktick\u00e9 rady, jak p\u0159ipravit objedn\u00e1vku pro cenovou nab\u00eddku a v jak\u00fdch situac\u00edch je to nutn\u00e9.<\/p>\n<\/div>\n<\/div>\n\n\n\n<div class=\"wp-block-column is-vertically-aligned-center service-box wow swing is-layout-flow wp-block-column-is-layout-flow\" style=\"flex-basis:33.33%\">\n<div class=\"wp-block-group service-inner-box has-background has-global-padding is-layout-constrained wp-container-core-group-is-layout-280f0a9a wp-block-group-is-layout-constrained\" style=\"background-color:#f5f5f5;padding-top:20px;padding-right:15px;padding-bottom:20px;padding-left:15px\">\n<figure class=\"wp-block-image aligncenter size-full\"><a href=\"https:\/\/czeskastrefa.pl\/cs\/jak-navazat-trvalou-spolupraci\/\"><img loading=\"lazy\" decoding=\"async\" width=\"2121\" height=\"1414\" src=\"https:\/\/czeskastrefa.pl\/wp-content\/uploads\/2024\/04\/iStock-859663820.jpg\" alt=\"\" class=\"wp-image-657\" srcset=\"https:\/\/czeskastrefa.pl\/wp-content\/uploads\/2024\/04\/iStock-859663820.jpg 2121w, https:\/\/czeskastrefa.pl\/wp-content\/uploads\/2024\/04\/iStock-859663820-300x200.jpg 300w, https:\/\/czeskastrefa.pl\/wp-content\/uploads\/2024\/04\/iStock-859663820-1024x683.jpg 1024w, https:\/\/czeskastrefa.pl\/wp-content\/uploads\/2024\/04\/iStock-859663820-768x512.jpg 768w, https:\/\/czeskastrefa.pl\/wp-content\/uploads\/2024\/04\/iStock-859663820-1536x1024.jpg 1536w, https:\/\/czeskastrefa.pl\/wp-content\/uploads\/2024\/04\/iStock-859663820-2048x1365.jpg 2048w\" sizes=\"auto, (max-width: 2121px) 100vw, 2121px\" \/><\/a><\/figure>\n\n\n\n<h6 class=\"wp-block-heading has-text-align-center has-text-color has-link-color wp-elements-a6ffaee3b41af123d8a0f1539816975c\" style=\"color:#424242;text-transform:capitalize\">Jak nav\u00e1zat trvalou spolupr\u00e1ci?<\/h6>\n\n\n\n<hr class=\"wp-block-separator has-text-color has-primary-color has-alpha-channel-opacity has-primary-background-color has-background service-seperator\" style=\"margin-top:var(--wp--preset--spacing--30);margin-bottom:var(--wp--preset--spacing--30)\"\/>\n\n\n\n<p class=\"has-text-align-center\">Proces zah\u00e1jen\u00ed dlouhodob\u00e9 spolupr\u00e1ce v bodech. Na co se p\u0159ipravit.  <\/p>\n<\/div>\n<\/div>\n<\/div>\n\n\n\n<div class=\"wp-block-columns alignfull are-vertically-aligned-center service-outer-box is-layout-flex wp-container-core-columns-is-layout-9b24e0e0 wp-block-columns-is-layout-flex\">\n<div class=\"wp-block-column is-vertically-aligned-center service-box wow swing is-layout-flow wp-block-column-is-layout-flow\" style=\"flex-basis:33.33%\">\n<div class=\"wp-block-group service-inner-box has-background has-global-padding is-layout-constrained wp-container-core-group-is-layout-280f0a9a wp-block-group-is-layout-constrained\" style=\"background-color:#f5f5f5;padding-top:20px;padding-right:15px;padding-bottom:20px;padding-left:15px\">\n<figure class=\"wp-block-image aligncenter size-full\"><a href=\"https:\/\/czeskastrefa.pl\/co-wplywa-na-wiarygodnosc-twojego-sklepu-internetowego\/\"><img loading=\"lazy\" decoding=\"async\" width=\"1024\" height=\"684\" src=\"https:\/\/czeskastrefa.pl\/wp-content\/uploads\/2024\/04\/iStock-1127293325-1.jpg\" alt=\"\" class=\"wp-image-658\" srcset=\"https:\/\/czeskastrefa.pl\/wp-content\/uploads\/2024\/04\/iStock-1127293325-1.jpg 1024w, https:\/\/czeskastrefa.pl\/wp-content\/uploads\/2024\/04\/iStock-1127293325-1-300x200.jpg 300w, https:\/\/czeskastrefa.pl\/wp-content\/uploads\/2024\/04\/iStock-1127293325-1-768x513.jpg 768w\" sizes=\"auto, (max-width: 1024px) 100vw, 1024px\" \/><\/a><\/figure>\n\n\n\n<h6 class=\"wp-block-heading has-text-align-center has-text-color has-link-color wp-elements-4697bacd4b7845d9707e747ac55a1bbc\" style=\"color:#424242;text-transform:capitalize\">Jak zv\u00fd\u0161it d\u016fv\u011bryhodnost internetov\u00e9ho obchodu?<\/h6>\n\n\n\n<hr class=\"wp-block-separator has-text-color has-primary-color has-alpha-channel-opacity has-primary-background-color has-background service-seperator\" style=\"margin-top:var(--wp--preset--spacing--30);margin-bottom:var(--wp--preset--spacing--30)\"\/>\n\n\n\n<p class=\"has-text-align-center\">5 v\u011bc\u00ed, kter\u00e9 \u010de\u0161t\u00ed z\u00e1kazn\u00edci ocen\u00ed na va\u0161em internetov\u00e9m obchod\u011b.<\/p>\n<\/div>\n<\/div>\n\n\n\n<div class=\"wp-block-column is-vertically-aligned-center service-box wow swing is-layout-flow wp-block-column-is-layout-flow\" style=\"flex-basis:33.33%\">\n<div class=\"wp-block-group service-inner-box has-background has-global-padding is-layout-constrained wp-container-core-group-is-layout-280f0a9a wp-block-group-is-layout-constrained\" style=\"background-color:#f5f5f5;padding-top:20px;padding-right:15px;padding-bottom:20px;padding-left:15px\">\n<figure class=\"wp-block-image aligncenter size-full\"><a href=\"https:\/\/czeskastrefa.pl\/jak-zwiekszyc-sprzedaz-produktow-dzieki-seo\/\"><img loading=\"lazy\" decoding=\"async\" width=\"1024\" height=\"684\" src=\"https:\/\/czeskastrefa.pl\/wp-content\/uploads\/2024\/04\/iStock-966214594-1.jpg\" alt=\"\" class=\"wp-image-659\" srcset=\"https:\/\/czeskastrefa.pl\/wp-content\/uploads\/2024\/04\/iStock-966214594-1.jpg 1024w, https:\/\/czeskastrefa.pl\/wp-content\/uploads\/2024\/04\/iStock-966214594-1-300x200.jpg 300w, https:\/\/czeskastrefa.pl\/wp-content\/uploads\/2024\/04\/iStock-966214594-1-768x513.jpg 768w\" sizes=\"auto, (max-width: 1024px) 100vw, 1024px\" \/><\/a><\/figure>\n\n\n\n<h6 class=\"wp-block-heading has-text-align-center has-text-color has-link-color wp-elements-c3fb00b7328ed0fa854ce5ad89f06b7e\" style=\"color:#424242;text-transform:capitalize\">Jak zv\u00fd\u0161it prodej v\u00fdrobk\u016f?<\/h6>\n\n\n\n<hr class=\"wp-block-separator has-text-color has-primary-color has-alpha-channel-opacity has-primary-background-color has-background service-seperator\" style=\"margin-top:var(--wp--preset--spacing--30);margin-bottom:var(--wp--preset--spacing--30)\"\/>\n\n\n\n<p class=\"has-text-align-center\">Definice, metody optimalizace SEO a jej\u00ed chyby a dosahov\u00e1n\u00ed zisku prost\u0159ednictv\u00edm SEO.  <\/p>\n<\/div>\n<\/div>\n\n\n\n<div class=\"wp-block-column is-vertically-aligned-center service-box wow swing is-layout-flow wp-block-column-is-layout-flow\" style=\"flex-basis:33.33%\">\n<div class=\"wp-block-group service-inner-box has-background has-global-padding is-layout-constrained wp-container-core-group-is-layout-280f0a9a wp-block-group-is-layout-constrained\" style=\"background-color:#f5f5f5;padding-top:20px;padding-right:15px;padding-bottom:20px;padding-left:15px\">\n<figure class=\"wp-block-image aligncenter size-full\"><a href=\"https:\/\/czeskastrefa.pl\/ktore-przepisy-dotycza-e-commerce-na-rynku-czeskim\/\"><img loading=\"lazy\" decoding=\"async\" width=\"1024\" height=\"684\" src=\"https:\/\/czeskastrefa.pl\/wp-content\/uploads\/2024\/04\/iStock-107098187245-1.jpg\" alt=\"\" class=\"wp-image-660\" srcset=\"https:\/\/czeskastrefa.pl\/wp-content\/uploads\/2024\/04\/iStock-107098187245-1.jpg 1024w, https:\/\/czeskastrefa.pl\/wp-content\/uploads\/2024\/04\/iStock-107098187245-1-300x200.jpg 300w, https:\/\/czeskastrefa.pl\/wp-content\/uploads\/2024\/04\/iStock-107098187245-1-768x513.jpg 768w\" sizes=\"auto, (max-width: 1024px) 100vw, 1024px\" \/><\/a><\/figure>\n\n\n\n<h6 class=\"wp-block-heading has-text-align-center has-text-color has-link-color wp-elements-00b505b35bab02cb4a3096a1f72d18e2\" style=\"color:#424242;text-transform:capitalize\">Jak\u00e9 p\u0159edpisy se vztahuj\u00ed na elektronick\u00e9 obchodov\u00e1n\u00ed na \u010desk\u00e9m trhu?<\/h6>\n\n\n\n<hr class=\"wp-block-separator has-text-color has-primary-color has-alpha-channel-opacity has-primary-background-color has-background service-seperator\" style=\"margin-top:var(--wp--preset--spacing--30);margin-bottom:var(--wp--preset--spacing--30)\"\/>\n\n\n\n<p class=\"has-text-align-center\">P\u0159ehled \u010desk\u00fdch pr\u00e1vn\u00edch p\u0159edpis\u016f t\u00fdkaj\u00edc\u00edch se elektronick\u00e9ho obchodov\u00e1n\u00ed.<\/p>\n<\/div>\n<\/div>\n<\/div>\n<\/div>\n","protected":false},"excerpt":{"rendered":"<p>Ot\u00e1zky a odpov\u011bdi Nej\u010dast\u011bj\u0161\u00ed dotazy na\u0161ich klient\u016f podnikaj\u00edc\u00edch v \u010cesk\u00e9 republice. Jak si mohu otev\u0159\u00edt bankovn\u00ed \u00fa\u010det v \u010cesk\u00e9 republice? Proces zalo\u017een\u00ed bankovn\u00edho \u00fa\u010dtu ve t\u0159ech kroc\u00edch. Slu\u017eby, kter\u00e9 v t\u00e9to oblasti nab\u00edz\u00edme. Jak vytvo\u0159\u00edm a ode\u0161lu objedn\u00e1vku? Praktick\u00e9 rady, jak p\u0159ipravit objedn\u00e1vku pro cenovou nab\u00eddku a v jak\u00fdch situac\u00edch je to nutn\u00e9. Jak nav\u00e1zat [&hellip;]<\/p>\n","protected":false},"author":1,"featured_media":1403,"parent":0,"menu_order":0,"comment_status":"closed","ping_status":"closed","template":"","meta":{"footnotes":""},"class_list":["post-1583","page","type-page","status-publish","has-post-thumbnail","hentry"],"yoast_head":"<!-- This site is optimized with the Yoast SEO plugin v26.7 - https:\/\/yoast.com\/wordpress\/plugins\/seo\/ -->\n<title>Q&amp;A | Czeska Strefa<\/title>\n<meta name=\"description\" content=\"Nej\u010dast\u011bj\u0161\u00ed dotazy na\u0161ich klient\u016f podnikaj\u00edc\u00edch v \u010cesk\u00e9 republice.\" \/>\n<meta name=\"robots\" content=\"index, follow, max-snippet:-1, max-image-preview:large, max-video-preview:-1\" \/>\n<link rel=\"canonical\" href=\"https:\/\/czeskastrefa.pl\/cs\/qa\/\" \/>\n<meta property=\"og:locale\" content=\"cs_CZ\" \/>\n<meta property=\"og:type\" content=\"article\" \/>\n<meta property=\"og:title\" content=\"Q&amp;A\" \/>\n<meta property=\"og:description\" content=\"Nej\u010dast\u011bj\u0161\u00ed dotazy na\u0161ich klient\u016f podnikaj\u00edc\u00edch v \u010cesk\u00e9 republice.\" \/>\n<meta property=\"og:url\" content=\"https:\/\/czeskastrefa.pl\/cs\/qa\/\" \/>\n<meta property=\"og:site_name\" content=\"Czeska Strefa\" \/>\n<meta property=\"article:publisher\" content=\"https:\/\/www.facebook.com\/czeskastrefa\" \/>\n<meta property=\"article:modified_time\" content=\"2024-05-15T18:34:02+00:00\" \/>\n<meta property=\"og:image\" content=\"https:\/\/czeskastrefa.pl\/wp-content\/uploads\/2024\/05\/frequently-asked-questions-solution-concept-scaled.jpg\" \/>\n<meta name=\"twitter:card\" content=\"summary_large_image\" \/>\n<meta name=\"twitter:label1\" content=\"Odhadovan\u00e1 doba \u010dten\u00ed\" \/>\n\t<meta name=\"twitter:data1\" content=\"1 minuta\" \/>\n<script type=\"application\/ld+json\" class=\"yoast-schema-graph\">{\"@context\":\"https:\/\/schema.org\",\"@graph\":[{\"@type\":\"WebPage\",\"@id\":\"https:\/\/czeskastrefa.pl\/cs\/qa\/\",\"url\":\"https:\/\/czeskastrefa.pl\/cs\/qa\/\",\"name\":\"Q&amp;A | Czeska Strefa\",\"isPartOf\":{\"@id\":\"https:\/\/czeskastrefa.pl\/cs\/#website\"},\"primaryImageOfPage\":{\"@id\":\"https:\/\/czeskastrefa.pl\/cs\/qa\/#primaryimage\"},\"image\":{\"@id\":\"https:\/\/czeskastrefa.pl\/cs\/qa\/#primaryimage\"},\"thumbnailUrl\":\"https:\/\/czeskastrefa.pl\/wp-content\/uploads\/2024\/05\/frequently-asked-questions-solution-concept-scaled.jpg\",\"datePublished\":\"2024-04-22T19:05:01+00:00\",\"dateModified\":\"2024-05-15T18:34:02+00:00\",\"description\":\"Nej\u010dast\u011bj\u0161\u00ed dotazy na\u0161ich klient\u016f podnikaj\u00edc\u00edch v \u010cesk\u00e9 republice.\",\"breadcrumb\":{\"@id\":\"https:\/\/czeskastrefa.pl\/cs\/qa\/#breadcrumb\"},\"inLanguage\":\"cs\",\"potentialAction\":[{\"@type\":\"ReadAction\",\"target\":[\"https:\/\/czeskastrefa.pl\/cs\/qa\/\"]}]},{\"@type\":\"ImageObject\",\"inLanguage\":\"cs\",\"@id\":\"https:\/\/czeskastrefa.pl\/cs\/qa\/#primaryimage\",\"url\":\"https:\/\/czeskastrefa.pl\/wp-content\/uploads\/2024\/05\/frequently-asked-questions-solution-concept-scaled.jpg\",\"contentUrl\":\"https:\/\/czeskastrefa.pl\/wp-content\/uploads\/2024\/05\/frequently-asked-questions-solution-concept-scaled.jpg\",\"width\":2560,\"height\":2329,\"caption\":\"Frequently Asked Questions Solution concept\"},{\"@type\":\"BreadcrumbList\",\"@id\":\"https:\/\/czeskastrefa.pl\/cs\/qa\/#breadcrumb\",\"itemListElement\":[{\"@type\":\"ListItem\",\"position\":1,\"name\":\"Strona g\u0142\u00f3wna\",\"item\":\"https:\/\/czeskastrefa.pl\/cs\/\"},{\"@type\":\"ListItem\",\"position\":2,\"name\":\"Q&amp;A\"}]},{\"@type\":\"WebSite\",\"@id\":\"https:\/\/czeskastrefa.pl\/cs\/#website\",\"url\":\"https:\/\/czeskastrefa.pl\/cs\/\",\"name\":\"Czeska Strefa\",\"description\":\"Us\u0142ugi zwi\u0105zane z e-commerce na rynku czeskim\",\"publisher\":{\"@id\":\"https:\/\/czeskastrefa.pl\/cs\/#organization\"},\"alternateName\":\"Czeska Strefa\",\"potentialAction\":[{\"@type\":\"SearchAction\",\"target\":{\"@type\":\"EntryPoint\",\"urlTemplate\":\"https:\/\/czeskastrefa.pl\/cs\/?s={search_term_string}\"},\"query-input\":{\"@type\":\"PropertyValueSpecification\",\"valueRequired\":true,\"valueName\":\"search_term_string\"}}],\"inLanguage\":\"cs\"},{\"@type\":\"Organization\",\"@id\":\"https:\/\/czeskastrefa.pl\/cs\/#organization\",\"name\":\"Czeska Strefa\",\"alternateName\":\"Us\u0142ugi e-commerce na rynku czeskim\",\"url\":\"https:\/\/czeskastrefa.pl\/cs\/\",\"logo\":{\"@type\":\"ImageObject\",\"inLanguage\":\"cs\",\"@id\":\"https:\/\/czeskastrefa.pl\/cs\/#\/schema\/logo\/image\/\",\"url\":\"https:\/\/czeskastrefa.pl\/wp-content\/uploads\/2024\/04\/cropped-thumbnail_czeska-strefa-512-pxbhhui.png\",\"contentUrl\":\"https:\/\/czeskastrefa.pl\/wp-content\/uploads\/2024\/04\/cropped-thumbnail_czeska-strefa-512-pxbhhui.png\",\"width\":240,\"height\":240,\"caption\":\"Czeska Strefa\"},\"image\":{\"@id\":\"https:\/\/czeskastrefa.pl\/cs\/#\/schema\/logo\/image\/\"},\"sameAs\":[\"https:\/\/www.facebook.com\/czeskastrefa\",\"https:\/\/www.linkedin.com\/company\/czeskastrefa\",\"https:\/\/www.instagram.com\/czeskastrefa\"]}]}<\/script>\n<!-- \/ Yoast SEO plugin. -->","yoast_head_json":{"title":"Q&amp;A | Czeska Strefa","description":"Nej\u010dast\u011bj\u0161\u00ed dotazy na\u0161ich klient\u016f podnikaj\u00edc\u00edch v \u010cesk\u00e9 republice.","robots":{"index":"index","follow":"follow","max-snippet":"max-snippet:-1","max-image-preview":"max-image-preview:large","max-video-preview":"max-video-preview:-1"},"canonical":"https:\/\/czeskastrefa.pl\/cs\/qa\/","og_locale":"cs_CZ","og_type":"article","og_title":"Q&A","og_description":"Nej\u010dast\u011bj\u0161\u00ed dotazy na\u0161ich klient\u016f podnikaj\u00edc\u00edch v \u010cesk\u00e9 republice.","og_url":"https:\/\/czeskastrefa.pl\/cs\/qa\/","og_site_name":"Czeska Strefa","article_publisher":"https:\/\/www.facebook.com\/czeskastrefa","article_modified_time":"2024-05-15T18:34:02+00:00","og_image":[{"url":"https:\/\/czeskastrefa.pl\/wp-content\/uploads\/2024\/05\/frequently-asked-questions-solution-concept-scaled.jpg","type":"","width":"","height":""}],"twitter_card":"summary_large_image","twitter_misc":{"Odhadovan\u00e1 doba \u010dten\u00ed":"1 minuta"},"schema":{"@context":"https:\/\/schema.org","@graph":[{"@type":"WebPage","@id":"https:\/\/czeskastrefa.pl\/cs\/qa\/","url":"https:\/\/czeskastrefa.pl\/cs\/qa\/","name":"Q&amp;A | Czeska Strefa","isPartOf":{"@id":"https:\/\/czeskastrefa.pl\/cs\/#website"},"primaryImageOfPage":{"@id":"https:\/\/czeskastrefa.pl\/cs\/qa\/#primaryimage"},"image":{"@id":"https:\/\/czeskastrefa.pl\/cs\/qa\/#primaryimage"},"thumbnailUrl":"https:\/\/czeskastrefa.pl\/wp-content\/uploads\/2024\/05\/frequently-asked-questions-solution-concept-scaled.jpg","datePublished":"2024-04-22T19:05:01+00:00","dateModified":"2024-05-15T18:34:02+00:00","description":"Nej\u010dast\u011bj\u0161\u00ed dotazy na\u0161ich klient\u016f podnikaj\u00edc\u00edch v \u010cesk\u00e9 republice.","breadcrumb":{"@id":"https:\/\/czeskastrefa.pl\/cs\/qa\/#breadcrumb"},"inLanguage":"cs","potentialAction":[{"@type":"ReadAction","target":["https:\/\/czeskastrefa.pl\/cs\/qa\/"]}]},{"@type":"ImageObject","inLanguage":"cs","@id":"https:\/\/czeskastrefa.pl\/cs\/qa\/#primaryimage","url":"https:\/\/czeskastrefa.pl\/wp-content\/uploads\/2024\/05\/frequently-asked-questions-solution-concept-scaled.jpg","contentUrl":"https:\/\/czeskastrefa.pl\/wp-content\/uploads\/2024\/05\/frequently-asked-questions-solution-concept-scaled.jpg","width":2560,"height":2329,"caption":"Frequently Asked Questions Solution concept"},{"@type":"BreadcrumbList","@id":"https:\/\/czeskastrefa.pl\/cs\/qa\/#breadcrumb","itemListElement":[{"@type":"ListItem","position":1,"name":"Strona g\u0142\u00f3wna","item":"https:\/\/czeskastrefa.pl\/cs\/"},{"@type":"ListItem","position":2,"name":"Q&amp;A"}]},{"@type":"WebSite","@id":"https:\/\/czeskastrefa.pl\/cs\/#website","url":"https:\/\/czeskastrefa.pl\/cs\/","name":"Czeska Strefa","description":"Us\u0142ugi zwi\u0105zane z e-commerce na rynku czeskim","publisher":{"@id":"https:\/\/czeskastrefa.pl\/cs\/#organization"},"alternateName":"Czeska Strefa","potentialAction":[{"@type":"SearchAction","target":{"@type":"EntryPoint","urlTemplate":"https:\/\/czeskastrefa.pl\/cs\/?s={search_term_string}"},"query-input":{"@type":"PropertyValueSpecification","valueRequired":true,"valueName":"search_term_string"}}],"inLanguage":"cs"},{"@type":"Organization","@id":"https:\/\/czeskastrefa.pl\/cs\/#organization","name":"Czeska Strefa","alternateName":"Us\u0142ugi e-commerce na rynku czeskim","url":"https:\/\/czeskastrefa.pl\/cs\/","logo":{"@type":"ImageObject","inLanguage":"cs","@id":"https:\/\/czeskastrefa.pl\/cs\/#\/schema\/logo\/image\/","url":"https:\/\/czeskastrefa.pl\/wp-content\/uploads\/2024\/04\/cropped-thumbnail_czeska-strefa-512-pxbhhui.png","contentUrl":"https:\/\/czeskastrefa.pl\/wp-content\/uploads\/2024\/04\/cropped-thumbnail_czeska-strefa-512-pxbhhui.png","width":240,"height":240,"caption":"Czeska Strefa"},"image":{"@id":"https:\/\/czeskastrefa.pl\/cs\/#\/schema\/logo\/image\/"},"sameAs":["https:\/\/www.facebook.com\/czeskastrefa","https:\/\/www.linkedin.com\/company\/czeskastrefa","https:\/\/www.instagram.com\/czeskastrefa"]}]}},"_links":{"self":[{"href":"https:\/\/czeskastrefa.pl\/cs\/wp-json\/wp\/v2\/pages\/1583","targetHints":{"allow":["GET"]}}],"collection":[{"href":"https:\/\/czeskastrefa.pl\/cs\/wp-json\/wp\/v2\/pages"}],"about":[{"href":"https:\/\/czeskastrefa.pl\/cs\/wp-json\/wp\/v2\/types\/page"}],"author":[{"embeddable":true,"href":"https:\/\/czeskastrefa.pl\/cs\/wp-json\/wp\/v2\/users\/1"}],"replies":[{"embeddable":true,"href":"https:\/\/czeskastrefa.pl\/cs\/wp-json\/wp\/v2\/comments?post=1583"}],"version-history":[{"count":1,"href":"https:\/\/czeskastrefa.pl\/cs\/wp-json\/wp\/v2\/pages\/1583\/revisions"}],"predecessor-version":[{"id":1590,"href":"https:\/\/czeskastrefa.pl\/cs\/wp-json\/wp\/v2\/pages\/1583\/revisions\/1590"}],"wp:featuredmedia":[{"embeddable":true,"href":"https:\/\/czeskastrefa.pl\/cs\/wp-json\/wp\/v2\/media\/1403"}],"wp:attachment":[{"href":"https:\/\/czeskastrefa.pl\/cs\/wp-json\/wp\/v2\/media?parent=1583"}],"curies":[{"name":"wp","href":"https:\/\/api.w.org\/{rel}","templated":true}]}}