{"id":1602,"date":"2024-04-22T20:43:54","date_gmt":"2024-04-22T18:43:54","guid":{"rendered":"https:\/\/czeskastrefa.pl\/blog\/"},"modified":"2024-05-15T20:34:29","modified_gmt":"2024-05-15T18:34:29","slug":"blog","status":"publish","type":"page","link":"https:\/\/czeskastrefa.pl\/cs\/blog\/","title":{"rendered":"Blog"},"content":{"rendered":"\n<div class=\"wp-block-group has-global-padding is-layout-constrained wp-container-core-group-is-layout-c638e2b7 wp-block-group-is-layout-constrained\" style=\"margin-top:0px;margin-bottom:0px;padding-top:60px;padding-right:20px;padding-bottom:40px;padding-left:20px\">\n<div class=\"wp-block-group alignwide is-layout-flow wp-block-group-is-layout-flow\">\n<div data-wp-context=\"{}\" data-wp-interactive=\"core\/query\" data-wp-key=\"10\" data-wp-router-region=\"query-10\" class=\"wp-block-query is-layout-flow wp-block-query-is-layout-flow\"><ul class=\"columns-3 alignfull post-grid-layout wp-block-post-template has-small-font-size is-layout-grid wp-container-core-post-template-is-layout-6d3fbd8f wp-block-post-template-is-layout-grid\"><li data-wp-key=\"post-template-item-1682\" class=\"wp-block-post post-1682 post type-post status-publish format-standard has-post-thumbnail hentry category-e-commerce-cs category-seo-preklady-a-opravy category-spolecnost tag-ceska-republika tag-cesky-trh tag-cesky-trh-cs tag-cestina tag-e-commerce-cs tag-e-shop tag-nabidka tag-navstevnost-stranek tag-optimalizace-pro-vyhledavace-cs tag-optimalizace-pro-vyhledavace tag-podnikani tag-podnikani-v-ceske-republice tag-polohovani tag-potencialni-zakaznik tag-prodej tag-produkty-cs tag-seo-cs tag-sluzby-cs tag-spolecnost tag-spotrebitele tag-srovnavac-cen tag-uspory-cs tag-viditelnost-cs tag-vyhledavac tag-webovy-obchod tag-zakaznici-cs\">\n\n<div class=\"wp-block-group inner-post-box lite-shadow wow zoomInDown delay-1000 has-section-bg-background-color has-background is-layout-flow wp-block-group-is-layout-flow\" style=\"border-radius:10px;border-top-color:var(--wp--preset--color--primary);border-top-width:4px;border-bottom-color:var(--wp--preset--color--primary);border-bottom-width:4px;padding-top:2em;padding-right:2em;padding-bottom:2em;padding-left:2em\"><figure class=\"wp-block-post-featured-image\"><img loading=\"lazy\" decoding=\"async\" width=\"2560\" height=\"1608\" src=\"https:\/\/czeskastrefa.pl\/wp-content\/uploads\/2024\/05\/woman-working-sitting-laptop-top-view-scaled.jpg\" class=\"attachment-post-thumbnail size-post-thumbnail wp-post-image\" alt=\"\" style=\"border-radius:10px;object-fit:cover;\" srcset=\"https:\/\/czeskastrefa.pl\/wp-content\/uploads\/2024\/05\/woman-working-sitting-laptop-top-view-scaled.jpg 2560w, https:\/\/czeskastrefa.pl\/wp-content\/uploads\/2024\/05\/woman-working-sitting-laptop-top-view-300x188.jpg 300w, https:\/\/czeskastrefa.pl\/wp-content\/uploads\/2024\/05\/woman-working-sitting-laptop-top-view-1024x643.jpg 1024w, https:\/\/czeskastrefa.pl\/wp-content\/uploads\/2024\/05\/woman-working-sitting-laptop-top-view-768x482.jpg 768w, https:\/\/czeskastrefa.pl\/wp-content\/uploads\/2024\/05\/woman-working-sitting-laptop-top-view-1536x965.jpg 1536w, https:\/\/czeskastrefa.pl\/wp-content\/uploads\/2024\/05\/woman-working-sitting-laptop-top-view-2048x1287.jpg 2048w\" sizes=\"auto, (max-width: 2560px) 100vw, 2560px\" \/><\/figure>\n\n\n<div class=\"wp-block-group post-title is-content-justification-left is-nowrap is-layout-flex wp-container-core-group-is-layout-adac0f54 wp-block-group-is-layout-flex\">\n<hr class=\"wp-block-separator has-text-color has-primary-color has-alpha-channel-opacity has-primary-background-color has-background\"\/>\n\n\n<h4 class=\"has-text-align-left has-link-color wp-elements-1f6252433d88076686ab05de4ec3fc0d wp-block-post-title has-text-color has-heading-color\">Pro\u010d investovat do um\u00edst\u011bn\u00ed produktu?<\/h4><\/div>\n\n\n\n<div class=\"wp-block-group is-content-justification-space-between is-nowrap is-layout-flex wp-container-core-group-is-layout-cb46ffcb wp-block-group-is-layout-flex\"><div style=\"font-style:normal;font-weight:600;\" class=\"has-link-color wp-elements-8c117dcdae512b2d5b37da9459d17f4c wp-block-post-date has-text-color has-heading-color has-small-font-size\"><time datetime=\"2024-05-11T17:52:26+02:00\">2024-05-11<\/time><\/div>\n\n<div style=\"font-style:normal;font-weight:600;\" class=\"has-link-color wp-elements-30296eb929111c332f3527d02fa052c7 wp-block-post-author-name has-text-color has-heading-color has-small-font-size\"><a href=\"https:\/\/czeskastrefa.pl\/cs\/author\/pavel\/\" target=\"_self\" class=\"wp-block-post-author-name__link\">Pavel<\/a><\/div><\/div>\n\n\n<div class=\"has-text-align-left wp-block-post-excerpt\"><p class=\"wp-block-post-excerpt__excerpt\">Pokud chcete, aby byl v\u00e1\u0161 e-shop v \u010cesk\u00e9 republice snadno naleziteln\u00fd a na prvn\u00edch m\u00edstech vyhled\u00e1va\u010de Google, vyplat\u00ed se investovat&hellip; <\/p><\/div>\n\n\n<div class=\"wp-block-group archieve-readmore is-nowrap is-layout-flex wp-container-core-group-is-layout-c0d5ccf6 wp-block-group-is-layout-flex\">\n<hr class=\"wp-block-separator has-text-color has-primary-color has-alpha-channel-opacity has-primary-background-color has-background\"\/>\n\n\n<a style=\"text-decoration:none; padding-right:var(--wp--preset--spacing--20);padding-left:var(--wp--preset--spacing--20);\" class=\"wp-elements-a2cda4efd3090011b16f144c873d9be3 wp-block-read-more has-text-color has-primary-color has-small-font-size\" href=\"https:\/\/czeskastrefa.pl\/cs\/proc-investovat-do-umisteni-produktu\/\" target=\"_self\">Czytaj dalej <span class=\"screen-reader-text\">: Pro\u010d investovat do um\u00edst\u011bn\u00ed produktu?<\/span><\/a><\/div>\n<\/div>\n\n<\/li><li data-wp-key=\"post-template-item-1624\" class=\"wp-block-post post-1624 post type-post status-publish format-standard has-post-thumbnail hentry category-e-commerce-cs category-seo-preklady-a-opravy category-spolecnost tag-cesky-trh tag-cesky-trh-cs tag-cestina tag-e-commerce-cs tag-e-shop tag-freelancer-cs tag-marketing-cs tag-nabidka tag-objednavka tag-ocenovani tag-optimalizace-pro-vyhledavace tag-optimalizace-pro-vyhledavace-cs tag-polohovani tag-prekladatel tag-prekladatelska-agentura tag-rodily-mluvci tag-seo-cs tag-seo-preklady tag-skupina-fb tag-sluzba-cs tag-spolecnost tag-spolehlivost-internetoveho-obchodu tag-spoluprace tag-webove-stranky tag-webovy-obchod tag-zakaznik\">\n\n<div class=\"wp-block-group inner-post-box lite-shadow wow zoomInDown delay-1000 has-section-bg-background-color has-background is-layout-flow wp-block-group-is-layout-flow\" style=\"border-radius:10px;border-top-color:var(--wp--preset--color--primary);border-top-width:4px;border-bottom-color:var(--wp--preset--color--primary);border-bottom-width:4px;padding-top:2em;padding-right:2em;padding-bottom:2em;padding-left:2em\"><figure class=\"wp-block-post-featured-image\"><img loading=\"lazy\" decoding=\"async\" width=\"2560\" height=\"1914\" src=\"https:\/\/czeskastrefa.pl\/wp-content\/uploads\/2024\/05\/homepage-concept-with-search-bar-scaled.jpg\" class=\"attachment-post-thumbnail size-post-thumbnail wp-post-image\" alt=\"\" style=\"border-radius:10px;object-fit:cover;\" srcset=\"https:\/\/czeskastrefa.pl\/wp-content\/uploads\/2024\/05\/homepage-concept-with-search-bar-scaled.jpg 2560w, https:\/\/czeskastrefa.pl\/wp-content\/uploads\/2024\/05\/homepage-concept-with-search-bar-300x224.jpg 300w, https:\/\/czeskastrefa.pl\/wp-content\/uploads\/2024\/05\/homepage-concept-with-search-bar-1024x766.jpg 1024w, https:\/\/czeskastrefa.pl\/wp-content\/uploads\/2024\/05\/homepage-concept-with-search-bar-768x574.jpg 768w, https:\/\/czeskastrefa.pl\/wp-content\/uploads\/2024\/05\/homepage-concept-with-search-bar-1536x1148.jpg 1536w\" sizes=\"auto, (max-width: 2560px) 100vw, 2560px\" \/><\/figure>\n\n\n<div class=\"wp-block-group post-title is-content-justification-left is-nowrap is-layout-flex wp-container-core-group-is-layout-adac0f54 wp-block-group-is-layout-flex\">\n<hr class=\"wp-block-separator has-text-color has-primary-color has-alpha-channel-opacity has-primary-background-color has-background\"\/>\n\n\n<h4 class=\"has-text-align-left has-link-color wp-elements-1f6252433d88076686ab05de4ec3fc0d wp-block-post-title has-text-color has-heading-color\">Jak se SEO p\u0159eklady li\u0161\u00ed od b\u011b\u017en\u00fdch p\u0159eklad\u016f<\/h4><\/div>\n\n\n\n<div class=\"wp-block-group is-content-justification-space-between is-nowrap is-layout-flex wp-container-core-group-is-layout-cb46ffcb wp-block-group-is-layout-flex\"><div style=\"font-style:normal;font-weight:600;\" class=\"has-link-color wp-elements-8c117dcdae512b2d5b37da9459d17f4c wp-block-post-date has-text-color has-heading-color has-small-font-size\"><time datetime=\"2024-05-06T21:08:47+02:00\">2024-05-06<\/time><\/div>\n\n<div style=\"font-style:normal;font-weight:600;\" class=\"has-link-color wp-elements-30296eb929111c332f3527d02fa052c7 wp-block-post-author-name has-text-color has-heading-color has-small-font-size\"><a href=\"https:\/\/czeskastrefa.pl\/cs\/author\/pavel\/\" target=\"_self\" class=\"wp-block-post-author-name__link\">Pavel<\/a><\/div><\/div>\n\n\n<div class=\"has-text-align-left wp-block-post-excerpt\"><p class=\"wp-block-post-excerpt__excerpt\">Praktick\u00e1 rada pro ty, kte\u0159\u00ed necht\u011bj\u00ed p\u0159epl\u00e1cet p\u0159eklady u p\u0159ekladatelsk\u00e9 agentury nebo naopak nechat p\u0159ekl\u00e1dat n\u011bkoho, kdo p\u0159ekl\u00e1dat v\u016fbec neum\u00ed.&hellip; <\/p><\/div>\n\n\n<div class=\"wp-block-group archieve-readmore is-nowrap is-layout-flex wp-container-core-group-is-layout-c0d5ccf6 wp-block-group-is-layout-flex\">\n<hr class=\"wp-block-separator has-text-color has-primary-color has-alpha-channel-opacity has-primary-background-color has-background\"\/>\n\n\n<a style=\"text-decoration:none; padding-right:var(--wp--preset--spacing--20);padding-left:var(--wp--preset--spacing--20);\" class=\"wp-elements-a2cda4efd3090011b16f144c873d9be3 wp-block-read-more has-text-color has-primary-color has-small-font-size\" href=\"https:\/\/czeskastrefa.pl\/cs\/jak-se-seo-preklady-lisi-od-beznych-prekladu\/\" target=\"_self\">Czytaj dalej <span class=\"screen-reader-text\">: Jak se SEO p\u0159eklady li\u0161\u00ed od b\u011b\u017en\u00fdch p\u0159eklad\u016f<\/span><\/a><\/div>\n<\/div>\n\n<\/li><li data-wp-key=\"post-template-item-1686\" class=\"wp-block-post post-1686 post type-post status-publish format-standard has-post-thumbnail hentry category-e-commerce-cs category-spolecnost tag-adresa-cs tag-ceska-postovni-adresa tag-ceska-republika tag-cesky-trh-cs tag-cesky-trh tag-cestina tag-dodavatel-cs tag-duvera-zakazniku tag-korespondence tag-mail-cs tag-office29-cs tag-podnikani-v-ceske-republice tag-sidlo-v-ceske-republice tag-sluzba-cs tag-virtualni-kancelar tag-virtualni-sidlo tag-zakaznik tag-zalozeni-podniku\">\n\n<div class=\"wp-block-group inner-post-box lite-shadow wow zoomInDown delay-1000 has-section-bg-background-color has-background is-layout-flow wp-block-group-is-layout-flow\" style=\"border-radius:10px;border-top-color:var(--wp--preset--color--primary);border-top-width:4px;border-bottom-color:var(--wp--preset--color--primary);border-bottom-width:4px;padding-top:2em;padding-right:2em;padding-bottom:2em;padding-left:2em\"><figure class=\"wp-block-post-featured-image\"><img loading=\"lazy\" decoding=\"async\" width=\"2560\" height=\"1707\" src=\"https:\/\/czeskastrefa.pl\/wp-content\/uploads\/2024\/05\/pexels-elina-sazonova-1907046-scaled.jpg\" class=\"attachment-post-thumbnail size-post-thumbnail wp-post-image\" alt=\"\" style=\"border-radius:10px;object-fit:cover;\" srcset=\"https:\/\/czeskastrefa.pl\/wp-content\/uploads\/2024\/05\/pexels-elina-sazonova-1907046-scaled.jpg 2560w, https:\/\/czeskastrefa.pl\/wp-content\/uploads\/2024\/05\/pexels-elina-sazonova-1907046-300x200.jpg 300w, https:\/\/czeskastrefa.pl\/wp-content\/uploads\/2024\/05\/pexels-elina-sazonova-1907046-1024x683.jpg 1024w, https:\/\/czeskastrefa.pl\/wp-content\/uploads\/2024\/05\/pexels-elina-sazonova-1907046-768x512.jpg 768w, https:\/\/czeskastrefa.pl\/wp-content\/uploads\/2024\/05\/pexels-elina-sazonova-1907046-1536x1024.jpg 1536w\" sizes=\"auto, (max-width: 2560px) 100vw, 2560px\" \/><\/figure>\n\n\n<div class=\"wp-block-group post-title is-content-justification-left is-nowrap is-layout-flex wp-container-core-group-is-layout-adac0f54 wp-block-group-is-layout-flex\">\n<hr class=\"wp-block-separator has-text-color has-primary-color has-alpha-channel-opacity has-primary-background-color has-background\"\/>\n\n\n<h4 class=\"has-text-align-left has-link-color wp-elements-1f6252433d88076686ab05de4ec3fc0d wp-block-post-title has-text-color has-heading-color\">Co je to virtu\u00e1ln\u00ed kancel\u00e1\u0159?<\/h4><\/div>\n\n\n\n<div class=\"wp-block-group is-content-justification-space-between is-nowrap is-layout-flex wp-container-core-group-is-layout-cb46ffcb wp-block-group-is-layout-flex\"><div style=\"font-style:normal;font-weight:600;\" class=\"has-link-color wp-elements-8c117dcdae512b2d5b37da9459d17f4c wp-block-post-date has-text-color has-heading-color has-small-font-size\"><time datetime=\"2024-05-04T17:54:02+02:00\">2024-05-04<\/time><\/div>\n\n<div style=\"font-style:normal;font-weight:600;\" class=\"has-link-color wp-elements-30296eb929111c332f3527d02fa052c7 wp-block-post-author-name has-text-color has-heading-color has-small-font-size\"><a href=\"https:\/\/czeskastrefa.pl\/cs\/author\/pavel\/\" target=\"_self\" class=\"wp-block-post-author-name__link\">Pavel<\/a><\/div><\/div>\n\n\n<div class=\"has-text-align-left wp-block-post-excerpt\"><p class=\"wp-block-post-excerpt__excerpt\">V dne\u0161n\u00edm \u010dl\u00e1nku si vysv\u011btl\u00edme, co znamen\u00e1 virtu\u00e1ln\u00ed kancel\u00e1\u0159 spole\u010dnosti a jak\u00e9 v\u00fdhody tato slu\u017eba p\u0159in\u00e1\u0161\u00ed na\u0161\u00ed spole\u010dnosti. Virtu\u00e1ln\u00ed kancel\u00e1\u0159&hellip; <\/p><\/div>\n\n\n<div class=\"wp-block-group archieve-readmore is-nowrap is-layout-flex wp-container-core-group-is-layout-c0d5ccf6 wp-block-group-is-layout-flex\">\n<hr class=\"wp-block-separator has-text-color has-primary-color has-alpha-channel-opacity has-primary-background-color has-background\"\/>\n\n\n<a style=\"text-decoration:none; padding-right:var(--wp--preset--spacing--20);padding-left:var(--wp--preset--spacing--20);\" class=\"wp-elements-a2cda4efd3090011b16f144c873d9be3 wp-block-read-more has-text-color has-primary-color has-small-font-size\" href=\"https:\/\/czeskastrefa.pl\/cs\/co-je-to-virtualni-kancelar\/\" target=\"_self\">Czytaj dalej <span class=\"screen-reader-text\">: Co je to virtu\u00e1ln\u00ed kancel\u00e1\u0159?<\/span><\/a><\/div>\n<\/div>\n\n<\/li><\/ul>\n\n\n<div style=\"height:16px\" aria-hidden=\"true\" class=\"wp-block-spacer\"><\/div>\n\n\n<nav class=\"wp-block-query-pagination has-medium-font-size is-content-justification-center is-layout-flex wp-container-core-query-pagination-is-layout-a89b3969 wp-block-query-pagination-is-layout-flex\" aria-label=\"Str\u00e1nkov\u00e1n\u00ed\">\n\n\n<div class=\"wp-block-query-pagination-numbers\"><span data-wp-key=\"index-0\" aria-current=\"page\" class=\"page-numbers current\">1<\/span>\n<a data-wp-key=\"index-1\" data-wp-on--click=\"core\/query::actions.navigate\" class=\"page-numbers\" href=\"?query-10-page=2\">2<\/a>\n<a data-wp-key=\"index-2\" data-wp-on--click=\"core\/query::actions.navigate\" class=\"page-numbers\" href=\"?query-10-page=3\">3<\/a>\n<span data-wp-key=\"index-3\" class=\"page-numbers dots\">&hellip;<\/span>\n<a data-wp-key=\"index-4\" data-wp-on--click=\"core\/query::actions.navigate\" class=\"page-numbers\" href=\"?query-10-page=6\">6<\/a><\/div>\n\n<a data-wp-key=\"query-pagination-next\" data-wp-on--click=\"core\/query::actions.navigate\" data-wp-on--mouseenter=\"core\/query::actions.prefetch\" data-wp-watch=\"core\/query::callbacks.prefetch\" href=\"\/cs\/wp-json\/wp\/v2\/pages\/1602?query-10-page=2\" class=\"wp-block-query-pagination-next\">Nast\u0119pna strona<\/a>\n<\/nav><\/div>\n<\/div>\n<\/div>\n","protected":false},"excerpt":{"rendered":"","protected":false},"author":1,"featured_media":1382,"parent":0,"menu_order":0,"comment_status":"closed","ping_status":"closed","template":"","meta":{"footnotes":""},"class_list":["post-1602","page","type-page","status-publish","has-post-thumbnail","hentry"],"yoast_head":"<!-- This site is optimized with the Yoast SEO plugin v26.7 - https:\/\/yoast.com\/wordpress\/plugins\/seo\/ -->\n<title>Blog | Czeska Strefa<\/title>\n<meta name=\"description\" content=\"\u010cl\u00e1nky t\u00fdkaj\u00edc\u00ed se elektronick\u00e9ho obchodov\u00e1n\u00ed na \u010desk\u00e9m trhu. Znalosti, kter\u00e9 s v\u00e1mi sd\u00edl\u00edme formou bezplatn\u00e9ho poradenstv\u00ed.\" \/>\n<meta name=\"robots\" content=\"index, follow, max-snippet:-1, max-image-preview:large, max-video-preview:-1\" \/>\n<link rel=\"canonical\" href=\"https:\/\/czeskastrefa.pl\/cs\/blog\/\" \/>\n<link rel=\"next\" href=\"https:\/\/czeskastrefa.pl\/cs\/blog\/1602\/?query-10-page=2\" \/>\n<meta property=\"og:locale\" content=\"cs_CZ\" \/>\n<meta property=\"og:type\" content=\"article\" \/>\n<meta property=\"og:title\" content=\"Blog\" \/>\n<meta property=\"og:description\" content=\"\u010cl\u00e1nky t\u00fdkaj\u00edc\u00ed se elektronick\u00e9ho obchodov\u00e1n\u00ed na \u010desk\u00e9m trhu. Znalosti, kter\u00e9 s v\u00e1mi sd\u00edl\u00edme formou bezplatn\u00e9ho poradenstv\u00ed.\" \/>\n<meta property=\"og:url\" content=\"https:\/\/czeskastrefa.pl\/cs\/blog\/\" \/>\n<meta property=\"og:site_name\" content=\"Czeska Strefa\" \/>\n<meta property=\"article:publisher\" content=\"https:\/\/www.facebook.com\/czeskastrefa\" \/>\n<meta property=\"article:modified_time\" content=\"2024-05-15T18:34:29+00:00\" \/>\n<meta property=\"og:image\" content=\"https:\/\/czeskastrefa.pl\/wp-content\/uploads\/2024\/05\/blogger-laptop-by-luggage-airport-1024x683.jpg\" \/>\n<meta name=\"twitter:card\" content=\"summary_large_image\" \/>\n<script type=\"application\/ld+json\" class=\"yoast-schema-graph\">{\"@context\":\"https:\/\/schema.org\",\"@graph\":[{\"@type\":\"WebPage\",\"@id\":\"https:\/\/czeskastrefa.pl\/cs\/blog\/\",\"url\":\"https:\/\/czeskastrefa.pl\/cs\/blog\/\",\"name\":\"Blog | Czeska Strefa\",\"isPartOf\":{\"@id\":\"https:\/\/czeskastrefa.pl\/cs\/#website\"},\"primaryImageOfPage\":{\"@id\":\"https:\/\/czeskastrefa.pl\/cs\/blog\/#primaryimage\"},\"image\":{\"@id\":\"https:\/\/czeskastrefa.pl\/cs\/blog\/#primaryimage\"},\"thumbnailUrl\":\"https:\/\/czeskastrefa.pl\/wp-content\/uploads\/2024\/05\/blogger-laptop-by-luggage-airport-scaled.jpg\",\"datePublished\":\"2024-04-22T18:43:54+00:00\",\"dateModified\":\"2024-05-15T18:34:29+00:00\",\"description\":\"\u010cl\u00e1nky t\u00fdkaj\u00edc\u00ed se elektronick\u00e9ho obchodov\u00e1n\u00ed na \u010desk\u00e9m trhu. Znalosti, kter\u00e9 s v\u00e1mi sd\u00edl\u00edme formou bezplatn\u00e9ho poradenstv\u00ed.\",\"breadcrumb\":{\"@id\":\"https:\/\/czeskastrefa.pl\/cs\/blog\/#breadcrumb\"},\"inLanguage\":\"cs\",\"potentialAction\":[{\"@type\":\"ReadAction\",\"target\":[\"https:\/\/czeskastrefa.pl\/cs\/blog\/\"]}]},{\"@type\":\"ImageObject\",\"inLanguage\":\"cs\",\"@id\":\"https:\/\/czeskastrefa.pl\/cs\/blog\/#primaryimage\",\"url\":\"https:\/\/czeskastrefa.pl\/wp-content\/uploads\/2024\/05\/blogger-laptop-by-luggage-airport-scaled.jpg\",\"contentUrl\":\"https:\/\/czeskastrefa.pl\/wp-content\/uploads\/2024\/05\/blogger-laptop-by-luggage-airport-scaled.jpg\",\"width\":2560,\"height\":1707,\"caption\":\"Blogger laptop by a luggage at the airport\"},{\"@type\":\"BreadcrumbList\",\"@id\":\"https:\/\/czeskastrefa.pl\/cs\/blog\/#breadcrumb\",\"itemListElement\":[{\"@type\":\"ListItem\",\"position\":1,\"name\":\"Strona g\u0142\u00f3wna\",\"item\":\"https:\/\/czeskastrefa.pl\/cs\/\"},{\"@type\":\"ListItem\",\"position\":2,\"name\":\"Blog\"}]},{\"@type\":\"WebSite\",\"@id\":\"https:\/\/czeskastrefa.pl\/cs\/#website\",\"url\":\"https:\/\/czeskastrefa.pl\/cs\/\",\"name\":\"Czeska Strefa\",\"description\":\"Us\u0142ugi zwi\u0105zane z e-commerce na rynku czeskim\",\"publisher\":{\"@id\":\"https:\/\/czeskastrefa.pl\/cs\/#organization\"},\"alternateName\":\"Czeska Strefa\",\"potentialAction\":[{\"@type\":\"SearchAction\",\"target\":{\"@type\":\"EntryPoint\",\"urlTemplate\":\"https:\/\/czeskastrefa.pl\/cs\/?s={search_term_string}\"},\"query-input\":{\"@type\":\"PropertyValueSpecification\",\"valueRequired\":true,\"valueName\":\"search_term_string\"}}],\"inLanguage\":\"cs\"},{\"@type\":\"Organization\",\"@id\":\"https:\/\/czeskastrefa.pl\/cs\/#organization\",\"name\":\"Czeska Strefa\",\"alternateName\":\"Us\u0142ugi e-commerce na rynku czeskim\",\"url\":\"https:\/\/czeskastrefa.pl\/cs\/\",\"logo\":{\"@type\":\"ImageObject\",\"inLanguage\":\"cs\",\"@id\":\"https:\/\/czeskastrefa.pl\/cs\/#\/schema\/logo\/image\/\",\"url\":\"https:\/\/czeskastrefa.pl\/wp-content\/uploads\/2024\/04\/cropped-thumbnail_czeska-strefa-512-pxbhhui.png\",\"contentUrl\":\"https:\/\/czeskastrefa.pl\/wp-content\/uploads\/2024\/04\/cropped-thumbnail_czeska-strefa-512-pxbhhui.png\",\"width\":240,\"height\":240,\"caption\":\"Czeska Strefa\"},\"image\":{\"@id\":\"https:\/\/czeskastrefa.pl\/cs\/#\/schema\/logo\/image\/\"},\"sameAs\":[\"https:\/\/www.facebook.com\/czeskastrefa\",\"https:\/\/www.linkedin.com\/company\/czeskastrefa\",\"https:\/\/www.instagram.com\/czeskastrefa\"]}]}<\/script>\n<!-- \/ Yoast SEO plugin. -->","yoast_head_json":{"title":"Blog | Czeska Strefa","description":"\u010cl\u00e1nky t\u00fdkaj\u00edc\u00ed se elektronick\u00e9ho obchodov\u00e1n\u00ed na \u010desk\u00e9m trhu. Znalosti, kter\u00e9 s v\u00e1mi sd\u00edl\u00edme formou bezplatn\u00e9ho poradenstv\u00ed.","robots":{"index":"index","follow":"follow","max-snippet":"max-snippet:-1","max-image-preview":"max-image-preview:large","max-video-preview":"max-video-preview:-1"},"canonical":"https:\/\/czeskastrefa.pl\/cs\/blog\/","next":"https:\/\/czeskastrefa.pl\/cs\/blog\/1602?query-10-page=2","og_locale":"cs_CZ","og_type":"article","og_title":"Blog","og_description":"\u010cl\u00e1nky t\u00fdkaj\u00edc\u00ed se elektronick\u00e9ho obchodov\u00e1n\u00ed na \u010desk\u00e9m trhu. Znalosti, kter\u00e9 s v\u00e1mi sd\u00edl\u00edme formou bezplatn\u00e9ho poradenstv\u00ed.","og_url":"https:\/\/czeskastrefa.pl\/cs\/blog\/","og_site_name":"Czeska Strefa","article_publisher":"https:\/\/www.facebook.com\/czeskastrefa","article_modified_time":"2024-05-15T18:34:29+00:00","og_image":[{"url":"https:\/\/czeskastrefa.pl\/wp-content\/uploads\/2024\/05\/blogger-laptop-by-luggage-airport-1024x683.jpg","type":"","width":"","height":""}],"twitter_card":"summary_large_image","schema":{"@context":"https:\/\/schema.org","@graph":[{"@type":"WebPage","@id":"https:\/\/czeskastrefa.pl\/cs\/blog\/","url":"https:\/\/czeskastrefa.pl\/cs\/blog\/","name":"Blog | Czeska Strefa","isPartOf":{"@id":"https:\/\/czeskastrefa.pl\/cs\/#website"},"primaryImageOfPage":{"@id":"https:\/\/czeskastrefa.pl\/cs\/blog\/#primaryimage"},"image":{"@id":"https:\/\/czeskastrefa.pl\/cs\/blog\/#primaryimage"},"thumbnailUrl":"https:\/\/czeskastrefa.pl\/wp-content\/uploads\/2024\/05\/blogger-laptop-by-luggage-airport-scaled.jpg","datePublished":"2024-04-22T18:43:54+00:00","dateModified":"2024-05-15T18:34:29+00:00","description":"\u010cl\u00e1nky t\u00fdkaj\u00edc\u00ed se elektronick\u00e9ho obchodov\u00e1n\u00ed na \u010desk\u00e9m trhu. Znalosti, kter\u00e9 s v\u00e1mi sd\u00edl\u00edme formou bezplatn\u00e9ho poradenstv\u00ed.","breadcrumb":{"@id":"https:\/\/czeskastrefa.pl\/cs\/blog\/#breadcrumb"},"inLanguage":"cs","potentialAction":[{"@type":"ReadAction","target":["https:\/\/czeskastrefa.pl\/cs\/blog\/"]}]},{"@type":"ImageObject","inLanguage":"cs","@id":"https:\/\/czeskastrefa.pl\/cs\/blog\/#primaryimage","url":"https:\/\/czeskastrefa.pl\/wp-content\/uploads\/2024\/05\/blogger-laptop-by-luggage-airport-scaled.jpg","contentUrl":"https:\/\/czeskastrefa.pl\/wp-content\/uploads\/2024\/05\/blogger-laptop-by-luggage-airport-scaled.jpg","width":2560,"height":1707,"caption":"Blogger laptop by a luggage at the airport"},{"@type":"BreadcrumbList","@id":"https:\/\/czeskastrefa.pl\/cs\/blog\/#breadcrumb","itemListElement":[{"@type":"ListItem","position":1,"name":"Strona g\u0142\u00f3wna","item":"https:\/\/czeskastrefa.pl\/cs\/"},{"@type":"ListItem","position":2,"name":"Blog"}]},{"@type":"WebSite","@id":"https:\/\/czeskastrefa.pl\/cs\/#website","url":"https:\/\/czeskastrefa.pl\/cs\/","name":"Czeska Strefa","description":"Us\u0142ugi zwi\u0105zane z e-commerce na rynku czeskim","publisher":{"@id":"https:\/\/czeskastrefa.pl\/cs\/#organization"},"alternateName":"Czeska Strefa","potentialAction":[{"@type":"SearchAction","target":{"@type":"EntryPoint","urlTemplate":"https:\/\/czeskastrefa.pl\/cs\/?s={search_term_string}"},"query-input":{"@type":"PropertyValueSpecification","valueRequired":true,"valueName":"search_term_string"}}],"inLanguage":"cs"},{"@type":"Organization","@id":"https:\/\/czeskastrefa.pl\/cs\/#organization","name":"Czeska Strefa","alternateName":"Us\u0142ugi e-commerce na rynku czeskim","url":"https:\/\/czeskastrefa.pl\/cs\/","logo":{"@type":"ImageObject","inLanguage":"cs","@id":"https:\/\/czeskastrefa.pl\/cs\/#\/schema\/logo\/image\/","url":"https:\/\/czeskastrefa.pl\/wp-content\/uploads\/2024\/04\/cropped-thumbnail_czeska-strefa-512-pxbhhui.png","contentUrl":"https:\/\/czeskastrefa.pl\/wp-content\/uploads\/2024\/04\/cropped-thumbnail_czeska-strefa-512-pxbhhui.png","width":240,"height":240,"caption":"Czeska Strefa"},"image":{"@id":"https:\/\/czeskastrefa.pl\/cs\/#\/schema\/logo\/image\/"},"sameAs":["https:\/\/www.facebook.com\/czeskastrefa","https:\/\/www.linkedin.com\/company\/czeskastrefa","https:\/\/www.instagram.com\/czeskastrefa"]}]}},"_links":{"self":[{"href":"https:\/\/czeskastrefa.pl\/cs\/wp-json\/wp\/v2\/pages\/1602","targetHints":{"allow":["GET"]}}],"collection":[{"href":"https:\/\/czeskastrefa.pl\/cs\/wp-json\/wp\/v2\/pages"}],"about":[{"href":"https:\/\/czeskastrefa.pl\/cs\/wp-json\/wp\/v2\/types\/page"}],"author":[{"embeddable":true,"href":"https:\/\/czeskastrefa.pl\/cs\/wp-json\/wp\/v2\/users\/1"}],"replies":[{"embeddable":true,"href":"https:\/\/czeskastrefa.pl\/cs\/wp-json\/wp\/v2\/comments?post=1602"}],"version-history":[{"count":1,"href":"https:\/\/czeskastrefa.pl\/cs\/wp-json\/wp\/v2\/pages\/1602\/revisions"}],"predecessor-version":[{"id":1614,"href":"https:\/\/czeskastrefa.pl\/cs\/wp-json\/wp\/v2\/pages\/1602\/revisions\/1614"}],"wp:featuredmedia":[{"embeddable":true,"href":"https:\/\/czeskastrefa.pl\/cs\/wp-json\/wp\/v2\/media\/1382"}],"wp:attachment":[{"href":"https:\/\/czeskastrefa.pl\/cs\/wp-json\/wp\/v2\/media?parent=1602"}],"curies":[{"name":"wp","href":"https:\/\/api.w.org\/{rel}","templated":true}]}}