{"id":1440,"date":"2024-04-11T08:53:25","date_gmt":"2024-04-11T06:53:25","guid":{"rendered":"https:\/\/czeskastrefa.pl\/komunikacia-v-cestine\/"},"modified":"2024-05-15T20:30:09","modified_gmt":"2024-05-15T18:30:09","slug":"komunikacia-v-cestine","status":"publish","type":"page","link":"https:\/\/czeskastrefa.pl\/sk\/komunikacia-v-cestine\/","title":{"rendered":"Komunik\u00e1cia v \u010de\u0161tine"},"content":{"rendered":"\n<blockquote class=\"wp-block-quote is-layout-flow wp-block-quote-is-layout-flow\">\n<p>Komunik\u00e1cia je jednou z najd\u00f4le\u017eitej\u0161\u00edch vec\u00ed pri za\u010dat\u00ed podnikania v \u010ceskej republike. \u010ci u\u017e ide o registr\u00e1ciu spolo\u010dnosti k DPH, poskytovanie slu\u017eieb z\u00e1kazn\u00edkom alebo nadviazanie spolupr\u00e1ce s \u010desk\u00fdmi spolo\u010dnos\u0165ami, komunik\u00e1ciu jednoducho nemo\u017eno ob\u00eds\u0165. Nechajte na n\u00e1s, aby sme s druhou stranou komunikovali telefonicky a e-mailom a zistili, ak\u00fd bude v\u00fdsledok.  <\/p>\n<\/blockquote>\n\n<p><strong>V tejto s\u00favislosti poskytujeme tieto slu\u017eby:  <\/strong><\/p>\n\n<p><strong>1. Komunik\u00e1cia s maloobchodn\u00fdm z\u00e1kazn\u00edkom  <\/strong><\/p>\n\n<p>Poskytnite svojim individu\u00e1lnym klientom vysokokvalitn\u00e9 komunika\u010dn\u00e9 slu\u017eby a investujte do zamestnanca, pre ktor\u00e9ho je komunik\u00e1cia v \u010de\u0161tine jednoduch\u00e1, \u010di u\u017e elektronicky alebo telefonicky. T\u00e1to osoba by mala pozna\u0165 v\u0161etky pravidl\u00e1 pravopisu a \u010desk\u00e9ho jazyka, aby bola schopn\u00e1 form\u00e1lne rokova\u0165 s klientmi a z\u00e1rove\u0148 reprezentova\u0165 va\u0161u spolo\u010dnos\u0165 v \u010ceskej republike.  <\/p>\n\n<p><strong>2. Komunik\u00e1cia s ve\u013ekoobchodn\u00fdm z\u00e1kazn\u00edkom  <\/strong><\/p>\n\n<p>Pre v\u00e1\u0161 internetov\u00fd obchod nie je ni\u010d d\u00f4le\u017eitej\u0161ie ako st\u00e1ly kontakt s ve\u013ekoobchodn\u00fdmi z\u00e1kazn\u00edkmi, ktor\u00ed od v\u00e1s nakupuj\u00fa tovar vo ve\u013ek\u00fdch mno\u017estv\u00e1ch. Tu potrebujete z\u00e1stupcu, ktor\u00fd ve\u013emi dobre pozn\u00e1 va\u0161u ponuku, aby sa mohol s ve\u013ekoobchodn\u00fdm z\u00e1kazn\u00edkom dohodn\u00fa\u0165 na ak\u00fdchko\u013evek podmienkach, cene, z\u013eav\u00e1ch alebo faktur\u00e1cii.  <\/p>\n\n<p><strong>3. komunik\u00e1cia s \u00fa\u010dtovn\u00fdm oddelen\u00edm  <\/strong><\/p>\n\n<p>Ak\u00e1 sadzba DPH sa uplat\u0148uje na tovar, ktor\u00fd pred\u00e1vam v \u010ceskej republike? M\u00e1m z\u00e1kazn\u00edkovi fakturova\u0165 s 0% DPH, 21% DPH alebo 23% DPH? \u010co je to \u010d\u00edslo I\u010cO a \u010d\u00edslo DI\u010c? Ot\u00e1zky, ktor\u00e9 zamestn\u00e1vaj\u00fa mnoh\u00e9 po\u013esk\u00e9 spolo\u010dnosti. Ak chcete vyrie\u0161i\u0165 zlo\u017eit\u00fa situ\u00e1ciu v \u00fa\u010dtovn\u00edctve v \u010ceskej republike, m\u00f4\u017eete mi zveri\u0165 komunik\u00e1ciu medzi \u010desk\u00fdm a po\u013esk\u00fdm \u00fa\u010dtovn\u00edctvom ako tretej strane. Pozn\u00e1m \u010desk\u00fdch a po\u013esk\u00fdch kolegov v oblasti \u00fa\u010dtovn\u00edctva, preto\u017ee v tejto oblasti pracujem.  <\/p>\n\n<p><strong>4. slu\u017eby z\u00e1kazn\u00edkom  <\/strong><\/p>\n\n<p>E-mailov\u00e1 schr\u00e1nka, telefonick\u00fd kontakt alebo chatov\u00e1 slu\u017eba. V s\u00fa\u010dasnosti existuj\u00fa komplexn\u00e9 rie\u0161enia, ktor\u00e9 sp\u00e1jaj\u00fa v\u0161etky tieto n\u00e1stroje do jedn\u00e9ho syst\u00e9mu. Syst\u00e9my s\u00fa intuit\u00edvne, tak\u017ee ich m\u00f4\u017ee obsluhova\u0165 ka\u017ed\u00fd. Ak sa po\u010det hovorov zv\u00fd\u0161il alebo ak potrebujete \u010fal\u0161iu pomoc so z\u00e1kazn\u00edckym servisom v \u010ceskej republike, nev\u00e1hajte n\u00e1s kontaktova\u0165.  <\/p>\n\n<p><strong>5. komunik\u00e1cia s org\u00e1nmi v \u010ceskej republike  <\/strong><\/p>\n\n<p>V s\u00fa\u010dasnosti existuje mnoho n\u00e1strojov na komunik\u00e1ciu s \u00faradmi. V \u010ceskej republike je popul\u00e1rnym prostriedkom takejto komunik\u00e1cie slu\u017eba &#8222;datov\u00e1 schr\u00e1nka&#8220;, ktor\u00e1 umo\u017e\u0148uje komunik\u00e1ciu s \u00faradmi v\u00fdlu\u010dne elektronicky. Medzi \u010fal\u0161ie \u010dasto pou\u017e\u00edvan\u00e9 n\u00e1stroje patr\u00ed elektronick\u00fd formul\u00e1r, e-mailov\u00e1 adresa alebo telefonick\u00fd kontakt.  <\/p>\n\n<p><strong>6. Komunik\u00e1cia s obchodnou in\u0161pekciou (\u010cOI)  <\/strong><\/p>\n\n<p>Nem\u00f4\u017eete sa dohodn\u00fa\u0165 s \u010desk\u00fdm z\u00e1kazn\u00edkom kv\u00f4li spotrebite\u013esk\u00e9mu sporu? M\u00e1te obavy t\u00fdkaj\u00face sa procesu pod\u00e1vania s\u0165a\u017enost\u00ed alebo pr\u00e1v spotrebite\u013eov? Kontaktoval v\u00e1\u0161 klient obchodn\u00fa in\u0161pekciu? Nez\u00fafajte, \u010cesk\u00e1 obchodn\u00e1 in\u0161pekcia je subjekt, ktor\u00fd poskytuje mimos\u00fadne rie\u0161enie spotrebite\u013esk\u00fdch sporov. M\u00e1lokto tie\u017e vie, \u017ee \u010cOI vykon\u00e1va aj poradensk\u00fa \u010dinnos\u0165. V praxi to znamen\u00e1, \u017ee ak m\u00e1te pochybnosti napr\u00edklad o \u010deskom spotrebite\u013eskom pr\u00e1ve, m\u00f4\u017eete posla\u0165 ot\u00e1zku na \u010cOI, na ktor\u00fa v\u00e1m odpovie pracovn\u00edk znal\u00fd \u010desk\u00e9ho pr\u00e1va.  <\/p>\n\n<p><strong>7. komunik\u00e1cia so spolo\u010dnos\u0165ami, s ktor\u00fdmi chcete spolupracova\u0165  <\/strong><\/p>\n\n<p>Chcete za\u010da\u0165 spolupracova\u0165 s \u010desk\u00fdmi spolo\u010dnos\u0165ami v rovnakom odvetv\u00ed alebo chcete roz\u0161\u00edri\u0165 svoje slu\u017eby o spolupr\u00e1cu s \u010desk\u00fdmi spolo\u010dnos\u0165ami? D\u00e1 sa preto o\u010dak\u00e1va\u0165, \u017ee sa za\u010dn\u00fa tak\u00e9to rokovania s cie\u013eom dohodn\u00fa\u0165 sa na podmienkach spolupr\u00e1ce. Telefonick\u00fa a e-mailov\u00fa komunik\u00e1ciu so spolo\u010dnos\u0165ou v \u010ceskej republike m\u00f4\u017eete prenecha\u0165 mne a ja sa s nimi dohodnem, \u010do chcete. Z\u00e1rove\u0148 budete informovan\u00ed o ka\u017edom kontakte s potenci\u00e1lnym partnerom a m\u00e1te istotu 100 % d\u00f4vernosti.  <\/p>\n\n<p><strong>8 Komunik\u00e1cia s bankami  <\/strong><\/p>\n\n<p>Ak si potrebujete otvori\u0165 \u00fa\u010det v \u010deskej banke alebo komunikova\u0165 so zamestnancom banky. Viac inform\u00e1ci\u00ed o tejto slu\u017ebe n\u00e1jdete <a href=\"https:\/\/czeskastrefa.pl\/sk\/otvorenie-bankoveho-uctu\/\">tu<\/a>.  <\/p>\n\n<p><strong>9. komunik\u00e1cia s pr\u00e1vnikmi  <\/strong><\/p>\n\n<p>Komunik\u00e1cia s pr\u00e1vnym oddelen\u00edm v \u010ceskej republike a n\u00e1sledn\u00fd preklad pre v\u00e1s.  <\/p>\n\n<p><strong>10. komunik\u00e1cia s dod\u00e1vate\u013emi alebo dopravcami  <\/strong><\/p>\n\n<p>Chcete za\u010da\u0165 spolupracova\u0165 s dod\u00e1vate\u013emi alebo dopravcami v \u010ceskej republike? Potrebujete reklamova\u0165 prepravu? Mo\u017eno v\u00e1m s\u00fa\u010dasn\u00e1 zmluva s dopravcom nevyhovuje a chceli by ste sa dohodn\u00fa\u0165 na in\u00fdch podmienkach. Niektor\u00ed dopravcovia, ktor\u00ed nep\u00f4sobia na po\u013eskom trhu, s\u00fa v \u010ceskej republike ve\u013emi ob\u013e\u00faben\u00ed. Z\u00edskajte si priaze\u0148 z\u00e1kazn\u00edkov a z\u00e1rove\u0148 si dohodnite v\u00fdhodn\u00e9 podmienky pre seba.  <\/p>\n\n<p><strong>11. komunik\u00e1cia s colnou alebo finan\u010dnou spr\u00e1vou  <\/strong><\/p>\n\n<p>Potrebujete sa zaregistrova\u0165 ako platca DPH alebo potrebujete pom\u00f4c\u0165 s preclievan\u00edm z\u00e1sielok v \u010ceskej republike? Ak si \u017eel\u00e1te, m\u00f4\u017eem pre v\u00e1s vies\u0165 komunik\u00e1ciu v \u010de\u0161tine.  <\/p>\n\n<p>Ak teda potrebujete komunika\u010dn\u00fa podporu v \u010ceskej republike, nev\u00e1hajte n\u00e1s kontaktova\u0165!<\/p>\n","protected":false},"excerpt":{"rendered":"<p>Komunik\u00e1cia je jednou z najd\u00f4le\u017eitej\u0161\u00edch vec\u00ed pri za\u010dat\u00ed podnikania v \u010ceskej republike. \u010ci u\u017e ide o registr\u00e1ciu spolo\u010dnosti k DPH, poskytovanie slu\u017eieb z\u00e1kazn\u00edkom alebo nadviazanie spolupr\u00e1ce s \u010desk\u00fdmi spolo\u010dnos\u0165ami, komunik\u00e1ciu jednoducho nemo\u017eno ob\u00eds\u0165. Nechajte na n\u00e1s, aby sme s druhou stranou komunikovali telefonicky a e-mailom a zistili, ak\u00fd bude v\u00fdsledok. V tejto s\u00favislosti poskytujeme tieto [&hellip;]<\/p>\n","protected":false},"author":1,"featured_media":997,"parent":0,"menu_order":0,"comment_status":"closed","ping_status":"open","template":"","meta":{"footnotes":""},"class_list":["post-1440","page","type-page","status-publish","has-post-thumbnail","hentry"],"yoast_head":"<!-- This site is optimized with the Yoast SEO plugin v26.7 - https:\/\/yoast.com\/wordpress\/plugins\/seo\/ -->\n<title>Komunik\u00e1cia v \u010de\u0161tine | Czeska Strefa<\/title>\n<meta name=\"description\" content=\"Komunik\u00e1cia je jednou z najd\u00f4le\u017eitej\u0161\u00edch vec\u00ed pri za\u010dat\u00ed podnikania v \u010ceskej republike. \u010ci u\u017e ide o registr\u00e1ciu spolo\u010dnosti k DPH, poskytovanie slu\u017eieb z\u00e1kazn\u00edkom alebo nadviazanie spolupr\u00e1ce s \u010desk\u00fdmi spolo\u010dnos\u0165ami, komunik\u00e1ciu jednoducho nemo\u017eno ob\u00eds\u0165. Nechajte na n\u00e1s, aby sme s druhou stranou komunikovali telefonicky a e-mailom a zistili, ak\u00fd bude v\u00fdsledok.\" \/>\n<meta name=\"robots\" content=\"index, follow, max-snippet:-1, max-image-preview:large, max-video-preview:-1\" \/>\n<link rel=\"canonical\" href=\"https:\/\/czeskastrefa.pl\/sk\/komunikacia-v-cestine\/\" \/>\n<meta property=\"og:locale\" content=\"sk_SK\" \/>\n<meta property=\"og:type\" content=\"article\" \/>\n<meta property=\"og:title\" content=\"Komunik\u00e1cia v \u010de\u0161tine\" \/>\n<meta property=\"og:description\" content=\"Komunik\u00e1cia je jednou z najd\u00f4le\u017eitej\u0161\u00edch vec\u00ed pri za\u010dat\u00ed podnikania v \u010ceskej republike. \u010ci u\u017e ide o registr\u00e1ciu spolo\u010dnosti k DPH, poskytovanie slu\u017eieb z\u00e1kazn\u00edkom alebo nadviazanie spolupr\u00e1ce s \u010desk\u00fdmi spolo\u010dnos\u0165ami, komunik\u00e1ciu jednoducho nemo\u017eno ob\u00eds\u0165. Nechajte na n\u00e1s, aby sme s druhou stranou komunikovali telefonicky a e-mailom a zistili, ak\u00fd bude v\u00fdsledok.\" \/>\n<meta property=\"og:url\" content=\"https:\/\/czeskastrefa.pl\/sk\/komunikacia-v-cestine\/\" \/>\n<meta property=\"og:site_name\" content=\"Czeska Strefa\" \/>\n<meta property=\"article:publisher\" content=\"https:\/\/www.facebook.com\/czeskastrefa\" \/>\n<meta property=\"article:modified_time\" content=\"2024-05-15T18:30:09+00:00\" \/>\n<meta property=\"og:image\" content=\"https:\/\/czeskastrefa.pl\/wp-content\/uploads\/2024\/04\/nordwood-themes-q8U1YgBaRQk-unsplash-1024x683.jpg\" \/>\n<meta name=\"twitter:card\" content=\"summary_large_image\" \/>\n<meta name=\"twitter:label1\" content=\"Predpokladan\u00fd \u010das \u010d\u00edtania\" \/>\n\t<meta name=\"twitter:data1\" content=\"4 min\u00faty\" \/>\n<script type=\"application\/ld+json\" class=\"yoast-schema-graph\">{\"@context\":\"https:\/\/schema.org\",\"@graph\":[{\"@type\":\"WebPage\",\"@id\":\"https:\/\/czeskastrefa.pl\/sk\/komunikacia-v-cestine\/\",\"url\":\"https:\/\/czeskastrefa.pl\/sk\/komunikacia-v-cestine\/\",\"name\":\"Komunik\u00e1cia v \u010de\u0161tine | Czeska Strefa\",\"isPartOf\":{\"@id\":\"https:\/\/czeskastrefa.pl\/sk\/#website\"},\"primaryImageOfPage\":{\"@id\":\"https:\/\/czeskastrefa.pl\/sk\/komunikacia-v-cestine\/#primaryimage\"},\"image\":{\"@id\":\"https:\/\/czeskastrefa.pl\/sk\/komunikacia-v-cestine\/#primaryimage\"},\"thumbnailUrl\":\"https:\/\/czeskastrefa.pl\/wp-content\/uploads\/2024\/04\/nordwood-themes-q8U1YgBaRQk-unsplash-scaled.jpg\",\"datePublished\":\"2024-04-11T06:53:25+00:00\",\"dateModified\":\"2024-05-15T18:30:09+00:00\",\"description\":\"Komunik\u00e1cia je jednou z najd\u00f4le\u017eitej\u0161\u00edch vec\u00ed pri za\u010dat\u00ed podnikania v \u010ceskej republike. \u010ci u\u017e ide o registr\u00e1ciu spolo\u010dnosti k DPH, poskytovanie slu\u017eieb z\u00e1kazn\u00edkom alebo nadviazanie spolupr\u00e1ce s \u010desk\u00fdmi spolo\u010dnos\u0165ami, komunik\u00e1ciu jednoducho nemo\u017eno ob\u00eds\u0165. Nechajte na n\u00e1s, aby sme s druhou stranou komunikovali telefonicky a e-mailom a zistili, ak\u00fd bude v\u00fdsledok.\",\"breadcrumb\":{\"@id\":\"https:\/\/czeskastrefa.pl\/sk\/komunikacia-v-cestine\/#breadcrumb\"},\"inLanguage\":\"sk-SK\",\"potentialAction\":[{\"@type\":\"ReadAction\",\"target\":[\"https:\/\/czeskastrefa.pl\/sk\/komunikacia-v-cestine\/\"]}]},{\"@type\":\"ImageObject\",\"inLanguage\":\"sk-SK\",\"@id\":\"https:\/\/czeskastrefa.pl\/sk\/komunikacia-v-cestine\/#primaryimage\",\"url\":\"https:\/\/czeskastrefa.pl\/wp-content\/uploads\/2024\/04\/nordwood-themes-q8U1YgBaRQk-unsplash-scaled.jpg\",\"contentUrl\":\"https:\/\/czeskastrefa.pl\/wp-content\/uploads\/2024\/04\/nordwood-themes-q8U1YgBaRQk-unsplash-scaled.jpg\",\"width\":2560,\"height\":1707},{\"@type\":\"BreadcrumbList\",\"@id\":\"https:\/\/czeskastrefa.pl\/sk\/komunikacia-v-cestine\/#breadcrumb\",\"itemListElement\":[{\"@type\":\"ListItem\",\"position\":1,\"name\":\"Strona g\u0142\u00f3wna\",\"item\":\"https:\/\/czeskastrefa.pl\/sk\/\"},{\"@type\":\"ListItem\",\"position\":2,\"name\":\"Komunik\u00e1cia v \u010de\u0161tine\"}]},{\"@type\":\"WebSite\",\"@id\":\"https:\/\/czeskastrefa.pl\/sk\/#website\",\"url\":\"https:\/\/czeskastrefa.pl\/sk\/\",\"name\":\"Czeska Strefa\",\"description\":\"Us\u0142ugi zwi\u0105zane z e-commerce na rynku czeskim\",\"publisher\":{\"@id\":\"https:\/\/czeskastrefa.pl\/sk\/#organization\"},\"alternateName\":\"Czeska Strefa\",\"potentialAction\":[{\"@type\":\"SearchAction\",\"target\":{\"@type\":\"EntryPoint\",\"urlTemplate\":\"https:\/\/czeskastrefa.pl\/sk\/?s={search_term_string}\"},\"query-input\":{\"@type\":\"PropertyValueSpecification\",\"valueRequired\":true,\"valueName\":\"search_term_string\"}}],\"inLanguage\":\"sk-SK\"},{\"@type\":\"Organization\",\"@id\":\"https:\/\/czeskastrefa.pl\/sk\/#organization\",\"name\":\"Czeska Strefa\",\"alternateName\":\"Us\u0142ugi e-commerce na rynku czeskim\",\"url\":\"https:\/\/czeskastrefa.pl\/sk\/\",\"logo\":{\"@type\":\"ImageObject\",\"inLanguage\":\"sk-SK\",\"@id\":\"https:\/\/czeskastrefa.pl\/sk\/#\/schema\/logo\/image\/\",\"url\":\"https:\/\/czeskastrefa.pl\/wp-content\/uploads\/2024\/04\/cropped-thumbnail_czeska-strefa-512-pxbhhui.png\",\"contentUrl\":\"https:\/\/czeskastrefa.pl\/wp-content\/uploads\/2024\/04\/cropped-thumbnail_czeska-strefa-512-pxbhhui.png\",\"width\":240,\"height\":240,\"caption\":\"Czeska Strefa\"},\"image\":{\"@id\":\"https:\/\/czeskastrefa.pl\/sk\/#\/schema\/logo\/image\/\"},\"sameAs\":[\"https:\/\/www.facebook.com\/czeskastrefa\",\"https:\/\/www.linkedin.com\/company\/czeskastrefa\",\"https:\/\/www.instagram.com\/czeskastrefa\"]}]}<\/script>\n<!-- \/ Yoast SEO plugin. -->","yoast_head_json":{"title":"Komunik\u00e1cia v \u010de\u0161tine | Czeska Strefa","description":"Komunik\u00e1cia je jednou z najd\u00f4le\u017eitej\u0161\u00edch vec\u00ed pri za\u010dat\u00ed podnikania v \u010ceskej republike. \u010ci u\u017e ide o registr\u00e1ciu spolo\u010dnosti k DPH, poskytovanie slu\u017eieb z\u00e1kazn\u00edkom alebo nadviazanie spolupr\u00e1ce s \u010desk\u00fdmi spolo\u010dnos\u0165ami, komunik\u00e1ciu jednoducho nemo\u017eno ob\u00eds\u0165. Nechajte na n\u00e1s, aby sme s druhou stranou komunikovali telefonicky a e-mailom a zistili, ak\u00fd bude v\u00fdsledok.","robots":{"index":"index","follow":"follow","max-snippet":"max-snippet:-1","max-image-preview":"max-image-preview:large","max-video-preview":"max-video-preview:-1"},"canonical":"https:\/\/czeskastrefa.pl\/sk\/komunikacia-v-cestine\/","og_locale":"sk_SK","og_type":"article","og_title":"Komunik\u00e1cia v \u010de\u0161tine","og_description":"Komunik\u00e1cia je jednou z najd\u00f4le\u017eitej\u0161\u00edch vec\u00ed pri za\u010dat\u00ed podnikania v \u010ceskej republike. \u010ci u\u017e ide o registr\u00e1ciu spolo\u010dnosti k DPH, poskytovanie slu\u017eieb z\u00e1kazn\u00edkom alebo nadviazanie spolupr\u00e1ce s \u010desk\u00fdmi spolo\u010dnos\u0165ami, komunik\u00e1ciu jednoducho nemo\u017eno ob\u00eds\u0165. Nechajte na n\u00e1s, aby sme s druhou stranou komunikovali telefonicky a e-mailom a zistili, ak\u00fd bude v\u00fdsledok.","og_url":"https:\/\/czeskastrefa.pl\/sk\/komunikacia-v-cestine\/","og_site_name":"Czeska Strefa","article_publisher":"https:\/\/www.facebook.com\/czeskastrefa","article_modified_time":"2024-05-15T18:30:09+00:00","og_image":[{"url":"https:\/\/czeskastrefa.pl\/wp-content\/uploads\/2024\/04\/nordwood-themes-q8U1YgBaRQk-unsplash-1024x683.jpg","type":"","width":"","height":""}],"twitter_card":"summary_large_image","twitter_misc":{"Predpokladan\u00fd \u010das \u010d\u00edtania":"4 min\u00faty"},"schema":{"@context":"https:\/\/schema.org","@graph":[{"@type":"WebPage","@id":"https:\/\/czeskastrefa.pl\/sk\/komunikacia-v-cestine\/","url":"https:\/\/czeskastrefa.pl\/sk\/komunikacia-v-cestine\/","name":"Komunik\u00e1cia v \u010de\u0161tine | Czeska Strefa","isPartOf":{"@id":"https:\/\/czeskastrefa.pl\/sk\/#website"},"primaryImageOfPage":{"@id":"https:\/\/czeskastrefa.pl\/sk\/komunikacia-v-cestine\/#primaryimage"},"image":{"@id":"https:\/\/czeskastrefa.pl\/sk\/komunikacia-v-cestine\/#primaryimage"},"thumbnailUrl":"https:\/\/czeskastrefa.pl\/wp-content\/uploads\/2024\/04\/nordwood-themes-q8U1YgBaRQk-unsplash-scaled.jpg","datePublished":"2024-04-11T06:53:25+00:00","dateModified":"2024-05-15T18:30:09+00:00","description":"Komunik\u00e1cia je jednou z najd\u00f4le\u017eitej\u0161\u00edch vec\u00ed pri za\u010dat\u00ed podnikania v \u010ceskej republike. \u010ci u\u017e ide o registr\u00e1ciu spolo\u010dnosti k DPH, poskytovanie slu\u017eieb z\u00e1kazn\u00edkom alebo nadviazanie spolupr\u00e1ce s \u010desk\u00fdmi spolo\u010dnos\u0165ami, komunik\u00e1ciu jednoducho nemo\u017eno ob\u00eds\u0165. Nechajte na n\u00e1s, aby sme s druhou stranou komunikovali telefonicky a e-mailom a zistili, ak\u00fd bude v\u00fdsledok.","breadcrumb":{"@id":"https:\/\/czeskastrefa.pl\/sk\/komunikacia-v-cestine\/#breadcrumb"},"inLanguage":"sk-SK","potentialAction":[{"@type":"ReadAction","target":["https:\/\/czeskastrefa.pl\/sk\/komunikacia-v-cestine\/"]}]},{"@type":"ImageObject","inLanguage":"sk-SK","@id":"https:\/\/czeskastrefa.pl\/sk\/komunikacia-v-cestine\/#primaryimage","url":"https:\/\/czeskastrefa.pl\/wp-content\/uploads\/2024\/04\/nordwood-themes-q8U1YgBaRQk-unsplash-scaled.jpg","contentUrl":"https:\/\/czeskastrefa.pl\/wp-content\/uploads\/2024\/04\/nordwood-themes-q8U1YgBaRQk-unsplash-scaled.jpg","width":2560,"height":1707},{"@type":"BreadcrumbList","@id":"https:\/\/czeskastrefa.pl\/sk\/komunikacia-v-cestine\/#breadcrumb","itemListElement":[{"@type":"ListItem","position":1,"name":"Strona g\u0142\u00f3wna","item":"https:\/\/czeskastrefa.pl\/sk\/"},{"@type":"ListItem","position":2,"name":"Komunik\u00e1cia v \u010de\u0161tine"}]},{"@type":"WebSite","@id":"https:\/\/czeskastrefa.pl\/sk\/#website","url":"https:\/\/czeskastrefa.pl\/sk\/","name":"Czeska Strefa","description":"Us\u0142ugi zwi\u0105zane z e-commerce na rynku czeskim","publisher":{"@id":"https:\/\/czeskastrefa.pl\/sk\/#organization"},"alternateName":"Czeska Strefa","potentialAction":[{"@type":"SearchAction","target":{"@type":"EntryPoint","urlTemplate":"https:\/\/czeskastrefa.pl\/sk\/?s={search_term_string}"},"query-input":{"@type":"PropertyValueSpecification","valueRequired":true,"valueName":"search_term_string"}}],"inLanguage":"sk-SK"},{"@type":"Organization","@id":"https:\/\/czeskastrefa.pl\/sk\/#organization","name":"Czeska Strefa","alternateName":"Us\u0142ugi e-commerce na rynku czeskim","url":"https:\/\/czeskastrefa.pl\/sk\/","logo":{"@type":"ImageObject","inLanguage":"sk-SK","@id":"https:\/\/czeskastrefa.pl\/sk\/#\/schema\/logo\/image\/","url":"https:\/\/czeskastrefa.pl\/wp-content\/uploads\/2024\/04\/cropped-thumbnail_czeska-strefa-512-pxbhhui.png","contentUrl":"https:\/\/czeskastrefa.pl\/wp-content\/uploads\/2024\/04\/cropped-thumbnail_czeska-strefa-512-pxbhhui.png","width":240,"height":240,"caption":"Czeska Strefa"},"image":{"@id":"https:\/\/czeskastrefa.pl\/sk\/#\/schema\/logo\/image\/"},"sameAs":["https:\/\/www.facebook.com\/czeskastrefa","https:\/\/www.linkedin.com\/company\/czeskastrefa","https:\/\/www.instagram.com\/czeskastrefa"]}]}},"_links":{"self":[{"href":"https:\/\/czeskastrefa.pl\/sk\/wp-json\/wp\/v2\/pages\/1440","targetHints":{"allow":["GET"]}}],"collection":[{"href":"https:\/\/czeskastrefa.pl\/sk\/wp-json\/wp\/v2\/pages"}],"about":[{"href":"https:\/\/czeskastrefa.pl\/sk\/wp-json\/wp\/v2\/types\/page"}],"author":[{"embeddable":true,"href":"https:\/\/czeskastrefa.pl\/sk\/wp-json\/wp\/v2\/users\/1"}],"replies":[{"embeddable":true,"href":"https:\/\/czeskastrefa.pl\/sk\/wp-json\/wp\/v2\/comments?post=1440"}],"version-history":[{"count":1,"href":"https:\/\/czeskastrefa.pl\/sk\/wp-json\/wp\/v2\/pages\/1440\/revisions"}],"predecessor-version":[{"id":1443,"href":"https:\/\/czeskastrefa.pl\/sk\/wp-json\/wp\/v2\/pages\/1440\/revisions\/1443"}],"wp:featuredmedia":[{"embeddable":true,"href":"https:\/\/czeskastrefa.pl\/sk\/wp-json\/wp\/v2\/media\/997"}],"wp:attachment":[{"href":"https:\/\/czeskastrefa.pl\/sk\/wp-json\/wp\/v2\/media?parent=1440"}],"curies":[{"name":"wp","href":"https:\/\/api.w.org\/{rel}","templated":true}]}}