{"id":1458,"date":"2024-04-13T10:19:25","date_gmt":"2024-04-13T08:19:25","guid":{"rendered":"https:\/\/czeskastrefa.pl\/otvorenie-bankoveho-uctu\/"},"modified":"2024-05-18T20:02:41","modified_gmt":"2024-05-18T18:02:41","slug":"otvorenie-bankoveho-uctu","status":"publish","type":"page","link":"https:\/\/czeskastrefa.pl\/sk\/otvorenie-bankoveho-uctu\/","title":{"rendered":"Otvorenie bankov\u00e9ho \u00fa\u010dtu"},"content":{"rendered":"\n<blockquote class=\"wp-block-quote is-layout-flow wp-block-quote-is-layout-flow\">\n<p>Chcete si otvori\u0165 bankov\u00fd \u00fa\u010det v \u010ceskej republike, ale neviete ako? Nedok\u00e1\u017eete vych\u00e1dza\u0165 so zamestnancom banky? Nie ste si ist\u00ed, \u010do budete potrebova\u0165 na otvorenie \u010desk\u00e9ho bankov\u00e9ho \u00fa\u010dtu? Potrebujete si dohodn\u00fa\u0165 stretnutie so zamestnancom banky? Neviete, ktor\u00fa banku alebo ak\u00fd typ \u00fa\u010dtu si otvori\u0165? Potrebujete konzekut\u00edvne tlmo\u010denie po\u010das stretnutia so zamestnancom banky? Ak ste na niektor\u00fa z t\u00fdchto ot\u00e1zok odpovedali \u00e1no, ste na spr\u00e1vnom mieste!<\/p>\n<\/blockquote>\n\n<p><strong>V tejto s\u00favislosti poskytujeme tieto slu\u017eby:<\/strong><\/p>\n\n<p><strong>1. poradenstvo pri v\u00fdbere banky<\/strong><\/p>\n\n<p>Porad\u00edme v\u00e1m, ktor\u00fa banku v \u010ceskej republike si vybra\u0165 pod\u013ea va\u0161ich preferenci\u00ed. Viac inform\u00e1ci\u00ed n\u00e1jdete v \u010dl\u00e1nku <a href=\"https:\/\/czeskastrefa.pl\/sk\/ktoru-banku-si-vybrat-v-ceskej-republike\/\">Ktor\u00fa banku si vybra\u0165 v \u010ceskej republike<\/a>?<\/p>\n\n<p><strong>2. poradenstvo pri v\u00fdbere \u00fa\u010dtu<\/strong><\/p>\n\n<p>Zist\u00edme, na ak\u00fd \u00fa\u010del potrebujete bankov\u00fd \u00fa\u010det, a na z\u00e1klade va\u0161ich inform\u00e1ci\u00ed v\u00e1m odporu\u010d\u00edme typ bankov\u00e9ho \u00fa\u010dtu, ktor\u00fd si m\u00f4\u017eete otvori\u0165 v \u010ceskej republike. Viac inform\u00e1ci\u00ed n\u00e1jdete v \u010dl\u00e1nku <a href=\"https:\/\/czeskastrefa.pl\/sk\/cesky-bankovy-ucet\/\">\u010cesk\u00fd bankov\u00fd \u00fa\u010det<\/a>.<\/p>\n\n<p><strong>3. telefonick\u00e1 komunik\u00e1cia so zamestnancom banky<\/strong><\/p>\n\n<p>Od prijatia va\u0161ej \u017eiadosti o otvorenie bankov\u00e9ho \u00fa\u010dtu a\u017e po dohodnutie stretnutia so zamestnancom banky sme v telefonickom kontakte so zamestnancom banky. Poskytuj\u00fa sa aj inform\u00e1cie z telefonick\u00fdch hovorov.<\/p>\n\n<p><strong>4. e-mailov\u00e1 komunik\u00e1cia so zamestnancom banky a preklad do po\u013e\u0161tiny<\/strong><\/p>\n\n<p>E-mailov\u00e1 kore\u0161pondencia je nevyhnutn\u00e1 najm\u00e4 pri zria\u010fovan\u00ed firemn\u00fdch bankov\u00fdch \u00fa\u010dtov. Po\u010das celej e-mailovej kore\u0161pondencie m\u00e1 z\u00e1kazn\u00edk preh\u013ead o v\u0161etk\u00fdch odoslan\u00fdch a prijat\u00fdch e-mailoch v p\u00f4vodnej jazykovej verzii. Preklad\u00e1me e-maily od zamestnanca banky z \u010de\u0161tiny do po\u013e\u0161tiny a va\u0161e e-maily z po\u013e\u0161tiny do \u010de\u0161tiny. Po\u010das na\u0161ej e-mailovej kore\u0161pondencie db\u00e1me na to, aby si obe strany navz\u00e1jom rozumeli.<\/p>\n\n<p><strong>5. dohodn\u00fa\u0165 si stretnutie s konkr\u00e9tnym zamestnancom banky v konkr\u00e9tnom \u010dase<\/strong><\/p>\n\n<p>Ide o z\u00e1vere\u010dn\u00fa f\u00e1zu, v ktorej musia by\u0165 fyzicky pr\u00edtomn\u00e9 obe strany. Stretnutie sa kon\u00e1 v \u010ceskej republike. Dohodneme si stretnutie so zamestnancom banky tak, aby v\u00e1m vyhovovalo.<\/p>\n\n<p><strong>6. dohodnutie telekonferencie s konkr\u00e9tnym zamestnancom banky v konkr\u00e9tnom \u010dase<\/strong><\/p>\n\n<p>V niektor\u00fdch pr\u00edpadoch je mo\u017en\u00e9 dohodn\u00fa\u0165 si stretnutie so zamestnancom banky na konkr\u00e9tny \u010das pomocou telekonferencie. M\u00e1te napr\u00edklad ot\u00e1zky t\u00fdkaj\u00face sa novootvoren\u00e9ho bankov\u00e9ho \u00fa\u010dtu alebo potrebujete nie\u010do objasni\u0165. Nie je teda potrebn\u00e9 pr\u00eds\u0165 do \u010ceskej republiky a dohodn\u00fa\u0165 si stretnutie v banke, sta\u010d\u00ed kontaktova\u0165 pracovn\u00edka banky prostredn\u00edctvom telekonferencie. Preto ak sa chcete spoji\u0165 so zamestnancom banky prostredn\u00edctvom konferen\u010dn\u00e9ho hovoru, kontaktujte n\u00e1s a dohodnite si term\u00edn, ktor\u00fd bude vyhovova\u0165 v\u0161etk\u00fdm trom stran\u00e1m. V ur\u010denom \u010dase za\u010dneme konferen\u010dn\u00fd hovor, do ktor\u00e9ho sa zapoja obe strany &#8211; vy aj zamestnanec banky. Po\u010das telekonferencie tlmo\u010d\u00edme z po\u013e\u0161tiny do \u010de\u0161tiny a naopak, aby si obe strany rozumeli. Podrobnosti o telekonferencii n\u00e1jdete <a href=\"https:\/\/support.apple.com\/pl-pl\/HT211110\">tu<\/a>.<\/p>\n\n<p><strong>7. h\u013eadanie inform\u00e1ci\u00ed o zriaden\u00ed bankov\u00e9ho \u00fa\u010dtu<\/strong><\/p>\n\n<p>Tak ako existuj\u00fa r\u00f4zne typy spolo\u010dnost\u00ed, existuj\u00fa aj r\u00f4zne po\u017eiadavky na otvorenie napr\u00edklad firemn\u00fdch bankov\u00fdch \u00fa\u010dtov. Ka\u017ed\u00e1 banka m\u00e1 tie\u017e in\u00e9 pravidl\u00e1 pri otv\u00e1ran\u00ed bankov\u00e9ho \u00fa\u010dtu. Tieto inform\u00e1cie sa dozved\u00e1m z ofici\u00e1lnych zdrojov, t. j. od pracovn\u00edkov banky, ktor\u00ed sa potom obr\u00e1tia na pr\u00edslu\u0161n\u00fdch pracovn\u00edkov banky. Z\u00edskate tak overen\u00e9 inform\u00e1cie.<\/p>\n\n<p><strong>8. konzekut\u00edvne tlmo\u010denie po\u010das stretnutia so zamestnancom banky<\/strong><\/p>\n\n<p>Po\u010das stretnutia so zamestnancom banky sme pr\u00edtomn\u00ed na mieste. Preklad\u00e1me obe strany, aby si navz\u00e1jom rozumeli. Vy z po\u013e\u0161tiny do \u010de\u0161tiny a zamestnanec banky z \u010de\u0161tiny do po\u013e\u0161tiny. Sme v\u00e1m k dispoz\u00edcii aj na vysvetlenie a dodr\u017eiavanie postupov banky tak, aby ste sa stretli priamo s konkr\u00e9tnym pracovn\u00edkom banky, s ktor\u00fdm sme si vopred dohodli stretnutie.<\/p>\n\n<p><strong>9. konzekut\u00edvne tlmo\u010denie po\u010das konferen\u010dn\u00e9ho hovoru so zamestnancom banky<\/strong><\/p>\n\n<p>Na z\u00e1klade va\u0161ej \u017eiadosti si v\u0161etky tri strany n\u00e1jdu vhodn\u00fd \u010das na za\u010datie telekonferencie. Na telekonferenciu prid\u00e1me v\u00e1s a zamestnanca banky. Zamestnancovi banky polo\u017e\u00edte ot\u00e1zky alebo vysvetl\u00edte probl\u00e9my a my v\u00e1m ich prelo\u017e\u00edme do \u010de\u0161tiny. Odpovede zamestnanca banky potom prelo\u017e\u00edme do po\u013e\u0161tiny.<\/p>\n","protected":false},"excerpt":{"rendered":"<p>Chcete si otvori\u0165 bankov\u00fd \u00fa\u010det v \u010ceskej republike, ale neviete ako? Nedok\u00e1\u017eete vych\u00e1dza\u0165 so zamestnancom banky? Nie ste si ist\u00ed, \u010do budete potrebova\u0165 na otvorenie \u010desk\u00e9ho bankov\u00e9ho \u00fa\u010dtu? Potrebujete si dohodn\u00fa\u0165 stretnutie so zamestnancom banky? Neviete, ktor\u00fa banku alebo ak\u00fd typ \u00fa\u010dtu si otvori\u0165? Potrebujete konzekut\u00edvne tlmo\u010denie po\u010das stretnutia so zamestnancom banky? Ak ste na [&hellip;]<\/p>\n","protected":false},"author":1,"featured_media":1345,"parent":0,"menu_order":0,"comment_status":"closed","ping_status":"closed","template":"","meta":{"footnotes":""},"class_list":["post-1458","page","type-page","status-publish","has-post-thumbnail","hentry"],"yoast_head":"<!-- This site is optimized with the Yoast SEO plugin v26.7 - https:\/\/yoast.com\/wordpress\/plugins\/seo\/ -->\n<title>Otvorenie bankov\u00e9ho \u00fa\u010dtu | Czeska Strefa<\/title>\n<meta name=\"description\" content=\"Chcete si otvori\u0165 bankov\u00fd \u00fa\u010det v \u010ceskej republike, ale neviete ako? Nedok\u00e1\u017eete vych\u00e1dza\u0165 so zamestnancom banky? Nie ste si ist\u00ed, \u010do budete potrebova\u0165 na otvorenie \u010desk\u00e9ho bankov\u00e9ho \u00fa\u010dtu? Potrebujete si dohodn\u00fa\u0165 stretnutie so zamestnancom banky? Neviete, ktor\u00fa banku alebo ak\u00fd typ \u00fa\u010dtu si otvori\u0165? Potrebujete konzekut\u00edvne tlmo\u010denie po\u010das stretnutia so zamestnancom banky? Ak ste na niektor\u00fa z t\u00fdchto ot\u00e1zok odpovedali \u00e1no, ste na spr\u00e1vnom mieste!\" \/>\n<meta name=\"robots\" content=\"index, follow, max-snippet:-1, max-image-preview:large, max-video-preview:-1\" \/>\n<link rel=\"canonical\" href=\"https:\/\/czeskastrefa.pl\/sk\/otvorenie-bankoveho-uctu\/\" \/>\n<meta property=\"og:locale\" content=\"sk_SK\" \/>\n<meta property=\"og:type\" content=\"article\" \/>\n<meta property=\"og:title\" content=\"Otvorenie bankov\u00e9ho \u00fa\u010dtu\" \/>\n<meta property=\"og:description\" content=\"Chcete si otvori\u0165 bankov\u00fd \u00fa\u010det v \u010ceskej republike, ale neviete ako? Nedok\u00e1\u017eete vych\u00e1dza\u0165 so zamestnancom banky? Nie ste si ist\u00ed, \u010do budete potrebova\u0165 na otvorenie \u010desk\u00e9ho bankov\u00e9ho \u00fa\u010dtu? Potrebujete si dohodn\u00fa\u0165 stretnutie so zamestnancom banky? Neviete, ktor\u00fa banku alebo ak\u00fd typ \u00fa\u010dtu si otvori\u0165? Potrebujete konzekut\u00edvne tlmo\u010denie po\u010das stretnutia so zamestnancom banky? Ak ste na niektor\u00fa z t\u00fdchto ot\u00e1zok odpovedali \u00e1no, ste na spr\u00e1vnom mieste!\" \/>\n<meta property=\"og:url\" content=\"https:\/\/czeskastrefa.pl\/sk\/otvorenie-bankoveho-uctu\/\" \/>\n<meta property=\"og:site_name\" content=\"Czeska Strefa\" \/>\n<meta property=\"article:publisher\" content=\"https:\/\/www.facebook.com\/czeskastrefa\" \/>\n<meta property=\"article:modified_time\" content=\"2024-05-18T18:02:41+00:00\" \/>\n<meta property=\"og:image\" content=\"https:\/\/czeskastrefa.pl\/wp-content\/uploads\/2024\/04\/iStock-1608216639-2-1024x737.jpg\" \/>\n<meta name=\"twitter:card\" content=\"summary_large_image\" \/>\n<meta name=\"twitter:label1\" content=\"Predpokladan\u00fd \u010das \u010d\u00edtania\" \/>\n\t<meta name=\"twitter:data1\" content=\"4 min\u00faty\" \/>\n<script type=\"application\/ld+json\" class=\"yoast-schema-graph\">{\"@context\":\"https:\/\/schema.org\",\"@graph\":[{\"@type\":\"WebPage\",\"@id\":\"https:\/\/czeskastrefa.pl\/sk\/otvorenie-bankoveho-uctu\/\",\"url\":\"https:\/\/czeskastrefa.pl\/sk\/otvorenie-bankoveho-uctu\/\",\"name\":\"Otvorenie bankov\u00e9ho \u00fa\u010dtu | Czeska Strefa\",\"isPartOf\":{\"@id\":\"https:\/\/czeskastrefa.pl\/sk\/#website\"},\"primaryImageOfPage\":{\"@id\":\"https:\/\/czeskastrefa.pl\/sk\/otvorenie-bankoveho-uctu\/#primaryimage\"},\"image\":{\"@id\":\"https:\/\/czeskastrefa.pl\/sk\/otvorenie-bankoveho-uctu\/#primaryimage\"},\"thumbnailUrl\":\"https:\/\/czeskastrefa.pl\/wp-content\/uploads\/2024\/04\/iStock-1608216639-2.jpg\",\"datePublished\":\"2024-04-13T08:19:25+00:00\",\"dateModified\":\"2024-05-18T18:02:41+00:00\",\"description\":\"Chcete si otvori\u0165 bankov\u00fd \u00fa\u010det v \u010ceskej republike, ale neviete ako? Nedok\u00e1\u017eete vych\u00e1dza\u0165 so zamestnancom banky? Nie ste si ist\u00ed, \u010do budete potrebova\u0165 na otvorenie \u010desk\u00e9ho bankov\u00e9ho \u00fa\u010dtu? Potrebujete si dohodn\u00fa\u0165 stretnutie so zamestnancom banky? Neviete, ktor\u00fa banku alebo ak\u00fd typ \u00fa\u010dtu si otvori\u0165? Potrebujete konzekut\u00edvne tlmo\u010denie po\u010das stretnutia so zamestnancom banky? Ak ste na niektor\u00fa z t\u00fdchto ot\u00e1zok odpovedali \u00e1no, ste na spr\u00e1vnom mieste!\",\"breadcrumb\":{\"@id\":\"https:\/\/czeskastrefa.pl\/sk\/otvorenie-bankoveho-uctu\/#breadcrumb\"},\"inLanguage\":\"sk-SK\",\"potentialAction\":[{\"@type\":\"ReadAction\",\"target\":[\"https:\/\/czeskastrefa.pl\/sk\/otvorenie-bankoveho-uctu\/\"]}]},{\"@type\":\"ImageObject\",\"inLanguage\":\"sk-SK\",\"@id\":\"https:\/\/czeskastrefa.pl\/sk\/otvorenie-bankoveho-uctu\/#primaryimage\",\"url\":\"https:\/\/czeskastrefa.pl\/wp-content\/uploads\/2024\/04\/iStock-1608216639-2.jpg\",\"contentUrl\":\"https:\/\/czeskastrefa.pl\/wp-content\/uploads\/2024\/04\/iStock-1608216639-2.jpg\",\"width\":2041,\"height\":1469,\"caption\":\"Prague, Czech- July 19,2023: The branch office of Ceska sporitelna in Prague. Ceska sporitelna is the biggest Czech bank measured by the number of clients, It is a part of the Erste Group, Austria.\"},{\"@type\":\"BreadcrumbList\",\"@id\":\"https:\/\/czeskastrefa.pl\/sk\/otvorenie-bankoveho-uctu\/#breadcrumb\",\"itemListElement\":[{\"@type\":\"ListItem\",\"position\":1,\"name\":\"Strona g\u0142\u00f3wna\",\"item\":\"https:\/\/czeskastrefa.pl\/sk\/\"},{\"@type\":\"ListItem\",\"position\":2,\"name\":\"Otvorenie bankov\u00e9ho \u00fa\u010dtu\"}]},{\"@type\":\"WebSite\",\"@id\":\"https:\/\/czeskastrefa.pl\/sk\/#website\",\"url\":\"https:\/\/czeskastrefa.pl\/sk\/\",\"name\":\"Czeska Strefa\",\"description\":\"Us\u0142ugi zwi\u0105zane z e-commerce na rynku czeskim\",\"publisher\":{\"@id\":\"https:\/\/czeskastrefa.pl\/sk\/#organization\"},\"alternateName\":\"Czeska Strefa\",\"potentialAction\":[{\"@type\":\"SearchAction\",\"target\":{\"@type\":\"EntryPoint\",\"urlTemplate\":\"https:\/\/czeskastrefa.pl\/sk\/?s={search_term_string}\"},\"query-input\":{\"@type\":\"PropertyValueSpecification\",\"valueRequired\":true,\"valueName\":\"search_term_string\"}}],\"inLanguage\":\"sk-SK\"},{\"@type\":\"Organization\",\"@id\":\"https:\/\/czeskastrefa.pl\/sk\/#organization\",\"name\":\"Czeska Strefa\",\"alternateName\":\"Us\u0142ugi e-commerce na rynku czeskim\",\"url\":\"https:\/\/czeskastrefa.pl\/sk\/\",\"logo\":{\"@type\":\"ImageObject\",\"inLanguage\":\"sk-SK\",\"@id\":\"https:\/\/czeskastrefa.pl\/sk\/#\/schema\/logo\/image\/\",\"url\":\"https:\/\/czeskastrefa.pl\/wp-content\/uploads\/2024\/04\/cropped-thumbnail_czeska-strefa-512-pxbhhui.png\",\"contentUrl\":\"https:\/\/czeskastrefa.pl\/wp-content\/uploads\/2024\/04\/cropped-thumbnail_czeska-strefa-512-pxbhhui.png\",\"width\":240,\"height\":240,\"caption\":\"Czeska Strefa\"},\"image\":{\"@id\":\"https:\/\/czeskastrefa.pl\/sk\/#\/schema\/logo\/image\/\"},\"sameAs\":[\"https:\/\/www.facebook.com\/czeskastrefa\",\"https:\/\/www.linkedin.com\/company\/czeskastrefa\",\"https:\/\/www.instagram.com\/czeskastrefa\"]}]}<\/script>\n<!-- \/ Yoast SEO plugin. -->","yoast_head_json":{"title":"Otvorenie bankov\u00e9ho \u00fa\u010dtu | Czeska Strefa","description":"Chcete si otvori\u0165 bankov\u00fd \u00fa\u010det v \u010ceskej republike, ale neviete ako? Nedok\u00e1\u017eete vych\u00e1dza\u0165 so zamestnancom banky? Nie ste si ist\u00ed, \u010do budete potrebova\u0165 na otvorenie \u010desk\u00e9ho bankov\u00e9ho \u00fa\u010dtu? Potrebujete si dohodn\u00fa\u0165 stretnutie so zamestnancom banky? Neviete, ktor\u00fa banku alebo ak\u00fd typ \u00fa\u010dtu si otvori\u0165? Potrebujete konzekut\u00edvne tlmo\u010denie po\u010das stretnutia so zamestnancom banky? Ak ste na niektor\u00fa z t\u00fdchto ot\u00e1zok odpovedali \u00e1no, ste na spr\u00e1vnom mieste!","robots":{"index":"index","follow":"follow","max-snippet":"max-snippet:-1","max-image-preview":"max-image-preview:large","max-video-preview":"max-video-preview:-1"},"canonical":"https:\/\/czeskastrefa.pl\/sk\/otvorenie-bankoveho-uctu\/","og_locale":"sk_SK","og_type":"article","og_title":"Otvorenie bankov\u00e9ho \u00fa\u010dtu","og_description":"Chcete si otvori\u0165 bankov\u00fd \u00fa\u010det v \u010ceskej republike, ale neviete ako? Nedok\u00e1\u017eete vych\u00e1dza\u0165 so zamestnancom banky? Nie ste si ist\u00ed, \u010do budete potrebova\u0165 na otvorenie \u010desk\u00e9ho bankov\u00e9ho \u00fa\u010dtu? Potrebujete si dohodn\u00fa\u0165 stretnutie so zamestnancom banky? Neviete, ktor\u00fa banku alebo ak\u00fd typ \u00fa\u010dtu si otvori\u0165? Potrebujete konzekut\u00edvne tlmo\u010denie po\u010das stretnutia so zamestnancom banky? Ak ste na niektor\u00fa z t\u00fdchto ot\u00e1zok odpovedali \u00e1no, ste na spr\u00e1vnom mieste!","og_url":"https:\/\/czeskastrefa.pl\/sk\/otvorenie-bankoveho-uctu\/","og_site_name":"Czeska Strefa","article_publisher":"https:\/\/www.facebook.com\/czeskastrefa","article_modified_time":"2024-05-18T18:02:41+00:00","og_image":[{"url":"https:\/\/czeskastrefa.pl\/wp-content\/uploads\/2024\/04\/iStock-1608216639-2-1024x737.jpg","type":"","width":"","height":""}],"twitter_card":"summary_large_image","twitter_misc":{"Predpokladan\u00fd \u010das \u010d\u00edtania":"4 min\u00faty"},"schema":{"@context":"https:\/\/schema.org","@graph":[{"@type":"WebPage","@id":"https:\/\/czeskastrefa.pl\/sk\/otvorenie-bankoveho-uctu\/","url":"https:\/\/czeskastrefa.pl\/sk\/otvorenie-bankoveho-uctu\/","name":"Otvorenie bankov\u00e9ho \u00fa\u010dtu | Czeska Strefa","isPartOf":{"@id":"https:\/\/czeskastrefa.pl\/sk\/#website"},"primaryImageOfPage":{"@id":"https:\/\/czeskastrefa.pl\/sk\/otvorenie-bankoveho-uctu\/#primaryimage"},"image":{"@id":"https:\/\/czeskastrefa.pl\/sk\/otvorenie-bankoveho-uctu\/#primaryimage"},"thumbnailUrl":"https:\/\/czeskastrefa.pl\/wp-content\/uploads\/2024\/04\/iStock-1608216639-2.jpg","datePublished":"2024-04-13T08:19:25+00:00","dateModified":"2024-05-18T18:02:41+00:00","description":"Chcete si otvori\u0165 bankov\u00fd \u00fa\u010det v \u010ceskej republike, ale neviete ako? Nedok\u00e1\u017eete vych\u00e1dza\u0165 so zamestnancom banky? Nie ste si ist\u00ed, \u010do budete potrebova\u0165 na otvorenie \u010desk\u00e9ho bankov\u00e9ho \u00fa\u010dtu? Potrebujete si dohodn\u00fa\u0165 stretnutie so zamestnancom banky? Neviete, ktor\u00fa banku alebo ak\u00fd typ \u00fa\u010dtu si otvori\u0165? Potrebujete konzekut\u00edvne tlmo\u010denie po\u010das stretnutia so zamestnancom banky? Ak ste na niektor\u00fa z t\u00fdchto ot\u00e1zok odpovedali \u00e1no, ste na spr\u00e1vnom mieste!","breadcrumb":{"@id":"https:\/\/czeskastrefa.pl\/sk\/otvorenie-bankoveho-uctu\/#breadcrumb"},"inLanguage":"sk-SK","potentialAction":[{"@type":"ReadAction","target":["https:\/\/czeskastrefa.pl\/sk\/otvorenie-bankoveho-uctu\/"]}]},{"@type":"ImageObject","inLanguage":"sk-SK","@id":"https:\/\/czeskastrefa.pl\/sk\/otvorenie-bankoveho-uctu\/#primaryimage","url":"https:\/\/czeskastrefa.pl\/wp-content\/uploads\/2024\/04\/iStock-1608216639-2.jpg","contentUrl":"https:\/\/czeskastrefa.pl\/wp-content\/uploads\/2024\/04\/iStock-1608216639-2.jpg","width":2041,"height":1469,"caption":"Prague, Czech- July 19,2023: The branch office of Ceska sporitelna in Prague. Ceska sporitelna is the biggest Czech bank measured by the number of clients, It is a part of the Erste Group, Austria."},{"@type":"BreadcrumbList","@id":"https:\/\/czeskastrefa.pl\/sk\/otvorenie-bankoveho-uctu\/#breadcrumb","itemListElement":[{"@type":"ListItem","position":1,"name":"Strona g\u0142\u00f3wna","item":"https:\/\/czeskastrefa.pl\/sk\/"},{"@type":"ListItem","position":2,"name":"Otvorenie bankov\u00e9ho \u00fa\u010dtu"}]},{"@type":"WebSite","@id":"https:\/\/czeskastrefa.pl\/sk\/#website","url":"https:\/\/czeskastrefa.pl\/sk\/","name":"Czeska Strefa","description":"Us\u0142ugi zwi\u0105zane z e-commerce na rynku czeskim","publisher":{"@id":"https:\/\/czeskastrefa.pl\/sk\/#organization"},"alternateName":"Czeska Strefa","potentialAction":[{"@type":"SearchAction","target":{"@type":"EntryPoint","urlTemplate":"https:\/\/czeskastrefa.pl\/sk\/?s={search_term_string}"},"query-input":{"@type":"PropertyValueSpecification","valueRequired":true,"valueName":"search_term_string"}}],"inLanguage":"sk-SK"},{"@type":"Organization","@id":"https:\/\/czeskastrefa.pl\/sk\/#organization","name":"Czeska Strefa","alternateName":"Us\u0142ugi e-commerce na rynku czeskim","url":"https:\/\/czeskastrefa.pl\/sk\/","logo":{"@type":"ImageObject","inLanguage":"sk-SK","@id":"https:\/\/czeskastrefa.pl\/sk\/#\/schema\/logo\/image\/","url":"https:\/\/czeskastrefa.pl\/wp-content\/uploads\/2024\/04\/cropped-thumbnail_czeska-strefa-512-pxbhhui.png","contentUrl":"https:\/\/czeskastrefa.pl\/wp-content\/uploads\/2024\/04\/cropped-thumbnail_czeska-strefa-512-pxbhhui.png","width":240,"height":240,"caption":"Czeska Strefa"},"image":{"@id":"https:\/\/czeskastrefa.pl\/sk\/#\/schema\/logo\/image\/"},"sameAs":["https:\/\/www.facebook.com\/czeskastrefa","https:\/\/www.linkedin.com\/company\/czeskastrefa","https:\/\/www.instagram.com\/czeskastrefa"]}]}},"_links":{"self":[{"href":"https:\/\/czeskastrefa.pl\/sk\/wp-json\/wp\/v2\/pages\/1458","targetHints":{"allow":["GET"]}}],"collection":[{"href":"https:\/\/czeskastrefa.pl\/sk\/wp-json\/wp\/v2\/pages"}],"about":[{"href":"https:\/\/czeskastrefa.pl\/sk\/wp-json\/wp\/v2\/types\/page"}],"author":[{"embeddable":true,"href":"https:\/\/czeskastrefa.pl\/sk\/wp-json\/wp\/v2\/users\/1"}],"replies":[{"embeddable":true,"href":"https:\/\/czeskastrefa.pl\/sk\/wp-json\/wp\/v2\/comments?post=1458"}],"version-history":[{"count":4,"href":"https:\/\/czeskastrefa.pl\/sk\/wp-json\/wp\/v2\/pages\/1458\/revisions"}],"predecessor-version":[{"id":1812,"href":"https:\/\/czeskastrefa.pl\/sk\/wp-json\/wp\/v2\/pages\/1458\/revisions\/1812"}],"wp:featuredmedia":[{"embeddable":true,"href":"https:\/\/czeskastrefa.pl\/sk\/wp-json\/wp\/v2\/media\/1345"}],"wp:attachment":[{"href":"https:\/\/czeskastrefa.pl\/sk\/wp-json\/wp\/v2\/media?parent=1458"}],"curies":[{"name":"wp","href":"https:\/\/api.w.org\/{rel}","templated":true}]}}