{"id":1479,"date":"2024-04-12T22:13:41","date_gmt":"2024-04-12T20:13:41","guid":{"rendered":"https:\/\/czeskastrefa.pl\/preklad-z-polstiny-do-cestiny\/"},"modified":"2024-05-18T20:35:57","modified_gmt":"2024-05-18T18:35:57","slug":"preklad-z-polstiny-do-cestiny","status":"publish","type":"page","link":"https:\/\/czeskastrefa.pl\/sk\/preklad-z-polstiny-do-cestiny\/","title":{"rendered":"Preklad z po\u013e\u0161tiny do \u010de\u0161tiny"},"content":{"rendered":"\n<blockquote class=\"wp-block-quote is-layout-flow wp-block-quote-is-layout-flow\">\n<p>Potrebujete prelo\u017ei\u0165 webov\u00fa str\u00e1nku alebo in\u00fd text z po\u013e\u0161tiny do \u010de\u0161tiny? Ak je va\u0161a odpove\u010f \u00e1no, pozrite si na\u0161u ponuku ni\u017e\u0161ie.  <\/p>\n<\/blockquote>\n\n<p><strong>V tejto s\u00favislosti poskytujeme tieto slu\u017eby:  <\/strong><\/p>\n\n<p><strong>1. preklad webov\u00fdch str\u00e1nok  <\/strong><\/p>\n\n<p>Ak ste sa rozhodli vst\u00fapi\u0165 na \u010desk\u00fd trh, preklad va\u0161ich webov\u00fdch str\u00e1nok z po\u013e\u0161tiny do \u010de\u0161tiny bude jednou z prv\u00fdch \u00faloh, ktor\u00e9 v\u00e1s \u010dakaj\u00fa. T\u00fato pr\u00e1cu m\u00f4\u017eete zveri\u0165 jednotlivcom, ktor\u00ed ovl\u00e1daj\u00fa oba jazyky, aj prekladate\u013esk\u00fdm agent\u00faram. Je v\u0161ak d\u00f4le\u017eit\u00e9, aby osoba, ktor\u00e1 texty preklad\u00e1, zoh\u013ead\u0148ovala optimaliz\u00e1ciu SEO. M\u00f4\u017eete si necha\u0165 prelo\u017ei\u0165 str\u00e1nku do \u010de\u0161tiny s n\u00edzkou n\u00e1v\u0161tevnos\u0165ou alebo si necha\u0165 prelo\u017ei\u0165 str\u00e1nku do \u010de\u0161tiny s vysokou n\u00e1v\u0161tevnos\u0165ou, ak prekladate\u013e pou\u017eije k\u013e\u00fa\u010dov\u00e9 slov\u00e1 a fr\u00e1zy, pod ktor\u00fdmi ju z\u00e1kazn\u00edk n\u00e1jde vo vyh\u013ead\u00e1va\u010di Google. Pre prekladate\u013eov je ur\u010dite cenn\u00e9, ak si pred prekladom zistia odvetvov\u00fd slovn\u00edk prekladanej webovej str\u00e1nky, napr. od konkurencie, aby sa zabezpe\u010dila kvalita prekladu po\u017eadovanej webovej str\u00e1nky.<\/p>\n\n<p><strong>2. preklad menu, kateg\u00f3ri\u00ed a tla\u010didiel  <\/strong><\/p>\n\n<p>Z h\u013eadiska optimaliz\u00e1cie SEO je tento preklad mimoriadne d\u00f4le\u017eit\u00fd. N\u00e1zvy pon\u00fak, kateg\u00f3ri\u00ed a tla\u010didiel s\u00fa u\u017e zaveden\u00e9 v ka\u017edom jazyku. Ak by sme tieto diely doslova prelo\u017eili z cudzieho jazyka, na \u010deskom trhu by sme sa nestretli s dobr\u00fdm ohlasom. Z\u00e1kazn\u00edci rozhoduj\u00fa o tom, \u010di je va\u0161a webov\u00e1 str\u00e1nka zrozumite\u013en\u00e1 alebo nie. Tak\u00fdto doslovn\u00fd preklad m\u00f4\u017ee op\u00e4\u0165 vies\u0165 k n\u00edzkej n\u00e1v\u0161tevnosti, n\u00edzkemu po\u010dtu vyh\u013ead\u00e1van\u00ed vo vyh\u013ead\u00e1va\u010doch a zav\u00e1dzaniu z\u00e1kazn\u00edkov. Okrem toho z\u00e1kazn\u00edci \u0165a\u017eko n\u00e1jdu napr\u00edklad konkr\u00e9tnu skupinu produktov, \u010do zvy\u0161uje za\u0165a\u017eenie z\u00e1kazn\u00edkov a zni\u017euje intuit\u00edvnos\u0165 va\u0161ej webovej str\u00e1nky.<\/p>\n\n<p><strong>3. preklad produktov (nadpisy, technick\u00e9 \u0161pecifik\u00e1cie, popisy) a filtrov  <\/strong><\/p>\n\n<p>Pre v\u00e4\u010d\u0161inu internetov\u00fdch obchodov je to najrozsiahlej\u0161ia oblas\u0165 va\u0161ej webovej str\u00e1nky. Rovnako ako pri preklade pon\u00fak, kateg\u00f3ri\u00ed a tla\u010didiel je d\u00f4le\u017eit\u00e9 prelo\u017ei\u0165 aj filtre, aby si z\u00e1kazn\u00edci mohli vyfiltrova\u0165 produkty, ktor\u00e9 ich zauj\u00edmaj\u00fa, prostredn\u00edctvom vopred zvolen\u00fdch filtrov. Aj v tomto pr\u00edpade by malo \u00eds\u0165 o slov\u00e1, ktor\u00e9 s\u00fa na \u010deskom trhu u\u017e dobre zau\u017e\u00edvan\u00e9, aby bol cel\u00fd proces filtrovania produktov pre z\u00e1kazn\u00edka intuit\u00edvny. To ist\u00e9 plat\u00ed aj pre preklad technick\u00fdch parametrov. N\u00e1zov v\u00fdrobku mus\u00ed nevyhnutne obsahova\u0165 k\u013e\u00fa\u010dov\u00e9 slov\u00e1, zvy\u010dajne k\u013e\u00fa\u010dov\u00e9 slovo v\u00fdrobku, pod ktor\u00fdm sa objavuje v \u010ceskej republike, ako aj napr\u00edklad, na \u010do je ur\u010den\u00fd, odvetvie, ktor\u00e9ho sa t\u00fdka, zna\u010dku alebo technick\u00e9 parametre charakterizuj\u00face v\u00fdrobok.\nV popise v\u00fdrobku m\u00e1me priestor na uvedenie podrobnej\u0161\u00edch \u0161pecifik\u00e1ci\u00ed alebo pr\u00edpadne hist\u00f3rie v\u00fdrobku.\nJe tu aj priestor na z\u00e1menu.\nNie ka\u017ed\u00fd v\u00fdrobok m\u00e1 stopercentn\u00fd \u010desk\u00fd ekvivalent, napr. v jednej oblasti \u010ceskej republiky sa pre v\u00fdrobok pou\u017e\u00edva in\u00fd n\u00e1zov alebo in\u00e1 vekov\u00e1 skupina naz\u00fdva v\u00fdrobok inak.\nTo v\u0161etko sa d\u00e1 v popise zoh\u013eadni\u0165 nahraden\u00edm n\u00e1zvu v\u00fdrobku, ktor\u00fd pou\u017e\u00edva napr\u00edklad v\u00e4\u010d\u0161ina v \u010ceskej republike.    <\/p>\n\n<p><strong>4 Preklad n\u00e1vodu na in\u0161tal\u00e1ciu a obsluhu<\/strong><\/p>\n\n<p>Mont\u00e1\u017ene n\u00e1vody a pou\u017e\u00edvate\u013esk\u00e9 pr\u00edru\u010dky s\u00fa nevyhnutnou s\u00fa\u010das\u0165ou v\u00e4\u010d\u0161iny v\u00fdrobkov.\nInternetov\u00e9 obchody ich poskytuj\u00fa z\u00e1kazn\u00edkom bu\u010f v elektronickej, alebo papierovej podobe.\nV \u010ceskej republike o tejto povinnosti informova\u0165 z\u00e1kazn\u00edka v pr\u00edpade potreby hovor\u00ed z\u00e1kon o ochrane spotrebite\u013ea a ob\u010diansky z\u00e1konn\u00edk.   Ide o obzvl\u00e1\u0161\u0165 d\u00f4le\u017eit\u00e9 inform\u00e1cie, ktor\u00e9 treba prelo\u017ei\u0165, preto\u017ee n\u00e1vod obsahuje r\u00f4zne upozornenia o tom, \u010do pou\u017e\u00edvate\u013e v\u00fdrobku nesmie robi\u0165 alebo \u010do sa m\u00f4\u017ee sta\u0165, ak sa v\u00fdrobok pou\u017eije nespr\u00e1vne.<\/p>\n\n<p><strong>5. preklad propaga\u010dn\u00fdch akci\u00ed, reklamn\u00fdch bannerov, reklamn\u00e9ho obsahu a pr\u00edspevkov v soci\u00e1lnych m\u00e9di\u00e1ch<\/strong><\/p>\n\n<p>Reklamn\u00e9 kampane s\u00fa ur\u010den\u00e9 na pril\u00e1kanie nov\u00fdch z\u00e1kazn\u00edkov do v\u00e1\u0161ho internetov\u00e9ho obchodu a udr\u017eanie existuj\u00facich z\u00e1kazn\u00edkov. Op\u00e4\u0165 existuj\u00fa k\u013e\u00fa\u010dov\u00e9 slov\u00e1, ktor\u00e9 sa pou\u017e\u00edvaj\u00fa v \u010deskom marketingu a bez ktor\u00fdch by sa nemala za\u010da\u0165 \u017eiadna reklamn\u00e1 kampa\u0148. Tu je tie\u017e d\u00f4le\u017eit\u00e9 ovl\u00e1da\u0165 jazyk cie\u013eovej skupiny, aby porozumeli obsahu reklamnej kampane, a tie\u017e je potrebn\u00e9 pozna\u0165 \u010desk\u00e9 re\u00e1lie.<\/p>\n\n<p><strong>6. preklad \u010dl\u00e1nkov, r\u00e1d a blogov  <\/strong><\/p>\n\n<p>Ak chcete budova\u0165 dlhodob\u00e9 vz\u0165ahy so svojimi klientmi, p\u00edsanie \u010dl\u00e1nkov a poradenstva je pre v\u00e1s tou spr\u00e1vnou vo\u013ebou. Takto m\u00f4\u017eete komentova\u0165 r\u00f4zne t\u00e9my, ktor\u00e9 va\u0161ich z\u00e1kazn\u00edkov zauj\u00edmaj\u00fa, alebo im nie\u010do odporu\u010di\u0165. Takto p\u00f4sob\u00edte d\u00f4veryhodne v oblasti, v ktorej podnik\u00e1te, a v\u010faka svojim znalostiam presved\u010d\u00edte potenci\u00e1lnych z\u00e1kazn\u00edkov, aby si k\u00fapili va\u0161e v\u00fdrobky.<\/p>\n\n<p><strong>7. Preklad automatizovan\u00fdch e-mailov  <\/strong><\/p>\n\n<p>Automatizovan\u00e9 e-maily v podstate zjednodu\u0161uj\u00fa proces komunik\u00e1cie so z\u00e1kazn\u00edkom. Naj\u010dastej\u0161ie ide o zasielanie automatick\u00fdch e-mailov t\u00fdkaj\u00facich sa informa\u010dn\u00e9ho bulletinu, priebehu va\u0161ej objedn\u00e1vky, dostupnosti produktu, platby, dopravy alebo \u017eiadosti o zhodnotenie v\u00e1\u0161ho n\u00e1kupu.<\/p>\n\n<p><strong>8 Preklad \u0161t\u00edtkov  <\/strong><\/p>\n\n<p>Z\u00e1kon o ochrane spotrebite\u013ea uv\u00e1dza, \u017ee etikety v\u00fdrobkov zo zahrani\u010dia musia by\u0165 prelo\u017een\u00e9 do \u010de\u0161tiny.<\/p>\n\n<p><strong>Takto.<\/strong><\/p>\n\n<p>Ak potrebujete preklad z uveden\u00fdch oblast\u00ed, nev\u00e1hajte n\u00e1s kontaktova\u0165. Ak chcete odosla\u0165 objedn\u00e1vku, vypl\u0148te jednoduch\u00fd formul\u00e1r <a href=\"https:\/\/czeskastrefa.pl\/sk\/cena\/\">tu<\/a>. Ak neviete, ako vytvori\u0165 alebo odosla\u0165 tak\u00fato objedn\u00e1vku, pre\u010d\u00edtajte si \u010dl\u00e1nok <a href=\"https:\/\/czeskastrefa.pl\/sk\/ako-vytvorim-a-odoslem-objednavku\/\">Ako vytvori\u0165 a odosla\u0165 objedn\u00e1vku<\/a>.<\/p>\n\n<p>Na\u0161im klientom poskytujeme istotu spr\u00e1vne prelo\u017een\u00fdch textov vr\u00e1tane SEO optimaliz\u00e1cie. Na\u0161im klientom sa zav\u00e4zujeme aj z\u00e1rukou na u\u017e prelo\u017een\u00e9 dokumenty, z\u013eavami za trval\u00fa spolupr\u00e1cu a predov\u0161etk\u00fdm d\u00f4vernos\u0165ou obsahu prelo\u017een\u00fdch dokumentov.<\/p>\n","protected":false},"excerpt":{"rendered":"<p>Potrebujete prelo\u017ei\u0165 webov\u00fa str\u00e1nku alebo in\u00fd text z po\u013e\u0161tiny do \u010de\u0161tiny? Ak je va\u0161a odpove\u010f \u00e1no, pozrite si na\u0161u ponuku ni\u017e\u0161ie. V tejto s\u00favislosti poskytujeme tieto slu\u017eby: 1. preklad webov\u00fdch str\u00e1nok Ak ste sa rozhodli vst\u00fapi\u0165 na \u010desk\u00fd trh, preklad va\u0161ich webov\u00fdch str\u00e1nok z po\u013e\u0161tiny do \u010de\u0161tiny bude jednou z prv\u00fdch \u00faloh, ktor\u00e9 v\u00e1s \u010dakaj\u00fa. [&hellip;]<\/p>\n","protected":false},"author":1,"featured_media":991,"parent":0,"menu_order":0,"comment_status":"closed","ping_status":"closed","template":"","meta":{"footnotes":""},"class_list":["post-1479","page","type-page","status-publish","has-post-thumbnail","hentry"],"yoast_head":"<!-- This site is optimized with the Yoast SEO plugin v26.7 - https:\/\/yoast.com\/wordpress\/plugins\/seo\/ -->\n<title>Preklad z po\u013e\u0161tiny do \u010de\u0161tiny | Czeska Strefa<\/title>\n<meta name=\"description\" content=\"Potrebujete prelo\u017ei\u0165 webov\u00fa str\u00e1nku alebo in\u00fd text z po\u013e\u0161tiny do \u010de\u0161tiny? Ak je va\u0161a odpove\u010f \u00e1no, pozrite si na\u0161u ponuku ni\u017e\u0161ie.\" \/>\n<meta name=\"robots\" content=\"index, follow, max-snippet:-1, max-image-preview:large, max-video-preview:-1\" \/>\n<link rel=\"canonical\" href=\"https:\/\/czeskastrefa.pl\/sk\/preklad-z-polstiny-do-cestiny\/\" \/>\n<meta property=\"og:locale\" content=\"sk_SK\" \/>\n<meta property=\"og:type\" content=\"article\" \/>\n<meta property=\"og:title\" content=\"Preklad z po\u013e\u0161tiny do \u010de\u0161tiny\" \/>\n<meta property=\"og:description\" content=\"Potrebujete prelo\u017ei\u0165 webov\u00fa str\u00e1nku alebo in\u00fd text z po\u013e\u0161tiny do \u010de\u0161tiny? Ak je va\u0161a odpove\u010f \u00e1no, pozrite si na\u0161u ponuku ni\u017e\u0161ie.\" \/>\n<meta property=\"og:url\" content=\"https:\/\/czeskastrefa.pl\/sk\/preklad-z-polstiny-do-cestiny\/\" \/>\n<meta property=\"og:site_name\" content=\"Czeska Strefa\" \/>\n<meta property=\"article:publisher\" content=\"https:\/\/www.facebook.com\/czeskastrefa\" \/>\n<meta property=\"article:modified_time\" content=\"2024-05-18T18:35:57+00:00\" \/>\n<meta property=\"og:image\" content=\"https:\/\/czeskastrefa.pl\/wp-content\/uploads\/2024\/04\/iStock-1488294044-1024x683.jpg\" \/>\n<meta name=\"twitter:card\" content=\"summary_large_image\" \/>\n<meta name=\"twitter:label1\" content=\"Predpokladan\u00fd \u010das \u010d\u00edtania\" \/>\n\t<meta name=\"twitter:data1\" content=\"5 min\u00fat\" \/>\n<script type=\"application\/ld+json\" class=\"yoast-schema-graph\">{\"@context\":\"https:\/\/schema.org\",\"@graph\":[{\"@type\":\"WebPage\",\"@id\":\"https:\/\/czeskastrefa.pl\/sk\/preklad-z-polstiny-do-cestiny\/\",\"url\":\"https:\/\/czeskastrefa.pl\/sk\/preklad-z-polstiny-do-cestiny\/\",\"name\":\"Preklad z po\u013e\u0161tiny do \u010de\u0161tiny | Czeska Strefa\",\"isPartOf\":{\"@id\":\"https:\/\/czeskastrefa.pl\/sk\/#website\"},\"primaryImageOfPage\":{\"@id\":\"https:\/\/czeskastrefa.pl\/sk\/preklad-z-polstiny-do-cestiny\/#primaryimage\"},\"image\":{\"@id\":\"https:\/\/czeskastrefa.pl\/sk\/preklad-z-polstiny-do-cestiny\/#primaryimage\"},\"thumbnailUrl\":\"https:\/\/czeskastrefa.pl\/wp-content\/uploads\/2024\/04\/iStock-1488294044.jpg\",\"datePublished\":\"2024-04-12T20:13:41+00:00\",\"dateModified\":\"2024-05-18T18:35:57+00:00\",\"description\":\"Potrebujete prelo\u017ei\u0165 webov\u00fa str\u00e1nku alebo in\u00fd text z po\u013e\u0161tiny do \u010de\u0161tiny? Ak je va\u0161a odpove\u010f \u00e1no, pozrite si na\u0161u ponuku ni\u017e\u0161ie.\",\"breadcrumb\":{\"@id\":\"https:\/\/czeskastrefa.pl\/sk\/preklad-z-polstiny-do-cestiny\/#breadcrumb\"},\"inLanguage\":\"sk-SK\",\"potentialAction\":[{\"@type\":\"ReadAction\",\"target\":[\"https:\/\/czeskastrefa.pl\/sk\/preklad-z-polstiny-do-cestiny\/\"]}]},{\"@type\":\"ImageObject\",\"inLanguage\":\"sk-SK\",\"@id\":\"https:\/\/czeskastrefa.pl\/sk\/preklad-z-polstiny-do-cestiny\/#primaryimage\",\"url\":\"https:\/\/czeskastrefa.pl\/wp-content\/uploads\/2024\/04\/iStock-1488294044.jpg\",\"contentUrl\":\"https:\/\/czeskastrefa.pl\/wp-content\/uploads\/2024\/04\/iStock-1488294044.jpg\",\"width\":2121,\"height\":1414,\"caption\":\"Businessman works on laptop Showing business analytics dashboard with charts, metrics, and KPI to analyze performance and create insight reports for operations management. Data analysis concept.Ai\"},{\"@type\":\"BreadcrumbList\",\"@id\":\"https:\/\/czeskastrefa.pl\/sk\/preklad-z-polstiny-do-cestiny\/#breadcrumb\",\"itemListElement\":[{\"@type\":\"ListItem\",\"position\":1,\"name\":\"Strona g\u0142\u00f3wna\",\"item\":\"https:\/\/czeskastrefa.pl\/sk\/\"},{\"@type\":\"ListItem\",\"position\":2,\"name\":\"Preklad z po\u013e\u0161tiny do \u010de\u0161tiny\"}]},{\"@type\":\"WebSite\",\"@id\":\"https:\/\/czeskastrefa.pl\/sk\/#website\",\"url\":\"https:\/\/czeskastrefa.pl\/sk\/\",\"name\":\"Czeska Strefa\",\"description\":\"Us\u0142ugi zwi\u0105zane z e-commerce na rynku czeskim\",\"publisher\":{\"@id\":\"https:\/\/czeskastrefa.pl\/sk\/#organization\"},\"alternateName\":\"Czeska Strefa\",\"potentialAction\":[{\"@type\":\"SearchAction\",\"target\":{\"@type\":\"EntryPoint\",\"urlTemplate\":\"https:\/\/czeskastrefa.pl\/sk\/?s={search_term_string}\"},\"query-input\":{\"@type\":\"PropertyValueSpecification\",\"valueRequired\":true,\"valueName\":\"search_term_string\"}}],\"inLanguage\":\"sk-SK\"},{\"@type\":\"Organization\",\"@id\":\"https:\/\/czeskastrefa.pl\/sk\/#organization\",\"name\":\"Czeska Strefa\",\"alternateName\":\"Us\u0142ugi e-commerce na rynku czeskim\",\"url\":\"https:\/\/czeskastrefa.pl\/sk\/\",\"logo\":{\"@type\":\"ImageObject\",\"inLanguage\":\"sk-SK\",\"@id\":\"https:\/\/czeskastrefa.pl\/sk\/#\/schema\/logo\/image\/\",\"url\":\"https:\/\/czeskastrefa.pl\/wp-content\/uploads\/2024\/04\/cropped-thumbnail_czeska-strefa-512-pxbhhui.png\",\"contentUrl\":\"https:\/\/czeskastrefa.pl\/wp-content\/uploads\/2024\/04\/cropped-thumbnail_czeska-strefa-512-pxbhhui.png\",\"width\":240,\"height\":240,\"caption\":\"Czeska Strefa\"},\"image\":{\"@id\":\"https:\/\/czeskastrefa.pl\/sk\/#\/schema\/logo\/image\/\"},\"sameAs\":[\"https:\/\/www.facebook.com\/czeskastrefa\",\"https:\/\/www.linkedin.com\/company\/czeskastrefa\",\"https:\/\/www.instagram.com\/czeskastrefa\"]}]}<\/script>\n<!-- \/ Yoast SEO plugin. -->","yoast_head_json":{"title":"Preklad z po\u013e\u0161tiny do \u010de\u0161tiny | Czeska Strefa","description":"Potrebujete prelo\u017ei\u0165 webov\u00fa str\u00e1nku alebo in\u00fd text z po\u013e\u0161tiny do \u010de\u0161tiny? Ak je va\u0161a odpove\u010f \u00e1no, pozrite si na\u0161u ponuku ni\u017e\u0161ie.","robots":{"index":"index","follow":"follow","max-snippet":"max-snippet:-1","max-image-preview":"max-image-preview:large","max-video-preview":"max-video-preview:-1"},"canonical":"https:\/\/czeskastrefa.pl\/sk\/preklad-z-polstiny-do-cestiny\/","og_locale":"sk_SK","og_type":"article","og_title":"Preklad z po\u013e\u0161tiny do \u010de\u0161tiny","og_description":"Potrebujete prelo\u017ei\u0165 webov\u00fa str\u00e1nku alebo in\u00fd text z po\u013e\u0161tiny do \u010de\u0161tiny? Ak je va\u0161a odpove\u010f \u00e1no, pozrite si na\u0161u ponuku ni\u017e\u0161ie.","og_url":"https:\/\/czeskastrefa.pl\/sk\/preklad-z-polstiny-do-cestiny\/","og_site_name":"Czeska Strefa","article_publisher":"https:\/\/www.facebook.com\/czeskastrefa","article_modified_time":"2024-05-18T18:35:57+00:00","og_image":[{"url":"https:\/\/czeskastrefa.pl\/wp-content\/uploads\/2024\/04\/iStock-1488294044-1024x683.jpg","type":"","width":"","height":""}],"twitter_card":"summary_large_image","twitter_misc":{"Predpokladan\u00fd \u010das \u010d\u00edtania":"5 min\u00fat"},"schema":{"@context":"https:\/\/schema.org","@graph":[{"@type":"WebPage","@id":"https:\/\/czeskastrefa.pl\/sk\/preklad-z-polstiny-do-cestiny\/","url":"https:\/\/czeskastrefa.pl\/sk\/preklad-z-polstiny-do-cestiny\/","name":"Preklad z po\u013e\u0161tiny do \u010de\u0161tiny | Czeska Strefa","isPartOf":{"@id":"https:\/\/czeskastrefa.pl\/sk\/#website"},"primaryImageOfPage":{"@id":"https:\/\/czeskastrefa.pl\/sk\/preklad-z-polstiny-do-cestiny\/#primaryimage"},"image":{"@id":"https:\/\/czeskastrefa.pl\/sk\/preklad-z-polstiny-do-cestiny\/#primaryimage"},"thumbnailUrl":"https:\/\/czeskastrefa.pl\/wp-content\/uploads\/2024\/04\/iStock-1488294044.jpg","datePublished":"2024-04-12T20:13:41+00:00","dateModified":"2024-05-18T18:35:57+00:00","description":"Potrebujete prelo\u017ei\u0165 webov\u00fa str\u00e1nku alebo in\u00fd text z po\u013e\u0161tiny do \u010de\u0161tiny? Ak je va\u0161a odpove\u010f \u00e1no, pozrite si na\u0161u ponuku ni\u017e\u0161ie.","breadcrumb":{"@id":"https:\/\/czeskastrefa.pl\/sk\/preklad-z-polstiny-do-cestiny\/#breadcrumb"},"inLanguage":"sk-SK","potentialAction":[{"@type":"ReadAction","target":["https:\/\/czeskastrefa.pl\/sk\/preklad-z-polstiny-do-cestiny\/"]}]},{"@type":"ImageObject","inLanguage":"sk-SK","@id":"https:\/\/czeskastrefa.pl\/sk\/preklad-z-polstiny-do-cestiny\/#primaryimage","url":"https:\/\/czeskastrefa.pl\/wp-content\/uploads\/2024\/04\/iStock-1488294044.jpg","contentUrl":"https:\/\/czeskastrefa.pl\/wp-content\/uploads\/2024\/04\/iStock-1488294044.jpg","width":2121,"height":1414,"caption":"Businessman works on laptop Showing business analytics dashboard with charts, metrics, and KPI to analyze performance and create insight reports for operations management. Data analysis concept.Ai"},{"@type":"BreadcrumbList","@id":"https:\/\/czeskastrefa.pl\/sk\/preklad-z-polstiny-do-cestiny\/#breadcrumb","itemListElement":[{"@type":"ListItem","position":1,"name":"Strona g\u0142\u00f3wna","item":"https:\/\/czeskastrefa.pl\/sk\/"},{"@type":"ListItem","position":2,"name":"Preklad z po\u013e\u0161tiny do \u010de\u0161tiny"}]},{"@type":"WebSite","@id":"https:\/\/czeskastrefa.pl\/sk\/#website","url":"https:\/\/czeskastrefa.pl\/sk\/","name":"Czeska Strefa","description":"Us\u0142ugi zwi\u0105zane z e-commerce na rynku czeskim","publisher":{"@id":"https:\/\/czeskastrefa.pl\/sk\/#organization"},"alternateName":"Czeska Strefa","potentialAction":[{"@type":"SearchAction","target":{"@type":"EntryPoint","urlTemplate":"https:\/\/czeskastrefa.pl\/sk\/?s={search_term_string}"},"query-input":{"@type":"PropertyValueSpecification","valueRequired":true,"valueName":"search_term_string"}}],"inLanguage":"sk-SK"},{"@type":"Organization","@id":"https:\/\/czeskastrefa.pl\/sk\/#organization","name":"Czeska Strefa","alternateName":"Us\u0142ugi e-commerce na rynku czeskim","url":"https:\/\/czeskastrefa.pl\/sk\/","logo":{"@type":"ImageObject","inLanguage":"sk-SK","@id":"https:\/\/czeskastrefa.pl\/sk\/#\/schema\/logo\/image\/","url":"https:\/\/czeskastrefa.pl\/wp-content\/uploads\/2024\/04\/cropped-thumbnail_czeska-strefa-512-pxbhhui.png","contentUrl":"https:\/\/czeskastrefa.pl\/wp-content\/uploads\/2024\/04\/cropped-thumbnail_czeska-strefa-512-pxbhhui.png","width":240,"height":240,"caption":"Czeska Strefa"},"image":{"@id":"https:\/\/czeskastrefa.pl\/sk\/#\/schema\/logo\/image\/"},"sameAs":["https:\/\/www.facebook.com\/czeskastrefa","https:\/\/www.linkedin.com\/company\/czeskastrefa","https:\/\/www.instagram.com\/czeskastrefa"]}]}},"_links":{"self":[{"href":"https:\/\/czeskastrefa.pl\/sk\/wp-json\/wp\/v2\/pages\/1479","targetHints":{"allow":["GET"]}}],"collection":[{"href":"https:\/\/czeskastrefa.pl\/sk\/wp-json\/wp\/v2\/pages"}],"about":[{"href":"https:\/\/czeskastrefa.pl\/sk\/wp-json\/wp\/v2\/types\/page"}],"author":[{"embeddable":true,"href":"https:\/\/czeskastrefa.pl\/sk\/wp-json\/wp\/v2\/users\/1"}],"replies":[{"embeddable":true,"href":"https:\/\/czeskastrefa.pl\/sk\/wp-json\/wp\/v2\/comments?post=1479"}],"version-history":[{"count":4,"href":"https:\/\/czeskastrefa.pl\/sk\/wp-json\/wp\/v2\/pages\/1479\/revisions"}],"predecessor-version":[{"id":1845,"href":"https:\/\/czeskastrefa.pl\/sk\/wp-json\/wp\/v2\/pages\/1479\/revisions\/1845"}],"wp:featuredmedia":[{"embeddable":true,"href":"https:\/\/czeskastrefa.pl\/sk\/wp-json\/wp\/v2\/media\/991"}],"wp:attachment":[{"href":"https:\/\/czeskastrefa.pl\/sk\/wp-json\/wp\/v2\/media?parent=1479"}],"curies":[{"name":"wp","href":"https:\/\/api.w.org\/{rel}","templated":true}]}}