{"id":1501,"date":"2024-04-13T10:36:13","date_gmt":"2024-04-13T08:36:13","guid":{"rendered":"https:\/\/czeskastrefa.pl\/poradenstvo-v-oblasti-elektronickeho-obchodu-pre-cesky-trh\/"},"modified":"2024-05-18T22:16:34","modified_gmt":"2024-05-18T20:16:34","slug":"poradenstvo-v-oblasti-elektronickeho-obchodu-pre-cesky-trh","status":"publish","type":"page","link":"https:\/\/czeskastrefa.pl\/sk\/poradenstvo-v-oblasti-elektronickeho-obchodu-pre-cesky-trh\/","title":{"rendered":"Poradenstvo v oblasti elektronick\u00e9ho obchodu pre \u010desk\u00fd trh"},"content":{"rendered":"\n<blockquote class=\"wp-block-quote is-layout-flow wp-block-quote-is-layout-flow\">\n<p>Potrebujete pom\u00f4c\u0165 zorientova\u0165 sa v oblasti elektronick\u00e9ho obchodu na \u010deskom trhu? Chcete sa sta\u0165 spo\u013eahliv\u00fdm internetov\u00fdm obchodom pre svojich z\u00e1kazn\u00edkov alebo chcete dosiahnu\u0165 vy\u0161\u0161\u00ed predaj? Chcete si zlep\u0161i\u0165 reput\u00e1ciu na \u010deskom trhu? \u010co tak jednoducho skontrolova\u0165, \u010di je vo va\u0161om internetovom obchode v\u0161etko v poriadku? Pozrite si ponuku ni\u017e\u0161ie.<\/p>\n<\/blockquote>\n\n<p><strong>V tejto s\u00favislosti poskytujeme tieto slu\u017eby:  <\/strong><\/p>\n\n<p><strong>1. poradenstvo pri zakladan\u00ed spolo\u010dnosti, registr\u00e1cii k DPH, registr\u00e1cii k zdravotn\u00e9mu a soci\u00e1lnemu poisteniu alebo zriaden\u00ed \u010deskej po\u0161tovej adresy  <\/strong><\/p>\n\n<p>Odoslanie na konkr\u00e9tne \u00farady a formul\u00e1re v z\u00e1vislosti od typu zvolenej \u010dinnosti. V \u010dl\u00e1nku<a href=\"https:\/\/czeskastrefa.pl\/sk\/co-je-to-virtualna-kancelaria\/\">&#8222;\u010co je to virtu\u00e1lna kancel\u00e1ria?&#8220;<\/a>sa dozviete, ktor\u00fa spolo\u010dnos\u0165 odpor\u00fa\u010dame na zriadenie po\u0161tovej adresy.  <\/p>\n\n<p><strong>2. Anal\u00fdza v\u00e1\u0161ho internetov\u00e9ho obchodu (webovej str\u00e1nky)  <\/strong><\/p>\n\n<p>\u00davodn\u00fd preh\u013ead v\u00e1\u0161ho internetov\u00e9ho obchodu. Dostanete podrobn\u00fa spr\u00e1vu o v\u0161etk\u00fdch zisten\u00fdch chyb\u00e1ch. Dostanete cenov\u00fa ponuku na korekt\u00faru textu a n\u00e1vrhy rie\u0161en\u00ed, ktor\u00e9 zv\u00fd\u0161ia d\u00f4veryhodnos\u0165 v\u00e1\u0161ho internetov\u00e9ho obchodu a z\u00edskaj\u00fa tak nov\u00fdch potenci\u00e1lnych z\u00e1kazn\u00edkov.  <\/p>\n\n<p><strong>3. Anal\u00fdza prezent\u00e1cie v\u00e1\u0161ho internetov\u00e9ho obchodu na \u010deskom trhu  <\/strong><\/p>\n\n<p>Kontrola vidite\u013enosti a aktu\u00e1lnych \u00fadajov v\u00e1\u0161ho internetov\u00e9ho obchodu na internete &#8211; vizitka Google, YouTube, Facebook, Instagram a in\u00e9 webov\u00e9 str\u00e1nky alebo soci\u00e1lne m\u00e9di\u00e1. Vyh\u013ead\u00e1vanie ch\u00fdb a navrhovanie rie\u0161en\u00ed, ako prezentova\u0165 svoj internetov\u00fd obchod v \u010ceskej republike a ako komunikova\u0165 s \u010desk\u00fdmi z\u00e1kazn\u00edkmi prostredn\u00edctvom soci\u00e1lnych m\u00e9di\u00ed.  <\/p>\n\n<p><strong>4. poradenstvo v oblasti porovn\u00e1va\u010dov cien <\/strong><strong>\n  <a href=\"http:\/\/heureka.cz\/\">heureka.cz<\/a>\n<\/strong><strong>, <\/strong><a href=\"http:\/\/zbozi.cz\/\">\n  <strong>zbozi.cz<\/strong>\n<\/a><strong> a <\/strong><a href=\"http:\/\/biano.cz\/\">\n  <strong>biano.cz<\/strong>\n<\/a><strong> <\/strong><\/p>\n\n<p>Odpor\u00fa\u010dania konkr\u00e9tnych porovn\u00e1vac\u00edch webov\u00fdch str\u00e1nok prisp\u00f4soben\u00fdch v\u00e1\u0161mu odvetviu. Vyh\u013ead\u00e1vanie inform\u00e1ci\u00ed, preklad, telefonick\u00e1 komunik\u00e1cia a pomoc pri zriaden\u00ed pou\u017e\u00edvate\u013esk\u00e9ho \u00fa\u010dtu.  <\/p>\n\n<p><strong>5. poradenstvo o \u010desk\u00fdch online trhoch <\/strong><strong>\n  <a href=\"http:\/\/aukro.cz\/\">aukro.cz<\/a>\n<\/strong><strong>, <\/strong><a href=\"http:\/\/mall.cz\/\">\n  <strong>mall.cz<\/strong>\n<\/a><strong> a <\/strong><a href=\"http:\/\/allegro.cz\/\">\n  <strong>allegro.cz<\/strong>\n<\/a><strong> <\/strong><\/p>\n\n<p>Odpor\u00fa\u010dania konkr\u00e9tnych \u010desk\u00fdch trhov\u00edsk, kde m\u00f4\u017eete pred\u00e1va\u0165 svoje v\u00fdrobky. Vyh\u013ead\u00e1vanie inform\u00e1ci\u00ed, preklad, telefonick\u00e1 komunik\u00e1cia a pomoc pri zriaden\u00ed pou\u017e\u00edvate\u013esk\u00e9ho \u00fa\u010dtu.  <\/p>\n\n<p><strong>6. poradenstvo v oblasti marketingu a z\u00edskavania n\u00e1zorov  <\/strong><\/p>\n\n<p>Anal\u00fdza marketingovej strat\u00e9gie a procesu sp\u00e4tnej v\u00e4zby. N\u00e1jdite chyby a navrhnite postup, ktor\u00fd zlep\u0161\u00ed va\u0161u marketingov\u00fa strat\u00e9giu a zv\u00fd\u0161i pozit\u00edvnu sp\u00e4tn\u00fa v\u00e4zbu a po\u010det recenzi\u00ed v\u00e1\u0161ho internetov\u00e9ho obchodu.  <\/p>\n\n<p><strong>7. anal\u00fdza \u010desk\u00e9ho trhu v odvetv\u00ed, v ktorom p\u00f4sob\u00edte  <\/strong><\/p>\n\n<p>Anal\u00fdza hospod\u00e1rskej s\u00fa\u0165a\u017ee na \u010deskom trhu. N\u00e1vrh na zv\u00fd\u0161enie va\u0161ej konkurencieschopnosti vo vz\u0165ahu k podnikom v \u010ceskej republike.  <\/p>\n\n<p>Ak teda potrebujete poradi\u0165 alebo analyzova\u0165 v\u00e1\u0161 internetov\u00fd obchod v \u010ceskej republike v ktorejko\u013evek z uveden\u00fdch oblast\u00ed, nev\u00e1hajte n\u00e1s kontaktova\u0165!  <\/p>\n","protected":false},"excerpt":{"rendered":"<p>Potrebujete pom\u00f4c\u0165 zorientova\u0165 sa v oblasti elektronick\u00e9ho obchodu na \u010deskom trhu? Chcete sa sta\u0165 spo\u013eahliv\u00fdm internetov\u00fdm obchodom pre svojich z\u00e1kazn\u00edkov alebo chcete dosiahnu\u0165 vy\u0161\u0161\u00ed predaj? Chcete si zlep\u0161i\u0165 reput\u00e1ciu na \u010deskom trhu? \u010co tak jednoducho skontrolova\u0165, \u010di je vo va\u0161om internetovom obchode v\u0161etko v poriadku? Pozrite si ponuku ni\u017e\u0161ie. V tejto s\u00favislosti poskytujeme tieto slu\u017eby: [&hellip;]<\/p>\n","protected":false},"author":1,"featured_media":1000,"parent":0,"menu_order":0,"comment_status":"closed","ping_status":"closed","template":"","meta":{"footnotes":""},"class_list":["post-1501","page","type-page","status-publish","has-post-thumbnail","hentry"],"yoast_head":"<!-- This site is optimized with the Yoast SEO plugin v26.7 - https:\/\/yoast.com\/wordpress\/plugins\/seo\/ -->\n<title>Poradenstvo v oblasti elektronick\u00e9ho obchodu pre \u010desk\u00fd trh | Czeska Strefa<\/title>\n<meta name=\"description\" content=\"Potrebujete pom\u00f4c\u0165 zorientova\u0165 sa v oblasti elektronick\u00e9ho obchodu na \u010deskom trhu? Chcete sa sta\u0165 spo\u013eahliv\u00fdm internetov\u00fdm obchodom pre svojich z\u00e1kazn\u00edkov alebo chcete dosiahnu\u0165 vy\u0161\u0161\u00ed predaj? Chcete si zlep\u0161i\u0165 reput\u00e1ciu na \u010deskom trhu? \u010co tak jednoducho skontrolova\u0165, \u010di je vo va\u0161om internetovom obchode v\u0161etko v poriadku? Pozrite si ponuku ni\u017e\u0161ie.\" \/>\n<meta name=\"robots\" content=\"index, follow, max-snippet:-1, max-image-preview:large, max-video-preview:-1\" \/>\n<link rel=\"canonical\" href=\"https:\/\/czeskastrefa.pl\/sk\/poradenstvo-v-oblasti-elektronickeho-obchodu-pre-cesky-trh\/\" \/>\n<meta property=\"og:locale\" content=\"sk_SK\" \/>\n<meta property=\"og:type\" content=\"article\" \/>\n<meta property=\"og:title\" content=\"Poradenstvo v oblasti elektronick\u00e9ho obchodu pre \u010desk\u00fd trh\" \/>\n<meta property=\"og:description\" content=\"Potrebujete pom\u00f4c\u0165 zorientova\u0165 sa v oblasti elektronick\u00e9ho obchodu na \u010deskom trhu? Chcete sa sta\u0165 spo\u013eahliv\u00fdm internetov\u00fdm obchodom pre svojich z\u00e1kazn\u00edkov alebo chcete dosiahnu\u0165 vy\u0161\u0161\u00ed predaj? Chcete si zlep\u0161i\u0165 reput\u00e1ciu na \u010deskom trhu? \u010co tak jednoducho skontrolova\u0165, \u010di je vo va\u0161om internetovom obchode v\u0161etko v poriadku? Pozrite si ponuku ni\u017e\u0161ie.\" \/>\n<meta property=\"og:url\" content=\"https:\/\/czeskastrefa.pl\/sk\/poradenstvo-v-oblasti-elektronickeho-obchodu-pre-cesky-trh\/\" \/>\n<meta property=\"og:site_name\" content=\"Czeska Strefa\" \/>\n<meta property=\"article:publisher\" content=\"https:\/\/www.facebook.com\/czeskastrefa\" \/>\n<meta property=\"article:modified_time\" content=\"2024-05-18T20:16:34+00:00\" \/>\n<meta property=\"og:image\" content=\"https:\/\/czeskastrefa.pl\/wp-content\/uploads\/2024\/04\/iStock-1444399074-1024x683.jpg\" \/>\n<meta name=\"twitter:card\" content=\"summary_large_image\" \/>\n<meta name=\"twitter:label1\" content=\"Predpokladan\u00fd \u010das \u010d\u00edtania\" \/>\n\t<meta name=\"twitter:data1\" content=\"2 min\u00faty\" \/>\n<script type=\"application\/ld+json\" class=\"yoast-schema-graph\">{\"@context\":\"https:\/\/schema.org\",\"@graph\":[{\"@type\":\"WebPage\",\"@id\":\"https:\/\/czeskastrefa.pl\/sk\/poradenstvo-v-oblasti-elektronickeho-obchodu-pre-cesky-trh\/\",\"url\":\"https:\/\/czeskastrefa.pl\/sk\/poradenstvo-v-oblasti-elektronickeho-obchodu-pre-cesky-trh\/\",\"name\":\"Poradenstvo v oblasti elektronick\u00e9ho obchodu pre \u010desk\u00fd trh | Czeska Strefa\",\"isPartOf\":{\"@id\":\"https:\/\/czeskastrefa.pl\/sk\/#website\"},\"primaryImageOfPage\":{\"@id\":\"https:\/\/czeskastrefa.pl\/sk\/poradenstvo-v-oblasti-elektronickeho-obchodu-pre-cesky-trh\/#primaryimage\"},\"image\":{\"@id\":\"https:\/\/czeskastrefa.pl\/sk\/poradenstvo-v-oblasti-elektronickeho-obchodu-pre-cesky-trh\/#primaryimage\"},\"thumbnailUrl\":\"https:\/\/czeskastrefa.pl\/wp-content\/uploads\/2024\/04\/iStock-1444399074.jpg\",\"datePublished\":\"2024-04-13T08:36:13+00:00\",\"dateModified\":\"2024-05-18T20:16:34+00:00\",\"description\":\"Potrebujete pom\u00f4c\u0165 zorientova\u0165 sa v oblasti elektronick\u00e9ho obchodu na \u010deskom trhu? Chcete sa sta\u0165 spo\u013eahliv\u00fdm internetov\u00fdm obchodom pre svojich z\u00e1kazn\u00edkov alebo chcete dosiahnu\u0165 vy\u0161\u0161\u00ed predaj? Chcete si zlep\u0161i\u0165 reput\u00e1ciu na \u010deskom trhu? \u010co tak jednoducho skontrolova\u0165, \u010di je vo va\u0161om internetovom obchode v\u0161etko v poriadku? Pozrite si ponuku ni\u017e\u0161ie.\",\"breadcrumb\":{\"@id\":\"https:\/\/czeskastrefa.pl\/sk\/poradenstvo-v-oblasti-elektronickeho-obchodu-pre-cesky-trh\/#breadcrumb\"},\"inLanguage\":\"sk-SK\",\"potentialAction\":[{\"@type\":\"ReadAction\",\"target\":[\"https:\/\/czeskastrefa.pl\/sk\/poradenstvo-v-oblasti-elektronickeho-obchodu-pre-cesky-trh\/\"]}]},{\"@type\":\"ImageObject\",\"inLanguage\":\"sk-SK\",\"@id\":\"https:\/\/czeskastrefa.pl\/sk\/poradenstvo-v-oblasti-elektronickeho-obchodu-pre-cesky-trh\/#primaryimage\",\"url\":\"https:\/\/czeskastrefa.pl\/wp-content\/uploads\/2024\/04\/iStock-1444399074.jpg\",\"contentUrl\":\"https:\/\/czeskastrefa.pl\/wp-content\/uploads\/2024\/04\/iStock-1444399074.jpg\",\"width\":2120,\"height\":1414,\"caption\":\"Basketball, hands and team of men high five for outdoor game. Success, diversity and victory in sports for boys goal. Teamwork, diversity and support, friends on basketball court together with coach.\"},{\"@type\":\"BreadcrumbList\",\"@id\":\"https:\/\/czeskastrefa.pl\/sk\/poradenstvo-v-oblasti-elektronickeho-obchodu-pre-cesky-trh\/#breadcrumb\",\"itemListElement\":[{\"@type\":\"ListItem\",\"position\":1,\"name\":\"Strona g\u0142\u00f3wna\",\"item\":\"https:\/\/czeskastrefa.pl\/sk\/\"},{\"@type\":\"ListItem\",\"position\":2,\"name\":\"Poradenstvo v oblasti elektronick\u00e9ho obchodu pre \u010desk\u00fd trh\"}]},{\"@type\":\"WebSite\",\"@id\":\"https:\/\/czeskastrefa.pl\/sk\/#website\",\"url\":\"https:\/\/czeskastrefa.pl\/sk\/\",\"name\":\"Czeska Strefa\",\"description\":\"Us\u0142ugi zwi\u0105zane z e-commerce na rynku czeskim\",\"publisher\":{\"@id\":\"https:\/\/czeskastrefa.pl\/sk\/#organization\"},\"alternateName\":\"Czeska Strefa\",\"potentialAction\":[{\"@type\":\"SearchAction\",\"target\":{\"@type\":\"EntryPoint\",\"urlTemplate\":\"https:\/\/czeskastrefa.pl\/sk\/?s={search_term_string}\"},\"query-input\":{\"@type\":\"PropertyValueSpecification\",\"valueRequired\":true,\"valueName\":\"search_term_string\"}}],\"inLanguage\":\"sk-SK\"},{\"@type\":\"Organization\",\"@id\":\"https:\/\/czeskastrefa.pl\/sk\/#organization\",\"name\":\"Czeska Strefa\",\"alternateName\":\"Us\u0142ugi e-commerce na rynku czeskim\",\"url\":\"https:\/\/czeskastrefa.pl\/sk\/\",\"logo\":{\"@type\":\"ImageObject\",\"inLanguage\":\"sk-SK\",\"@id\":\"https:\/\/czeskastrefa.pl\/sk\/#\/schema\/logo\/image\/\",\"url\":\"https:\/\/czeskastrefa.pl\/wp-content\/uploads\/2024\/04\/cropped-thumbnail_czeska-strefa-512-pxbhhui.png\",\"contentUrl\":\"https:\/\/czeskastrefa.pl\/wp-content\/uploads\/2024\/04\/cropped-thumbnail_czeska-strefa-512-pxbhhui.png\",\"width\":240,\"height\":240,\"caption\":\"Czeska Strefa\"},\"image\":{\"@id\":\"https:\/\/czeskastrefa.pl\/sk\/#\/schema\/logo\/image\/\"},\"sameAs\":[\"https:\/\/www.facebook.com\/czeskastrefa\",\"https:\/\/www.linkedin.com\/company\/czeskastrefa\",\"https:\/\/www.instagram.com\/czeskastrefa\"]}]}<\/script>\n<!-- \/ Yoast SEO plugin. -->","yoast_head_json":{"title":"Poradenstvo v oblasti elektronick\u00e9ho obchodu pre \u010desk\u00fd trh | Czeska Strefa","description":"Potrebujete pom\u00f4c\u0165 zorientova\u0165 sa v oblasti elektronick\u00e9ho obchodu na \u010deskom trhu? Chcete sa sta\u0165 spo\u013eahliv\u00fdm internetov\u00fdm obchodom pre svojich z\u00e1kazn\u00edkov alebo chcete dosiahnu\u0165 vy\u0161\u0161\u00ed predaj? Chcete si zlep\u0161i\u0165 reput\u00e1ciu na \u010deskom trhu? \u010co tak jednoducho skontrolova\u0165, \u010di je vo va\u0161om internetovom obchode v\u0161etko v poriadku? Pozrite si ponuku ni\u017e\u0161ie.","robots":{"index":"index","follow":"follow","max-snippet":"max-snippet:-1","max-image-preview":"max-image-preview:large","max-video-preview":"max-video-preview:-1"},"canonical":"https:\/\/czeskastrefa.pl\/sk\/poradenstvo-v-oblasti-elektronickeho-obchodu-pre-cesky-trh\/","og_locale":"sk_SK","og_type":"article","og_title":"Poradenstvo v oblasti elektronick\u00e9ho obchodu pre \u010desk\u00fd trh","og_description":"Potrebujete pom\u00f4c\u0165 zorientova\u0165 sa v oblasti elektronick\u00e9ho obchodu na \u010deskom trhu? Chcete sa sta\u0165 spo\u013eahliv\u00fdm internetov\u00fdm obchodom pre svojich z\u00e1kazn\u00edkov alebo chcete dosiahnu\u0165 vy\u0161\u0161\u00ed predaj? Chcete si zlep\u0161i\u0165 reput\u00e1ciu na \u010deskom trhu? \u010co tak jednoducho skontrolova\u0165, \u010di je vo va\u0161om internetovom obchode v\u0161etko v poriadku? Pozrite si ponuku ni\u017e\u0161ie.","og_url":"https:\/\/czeskastrefa.pl\/sk\/poradenstvo-v-oblasti-elektronickeho-obchodu-pre-cesky-trh\/","og_site_name":"Czeska Strefa","article_publisher":"https:\/\/www.facebook.com\/czeskastrefa","article_modified_time":"2024-05-18T20:16:34+00:00","og_image":[{"url":"https:\/\/czeskastrefa.pl\/wp-content\/uploads\/2024\/04\/iStock-1444399074-1024x683.jpg","type":"","width":"","height":""}],"twitter_card":"summary_large_image","twitter_misc":{"Predpokladan\u00fd \u010das \u010d\u00edtania":"2 min\u00faty"},"schema":{"@context":"https:\/\/schema.org","@graph":[{"@type":"WebPage","@id":"https:\/\/czeskastrefa.pl\/sk\/poradenstvo-v-oblasti-elektronickeho-obchodu-pre-cesky-trh\/","url":"https:\/\/czeskastrefa.pl\/sk\/poradenstvo-v-oblasti-elektronickeho-obchodu-pre-cesky-trh\/","name":"Poradenstvo v oblasti elektronick\u00e9ho obchodu pre \u010desk\u00fd trh | Czeska Strefa","isPartOf":{"@id":"https:\/\/czeskastrefa.pl\/sk\/#website"},"primaryImageOfPage":{"@id":"https:\/\/czeskastrefa.pl\/sk\/poradenstvo-v-oblasti-elektronickeho-obchodu-pre-cesky-trh\/#primaryimage"},"image":{"@id":"https:\/\/czeskastrefa.pl\/sk\/poradenstvo-v-oblasti-elektronickeho-obchodu-pre-cesky-trh\/#primaryimage"},"thumbnailUrl":"https:\/\/czeskastrefa.pl\/wp-content\/uploads\/2024\/04\/iStock-1444399074.jpg","datePublished":"2024-04-13T08:36:13+00:00","dateModified":"2024-05-18T20:16:34+00:00","description":"Potrebujete pom\u00f4c\u0165 zorientova\u0165 sa v oblasti elektronick\u00e9ho obchodu na \u010deskom trhu? Chcete sa sta\u0165 spo\u013eahliv\u00fdm internetov\u00fdm obchodom pre svojich z\u00e1kazn\u00edkov alebo chcete dosiahnu\u0165 vy\u0161\u0161\u00ed predaj? Chcete si zlep\u0161i\u0165 reput\u00e1ciu na \u010deskom trhu? \u010co tak jednoducho skontrolova\u0165, \u010di je vo va\u0161om internetovom obchode v\u0161etko v poriadku? Pozrite si ponuku ni\u017e\u0161ie.","breadcrumb":{"@id":"https:\/\/czeskastrefa.pl\/sk\/poradenstvo-v-oblasti-elektronickeho-obchodu-pre-cesky-trh\/#breadcrumb"},"inLanguage":"sk-SK","potentialAction":[{"@type":"ReadAction","target":["https:\/\/czeskastrefa.pl\/sk\/poradenstvo-v-oblasti-elektronickeho-obchodu-pre-cesky-trh\/"]}]},{"@type":"ImageObject","inLanguage":"sk-SK","@id":"https:\/\/czeskastrefa.pl\/sk\/poradenstvo-v-oblasti-elektronickeho-obchodu-pre-cesky-trh\/#primaryimage","url":"https:\/\/czeskastrefa.pl\/wp-content\/uploads\/2024\/04\/iStock-1444399074.jpg","contentUrl":"https:\/\/czeskastrefa.pl\/wp-content\/uploads\/2024\/04\/iStock-1444399074.jpg","width":2120,"height":1414,"caption":"Basketball, hands and team of men high five for outdoor game. Success, diversity and victory in sports for boys goal. Teamwork, diversity and support, friends on basketball court together with coach."},{"@type":"BreadcrumbList","@id":"https:\/\/czeskastrefa.pl\/sk\/poradenstvo-v-oblasti-elektronickeho-obchodu-pre-cesky-trh\/#breadcrumb","itemListElement":[{"@type":"ListItem","position":1,"name":"Strona g\u0142\u00f3wna","item":"https:\/\/czeskastrefa.pl\/sk\/"},{"@type":"ListItem","position":2,"name":"Poradenstvo v oblasti elektronick\u00e9ho obchodu pre \u010desk\u00fd trh"}]},{"@type":"WebSite","@id":"https:\/\/czeskastrefa.pl\/sk\/#website","url":"https:\/\/czeskastrefa.pl\/sk\/","name":"Czeska Strefa","description":"Us\u0142ugi zwi\u0105zane z e-commerce na rynku czeskim","publisher":{"@id":"https:\/\/czeskastrefa.pl\/sk\/#organization"},"alternateName":"Czeska Strefa","potentialAction":[{"@type":"SearchAction","target":{"@type":"EntryPoint","urlTemplate":"https:\/\/czeskastrefa.pl\/sk\/?s={search_term_string}"},"query-input":{"@type":"PropertyValueSpecification","valueRequired":true,"valueName":"search_term_string"}}],"inLanguage":"sk-SK"},{"@type":"Organization","@id":"https:\/\/czeskastrefa.pl\/sk\/#organization","name":"Czeska Strefa","alternateName":"Us\u0142ugi e-commerce na rynku czeskim","url":"https:\/\/czeskastrefa.pl\/sk\/","logo":{"@type":"ImageObject","inLanguage":"sk-SK","@id":"https:\/\/czeskastrefa.pl\/sk\/#\/schema\/logo\/image\/","url":"https:\/\/czeskastrefa.pl\/wp-content\/uploads\/2024\/04\/cropped-thumbnail_czeska-strefa-512-pxbhhui.png","contentUrl":"https:\/\/czeskastrefa.pl\/wp-content\/uploads\/2024\/04\/cropped-thumbnail_czeska-strefa-512-pxbhhui.png","width":240,"height":240,"caption":"Czeska Strefa"},"image":{"@id":"https:\/\/czeskastrefa.pl\/sk\/#\/schema\/logo\/image\/"},"sameAs":["https:\/\/www.facebook.com\/czeskastrefa","https:\/\/www.linkedin.com\/company\/czeskastrefa","https:\/\/www.instagram.com\/czeskastrefa"]}]}},"_links":{"self":[{"href":"https:\/\/czeskastrefa.pl\/sk\/wp-json\/wp\/v2\/pages\/1501","targetHints":{"allow":["GET"]}}],"collection":[{"href":"https:\/\/czeskastrefa.pl\/sk\/wp-json\/wp\/v2\/pages"}],"about":[{"href":"https:\/\/czeskastrefa.pl\/sk\/wp-json\/wp\/v2\/types\/page"}],"author":[{"embeddable":true,"href":"https:\/\/czeskastrefa.pl\/sk\/wp-json\/wp\/v2\/users\/1"}],"replies":[{"embeddable":true,"href":"https:\/\/czeskastrefa.pl\/sk\/wp-json\/wp\/v2\/comments?post=1501"}],"version-history":[{"count":4,"href":"https:\/\/czeskastrefa.pl\/sk\/wp-json\/wp\/v2\/pages\/1501\/revisions"}],"predecessor-version":[{"id":1909,"href":"https:\/\/czeskastrefa.pl\/sk\/wp-json\/wp\/v2\/pages\/1501\/revisions\/1909"}],"wp:featuredmedia":[{"embeddable":true,"href":"https:\/\/czeskastrefa.pl\/sk\/wp-json\/wp\/v2\/media\/1000"}],"wp:attachment":[{"href":"https:\/\/czeskastrefa.pl\/sk\/wp-json\/wp\/v2\/media?parent=1501"}],"curies":[{"name":"wp","href":"https:\/\/api.w.org\/{rel}","templated":true}]}}