{"id":1509,"date":"2024-04-13T10:51:24","date_gmt":"2024-04-13T08:51:24","guid":{"rendered":"https:\/\/czeskastrefa.pl\/revizia-obsahu-s-ohladom-na-seo-v-cestine\/"},"modified":"2024-05-18T21:04:07","modified_gmt":"2024-05-18T19:04:07","slug":"revizia-obsahu-s-ohladom-na-seo-v-cestine","status":"publish","type":"page","link":"https:\/\/czeskastrefa.pl\/sk\/revizia-obsahu-s-ohladom-na-seo-v-cestine\/","title":{"rendered":"Rev\u00edzia obsahu s oh\u013eadom na SEO v \u010de\u0161tine"},"content":{"rendered":"\n<blockquote class=\"wp-block-quote is-layout-flow wp-block-quote-is-layout-flow\">\n<p>V\u0161imli ste si, \u017ee va\u0161a webov\u00e1 str\u00e1nka bola nespr\u00e1vne prelo\u017een\u00e1 do \u010de\u0161tiny? St\u00e1le dost\u00e1vate sp\u00e4tn\u00fa v\u00e4zbu od z\u00e1kazn\u00edkov o zle prelo\u017een\u00fdch produktoch na va\u0161ich webov\u00fdch str\u00e1nkach? S\u0165a\u017euj\u00fa sa va\u0161i z\u00e1kazn\u00edci na vysok\u00fd po\u010det pravopisn\u00fdch ch\u00fdb na va\u0161ich webov\u00fdch str\u00e1nkach? Nez\u00fafajte! Ni\u017e\u0161ie je uveden\u00e9 rie\u0161enie.<\/p>\n<\/blockquote>\n\n<p><strong>V tejto s\u00favislosti poskytujeme tieto slu\u017eby:  <\/strong><\/p>\n\n<p><strong>1. vyh\u013ead\u00e1vanie pravopisn\u00fdch, gramatick\u00fdch a syntaktick\u00fdch ch\u00fdb v texte<\/strong><\/p>\n\n<p>Bohu\u017eia\u013e je be\u017enou praxou, \u017ee si spolo\u010dnosti na preklad svojich webov\u00fdch str\u00e1nok alebo ich obsahu naj\u00edmaj\u00fa &#8222;kohoko\u013evek&#8220;. Rozhoduj\u00facim faktorom je pre nich n\u00edzka cena a r\u00fdchla realiz\u00e1cia. Potom pr\u00edde sklamanie, \u017ee str\u00e1nku takmer nikto nenav\u0161tevuje a z\u00e1kazn\u00edci ju hodnotia zle. Ako v\u0161ak t\u00fato situ\u00e1ciu napravi\u0165? Na opravu ch\u00fdb v \u010de\u0161tine je potrebn\u00e9 n\u00e1js\u0165 roden\u00e9ho hovorcu. T\u00e1to osoba, ktor\u00e1 by mala ve\u013emi dobre pozna\u0165 svoj jazyk a pou\u017e\u00edva\u0165 ho, dok\u00e1\u017ee n\u00e1js\u0165 v\u0161etky druhy ch\u00fdb.<\/p>\n\n<p><strong>2. vyh\u013eadanie ch\u00fdbaj\u00facich k\u013e\u00fa\u010dov\u00fdch slov a optimaliz\u00e1cia pre SEO v texte  <\/strong><\/p>\n\n<p>\u010eal\u0161ou ot\u00e1zkou je, \u010di to sta\u010d\u00ed na lokaliz\u00e1ciu ch\u00fdb. Predaj je d\u00f4le\u017eit\u00fd pre ka\u017ed\u00fd internetov\u00fd obchod. Ak v\u0161ak nikto nenav\u0161tevuje va\u0161u str\u00e1nku alebo va\u0161e produkty, str\u00e1ca to zmysel. Z tohto d\u00f4vodu spolo\u010dnosti, s ktor\u00fdmi spolupracujeme, pon\u00fakaj\u00fa aj lokaliz\u00e1ciu slov, ktor\u00e9 neboli prelo\u017een\u00e9 kv\u00f4li SEO, boli prelo\u017een\u00e9 automatick\u00fdm preklada\u010dom alebo napr\u00edklad doslovne.<\/p>\n\n<p><strong>3. oprava pravopisn\u00fdch, gramatick\u00fdch a syntaktick\u00fdch ch\u00fdb v texte  <\/strong><\/p>\n\n<p>Ak korekt\u00faru svojej webovej str\u00e1nky zver\u00edte roden\u00e9mu hovorcovi so znalos\u0165ou \u010de\u0161tiny, urob\u00edte to najlep\u0161ie rozhodnutie. \u013dahko n\u00e1jdem a oprav\u00edm pravopisn\u00e9, gramatick\u00e9 a syntaktick\u00e9 chyby.<\/p>\n\n<p><strong>4. korekt\u00fara u\u017e prelo\u017een\u00e9ho textu do \u010de\u0161tiny pre SEO na va\u0161ej webovej str\u00e1nke  <\/strong><\/p>\n\n<p>Odpor\u00fa\u010dam t\u00fato mo\u017enos\u0165 opravy. Roden\u00fd hovorca nielen\u017ee oprav\u00ed pravopisn\u00e9 chyby, ale aj vyh\u013ead\u00e1 k\u013e\u00fa\u010dov\u00e9 slov\u00e1 a optimalizuje va\u0161u webov\u00fa str\u00e1nku. Zabezpe\u010d\u00edte tak lep\u0161iu vidite\u013enos\u0165 vo vyh\u013ead\u00e1va\u010doch a n\u00e1v\u0161tevnos\u0165 va\u0161ej webovej str\u00e1nky.<\/p>\n\n<p><strong>5. korekt\u00fara u\u017e prelo\u017een\u00e9ho textu do \u010de\u0161tiny pre SEO pre va\u0161e filtre, kateg\u00f3rie, tla\u010didl\u00e1 a menu  <\/strong><\/p>\n\n<p>Filtre, kateg\u00f3rie, tla\u010didl\u00e1 alebo menu s\u00fa prvky na va\u0161ej webovej str\u00e1nke, bez ktor\u00fdch sa nezaob\u00edde \u017eiadny internetov\u00fd obchod. Kv\u00f4li SEO musia by\u0165 bezchybne prelo\u017een\u00e9 do \u010de\u0161tiny.<\/p>\n\n<p><strong>6. korekt\u00fara u\u017e prelo\u017een\u00e9ho textu do \u010de\u0161tiny pre SEO pre va\u0161e produkty  <\/strong><\/p>\n\n<p>Sortiment v\u00fdrobkov zvy\u010dajne definuje najrozsiahlej\u0161iu \u010das\u0165 v\u00e1\u0161ho internetov\u00e9ho obchodu. Ak chcete, aby va\u0161e produkty z\u00e1kazn\u00edci \u013eahko na\u0161li vo vyh\u013ead\u00e1va\u010di, oplat\u00ed sa investova\u0165 do copywritera s \u010de\u0161tinou.<\/p>\n\n<p><strong>7. korekt\u00fara u\u017e prelo\u017een\u00e9ho textu do \u010de\u0161tiny pre SEO vo va\u0161ich reklamn\u00fdch kampaniach, reklamn\u00fdch banneroch a pr\u00edspevkoch  <\/strong><\/p>\n\n<p>Reklamn\u00e9 kampane dlhodobo neplnia svoj \u00fa\u010del alebo k v\u00e1m nepril\u00e1kaj\u00fa nov\u00fdch z\u00e1kazn\u00edkov. Probl\u00e9m m\u00f4\u017ee spo\u010d\u00edva\u0165 v samotnom obsahu reklamnej kampane, pr\u00ed\u010dinou probl\u00e9mu m\u00f4\u017ee by\u0165 nepou\u017e\u00edvanie \u010desk\u00fdch marketingov\u00fdch slov, k\u013e\u00fa\u010dov\u00fdch slov alebo neznalos\u0165 \u010desk\u00fdch re\u00e1li\u00ed.<\/p>\n\n<p><strong>8. Korekt\u00fary u\u017e prelo\u017een\u00e9ho textu do \u010de\u0161tiny pre SEO pre va\u0161e \u010dl\u00e1nky a rady  <\/strong><\/p>\n\n<p>Op\u00e4\u0165 \u010das\u0165, ktor\u00e1 si zasl\u00fa\u017ei va\u0161u pozornos\u0165. Mal by by\u0165 vhodne prelo\u017een\u00fd alebo opraven\u00fd pre SEO.<\/p>\n\n<p><strong>9. Oprava u\u017e prelo\u017een\u00e9ho textu do \u010de\u0161tiny pre SEO v automatick\u00fdch e-mailoch<\/strong><\/p>\n\n<p>Ak s\u00fa automatizovan\u00e9 e-maily prelo\u017een\u00e9 nespr\u00e1vne, va\u0161i z\u00e1kazn\u00edci bud\u00fa zm\u00e4ten\u00ed a vy sa op\u00e4\u0165 vystav\u00edte zl\u00fdm hodnoteniam a kritike zo strany z\u00e1kazn\u00edkov.<\/p>\n\n<p>Kontrola va\u0161ej lokality pre t\u00fato slu\u017ebu nevy\u017eaduje nahratie s\u00faboru. Sta\u010d\u00ed posla\u0165 odkaz na konkr\u00e9tnu str\u00e1nku, ktor\u00fa chcete skontrolova\u0165, na e-mailov\u00fa adresu <a href=\"mailto:info@czeskastrefa.pl\">info@czeskastrefa.pl<\/a>. Na z\u00e1klade toho sme schopn\u00ed vypracova\u0165 cenov\u00fa ponuku na objedn\u00e1vku. Objedn\u00e1vku m\u00f4\u017eete odosla\u0165 aj prostredn\u00edctvom formul\u00e1ra <a href=\"https:\/\/czeskastrefa.pl\/sk\/cena\/\" data-type=\"link\" data-id=\"https:\/\/czeskastrefa.pl\/cena\/\">tu<\/a>.<\/p>\n","protected":false},"excerpt":{"rendered":"<p>V\u0161imli ste si, \u017ee va\u0161a webov\u00e1 str\u00e1nka bola nespr\u00e1vne prelo\u017een\u00e1 do \u010de\u0161tiny? St\u00e1le dost\u00e1vate sp\u00e4tn\u00fa v\u00e4zbu od z\u00e1kazn\u00edkov o zle prelo\u017een\u00fdch produktoch na va\u0161ich webov\u00fdch str\u00e1nkach? S\u0165a\u017euj\u00fa sa va\u0161i z\u00e1kazn\u00edci na vysok\u00fd po\u010det pravopisn\u00fdch ch\u00fdb na va\u0161ich webov\u00fdch str\u00e1nkach? Nez\u00fafajte! Ni\u017e\u0161ie je uveden\u00e9 rie\u0161enie. V tejto s\u00favislosti poskytujeme tieto slu\u017eby: 1. vyh\u013ead\u00e1vanie pravopisn\u00fdch, gramatick\u00fdch a [&hellip;]<\/p>\n","protected":false},"author":1,"featured_media":994,"parent":0,"menu_order":0,"comment_status":"closed","ping_status":"closed","template":"","meta":{"footnotes":""},"class_list":["post-1509","page","type-page","status-publish","has-post-thumbnail","hentry"],"yoast_head":"<!-- This site is optimized with the Yoast SEO plugin v26.7 - https:\/\/yoast.com\/wordpress\/plugins\/seo\/ -->\n<title>Rev\u00edzia obsahu s oh\u013eadom na SEO v \u010de\u0161tine | Czeska Strefa<\/title>\n<meta name=\"description\" content=\"V\u0161imli ste si, \u017ee va\u0161a webov\u00e1 str\u00e1nka bola nespr\u00e1vne prelo\u017een\u00e1 do \u010de\u0161tiny? St\u00e1le dost\u00e1vate sp\u00e4tn\u00fa v\u00e4zbu od z\u00e1kazn\u00edkov o zle prelo\u017een\u00fdch produktoch na va\u0161ich webov\u00fdch str\u00e1nkach? S\u0165a\u017euj\u00fa sa va\u0161i z\u00e1kazn\u00edci na vysok\u00fd po\u010det pravopisn\u00fdch ch\u00fdb na va\u0161ich webov\u00fdch str\u00e1nkach? Nez\u00fafajte! Ni\u017e\u0161ie je uveden\u00e9 rie\u0161enie.\" \/>\n<meta name=\"robots\" content=\"index, follow, max-snippet:-1, max-image-preview:large, max-video-preview:-1\" \/>\n<link rel=\"canonical\" href=\"https:\/\/czeskastrefa.pl\/sk\/revizia-obsahu-s-ohladom-na-seo-v-cestine\/\" \/>\n<meta property=\"og:locale\" content=\"sk_SK\" \/>\n<meta property=\"og:type\" content=\"article\" \/>\n<meta property=\"og:title\" content=\"Rev\u00edzia obsahu s oh\u013eadom na SEO v \u010de\u0161tine\" \/>\n<meta property=\"og:description\" content=\"V\u0161imli ste si, \u017ee va\u0161a webov\u00e1 str\u00e1nka bola nespr\u00e1vne prelo\u017een\u00e1 do \u010de\u0161tiny? St\u00e1le dost\u00e1vate sp\u00e4tn\u00fa v\u00e4zbu od z\u00e1kazn\u00edkov o zle prelo\u017een\u00fdch produktoch na va\u0161ich webov\u00fdch str\u00e1nkach? S\u0165a\u017euj\u00fa sa va\u0161i z\u00e1kazn\u00edci na vysok\u00fd po\u010det pravopisn\u00fdch ch\u00fdb na va\u0161ich webov\u00fdch str\u00e1nkach? Nez\u00fafajte! Ni\u017e\u0161ie je uveden\u00e9 rie\u0161enie.\" \/>\n<meta property=\"og:url\" content=\"https:\/\/czeskastrefa.pl\/sk\/revizia-obsahu-s-ohladom-na-seo-v-cestine\/\" \/>\n<meta property=\"og:site_name\" content=\"Czeska Strefa\" \/>\n<meta property=\"article:publisher\" content=\"https:\/\/www.facebook.com\/czeskastrefa\" \/>\n<meta property=\"article:modified_time\" content=\"2024-05-18T19:04:07+00:00\" \/>\n<meta property=\"og:image\" content=\"https:\/\/czeskastrefa.pl\/wp-content\/uploads\/2024\/04\/iStock-1280363533-1024x683.jpg\" \/>\n<meta name=\"twitter:card\" content=\"summary_large_image\" \/>\n<meta name=\"twitter:label1\" content=\"Predpokladan\u00fd \u010das \u010d\u00edtania\" \/>\n\t<meta name=\"twitter:data1\" content=\"4 min\u00faty\" \/>\n<script type=\"application\/ld+json\" class=\"yoast-schema-graph\">{\"@context\":\"https:\/\/schema.org\",\"@graph\":[{\"@type\":\"WebPage\",\"@id\":\"https:\/\/czeskastrefa.pl\/sk\/revizia-obsahu-s-ohladom-na-seo-v-cestine\/\",\"url\":\"https:\/\/czeskastrefa.pl\/sk\/revizia-obsahu-s-ohladom-na-seo-v-cestine\/\",\"name\":\"Rev\u00edzia obsahu s oh\u013eadom na SEO v \u010de\u0161tine | Czeska Strefa\",\"isPartOf\":{\"@id\":\"https:\/\/czeskastrefa.pl\/sk\/#website\"},\"primaryImageOfPage\":{\"@id\":\"https:\/\/czeskastrefa.pl\/sk\/revizia-obsahu-s-ohladom-na-seo-v-cestine\/#primaryimage\"},\"image\":{\"@id\":\"https:\/\/czeskastrefa.pl\/sk\/revizia-obsahu-s-ohladom-na-seo-v-cestine\/#primaryimage\"},\"thumbnailUrl\":\"https:\/\/czeskastrefa.pl\/wp-content\/uploads\/2024\/04\/iStock-1280363533.jpg\",\"datePublished\":\"2024-04-13T08:51:24+00:00\",\"dateModified\":\"2024-05-18T19:04:07+00:00\",\"description\":\"V\u0161imli ste si, \u017ee va\u0161a webov\u00e1 str\u00e1nka bola nespr\u00e1vne prelo\u017een\u00e1 do \u010de\u0161tiny? St\u00e1le dost\u00e1vate sp\u00e4tn\u00fa v\u00e4zbu od z\u00e1kazn\u00edkov o zle prelo\u017een\u00fdch produktoch na va\u0161ich webov\u00fdch str\u00e1nkach? S\u0165a\u017euj\u00fa sa va\u0161i z\u00e1kazn\u00edci na vysok\u00fd po\u010det pravopisn\u00fdch ch\u00fdb na va\u0161ich webov\u00fdch str\u00e1nkach? Nez\u00fafajte! Ni\u017e\u0161ie je uveden\u00e9 rie\u0161enie.\",\"breadcrumb\":{\"@id\":\"https:\/\/czeskastrefa.pl\/sk\/revizia-obsahu-s-ohladom-na-seo-v-cestine\/#breadcrumb\"},\"inLanguage\":\"sk-SK\",\"potentialAction\":[{\"@type\":\"ReadAction\",\"target\":[\"https:\/\/czeskastrefa.pl\/sk\/revizia-obsahu-s-ohladom-na-seo-v-cestine\/\"]}]},{\"@type\":\"ImageObject\",\"inLanguage\":\"sk-SK\",\"@id\":\"https:\/\/czeskastrefa.pl\/sk\/revizia-obsahu-s-ohladom-na-seo-v-cestine\/#primaryimage\",\"url\":\"https:\/\/czeskastrefa.pl\/wp-content\/uploads\/2024\/04\/iStock-1280363533.jpg\",\"contentUrl\":\"https:\/\/czeskastrefa.pl\/wp-content\/uploads\/2024\/04\/iStock-1280363533.jpg\",\"width\":2120,\"height\":1414,\"caption\":\"Top view of the workspace and office of a female translator working on a document and checking some references\"},{\"@type\":\"BreadcrumbList\",\"@id\":\"https:\/\/czeskastrefa.pl\/sk\/revizia-obsahu-s-ohladom-na-seo-v-cestine\/#breadcrumb\",\"itemListElement\":[{\"@type\":\"ListItem\",\"position\":1,\"name\":\"Strona g\u0142\u00f3wna\",\"item\":\"https:\/\/czeskastrefa.pl\/sk\/\"},{\"@type\":\"ListItem\",\"position\":2,\"name\":\"Rev\u00edzia obsahu s oh\u013eadom na SEO v \u010de\u0161tine\"}]},{\"@type\":\"WebSite\",\"@id\":\"https:\/\/czeskastrefa.pl\/sk\/#website\",\"url\":\"https:\/\/czeskastrefa.pl\/sk\/\",\"name\":\"Czeska Strefa\",\"description\":\"Us\u0142ugi zwi\u0105zane z e-commerce na rynku czeskim\",\"publisher\":{\"@id\":\"https:\/\/czeskastrefa.pl\/sk\/#organization\"},\"alternateName\":\"Czeska Strefa\",\"potentialAction\":[{\"@type\":\"SearchAction\",\"target\":{\"@type\":\"EntryPoint\",\"urlTemplate\":\"https:\/\/czeskastrefa.pl\/sk\/?s={search_term_string}\"},\"query-input\":{\"@type\":\"PropertyValueSpecification\",\"valueRequired\":true,\"valueName\":\"search_term_string\"}}],\"inLanguage\":\"sk-SK\"},{\"@type\":\"Organization\",\"@id\":\"https:\/\/czeskastrefa.pl\/sk\/#organization\",\"name\":\"Czeska Strefa\",\"alternateName\":\"Us\u0142ugi e-commerce na rynku czeskim\",\"url\":\"https:\/\/czeskastrefa.pl\/sk\/\",\"logo\":{\"@type\":\"ImageObject\",\"inLanguage\":\"sk-SK\",\"@id\":\"https:\/\/czeskastrefa.pl\/sk\/#\/schema\/logo\/image\/\",\"url\":\"https:\/\/czeskastrefa.pl\/wp-content\/uploads\/2024\/04\/cropped-thumbnail_czeska-strefa-512-pxbhhui.png\",\"contentUrl\":\"https:\/\/czeskastrefa.pl\/wp-content\/uploads\/2024\/04\/cropped-thumbnail_czeska-strefa-512-pxbhhui.png\",\"width\":240,\"height\":240,\"caption\":\"Czeska Strefa\"},\"image\":{\"@id\":\"https:\/\/czeskastrefa.pl\/sk\/#\/schema\/logo\/image\/\"},\"sameAs\":[\"https:\/\/www.facebook.com\/czeskastrefa\",\"https:\/\/www.linkedin.com\/company\/czeskastrefa\",\"https:\/\/www.instagram.com\/czeskastrefa\"]}]}<\/script>\n<!-- \/ Yoast SEO plugin. -->","yoast_head_json":{"title":"Rev\u00edzia obsahu s oh\u013eadom na SEO v \u010de\u0161tine | Czeska Strefa","description":"V\u0161imli ste si, \u017ee va\u0161a webov\u00e1 str\u00e1nka bola nespr\u00e1vne prelo\u017een\u00e1 do \u010de\u0161tiny? St\u00e1le dost\u00e1vate sp\u00e4tn\u00fa v\u00e4zbu od z\u00e1kazn\u00edkov o zle prelo\u017een\u00fdch produktoch na va\u0161ich webov\u00fdch str\u00e1nkach? S\u0165a\u017euj\u00fa sa va\u0161i z\u00e1kazn\u00edci na vysok\u00fd po\u010det pravopisn\u00fdch ch\u00fdb na va\u0161ich webov\u00fdch str\u00e1nkach? Nez\u00fafajte! Ni\u017e\u0161ie je uveden\u00e9 rie\u0161enie.","robots":{"index":"index","follow":"follow","max-snippet":"max-snippet:-1","max-image-preview":"max-image-preview:large","max-video-preview":"max-video-preview:-1"},"canonical":"https:\/\/czeskastrefa.pl\/sk\/revizia-obsahu-s-ohladom-na-seo-v-cestine\/","og_locale":"sk_SK","og_type":"article","og_title":"Rev\u00edzia obsahu s oh\u013eadom na SEO v \u010de\u0161tine","og_description":"V\u0161imli ste si, \u017ee va\u0161a webov\u00e1 str\u00e1nka bola nespr\u00e1vne prelo\u017een\u00e1 do \u010de\u0161tiny? St\u00e1le dost\u00e1vate sp\u00e4tn\u00fa v\u00e4zbu od z\u00e1kazn\u00edkov o zle prelo\u017een\u00fdch produktoch na va\u0161ich webov\u00fdch str\u00e1nkach? S\u0165a\u017euj\u00fa sa va\u0161i z\u00e1kazn\u00edci na vysok\u00fd po\u010det pravopisn\u00fdch ch\u00fdb na va\u0161ich webov\u00fdch str\u00e1nkach? Nez\u00fafajte! Ni\u017e\u0161ie je uveden\u00e9 rie\u0161enie.","og_url":"https:\/\/czeskastrefa.pl\/sk\/revizia-obsahu-s-ohladom-na-seo-v-cestine\/","og_site_name":"Czeska Strefa","article_publisher":"https:\/\/www.facebook.com\/czeskastrefa","article_modified_time":"2024-05-18T19:04:07+00:00","og_image":[{"url":"https:\/\/czeskastrefa.pl\/wp-content\/uploads\/2024\/04\/iStock-1280363533-1024x683.jpg","type":"","width":"","height":""}],"twitter_card":"summary_large_image","twitter_misc":{"Predpokladan\u00fd \u010das \u010d\u00edtania":"4 min\u00faty"},"schema":{"@context":"https:\/\/schema.org","@graph":[{"@type":"WebPage","@id":"https:\/\/czeskastrefa.pl\/sk\/revizia-obsahu-s-ohladom-na-seo-v-cestine\/","url":"https:\/\/czeskastrefa.pl\/sk\/revizia-obsahu-s-ohladom-na-seo-v-cestine\/","name":"Rev\u00edzia obsahu s oh\u013eadom na SEO v \u010de\u0161tine | Czeska Strefa","isPartOf":{"@id":"https:\/\/czeskastrefa.pl\/sk\/#website"},"primaryImageOfPage":{"@id":"https:\/\/czeskastrefa.pl\/sk\/revizia-obsahu-s-ohladom-na-seo-v-cestine\/#primaryimage"},"image":{"@id":"https:\/\/czeskastrefa.pl\/sk\/revizia-obsahu-s-ohladom-na-seo-v-cestine\/#primaryimage"},"thumbnailUrl":"https:\/\/czeskastrefa.pl\/wp-content\/uploads\/2024\/04\/iStock-1280363533.jpg","datePublished":"2024-04-13T08:51:24+00:00","dateModified":"2024-05-18T19:04:07+00:00","description":"V\u0161imli ste si, \u017ee va\u0161a webov\u00e1 str\u00e1nka bola nespr\u00e1vne prelo\u017een\u00e1 do \u010de\u0161tiny? St\u00e1le dost\u00e1vate sp\u00e4tn\u00fa v\u00e4zbu od z\u00e1kazn\u00edkov o zle prelo\u017een\u00fdch produktoch na va\u0161ich webov\u00fdch str\u00e1nkach? S\u0165a\u017euj\u00fa sa va\u0161i z\u00e1kazn\u00edci na vysok\u00fd po\u010det pravopisn\u00fdch ch\u00fdb na va\u0161ich webov\u00fdch str\u00e1nkach? Nez\u00fafajte! Ni\u017e\u0161ie je uveden\u00e9 rie\u0161enie.","breadcrumb":{"@id":"https:\/\/czeskastrefa.pl\/sk\/revizia-obsahu-s-ohladom-na-seo-v-cestine\/#breadcrumb"},"inLanguage":"sk-SK","potentialAction":[{"@type":"ReadAction","target":["https:\/\/czeskastrefa.pl\/sk\/revizia-obsahu-s-ohladom-na-seo-v-cestine\/"]}]},{"@type":"ImageObject","inLanguage":"sk-SK","@id":"https:\/\/czeskastrefa.pl\/sk\/revizia-obsahu-s-ohladom-na-seo-v-cestine\/#primaryimage","url":"https:\/\/czeskastrefa.pl\/wp-content\/uploads\/2024\/04\/iStock-1280363533.jpg","contentUrl":"https:\/\/czeskastrefa.pl\/wp-content\/uploads\/2024\/04\/iStock-1280363533.jpg","width":2120,"height":1414,"caption":"Top view of the workspace and office of a female translator working on a document and checking some references"},{"@type":"BreadcrumbList","@id":"https:\/\/czeskastrefa.pl\/sk\/revizia-obsahu-s-ohladom-na-seo-v-cestine\/#breadcrumb","itemListElement":[{"@type":"ListItem","position":1,"name":"Strona g\u0142\u00f3wna","item":"https:\/\/czeskastrefa.pl\/sk\/"},{"@type":"ListItem","position":2,"name":"Rev\u00edzia obsahu s oh\u013eadom na SEO v \u010de\u0161tine"}]},{"@type":"WebSite","@id":"https:\/\/czeskastrefa.pl\/sk\/#website","url":"https:\/\/czeskastrefa.pl\/sk\/","name":"Czeska Strefa","description":"Us\u0142ugi zwi\u0105zane z e-commerce na rynku czeskim","publisher":{"@id":"https:\/\/czeskastrefa.pl\/sk\/#organization"},"alternateName":"Czeska Strefa","potentialAction":[{"@type":"SearchAction","target":{"@type":"EntryPoint","urlTemplate":"https:\/\/czeskastrefa.pl\/sk\/?s={search_term_string}"},"query-input":{"@type":"PropertyValueSpecification","valueRequired":true,"valueName":"search_term_string"}}],"inLanguage":"sk-SK"},{"@type":"Organization","@id":"https:\/\/czeskastrefa.pl\/sk\/#organization","name":"Czeska Strefa","alternateName":"Us\u0142ugi e-commerce na rynku czeskim","url":"https:\/\/czeskastrefa.pl\/sk\/","logo":{"@type":"ImageObject","inLanguage":"sk-SK","@id":"https:\/\/czeskastrefa.pl\/sk\/#\/schema\/logo\/image\/","url":"https:\/\/czeskastrefa.pl\/wp-content\/uploads\/2024\/04\/cropped-thumbnail_czeska-strefa-512-pxbhhui.png","contentUrl":"https:\/\/czeskastrefa.pl\/wp-content\/uploads\/2024\/04\/cropped-thumbnail_czeska-strefa-512-pxbhhui.png","width":240,"height":240,"caption":"Czeska Strefa"},"image":{"@id":"https:\/\/czeskastrefa.pl\/sk\/#\/schema\/logo\/image\/"},"sameAs":["https:\/\/www.facebook.com\/czeskastrefa","https:\/\/www.linkedin.com\/company\/czeskastrefa","https:\/\/www.instagram.com\/czeskastrefa"]}]}},"_links":{"self":[{"href":"https:\/\/czeskastrefa.pl\/sk\/wp-json\/wp\/v2\/pages\/1509","targetHints":{"allow":["GET"]}}],"collection":[{"href":"https:\/\/czeskastrefa.pl\/sk\/wp-json\/wp\/v2\/pages"}],"about":[{"href":"https:\/\/czeskastrefa.pl\/sk\/wp-json\/wp\/v2\/types\/page"}],"author":[{"embeddable":true,"href":"https:\/\/czeskastrefa.pl\/sk\/wp-json\/wp\/v2\/users\/1"}],"replies":[{"embeddable":true,"href":"https:\/\/czeskastrefa.pl\/sk\/wp-json\/wp\/v2\/comments?post=1509"}],"version-history":[{"count":4,"href":"https:\/\/czeskastrefa.pl\/sk\/wp-json\/wp\/v2\/pages\/1509\/revisions"}],"predecessor-version":[{"id":1867,"href":"https:\/\/czeskastrefa.pl\/sk\/wp-json\/wp\/v2\/pages\/1509\/revisions\/1867"}],"wp:featuredmedia":[{"embeddable":true,"href":"https:\/\/czeskastrefa.pl\/sk\/wp-json\/wp\/v2\/media\/994"}],"wp:attachment":[{"href":"https:\/\/czeskastrefa.pl\/sk\/wp-json\/wp\/v2\/media?parent=1509"}],"curies":[{"name":"wp","href":"https:\/\/api.w.org\/{rel}","templated":true}]}}