{"id":1511,"date":"2024-04-13T11:24:09","date_gmt":"2024-04-13T09:24:09","guid":{"rendered":"https:\/\/czeskastrefa.pl\/predaj-produktov-a-sluzieb\/"},"modified":"2024-05-15T20:33:41","modified_gmt":"2024-05-15T18:33:41","slug":"predaj-produktov-a-sluzieb","status":"publish","type":"page","link":"https:\/\/czeskastrefa.pl\/sk\/predaj-produktov-a-sluzieb\/","title":{"rendered":"Predaj produktov a slu\u017eieb"},"content":{"rendered":"\n<blockquote class=\"wp-block-quote is-layout-flow wp-block-quote-is-layout-flow\">\n<p>Prenechajte predaj produktov a slu\u017eieb va\u0161ej spolo\u010dnosti na n\u00e1s a presved\u010dte sa o kvalite a efektivite na\u0161ich slu\u017eieb. Na \u010deskom trhu vystupujeme v mene va\u0161ej spolo\u010dnosti, aby sa z\u00e1kazn\u00edk c\u00edtil bezpe\u010dne a myslel si, \u017ee komunikuje so zamestnancami va\u0161ej spolo\u010dnosti. N\u00e1\u0161 t\u00edm sa sklad\u00e1 z profesion\u00e1lov, ktor\u00ed hovoria \u010desky aj po\u013esky. Vo vz\u0165ahu k va\u0161im z\u00e1kazn\u00edkom sa riadime z\u00e1sadami ochrany osobn\u00fdch \u00fadajov, Ob\u010dianskym z\u00e1konn\u00edkom, z\u00e1konom o ochrane spotrebite\u013ea a \u010fal\u0161\u00edmi pr\u00e1vnymi predpismi.<\/p>\n<\/blockquote>\n\n<p><strong>V oblasti predaja v\u00fdrobkov a slu\u017eieb pon\u00fakame tieto slu\u017eby:<\/strong><\/p>\n\n<p><strong>1. Preklad ponuky produktov a slu\u017eieb do \u010de\u0161tiny na webovej str\u00e1nke<\/strong><\/p>\n\n<p>Preklad alebo tvorba pon\u00fak produktov a slu\u017eieb pre \u010desk\u00fd trh. SEO optimaliz\u00e1cia je s\u00fa\u010das\u0165ou ponuky.<\/p>\n\n<p><strong>2. aktualiz\u00e1cia ponuky produktov a slu\u017eieb na webovej str\u00e1nke<\/strong><\/p>\n\n<p>Korekt\u00fary prekladov a aktualiz\u00e1cia va\u0161ej ponuky na \u010deskom trhu.<\/p>\n\n<p><strong>3. Zoznamy produktov na \u010desk\u00fdch online trhoch<\/strong> <a href=\"https:\/\/aukro.cz\/\">\n  <strong>aukro.cz<\/strong>\n<\/a><strong>, <\/strong><a href=\"https:\/\/www.mall.cz\/\">\n  <strong>mall.cz<\/strong>\n<\/a><strong> i <\/strong><a href=\"https:\/\/allegro.cz\/\">\n  <strong>allegro.cz<\/strong>\n<\/a><\/p>\n\n<p>Uv\u00e1dzanie polo\u017eiek na \u010desk\u00fdch trhoch.<\/p>\n\n<p><strong>4. SEO optimaliz\u00e1cia pre \u010desk\u00fd trh<\/strong><\/p>\n\n<p>SEO optimaliz\u00e1cia textu.<\/p>\n\n<p><strong>5. informovanie z\u00e1kazn\u00edkov v s\u00falade s va\u0161imi postupmi<\/strong><\/p>\n\n<p>Poskytovanie inform\u00e1ci\u00ed z\u00e1kazn\u00edkom o va\u0161ej spolo\u010dnosti, produktoch alebo slu\u017eb\u00e1ch, cen\u00e1ch, platb\u00e1ch, doprave at\u010f.<\/p>\n\n<p><strong>6. Prij\u00edmanie telefonick\u00fdch objedn\u00e1vok a ich n\u00e1sledn\u00e9 sledovanie<\/strong><\/p>\n\n<p>Prij\u00edmanie telefonick\u00fdch objedn\u00e1vok a ich \u010fal\u0161ie spracovanie.<\/p>\n\n<p><strong>7. Prij\u00edmanie e-mailov\u00fdch objedn\u00e1vok a ich n\u00e1sledn\u00e9 sledovanie<\/strong><\/p>\n\n<p>Prij\u00edmanie e-mailov\u00fdch objedn\u00e1vok a ich \u010fal\u0161ie spracovanie.<\/p>\n\n<p><strong>8. budovanie partnerstiev so st\u00e1lymi z\u00e1kazn\u00edkmi<\/strong><\/p>\n\n<p>Udr\u017eiavanie partnerstiev so st\u00e1lymi z\u00e1kazn\u00edkmi.<\/p>\n\n<p><strong>9. nadv\u00e4zovanie kontaktov s nov\u00fdmi z\u00e1kazn\u00edkmi<\/strong><\/p>\n\n<p>Z\u00edskavanie nov\u00fdch z\u00e1kazn\u00edkov na \u010deskom trhu.<\/p>\n\n<p><strong>10. telefonick\u00fd kontakt so z\u00e1kazn\u00edkmi<\/strong><\/p>\n\n<p>Vybavovanie prich\u00e1dzaj\u00facich a odch\u00e1dzaj\u00facich telefonick\u00fdch hovorov pre \u010desk\u00fdch z\u00e1kazn\u00edkov.<\/p>\n\n<p><strong>11. e-mailov\u00fd kontakt so z\u00e1kazn\u00edkmi<\/strong><\/p>\n\n<p>E-mailov\u00e1 komunik\u00e1cia v \u010de\u0161tine.<\/p>\n\n<p><strong>12. online stretnutia so z\u00e1kazn\u00edkmi<\/strong><\/p>\n\n<p>Online stretnutia s klientmi prostredn\u00edctvom aplik\u00e1cie Microsoft Teams.<\/p>\n\n<p><strong>13. Prenos inform\u00e1ci\u00ed a ich preklad do po\u013e\u0161tiny medzi na\u0161im t\u00edmom a vami<\/strong><\/p>\n\n<p>Preposielanie v\u0161etkej kore\u0161pondencie so z\u00e1kazn\u00edkmi na \u010fal\u0161iu realiz\u00e1ciu po\u017eiadaviek z\u00e1kazn\u00edkov s prekladom do po\u013e\u0161tiny.<\/p>\n\n<p><strong>14. Vykazovanie a prezent\u00e1cia v\u00fdsledkov predaja z \u010desk\u00e9ho trhu<\/strong><\/p>\n\n<p>Tvorba spr\u00e1v a prezent\u00e1cia v\u00fdsledkov predaja na \u010deskom trhu.<\/p>\n\n<p><strong>15. intern\u00e1 spolupr\u00e1ca s va\u0161imi oddeleniami<\/strong><\/p>\n\n<p>Intern\u00e1 komunik\u00e1cia s oddeleniami.<\/p>\n\n<div style=\"height:5px\" aria-hidden=\"true\" class=\"wp-block-spacer\"><\/div>\n\n<figure class=\"wp-block-image size-full\"><img loading=\"lazy\" decoding=\"async\" width=\"2560\" height=\"1707\" src=\"https:\/\/czeskastrefa.pl\/wp-content\/uploads\/2024\/04\/two-financial-advisors-having-meeting-with-young-man-home-female-advisor-is-shaking-hands-with-client-scaled.jpg\" alt=\"\" class=\"wp-image-191\"\/><\/figure>\n","protected":false},"excerpt":{"rendered":"<p>Prenechajte predaj produktov a slu\u017eieb va\u0161ej spolo\u010dnosti na n\u00e1s a presved\u010dte sa o kvalite a efektivite na\u0161ich slu\u017eieb. Na \u010deskom trhu vystupujeme v mene va\u0161ej spolo\u010dnosti, aby sa z\u00e1kazn\u00edk c\u00edtil bezpe\u010dne a myslel si, \u017ee komunikuje so zamestnancami va\u0161ej spolo\u010dnosti. N\u00e1\u0161 t\u00edm sa sklad\u00e1 z profesion\u00e1lov, ktor\u00ed hovoria \u010desky aj po\u013esky. Vo vz\u0165ahu k va\u0161im [&hellip;]<\/p>\n","protected":false},"author":1,"featured_media":2208,"parent":0,"menu_order":0,"comment_status":"closed","ping_status":"closed","template":"","meta":{"footnotes":""},"class_list":["post-1511","page","type-page","status-publish","has-post-thumbnail","hentry"],"yoast_head":"<!-- This site is optimized with the Yoast SEO plugin v26.7 - https:\/\/yoast.com\/wordpress\/plugins\/seo\/ -->\n<title>Predaj produktov a slu\u017eieb | Czeska Strefa<\/title>\n<meta name=\"description\" content=\"Prenechajte predaj produktov a slu\u017eieb va\u0161ej spolo\u010dnosti na n\u00e1s a presved\u010dte sa o kvalite a efektivite na\u0161ich slu\u017eieb. Na \u010deskom trhu vystupujeme v mene va\u0161ej spolo\u010dnosti, aby sa z\u00e1kazn\u00edk c\u00edtil bezpe\u010dne a myslel si, \u017ee komunikuje so zamestnancami va\u0161ej spolo\u010dnosti. N\u00e1\u0161 t\u00edm tvoria profesion\u00e1li, ktor\u00ed hovoria \u010desky aj po\u013esky. Vo vz\u0165ahu k va\u0161im z\u00e1kazn\u00edkom sa riadime z\u00e1sadami ochrany osobn\u00fdch \u00fadajov, Ob\u010dianskym z\u00e1konn\u00edkom, z\u00e1konom o ochrane spotrebite\u013ea a \u010fal\u0161\u00edmi pr\u00e1vnymi predpismi.\" \/>\n<meta name=\"robots\" content=\"index, follow, max-snippet:-1, max-image-preview:large, max-video-preview:-1\" \/>\n<link rel=\"canonical\" href=\"https:\/\/czeskastrefa.pl\/sk\/predaj-produktov-a-sluzieb\/\" \/>\n<meta property=\"og:locale\" content=\"sk_SK\" \/>\n<meta property=\"og:type\" content=\"article\" \/>\n<meta property=\"og:title\" content=\"Predaj produktov a slu\u017eieb\" \/>\n<meta property=\"og:description\" content=\"Prenechajte predaj produktov a slu\u017eieb va\u0161ej spolo\u010dnosti na n\u00e1s a presved\u010dte sa o kvalite a efektivite na\u0161ich slu\u017eieb. Na \u010deskom trhu vystupujeme v mene va\u0161ej spolo\u010dnosti, aby sa z\u00e1kazn\u00edk c\u00edtil bezpe\u010dne a myslel si, \u017ee komunikuje so zamestnancami va\u0161ej spolo\u010dnosti. N\u00e1\u0161 t\u00edm sa sklad\u00e1 z profesion\u00e1lov, ktor\u00ed hovoria \u010desky aj po\u013esky. Vo vz\u0165ahu k va\u0161im z\u00e1kazn\u00edkom sa riadime z\u00e1sadami ochrany osobn\u00fdch \u00fadajov, Ob\u010dianskym z\u00e1konn\u00edkom, z\u00e1konom o ochrane spotrebite\u013ea a \u010fal\u0161\u00edmi pr\u00e1vnymi predpismi.\" \/>\n<meta property=\"og:url\" content=\"https:\/\/czeskastrefa.pl\/sk\/predaj-produktov-a-sluzieb\/\" \/>\n<meta property=\"og:site_name\" content=\"Czeska Strefa\" \/>\n<meta property=\"article:publisher\" content=\"https:\/\/www.facebook.com\/czeskastrefa\" \/>\n<meta property=\"article:modified_time\" content=\"2024-05-15T18:33:41+00:00\" \/>\n<meta property=\"og:image\" content=\"https:\/\/czeskastrefa.pl\/wp-content\/uploads\/2024\/04\/pexels-monstera-production-6289060-1.jpg\" \/>\n<meta name=\"twitter:card\" content=\"summary_large_image\" \/>\n<meta name=\"twitter:label1\" content=\"Predpokladan\u00fd \u010das \u010d\u00edtania\" \/>\n\t<meta name=\"twitter:data1\" content=\"2 min\u00faty\" \/>\n<script type=\"application\/ld+json\" class=\"yoast-schema-graph\">{\"@context\":\"https:\/\/schema.org\",\"@graph\":[{\"@type\":\"WebPage\",\"@id\":\"https:\/\/czeskastrefa.pl\/sk\/predaj-produktov-a-sluzieb\/\",\"url\":\"https:\/\/czeskastrefa.pl\/sk\/predaj-produktov-a-sluzieb\/\",\"name\":\"Predaj produktov a slu\u017eieb | Czeska Strefa\",\"isPartOf\":{\"@id\":\"https:\/\/czeskastrefa.pl\/sk\/#website\"},\"primaryImageOfPage\":{\"@id\":\"https:\/\/czeskastrefa.pl\/sk\/predaj-produktov-a-sluzieb\/#primaryimage\"},\"image\":{\"@id\":\"https:\/\/czeskastrefa.pl\/sk\/predaj-produktov-a-sluzieb\/#primaryimage\"},\"thumbnailUrl\":\"https:\/\/czeskastrefa.pl\/wp-content\/uploads\/2024\/10\/iStock-1127293302.jpg\",\"datePublished\":\"2024-04-13T09:24:09+00:00\",\"dateModified\":\"2024-05-15T18:33:41+00:00\",\"description\":\"Prenechajte predaj produktov a slu\u017eieb va\u0161ej spolo\u010dnosti na n\u00e1s a presved\u010dte sa o kvalite a efektivite na\u0161ich slu\u017eieb. Na \u010deskom trhu vystupujeme v mene va\u0161ej spolo\u010dnosti, aby sa z\u00e1kazn\u00edk c\u00edtil bezpe\u010dne a myslel si, \u017ee komunikuje so zamestnancami va\u0161ej spolo\u010dnosti. N\u00e1\u0161 t\u00edm tvoria profesion\u00e1li, ktor\u00ed hovoria \u010desky aj po\u013esky. Vo vz\u0165ahu k va\u0161im z\u00e1kazn\u00edkom sa riadime z\u00e1sadami ochrany osobn\u00fdch \u00fadajov, Ob\u010dianskym z\u00e1konn\u00edkom, z\u00e1konom o ochrane spotrebite\u013ea a \u010fal\u0161\u00edmi pr\u00e1vnymi predpismi.\",\"breadcrumb\":{\"@id\":\"https:\/\/czeskastrefa.pl\/sk\/predaj-produktov-a-sluzieb\/#breadcrumb\"},\"inLanguage\":\"sk-SK\",\"potentialAction\":[{\"@type\":\"ReadAction\",\"target\":[\"https:\/\/czeskastrefa.pl\/sk\/predaj-produktov-a-sluzieb\/\"]}]},{\"@type\":\"ImageObject\",\"inLanguage\":\"sk-SK\",\"@id\":\"https:\/\/czeskastrefa.pl\/sk\/predaj-produktov-a-sluzieb\/#primaryimage\",\"url\":\"https:\/\/czeskastrefa.pl\/wp-content\/uploads\/2024\/10\/iStock-1127293302.jpg\",\"contentUrl\":\"https:\/\/czeskastrefa.pl\/wp-content\/uploads\/2024\/10\/iStock-1127293302.jpg\",\"width\":2121,\"height\":1414,\"caption\":\"online business concept: man using a laptop with online shop on the screen. Screen graphics are made up.\"},{\"@type\":\"BreadcrumbList\",\"@id\":\"https:\/\/czeskastrefa.pl\/sk\/predaj-produktov-a-sluzieb\/#breadcrumb\",\"itemListElement\":[{\"@type\":\"ListItem\",\"position\":1,\"name\":\"Strona g\u0142\u00f3wna\",\"item\":\"https:\/\/czeskastrefa.pl\/sk\/\"},{\"@type\":\"ListItem\",\"position\":2,\"name\":\"Predaj produktov a slu\u017eieb\"}]},{\"@type\":\"WebSite\",\"@id\":\"https:\/\/czeskastrefa.pl\/sk\/#website\",\"url\":\"https:\/\/czeskastrefa.pl\/sk\/\",\"name\":\"Czeska Strefa\",\"description\":\"Us\u0142ugi zwi\u0105zane z e-commerce na rynku czeskim\",\"publisher\":{\"@id\":\"https:\/\/czeskastrefa.pl\/sk\/#organization\"},\"alternateName\":\"Czeska Strefa\",\"potentialAction\":[{\"@type\":\"SearchAction\",\"target\":{\"@type\":\"EntryPoint\",\"urlTemplate\":\"https:\/\/czeskastrefa.pl\/sk\/?s={search_term_string}\"},\"query-input\":{\"@type\":\"PropertyValueSpecification\",\"valueRequired\":true,\"valueName\":\"search_term_string\"}}],\"inLanguage\":\"sk-SK\"},{\"@type\":\"Organization\",\"@id\":\"https:\/\/czeskastrefa.pl\/sk\/#organization\",\"name\":\"Czeska Strefa\",\"alternateName\":\"Us\u0142ugi e-commerce na rynku czeskim\",\"url\":\"https:\/\/czeskastrefa.pl\/sk\/\",\"logo\":{\"@type\":\"ImageObject\",\"inLanguage\":\"sk-SK\",\"@id\":\"https:\/\/czeskastrefa.pl\/sk\/#\/schema\/logo\/image\/\",\"url\":\"https:\/\/czeskastrefa.pl\/wp-content\/uploads\/2024\/04\/cropped-thumbnail_czeska-strefa-512-pxbhhui.png\",\"contentUrl\":\"https:\/\/czeskastrefa.pl\/wp-content\/uploads\/2024\/04\/cropped-thumbnail_czeska-strefa-512-pxbhhui.png\",\"width\":240,\"height\":240,\"caption\":\"Czeska Strefa\"},\"image\":{\"@id\":\"https:\/\/czeskastrefa.pl\/sk\/#\/schema\/logo\/image\/\"},\"sameAs\":[\"https:\/\/www.facebook.com\/czeskastrefa\",\"https:\/\/www.linkedin.com\/company\/czeskastrefa\",\"https:\/\/www.instagram.com\/czeskastrefa\"]}]}<\/script>\n<!-- \/ Yoast SEO plugin. -->","yoast_head_json":{"title":"Predaj produktov a slu\u017eieb | Czeska Strefa","description":"Prenechajte predaj produktov a slu\u017eieb va\u0161ej spolo\u010dnosti na n\u00e1s a presved\u010dte sa o kvalite a efektivite na\u0161ich slu\u017eieb. Na \u010deskom trhu vystupujeme v mene va\u0161ej spolo\u010dnosti, aby sa z\u00e1kazn\u00edk c\u00edtil bezpe\u010dne a myslel si, \u017ee komunikuje so zamestnancami va\u0161ej spolo\u010dnosti. N\u00e1\u0161 t\u00edm tvoria profesion\u00e1li, ktor\u00ed hovoria \u010desky aj po\u013esky. Vo vz\u0165ahu k va\u0161im z\u00e1kazn\u00edkom sa riadime z\u00e1sadami ochrany osobn\u00fdch \u00fadajov, Ob\u010dianskym z\u00e1konn\u00edkom, z\u00e1konom o ochrane spotrebite\u013ea a \u010fal\u0161\u00edmi pr\u00e1vnymi predpismi.","robots":{"index":"index","follow":"follow","max-snippet":"max-snippet:-1","max-image-preview":"max-image-preview:large","max-video-preview":"max-video-preview:-1"},"canonical":"https:\/\/czeskastrefa.pl\/sk\/predaj-produktov-a-sluzieb\/","og_locale":"sk_SK","og_type":"article","og_title":"Predaj produktov a slu\u017eieb","og_description":"Prenechajte predaj produktov a slu\u017eieb va\u0161ej spolo\u010dnosti na n\u00e1s a presved\u010dte sa o kvalite a efektivite na\u0161ich slu\u017eieb. Na \u010deskom trhu vystupujeme v mene va\u0161ej spolo\u010dnosti, aby sa z\u00e1kazn\u00edk c\u00edtil bezpe\u010dne a myslel si, \u017ee komunikuje so zamestnancami va\u0161ej spolo\u010dnosti. N\u00e1\u0161 t\u00edm sa sklad\u00e1 z profesion\u00e1lov, ktor\u00ed hovoria \u010desky aj po\u013esky. Vo vz\u0165ahu k va\u0161im z\u00e1kazn\u00edkom sa riadime z\u00e1sadami ochrany osobn\u00fdch \u00fadajov, Ob\u010dianskym z\u00e1konn\u00edkom, z\u00e1konom o ochrane spotrebite\u013ea a \u010fal\u0161\u00edmi pr\u00e1vnymi predpismi.","og_url":"https:\/\/czeskastrefa.pl\/sk\/predaj-produktov-a-sluzieb\/","og_site_name":"Czeska Strefa","article_publisher":"https:\/\/www.facebook.com\/czeskastrefa","article_modified_time":"2024-05-15T18:33:41+00:00","og_image":[{"url":"https:\/\/czeskastrefa.pl\/wp-content\/uploads\/2024\/04\/pexels-monstera-production-6289060-1.jpg","type":"","width":"","height":""}],"twitter_card":"summary_large_image","twitter_misc":{"Predpokladan\u00fd \u010das \u010d\u00edtania":"2 min\u00faty"},"schema":{"@context":"https:\/\/schema.org","@graph":[{"@type":"WebPage","@id":"https:\/\/czeskastrefa.pl\/sk\/predaj-produktov-a-sluzieb\/","url":"https:\/\/czeskastrefa.pl\/sk\/predaj-produktov-a-sluzieb\/","name":"Predaj produktov a slu\u017eieb | Czeska Strefa","isPartOf":{"@id":"https:\/\/czeskastrefa.pl\/sk\/#website"},"primaryImageOfPage":{"@id":"https:\/\/czeskastrefa.pl\/sk\/predaj-produktov-a-sluzieb\/#primaryimage"},"image":{"@id":"https:\/\/czeskastrefa.pl\/sk\/predaj-produktov-a-sluzieb\/#primaryimage"},"thumbnailUrl":"https:\/\/czeskastrefa.pl\/wp-content\/uploads\/2024\/10\/iStock-1127293302.jpg","datePublished":"2024-04-13T09:24:09+00:00","dateModified":"2024-05-15T18:33:41+00:00","description":"Prenechajte predaj produktov a slu\u017eieb va\u0161ej spolo\u010dnosti na n\u00e1s a presved\u010dte sa o kvalite a efektivite na\u0161ich slu\u017eieb. Na \u010deskom trhu vystupujeme v mene va\u0161ej spolo\u010dnosti, aby sa z\u00e1kazn\u00edk c\u00edtil bezpe\u010dne a myslel si, \u017ee komunikuje so zamestnancami va\u0161ej spolo\u010dnosti. N\u00e1\u0161 t\u00edm tvoria profesion\u00e1li, ktor\u00ed hovoria \u010desky aj po\u013esky. Vo vz\u0165ahu k va\u0161im z\u00e1kazn\u00edkom sa riadime z\u00e1sadami ochrany osobn\u00fdch \u00fadajov, Ob\u010dianskym z\u00e1konn\u00edkom, z\u00e1konom o ochrane spotrebite\u013ea a \u010fal\u0161\u00edmi pr\u00e1vnymi predpismi.","breadcrumb":{"@id":"https:\/\/czeskastrefa.pl\/sk\/predaj-produktov-a-sluzieb\/#breadcrumb"},"inLanguage":"sk-SK","potentialAction":[{"@type":"ReadAction","target":["https:\/\/czeskastrefa.pl\/sk\/predaj-produktov-a-sluzieb\/"]}]},{"@type":"ImageObject","inLanguage":"sk-SK","@id":"https:\/\/czeskastrefa.pl\/sk\/predaj-produktov-a-sluzieb\/#primaryimage","url":"https:\/\/czeskastrefa.pl\/wp-content\/uploads\/2024\/10\/iStock-1127293302.jpg","contentUrl":"https:\/\/czeskastrefa.pl\/wp-content\/uploads\/2024\/10\/iStock-1127293302.jpg","width":2121,"height":1414,"caption":"online business concept: man using a laptop with online shop on the screen. Screen graphics are made up."},{"@type":"BreadcrumbList","@id":"https:\/\/czeskastrefa.pl\/sk\/predaj-produktov-a-sluzieb\/#breadcrumb","itemListElement":[{"@type":"ListItem","position":1,"name":"Strona g\u0142\u00f3wna","item":"https:\/\/czeskastrefa.pl\/sk\/"},{"@type":"ListItem","position":2,"name":"Predaj produktov a slu\u017eieb"}]},{"@type":"WebSite","@id":"https:\/\/czeskastrefa.pl\/sk\/#website","url":"https:\/\/czeskastrefa.pl\/sk\/","name":"Czeska Strefa","description":"Us\u0142ugi zwi\u0105zane z e-commerce na rynku czeskim","publisher":{"@id":"https:\/\/czeskastrefa.pl\/sk\/#organization"},"alternateName":"Czeska Strefa","potentialAction":[{"@type":"SearchAction","target":{"@type":"EntryPoint","urlTemplate":"https:\/\/czeskastrefa.pl\/sk\/?s={search_term_string}"},"query-input":{"@type":"PropertyValueSpecification","valueRequired":true,"valueName":"search_term_string"}}],"inLanguage":"sk-SK"},{"@type":"Organization","@id":"https:\/\/czeskastrefa.pl\/sk\/#organization","name":"Czeska Strefa","alternateName":"Us\u0142ugi e-commerce na rynku czeskim","url":"https:\/\/czeskastrefa.pl\/sk\/","logo":{"@type":"ImageObject","inLanguage":"sk-SK","@id":"https:\/\/czeskastrefa.pl\/sk\/#\/schema\/logo\/image\/","url":"https:\/\/czeskastrefa.pl\/wp-content\/uploads\/2024\/04\/cropped-thumbnail_czeska-strefa-512-pxbhhui.png","contentUrl":"https:\/\/czeskastrefa.pl\/wp-content\/uploads\/2024\/04\/cropped-thumbnail_czeska-strefa-512-pxbhhui.png","width":240,"height":240,"caption":"Czeska Strefa"},"image":{"@id":"https:\/\/czeskastrefa.pl\/sk\/#\/schema\/logo\/image\/"},"sameAs":["https:\/\/www.facebook.com\/czeskastrefa","https:\/\/www.linkedin.com\/company\/czeskastrefa","https:\/\/www.instagram.com\/czeskastrefa"]}]}},"_links":{"self":[{"href":"https:\/\/czeskastrefa.pl\/sk\/wp-json\/wp\/v2\/pages\/1511","targetHints":{"allow":["GET"]}}],"collection":[{"href":"https:\/\/czeskastrefa.pl\/sk\/wp-json\/wp\/v2\/pages"}],"about":[{"href":"https:\/\/czeskastrefa.pl\/sk\/wp-json\/wp\/v2\/types\/page"}],"author":[{"embeddable":true,"href":"https:\/\/czeskastrefa.pl\/sk\/wp-json\/wp\/v2\/users\/1"}],"replies":[{"embeddable":true,"href":"https:\/\/czeskastrefa.pl\/sk\/wp-json\/wp\/v2\/comments?post=1511"}],"version-history":[{"count":1,"href":"https:\/\/czeskastrefa.pl\/sk\/wp-json\/wp\/v2\/pages\/1511\/revisions"}],"predecessor-version":[{"id":1517,"href":"https:\/\/czeskastrefa.pl\/sk\/wp-json\/wp\/v2\/pages\/1511\/revisions\/1517"}],"wp:featuredmedia":[{"embeddable":true,"href":"https:\/\/czeskastrefa.pl\/sk\/wp-json\/wp\/v2\/media\/2208"}],"wp:attachment":[{"href":"https:\/\/czeskastrefa.pl\/sk\/wp-json\/wp\/v2\/media?parent=1511"}],"curies":[{"name":"wp","href":"https:\/\/api.w.org\/{rel}","templated":true}]}}