{"id":1522,"date":"2024-04-13T11:21:29","date_gmt":"2024-04-13T09:21:29","guid":{"rendered":"https:\/\/czeskastrefa.pl\/spory-so-zakaznikom\/"},"modified":"2024-05-15T20:34:04","modified_gmt":"2024-05-15T18:34:04","slug":"spory-so-zakaznikom","status":"publish","type":"page","link":"https:\/\/czeskastrefa.pl\/sk\/spory-so-zakaznikom\/","title":{"rendered":"Spory so z\u00e1kazn\u00edkom"},"content":{"rendered":"\n<blockquote class=\"wp-block-quote is-layout-flow wp-block-quote-is-layout-flow\">\n<p>Prenechajte z\u00e1kazn\u00edcke spory va\u0161ej spolo\u010dnosti na n\u00e1s a my ich vyrie\u0161ime za v\u00e1s a vy sa presved\u010d\u00edte o kvalite a efektivite na\u0161ich slu\u017eieb. Na \u010deskom trhu vystupujeme v mene va\u0161ej spolo\u010dnosti, aby sa z\u00e1kazn\u00edk c\u00edtil bezpe\u010dne a myslel si, \u017ee komunikuje so zamestnancami va\u0161ej spolo\u010dnosti. N\u00e1\u0161 t\u00edm tvoria profesion\u00e1li, ktor\u00ed hovoria \u010desky aj po\u013esky. Vo vz\u0165ahu k va\u0161im z\u00e1kazn\u00edkom sa riadime z\u00e1sadami ochrany osobn\u00fdch \u00fadajov, Ob\u010dianskym z\u00e1konn\u00edkom, z\u00e1konom o ochrane spotrebite\u013ea a \u010fal\u0161\u00edmi pr\u00e1vnymi predpismi.  <\/p>\n<\/blockquote>\n\n<p><strong>V oblasti sporov so z\u00e1kazn\u00edkmi pon\u00fakame tieto slu\u017eby:  <\/strong><\/p>\n\n<p><strong>1. telefonick\u00fd kontakt so z\u00e1kazn\u00edkmi<\/strong><\/p>\n\n<p>Vybavovanie prich\u00e1dzaj\u00facich a odch\u00e1dzaj\u00facich telefonick\u00fdch hovorov pre \u010desk\u00fdch z\u00e1kazn\u00edkov.<\/p>\n\n<p><strong>2. e-mailov\u00fd kontakt so z\u00e1kazn\u00edkmi<\/strong><\/p>\n\n<p>E-mailov\u00e1 komunik\u00e1cia v \u010de\u0161tine.<\/p>\n\n<p><strong>3. online stretnutia so z\u00e1kazn\u00edkmi  <\/strong><\/p>\n\n<p>Online stretnutia s klientmi prostredn\u00edctvom aplik\u00e1cie Microsoft Teams.<\/p>\n\n<p><strong>4. Prenos inform\u00e1ci\u00ed a ich preklad do po\u013e\u0161tiny medzi na\u0161im t\u00edmom a vami  <\/strong><\/p>\n\n<p>Preposielanie v\u0161etkej kore\u0161pondencie so z\u00e1kazn\u00edkmi na \u010fal\u0161iu realiz\u00e1ciu po\u017eiadaviek z\u00e1kazn\u00edkov s prekladom do po\u013e\u0161tiny.<\/p>\n\n<p><strong>5. vybavovanie s\u0165a\u017enost\u00ed z\u00e1kazn\u00edkov v s\u00falade s va\u0161imi postupmi  <\/strong><\/p>\n\n<p>Rie\u0161enie sporov so z\u00e1kazn\u00edkmi v s\u00falade s va\u0161imi postupmi.<\/p>\n\n<p><strong>6. rie\u0161enie s\u0165a\u017enost\u00ed z\u00e1kazn\u00edkov v s\u00falade s va\u0161imi postupmi  <\/strong><\/p>\n\n<p>Rie\u0161enie sporov s klientmi v s\u00falade s va\u0161imi postupmi.<\/p>\n\n<p><strong>7. intern\u00e1 spolupr\u00e1ca s va\u0161imi oddeleniami<\/strong><\/p>\n\n<p>Intern\u00e1 komunik\u00e1cia s oddeleniami.<\/p>\n\n<div style=\"height:5px\" aria-hidden=\"true\" class=\"wp-block-spacer\"><\/div>\n\n<figure class=\"wp-block-image size-full\"><img loading=\"lazy\" decoding=\"async\" width=\"2560\" height=\"1438\" src=\"https:\/\/czeskastrefa.pl\/wp-content\/uploads\/2024\/04\/name_-gravity-_AdUs32i0jc-unsplash-scaled.jpg\" alt=\"\" class=\"wp-image-188\" srcset=\"https:\/\/czeskastrefa.pl\/wp-content\/uploads\/2024\/04\/name_-gravity-_AdUs32i0jc-unsplash-scaled.jpg 2560w, https:\/\/czeskastrefa.pl\/wp-content\/uploads\/2024\/04\/name_-gravity-_AdUs32i0jc-unsplash-300x169.jpg 300w\" sizes=\"auto, (max-width: 2560px) 100vw, 2560px\" \/><\/figure>\n","protected":false},"excerpt":{"rendered":"<p>Prenechajte z\u00e1kazn\u00edcke spory va\u0161ej spolo\u010dnosti na n\u00e1s a my ich vyrie\u0161ime za v\u00e1s a vy sa presved\u010d\u00edte o kvalite a efektivite na\u0161ich slu\u017eieb. Na \u010deskom trhu vystupujeme v mene va\u0161ej spolo\u010dnosti, aby sa z\u00e1kazn\u00edk c\u00edtil bezpe\u010dne a myslel si, \u017ee komunikuje so zamestnancami va\u0161ej spolo\u010dnosti. N\u00e1\u0161 t\u00edm tvoria profesion\u00e1li, ktor\u00ed hovoria \u010desky aj po\u013esky. Vo [&hellip;]<\/p>\n","protected":false},"author":1,"featured_media":2204,"parent":0,"menu_order":0,"comment_status":"closed","ping_status":"closed","template":"","meta":{"footnotes":""},"class_list":["post-1522","page","type-page","status-publish","has-post-thumbnail","hentry"],"yoast_head":"<!-- This site is optimized with the Yoast SEO plugin v26.7 - https:\/\/yoast.com\/wordpress\/plugins\/seo\/ -->\n<title>Spory so z\u00e1kazn\u00edkom | Czeska Strefa<\/title>\n<meta name=\"description\" content=\"Prenechajte z\u00e1kazn\u00edcke spory va\u0161ej spolo\u010dnosti na n\u00e1s a my ich vyrie\u0161ime za v\u00e1s a vy sa presved\u010d\u00edte o kvalite a efektivite na\u0161ich slu\u017eieb. Na \u010deskom trhu vystupujeme v mene va\u0161ej spolo\u010dnosti, aby sa z\u00e1kazn\u00edk c\u00edtil bezpe\u010dne a myslel si, \u017ee komunikuje so zamestnancami va\u0161ej spolo\u010dnosti. N\u00e1\u0161 t\u00edm tvoria profesion\u00e1li, ktor\u00ed hovoria \u010desky aj po\u013esky. Vo vz\u0165ahu k va\u0161im z\u00e1kazn\u00edkom sa riadime z\u00e1sadami ochrany osobn\u00fdch \u00fadajov, Ob\u010dianskym z\u00e1konn\u00edkom, z\u00e1konom o ochrane spotrebite\u013ea a \u010fal\u0161\u00edmi pr\u00e1vnymi predpismi.\" \/>\n<meta name=\"robots\" content=\"index, follow, max-snippet:-1, max-image-preview:large, max-video-preview:-1\" \/>\n<link rel=\"canonical\" href=\"https:\/\/czeskastrefa.pl\/sk\/spory-so-zakaznikom\/\" \/>\n<meta property=\"og:locale\" content=\"sk_SK\" \/>\n<meta property=\"og:type\" content=\"article\" \/>\n<meta property=\"og:title\" content=\"Spory so z\u00e1kazn\u00edkom\" \/>\n<meta property=\"og:description\" content=\"Prenechajte z\u00e1kazn\u00edcke spory va\u0161ej spolo\u010dnosti na n\u00e1s a my ich vyrie\u0161ime za v\u00e1s a vy sa presved\u010d\u00edte o kvalite a efektivite na\u0161ich slu\u017eieb. Na \u010deskom trhu vystupujeme v mene va\u0161ej spolo\u010dnosti, aby sa z\u00e1kazn\u00edk c\u00edtil bezpe\u010dne a myslel si, \u017ee komunikuje so zamestnancami va\u0161ej spolo\u010dnosti. N\u00e1\u0161 t\u00edm tvoria profesion\u00e1li, ktor\u00ed hovoria \u010desky aj po\u013esky. Vo vz\u0165ahu k va\u0161im z\u00e1kazn\u00edkom sa riadime z\u00e1sadami ochrany osobn\u00fdch \u00fadajov, Ob\u010dianskym z\u00e1konn\u00edkom, z\u00e1konom o ochrane spotrebite\u013ea a \u010fal\u0161\u00edmi pr\u00e1vnymi predpismi.\" \/>\n<meta property=\"og:url\" content=\"https:\/\/czeskastrefa.pl\/sk\/spory-so-zakaznikom\/\" \/>\n<meta property=\"og:site_name\" content=\"Czeska Strefa\" \/>\n<meta property=\"article:publisher\" content=\"https:\/\/www.facebook.com\/czeskastrefa\" \/>\n<meta property=\"article:modified_time\" content=\"2024-05-15T18:34:04+00:00\" \/>\n<meta property=\"og:image\" content=\"https:\/\/czeskastrefa.pl\/wp-content\/uploads\/2024\/04\/pexels-andrea-piacquadio-3978388-1024x683.jpg\" \/>\n<meta name=\"twitter:card\" content=\"summary_large_image\" \/>\n<meta name=\"twitter:label1\" content=\"Predpokladan\u00fd \u010das \u010d\u00edtania\" \/>\n\t<meta name=\"twitter:data1\" content=\"1 min\u00fata\" \/>\n<script type=\"application\/ld+json\" class=\"yoast-schema-graph\">{\"@context\":\"https:\/\/schema.org\",\"@graph\":[{\"@type\":\"WebPage\",\"@id\":\"https:\/\/czeskastrefa.pl\/sk\/spory-so-zakaznikom\/\",\"url\":\"https:\/\/czeskastrefa.pl\/sk\/spory-so-zakaznikom\/\",\"name\":\"Spory so z\u00e1kazn\u00edkom | Czeska Strefa\",\"isPartOf\":{\"@id\":\"https:\/\/czeskastrefa.pl\/sk\/#website\"},\"primaryImageOfPage\":{\"@id\":\"https:\/\/czeskastrefa.pl\/sk\/spory-so-zakaznikom\/#primaryimage\"},\"image\":{\"@id\":\"https:\/\/czeskastrefa.pl\/sk\/spory-so-zakaznikom\/#primaryimage\"},\"thumbnailUrl\":\"https:\/\/czeskastrefa.pl\/wp-content\/uploads\/2024\/10\/iStock-1389447908.jpg\",\"datePublished\":\"2024-04-13T09:21:29+00:00\",\"dateModified\":\"2024-05-15T18:34:04+00:00\",\"description\":\"Prenechajte z\u00e1kazn\u00edcke spory va\u0161ej spolo\u010dnosti na n\u00e1s a my ich vyrie\u0161ime za v\u00e1s a vy sa presved\u010d\u00edte o kvalite a efektivite na\u0161ich slu\u017eieb. Na \u010deskom trhu vystupujeme v mene va\u0161ej spolo\u010dnosti, aby sa z\u00e1kazn\u00edk c\u00edtil bezpe\u010dne a myslel si, \u017ee komunikuje so zamestnancami va\u0161ej spolo\u010dnosti. N\u00e1\u0161 t\u00edm tvoria profesion\u00e1li, ktor\u00ed hovoria \u010desky aj po\u013esky. Vo vz\u0165ahu k va\u0161im z\u00e1kazn\u00edkom sa riadime z\u00e1sadami ochrany osobn\u00fdch \u00fadajov, Ob\u010dianskym z\u00e1konn\u00edkom, z\u00e1konom o ochrane spotrebite\u013ea a \u010fal\u0161\u00edmi pr\u00e1vnymi predpismi.\",\"breadcrumb\":{\"@id\":\"https:\/\/czeskastrefa.pl\/sk\/spory-so-zakaznikom\/#breadcrumb\"},\"inLanguage\":\"sk-SK\",\"potentialAction\":[{\"@type\":\"ReadAction\",\"target\":[\"https:\/\/czeskastrefa.pl\/sk\/spory-so-zakaznikom\/\"]}]},{\"@type\":\"ImageObject\",\"inLanguage\":\"sk-SK\",\"@id\":\"https:\/\/czeskastrefa.pl\/sk\/spory-so-zakaznikom\/#primaryimage\",\"url\":\"https:\/\/czeskastrefa.pl\/wp-content\/uploads\/2024\/10\/iStock-1389447908.jpg\",\"contentUrl\":\"https:\/\/czeskastrefa.pl\/wp-content\/uploads\/2024\/10\/iStock-1389447908.jpg\",\"width\":2121,\"height\":1414,\"caption\":\"Unhappy young woman calling to online store after receiving broken product\"},{\"@type\":\"BreadcrumbList\",\"@id\":\"https:\/\/czeskastrefa.pl\/sk\/spory-so-zakaznikom\/#breadcrumb\",\"itemListElement\":[{\"@type\":\"ListItem\",\"position\":1,\"name\":\"Strona g\u0142\u00f3wna\",\"item\":\"https:\/\/czeskastrefa.pl\/sk\/\"},{\"@type\":\"ListItem\",\"position\":2,\"name\":\"Spory so z\u00e1kazn\u00edkom\"}]},{\"@type\":\"WebSite\",\"@id\":\"https:\/\/czeskastrefa.pl\/sk\/#website\",\"url\":\"https:\/\/czeskastrefa.pl\/sk\/\",\"name\":\"Czeska Strefa\",\"description\":\"Us\u0142ugi zwi\u0105zane z e-commerce na rynku czeskim\",\"publisher\":{\"@id\":\"https:\/\/czeskastrefa.pl\/sk\/#organization\"},\"alternateName\":\"Czeska Strefa\",\"potentialAction\":[{\"@type\":\"SearchAction\",\"target\":{\"@type\":\"EntryPoint\",\"urlTemplate\":\"https:\/\/czeskastrefa.pl\/sk\/?s={search_term_string}\"},\"query-input\":{\"@type\":\"PropertyValueSpecification\",\"valueRequired\":true,\"valueName\":\"search_term_string\"}}],\"inLanguage\":\"sk-SK\"},{\"@type\":\"Organization\",\"@id\":\"https:\/\/czeskastrefa.pl\/sk\/#organization\",\"name\":\"Czeska Strefa\",\"alternateName\":\"Us\u0142ugi e-commerce na rynku czeskim\",\"url\":\"https:\/\/czeskastrefa.pl\/sk\/\",\"logo\":{\"@type\":\"ImageObject\",\"inLanguage\":\"sk-SK\",\"@id\":\"https:\/\/czeskastrefa.pl\/sk\/#\/schema\/logo\/image\/\",\"url\":\"https:\/\/czeskastrefa.pl\/wp-content\/uploads\/2024\/04\/cropped-thumbnail_czeska-strefa-512-pxbhhui.png\",\"contentUrl\":\"https:\/\/czeskastrefa.pl\/wp-content\/uploads\/2024\/04\/cropped-thumbnail_czeska-strefa-512-pxbhhui.png\",\"width\":240,\"height\":240,\"caption\":\"Czeska Strefa\"},\"image\":{\"@id\":\"https:\/\/czeskastrefa.pl\/sk\/#\/schema\/logo\/image\/\"},\"sameAs\":[\"https:\/\/www.facebook.com\/czeskastrefa\",\"https:\/\/www.linkedin.com\/company\/czeskastrefa\",\"https:\/\/www.instagram.com\/czeskastrefa\"]}]}<\/script>\n<!-- \/ Yoast SEO plugin. -->","yoast_head_json":{"title":"Spory so z\u00e1kazn\u00edkom | Czeska Strefa","description":"Prenechajte z\u00e1kazn\u00edcke spory va\u0161ej spolo\u010dnosti na n\u00e1s a my ich vyrie\u0161ime za v\u00e1s a vy sa presved\u010d\u00edte o kvalite a efektivite na\u0161ich slu\u017eieb. Na \u010deskom trhu vystupujeme v mene va\u0161ej spolo\u010dnosti, aby sa z\u00e1kazn\u00edk c\u00edtil bezpe\u010dne a myslel si, \u017ee komunikuje so zamestnancami va\u0161ej spolo\u010dnosti. N\u00e1\u0161 t\u00edm tvoria profesion\u00e1li, ktor\u00ed hovoria \u010desky aj po\u013esky. Vo vz\u0165ahu k va\u0161im z\u00e1kazn\u00edkom sa riadime z\u00e1sadami ochrany osobn\u00fdch \u00fadajov, Ob\u010dianskym z\u00e1konn\u00edkom, z\u00e1konom o ochrane spotrebite\u013ea a \u010fal\u0161\u00edmi pr\u00e1vnymi predpismi.","robots":{"index":"index","follow":"follow","max-snippet":"max-snippet:-1","max-image-preview":"max-image-preview:large","max-video-preview":"max-video-preview:-1"},"canonical":"https:\/\/czeskastrefa.pl\/sk\/spory-so-zakaznikom\/","og_locale":"sk_SK","og_type":"article","og_title":"Spory so z\u00e1kazn\u00edkom","og_description":"Prenechajte z\u00e1kazn\u00edcke spory va\u0161ej spolo\u010dnosti na n\u00e1s a my ich vyrie\u0161ime za v\u00e1s a vy sa presved\u010d\u00edte o kvalite a efektivite na\u0161ich slu\u017eieb. Na \u010deskom trhu vystupujeme v mene va\u0161ej spolo\u010dnosti, aby sa z\u00e1kazn\u00edk c\u00edtil bezpe\u010dne a myslel si, \u017ee komunikuje so zamestnancami va\u0161ej spolo\u010dnosti. N\u00e1\u0161 t\u00edm tvoria profesion\u00e1li, ktor\u00ed hovoria \u010desky aj po\u013esky. Vo vz\u0165ahu k va\u0161im z\u00e1kazn\u00edkom sa riadime z\u00e1sadami ochrany osobn\u00fdch \u00fadajov, Ob\u010dianskym z\u00e1konn\u00edkom, z\u00e1konom o ochrane spotrebite\u013ea a \u010fal\u0161\u00edmi pr\u00e1vnymi predpismi.","og_url":"https:\/\/czeskastrefa.pl\/sk\/spory-so-zakaznikom\/","og_site_name":"Czeska Strefa","article_publisher":"https:\/\/www.facebook.com\/czeskastrefa","article_modified_time":"2024-05-15T18:34:04+00:00","og_image":[{"url":"https:\/\/czeskastrefa.pl\/wp-content\/uploads\/2024\/04\/pexels-andrea-piacquadio-3978388-1024x683.jpg","type":"","width":"","height":""}],"twitter_card":"summary_large_image","twitter_misc":{"Predpokladan\u00fd \u010das \u010d\u00edtania":"1 min\u00fata"},"schema":{"@context":"https:\/\/schema.org","@graph":[{"@type":"WebPage","@id":"https:\/\/czeskastrefa.pl\/sk\/spory-so-zakaznikom\/","url":"https:\/\/czeskastrefa.pl\/sk\/spory-so-zakaznikom\/","name":"Spory so z\u00e1kazn\u00edkom | Czeska Strefa","isPartOf":{"@id":"https:\/\/czeskastrefa.pl\/sk\/#website"},"primaryImageOfPage":{"@id":"https:\/\/czeskastrefa.pl\/sk\/spory-so-zakaznikom\/#primaryimage"},"image":{"@id":"https:\/\/czeskastrefa.pl\/sk\/spory-so-zakaznikom\/#primaryimage"},"thumbnailUrl":"https:\/\/czeskastrefa.pl\/wp-content\/uploads\/2024\/10\/iStock-1389447908.jpg","datePublished":"2024-04-13T09:21:29+00:00","dateModified":"2024-05-15T18:34:04+00:00","description":"Prenechajte z\u00e1kazn\u00edcke spory va\u0161ej spolo\u010dnosti na n\u00e1s a my ich vyrie\u0161ime za v\u00e1s a vy sa presved\u010d\u00edte o kvalite a efektivite na\u0161ich slu\u017eieb. Na \u010deskom trhu vystupujeme v mene va\u0161ej spolo\u010dnosti, aby sa z\u00e1kazn\u00edk c\u00edtil bezpe\u010dne a myslel si, \u017ee komunikuje so zamestnancami va\u0161ej spolo\u010dnosti. N\u00e1\u0161 t\u00edm tvoria profesion\u00e1li, ktor\u00ed hovoria \u010desky aj po\u013esky. Vo vz\u0165ahu k va\u0161im z\u00e1kazn\u00edkom sa riadime z\u00e1sadami ochrany osobn\u00fdch \u00fadajov, Ob\u010dianskym z\u00e1konn\u00edkom, z\u00e1konom o ochrane spotrebite\u013ea a \u010fal\u0161\u00edmi pr\u00e1vnymi predpismi.","breadcrumb":{"@id":"https:\/\/czeskastrefa.pl\/sk\/spory-so-zakaznikom\/#breadcrumb"},"inLanguage":"sk-SK","potentialAction":[{"@type":"ReadAction","target":["https:\/\/czeskastrefa.pl\/sk\/spory-so-zakaznikom\/"]}]},{"@type":"ImageObject","inLanguage":"sk-SK","@id":"https:\/\/czeskastrefa.pl\/sk\/spory-so-zakaznikom\/#primaryimage","url":"https:\/\/czeskastrefa.pl\/wp-content\/uploads\/2024\/10\/iStock-1389447908.jpg","contentUrl":"https:\/\/czeskastrefa.pl\/wp-content\/uploads\/2024\/10\/iStock-1389447908.jpg","width":2121,"height":1414,"caption":"Unhappy young woman calling to online store after receiving broken product"},{"@type":"BreadcrumbList","@id":"https:\/\/czeskastrefa.pl\/sk\/spory-so-zakaznikom\/#breadcrumb","itemListElement":[{"@type":"ListItem","position":1,"name":"Strona g\u0142\u00f3wna","item":"https:\/\/czeskastrefa.pl\/sk\/"},{"@type":"ListItem","position":2,"name":"Spory so z\u00e1kazn\u00edkom"}]},{"@type":"WebSite","@id":"https:\/\/czeskastrefa.pl\/sk\/#website","url":"https:\/\/czeskastrefa.pl\/sk\/","name":"Czeska Strefa","description":"Us\u0142ugi zwi\u0105zane z e-commerce na rynku czeskim","publisher":{"@id":"https:\/\/czeskastrefa.pl\/sk\/#organization"},"alternateName":"Czeska Strefa","potentialAction":[{"@type":"SearchAction","target":{"@type":"EntryPoint","urlTemplate":"https:\/\/czeskastrefa.pl\/sk\/?s={search_term_string}"},"query-input":{"@type":"PropertyValueSpecification","valueRequired":true,"valueName":"search_term_string"}}],"inLanguage":"sk-SK"},{"@type":"Organization","@id":"https:\/\/czeskastrefa.pl\/sk\/#organization","name":"Czeska Strefa","alternateName":"Us\u0142ugi e-commerce na rynku czeskim","url":"https:\/\/czeskastrefa.pl\/sk\/","logo":{"@type":"ImageObject","inLanguage":"sk-SK","@id":"https:\/\/czeskastrefa.pl\/sk\/#\/schema\/logo\/image\/","url":"https:\/\/czeskastrefa.pl\/wp-content\/uploads\/2024\/04\/cropped-thumbnail_czeska-strefa-512-pxbhhui.png","contentUrl":"https:\/\/czeskastrefa.pl\/wp-content\/uploads\/2024\/04\/cropped-thumbnail_czeska-strefa-512-pxbhhui.png","width":240,"height":240,"caption":"Czeska Strefa"},"image":{"@id":"https:\/\/czeskastrefa.pl\/sk\/#\/schema\/logo\/image\/"},"sameAs":["https:\/\/www.facebook.com\/czeskastrefa","https:\/\/www.linkedin.com\/company\/czeskastrefa","https:\/\/www.instagram.com\/czeskastrefa"]}]}},"_links":{"self":[{"href":"https:\/\/czeskastrefa.pl\/sk\/wp-json\/wp\/v2\/pages\/1522","targetHints":{"allow":["GET"]}}],"collection":[{"href":"https:\/\/czeskastrefa.pl\/sk\/wp-json\/wp\/v2\/pages"}],"about":[{"href":"https:\/\/czeskastrefa.pl\/sk\/wp-json\/wp\/v2\/types\/page"}],"author":[{"embeddable":true,"href":"https:\/\/czeskastrefa.pl\/sk\/wp-json\/wp\/v2\/users\/1"}],"replies":[{"embeddable":true,"href":"https:\/\/czeskastrefa.pl\/sk\/wp-json\/wp\/v2\/comments?post=1522"}],"version-history":[{"count":1,"href":"https:\/\/czeskastrefa.pl\/sk\/wp-json\/wp\/v2\/pages\/1522\/revisions"}],"predecessor-version":[{"id":1530,"href":"https:\/\/czeskastrefa.pl\/sk\/wp-json\/wp\/v2\/pages\/1522\/revisions\/1530"}],"wp:featuredmedia":[{"embeddable":true,"href":"https:\/\/czeskastrefa.pl\/sk\/wp-json\/wp\/v2\/media\/2204"}],"wp:attachment":[{"href":"https:\/\/czeskastrefa.pl\/sk\/wp-json\/wp\/v2\/media?parent=1522"}],"curies":[{"name":"wp","href":"https:\/\/api.w.org\/{rel}","templated":true}]}}