{"id":1535,"date":"2024-04-13T11:25:17","date_gmt":"2024-04-13T09:25:17","guid":{"rendered":"https:\/\/czeskastrefa.pl\/prezentacia-vasej-spolocnosti\/"},"modified":"2024-05-15T20:34:04","modified_gmt":"2024-05-15T18:34:04","slug":"prezentacia-vasej-spolocnosti","status":"publish","type":"page","link":"https:\/\/czeskastrefa.pl\/sk\/prezentacia-vasej-spolocnosti\/","title":{"rendered":"Prezent\u00e1cia va\u0161ej spolo\u010dnosti"},"content":{"rendered":"\n<blockquote class=\"wp-block-quote is-layout-flow wp-block-quote-is-layout-flow\">\n<p>Zanechajte n\u00e1m prezent\u00e1ciu va\u0161ej spolo\u010dnosti a presved\u010dte sa o kvalite a efektivite na\u0161ich slu\u017eieb. Na \u010deskom trhu vystupujeme v mene va\u0161ej spolo\u010dnosti, aby sa z\u00e1kazn\u00edk c\u00edtil bezpe\u010dne a myslel si, \u017ee komunikuje so zamestnancami va\u0161ej spolo\u010dnosti. N\u00e1\u0161 t\u00edm tvoria profesion\u00e1li, ktor\u00ed hovoria \u010desky aj po\u013esky. Vo vz\u0165ahu k va\u0161im z\u00e1kazn\u00edkom sa riadime z\u00e1sadami ochrany osobn\u00fdch \u00fadajov, Ob\u010dianskym z\u00e1konn\u00edkom, z\u00e1konom o ochrane spotrebite\u013ea a \u010fal\u0161\u00edmi pr\u00e1vnymi predpismi.<\/p>\n<\/blockquote>\n\n<p><strong>V oblasti prezent\u00e1cie va\u0161ej spolo\u010dnosti pon\u00fakame tieto slu\u017eby:<\/strong><\/p>\n\n<p><strong>1. Zriadenie a spr\u00e1va profilu spolo\u010dnosti Google na \u010deskom trhu<\/strong><\/p>\n\n<p>Vytvorenie a spr\u00e1va firemn\u00e9ho \u00fa\u010dtu Google pre \u010desk\u00fd trh.<\/p>\n\n<p><strong>2. vytvorenie profilu na <\/strong><strong>\n  <a href=\"https:\/\/www.heureka.cz\/\">heureka.cz<\/a>\n<\/strong><strong> a spravova\u0165 ho<\/strong><\/p>\n\n<p>Vytvorte si a spravujte \u00fa\u010det na internetovej str\u00e1nke heureka.cz na porovn\u00e1vanie cien.<\/p>\n\n<p><strong>3. vytvorte si profil na <\/strong><strong>\n  <a href=\"https:\/\/www.zbozi.cz\/\">zbozi.cz<\/a>\n<\/strong><strong>, <\/strong><a href=\"https:\/\/www.biano.cz\/\">\n  <strong>biano.cz<\/strong>\n<\/a><strong> alebo in\u00fdch internetov\u00fdch str\u00e1nkach na porovn\u00e1vanie cien a ich spr\u00e1vu<\/strong><\/p>\n\n<p>Vytvorenie a spr\u00e1va \u00fa\u010dtov na internetov\u00fdch str\u00e1nkach na porovn\u00e1vanie cien zbozi.cz, biano.cz.<\/p>\n\n<p><strong>4. Telefonick\u00e9 z\u00edskavanie sp\u00e4tnej v\u00e4zby od z\u00e1kazn\u00edkov<\/strong><\/p>\n\n<p>Zhroma\u017e\u010fovanie a spr\u00e1va sp\u00e4tnej v\u00e4zby od z\u00e1kazn\u00edkov z\u00edskanej telefonicky.<\/p>\n\n<p><strong>5. Z\u00edskavanie sp\u00e4tnej v\u00e4zby od z\u00e1kazn\u00edkov prostredn\u00edctvom e-mailu  <\/strong><\/p>\n\n<p>Zhroma\u017e\u010fovanie a spr\u00e1va sp\u00e4tnej v\u00e4zby od z\u00e1kazn\u00edkov prijatej e-mailom.<\/p>\n\n<p><strong>6. Prezent\u00e1cia va\u0161ej spolo\u010dnosti na soci\u00e1lnych sie\u0165ach<\/strong><\/p>\n\n<p>Zvidite\u013enenie va\u0161ej spolo\u010dnosti v soci\u00e1lnych m\u00e9di\u00e1ch.<\/p>\n\n<p><strong>7. vytv\u00e1ranie pr\u00edspevkov a vz\u0165ahov na soci\u00e1lnych sie\u0165ach Facebook, LinkedIn, Tiktok a Instagram<\/strong><\/p>\n\n<p>Vytv\u00e1ranie pr\u00edspevkov a vz\u0165ahov na Facebooku, LinkedIn, Tiktok, Instagram.<\/p>\n\n<p><strong>8. Pod\u00e1vanie spr\u00e1v a prezent\u00e1cia v\u00fdsledkov sp\u00e4tnej v\u00e4zby z \u010desk\u00e9ho trhu<\/strong><\/p>\n\n<p>Vytv\u00e1ranie spr\u00e1v a prezent\u00e1cia v\u00fdsledkov sp\u00e4tnej v\u00e4zby z \u010desk\u00e9ho trhu.<\/p>\n\n<p><strong>9. kontrola v\u0161etk\u00e9ho obsahu va\u0161ej spolo\u010dnosti na \u010deskom trhu a jeho oprava alebo aktualiz\u00e1cia<\/strong><\/p>\n\n<p>Kontrola ak\u00e9hoko\u013evek online obsahu va\u0161ej spolo\u010dnosti a jeho oprava alebo aktualiz\u00e1cia.<\/p>\n\n<p><strong>10. spr\u00e1va blogu na \u010deskej webovej str\u00e1nke<\/strong><\/p>\n\n<p>Vytvorenie blogu a pravideln\u00e9 prid\u00e1vanie \u010dl\u00e1nkov.<\/p>\n\n<p><strong>11. Riadenie poradenstva na \u010deskej webovej str\u00e1nke<\/strong><\/p>\n\n<p>Pravidelne vytv\u00e1rajte tipy a prid\u00e1vajte \u010dl\u00e1nky.<\/p>\n\n<p><strong>12. tvorba reklamn\u00fdch kampan\u00ed pre \u010desk\u00fd trh<\/strong><\/p>\n\n<p>Tvorba alebo preklad ak\u00e9hoko\u013evek marketingov\u00e9ho obsahu pre \u010desk\u00fd trh.<\/p>\n\n<p><strong>13. intern\u00e1 spolupr\u00e1ca s va\u0161imi oddeleniami<\/strong><\/p>\n\n<p>Intern\u00e1 komunik\u00e1cia s oddeleniami.<\/p>\n\n<div style=\"height:5px\" aria-hidden=\"true\" class=\"wp-block-spacer\"><\/div>\n\n<figure class=\"wp-block-image size-large\"><img loading=\"lazy\" decoding=\"async\" width=\"1024\" height=\"713\" src=\"https:\/\/czeskastrefa.pl\/wp-content\/uploads\/2024\/04\/teens-holding-text-boxes-1024x713.jpg\" alt=\"\" class=\"wp-image-195\" srcset=\"https:\/\/czeskastrefa.pl\/wp-content\/uploads\/2024\/04\/teens-holding-text-boxes-1024x713.jpg 1024w, https:\/\/czeskastrefa.pl\/wp-content\/uploads\/2024\/04\/teens-holding-text-boxes-300x209.jpg 300w, https:\/\/czeskastrefa.pl\/wp-content\/uploads\/2024\/04\/teens-holding-text-boxes-768x535.jpg 768w, https:\/\/czeskastrefa.pl\/wp-content\/uploads\/2024\/04\/teens-holding-text-boxes-1536x1069.jpg 1536w, https:\/\/czeskastrefa.pl\/wp-content\/uploads\/2024\/04\/teens-holding-text-boxes-2048x1425.jpg 2048w\" sizes=\"auto, (max-width: 1024px) 100vw, 1024px\" \/><\/figure>\n","protected":false},"excerpt":{"rendered":"<p>Zanechajte n\u00e1m prezent\u00e1ciu va\u0161ej spolo\u010dnosti a presved\u010dte sa o kvalite a efektivite na\u0161ich slu\u017eieb. Na \u010deskom trhu vystupujeme v mene va\u0161ej spolo\u010dnosti, aby sa z\u00e1kazn\u00edk c\u00edtil bezpe\u010dne a myslel si, \u017ee komunikuje so zamestnancami va\u0161ej spolo\u010dnosti. N\u00e1\u0161 t\u00edm tvoria profesion\u00e1li, ktor\u00ed hovoria \u010desky aj po\u013esky. Vo vz\u0165ahu k va\u0161im z\u00e1kazn\u00edkom sa riadime z\u00e1sadami ochrany osobn\u00fdch [&hellip;]<\/p>\n","protected":false},"author":1,"featured_media":1018,"parent":0,"menu_order":0,"comment_status":"closed","ping_status":"closed","template":"","meta":{"footnotes":""},"class_list":["post-1535","page","type-page","status-publish","has-post-thumbnail","hentry"],"yoast_head":"<!-- This site is optimized with the Yoast SEO plugin v26.7 - https:\/\/yoast.com\/wordpress\/plugins\/seo\/ -->\n<title>Prezent\u00e1cia va\u0161ej spolo\u010dnosti | Czeska Strefa<\/title>\n<meta name=\"description\" content=\"Zanechajte n\u00e1m prezent\u00e1ciu va\u0161ej spolo\u010dnosti a presved\u010dte sa o kvalite a efektivite na\u0161ich slu\u017eieb. Na \u010deskom trhu vystupujeme v mene va\u0161ej spolo\u010dnosti, aby sa z\u00e1kazn\u00edk c\u00edtil bezpe\u010dne a myslel si, \u017ee komunikuje so zamestnancami va\u0161ej spolo\u010dnosti. N\u00e1\u0161 t\u00edm tvoria profesion\u00e1li, ktor\u00ed hovoria \u010desky aj po\u013esky. Vo vz\u0165ahu k va\u0161im z\u00e1kazn\u00edkom sa riadime z\u00e1sadami ochrany osobn\u00fdch \u00fadajov, Ob\u010dianskym z\u00e1konn\u00edkom, z\u00e1konom o ochrane spotrebite\u013ea a \u010fal\u0161\u00edmi pr\u00e1vnymi predpismi.\" \/>\n<meta name=\"robots\" content=\"index, follow, max-snippet:-1, max-image-preview:large, max-video-preview:-1\" \/>\n<link rel=\"canonical\" href=\"https:\/\/czeskastrefa.pl\/sk\/prezentacia-vasej-spolocnosti\/\" \/>\n<meta property=\"og:locale\" content=\"sk_SK\" \/>\n<meta property=\"og:type\" content=\"article\" \/>\n<meta property=\"og:title\" content=\"Prezent\u00e1cia va\u0161ej spolo\u010dnosti\" \/>\n<meta property=\"og:description\" content=\"Zanechajte n\u00e1m prezent\u00e1ciu va\u0161ej spolo\u010dnosti a presved\u010dte sa o kvalite a efektivite na\u0161ich slu\u017eieb. Na \u010deskom trhu vystupujeme v mene va\u0161ej spolo\u010dnosti, aby sa z\u00e1kazn\u00edk c\u00edtil bezpe\u010dne a myslel si, \u017ee komunikuje so zamestnancami va\u0161ej spolo\u010dnosti. N\u00e1\u0161 t\u00edm tvoria profesion\u00e1li, ktor\u00ed hovoria \u010desky aj po\u013esky. Vo vz\u0165ahu k va\u0161im z\u00e1kazn\u00edkom sa riadime z\u00e1sadami ochrany osobn\u00fdch \u00fadajov, Ob\u010dianskym z\u00e1konn\u00edkom, z\u00e1konom o ochrane spotrebite\u013ea a \u010fal\u0161\u00edmi pr\u00e1vnymi predpismi.\" \/>\n<meta property=\"og:url\" content=\"https:\/\/czeskastrefa.pl\/sk\/prezentacia-vasej-spolocnosti\/\" \/>\n<meta property=\"og:site_name\" content=\"Czeska Strefa\" \/>\n<meta property=\"article:publisher\" content=\"https:\/\/www.facebook.com\/czeskastrefa\" \/>\n<meta property=\"article:modified_time\" content=\"2024-05-15T18:34:04+00:00\" \/>\n<meta property=\"og:image\" content=\"https:\/\/czeskastrefa.pl\/wp-content\/uploads\/2024\/04\/madison-oren-uGP_6CAD-14-unsplash-1024x683.jpg\" \/>\n<meta name=\"twitter:card\" content=\"summary_large_image\" \/>\n<meta name=\"twitter:label1\" content=\"Predpokladan\u00fd \u010das \u010d\u00edtania\" \/>\n\t<meta name=\"twitter:data1\" content=\"2 min\u00faty\" \/>\n<script type=\"application\/ld+json\" class=\"yoast-schema-graph\">{\"@context\":\"https:\/\/schema.org\",\"@graph\":[{\"@type\":\"WebPage\",\"@id\":\"https:\/\/czeskastrefa.pl\/sk\/prezentacia-vasej-spolocnosti\/\",\"url\":\"https:\/\/czeskastrefa.pl\/sk\/prezentacia-vasej-spolocnosti\/\",\"name\":\"Prezent\u00e1cia va\u0161ej spolo\u010dnosti | Czeska Strefa\",\"isPartOf\":{\"@id\":\"https:\/\/czeskastrefa.pl\/sk\/#website\"},\"primaryImageOfPage\":{\"@id\":\"https:\/\/czeskastrefa.pl\/sk\/prezentacia-vasej-spolocnosti\/#primaryimage\"},\"image\":{\"@id\":\"https:\/\/czeskastrefa.pl\/sk\/prezentacia-vasej-spolocnosti\/#primaryimage\"},\"thumbnailUrl\":\"https:\/\/czeskastrefa.pl\/wp-content\/uploads\/2024\/04\/madison-oren-uGP_6CAD-14-unsplash-scaled.jpg\",\"datePublished\":\"2024-04-13T09:25:17+00:00\",\"dateModified\":\"2024-05-15T18:34:04+00:00\",\"description\":\"Zanechajte n\u00e1m prezent\u00e1ciu va\u0161ej spolo\u010dnosti a presved\u010dte sa o kvalite a efektivite na\u0161ich slu\u017eieb. Na \u010deskom trhu vystupujeme v mene va\u0161ej spolo\u010dnosti, aby sa z\u00e1kazn\u00edk c\u00edtil bezpe\u010dne a myslel si, \u017ee komunikuje so zamestnancami va\u0161ej spolo\u010dnosti. N\u00e1\u0161 t\u00edm tvoria profesion\u00e1li, ktor\u00ed hovoria \u010desky aj po\u013esky. Vo vz\u0165ahu k va\u0161im z\u00e1kazn\u00edkom sa riadime z\u00e1sadami ochrany osobn\u00fdch \u00fadajov, Ob\u010dianskym z\u00e1konn\u00edkom, z\u00e1konom o ochrane spotrebite\u013ea a \u010fal\u0161\u00edmi pr\u00e1vnymi predpismi.\",\"breadcrumb\":{\"@id\":\"https:\/\/czeskastrefa.pl\/sk\/prezentacia-vasej-spolocnosti\/#breadcrumb\"},\"inLanguage\":\"sk-SK\",\"potentialAction\":[{\"@type\":\"ReadAction\",\"target\":[\"https:\/\/czeskastrefa.pl\/sk\/prezentacia-vasej-spolocnosti\/\"]}]},{\"@type\":\"ImageObject\",\"inLanguage\":\"sk-SK\",\"@id\":\"https:\/\/czeskastrefa.pl\/sk\/prezentacia-vasej-spolocnosti\/#primaryimage\",\"url\":\"https:\/\/czeskastrefa.pl\/wp-content\/uploads\/2024\/04\/madison-oren-uGP_6CAD-14-unsplash-scaled.jpg\",\"contentUrl\":\"https:\/\/czeskastrefa.pl\/wp-content\/uploads\/2024\/04\/madison-oren-uGP_6CAD-14-unsplash-scaled.jpg\",\"width\":2560,\"height\":1707},{\"@type\":\"BreadcrumbList\",\"@id\":\"https:\/\/czeskastrefa.pl\/sk\/prezentacia-vasej-spolocnosti\/#breadcrumb\",\"itemListElement\":[{\"@type\":\"ListItem\",\"position\":1,\"name\":\"Strona g\u0142\u00f3wna\",\"item\":\"https:\/\/czeskastrefa.pl\/sk\/\"},{\"@type\":\"ListItem\",\"position\":2,\"name\":\"Prezent\u00e1cia va\u0161ej spolo\u010dnosti\"}]},{\"@type\":\"WebSite\",\"@id\":\"https:\/\/czeskastrefa.pl\/sk\/#website\",\"url\":\"https:\/\/czeskastrefa.pl\/sk\/\",\"name\":\"Czeska Strefa\",\"description\":\"Us\u0142ugi zwi\u0105zane z e-commerce na rynku czeskim\",\"publisher\":{\"@id\":\"https:\/\/czeskastrefa.pl\/sk\/#organization\"},\"alternateName\":\"Czeska Strefa\",\"potentialAction\":[{\"@type\":\"SearchAction\",\"target\":{\"@type\":\"EntryPoint\",\"urlTemplate\":\"https:\/\/czeskastrefa.pl\/sk\/?s={search_term_string}\"},\"query-input\":{\"@type\":\"PropertyValueSpecification\",\"valueRequired\":true,\"valueName\":\"search_term_string\"}}],\"inLanguage\":\"sk-SK\"},{\"@type\":\"Organization\",\"@id\":\"https:\/\/czeskastrefa.pl\/sk\/#organization\",\"name\":\"Czeska Strefa\",\"alternateName\":\"Us\u0142ugi e-commerce na rynku czeskim\",\"url\":\"https:\/\/czeskastrefa.pl\/sk\/\",\"logo\":{\"@type\":\"ImageObject\",\"inLanguage\":\"sk-SK\",\"@id\":\"https:\/\/czeskastrefa.pl\/sk\/#\/schema\/logo\/image\/\",\"url\":\"https:\/\/czeskastrefa.pl\/wp-content\/uploads\/2024\/04\/cropped-thumbnail_czeska-strefa-512-pxbhhui.png\",\"contentUrl\":\"https:\/\/czeskastrefa.pl\/wp-content\/uploads\/2024\/04\/cropped-thumbnail_czeska-strefa-512-pxbhhui.png\",\"width\":240,\"height\":240,\"caption\":\"Czeska Strefa\"},\"image\":{\"@id\":\"https:\/\/czeskastrefa.pl\/sk\/#\/schema\/logo\/image\/\"},\"sameAs\":[\"https:\/\/www.facebook.com\/czeskastrefa\",\"https:\/\/www.linkedin.com\/company\/czeskastrefa\",\"https:\/\/www.instagram.com\/czeskastrefa\"]}]}<\/script>\n<!-- \/ Yoast SEO plugin. -->","yoast_head_json":{"title":"Prezent\u00e1cia va\u0161ej spolo\u010dnosti | Czeska Strefa","description":"Zanechajte n\u00e1m prezent\u00e1ciu va\u0161ej spolo\u010dnosti a presved\u010dte sa o kvalite a efektivite na\u0161ich slu\u017eieb. Na \u010deskom trhu vystupujeme v mene va\u0161ej spolo\u010dnosti, aby sa z\u00e1kazn\u00edk c\u00edtil bezpe\u010dne a myslel si, \u017ee komunikuje so zamestnancami va\u0161ej spolo\u010dnosti. N\u00e1\u0161 t\u00edm tvoria profesion\u00e1li, ktor\u00ed hovoria \u010desky aj po\u013esky. Vo vz\u0165ahu k va\u0161im z\u00e1kazn\u00edkom sa riadime z\u00e1sadami ochrany osobn\u00fdch \u00fadajov, Ob\u010dianskym z\u00e1konn\u00edkom, z\u00e1konom o ochrane spotrebite\u013ea a \u010fal\u0161\u00edmi pr\u00e1vnymi predpismi.","robots":{"index":"index","follow":"follow","max-snippet":"max-snippet:-1","max-image-preview":"max-image-preview:large","max-video-preview":"max-video-preview:-1"},"canonical":"https:\/\/czeskastrefa.pl\/sk\/prezentacia-vasej-spolocnosti\/","og_locale":"sk_SK","og_type":"article","og_title":"Prezent\u00e1cia va\u0161ej spolo\u010dnosti","og_description":"Zanechajte n\u00e1m prezent\u00e1ciu va\u0161ej spolo\u010dnosti a presved\u010dte sa o kvalite a efektivite na\u0161ich slu\u017eieb. Na \u010deskom trhu vystupujeme v mene va\u0161ej spolo\u010dnosti, aby sa z\u00e1kazn\u00edk c\u00edtil bezpe\u010dne a myslel si, \u017ee komunikuje so zamestnancami va\u0161ej spolo\u010dnosti. N\u00e1\u0161 t\u00edm tvoria profesion\u00e1li, ktor\u00ed hovoria \u010desky aj po\u013esky. Vo vz\u0165ahu k va\u0161im z\u00e1kazn\u00edkom sa riadime z\u00e1sadami ochrany osobn\u00fdch \u00fadajov, Ob\u010dianskym z\u00e1konn\u00edkom, z\u00e1konom o ochrane spotrebite\u013ea a \u010fal\u0161\u00edmi pr\u00e1vnymi predpismi.","og_url":"https:\/\/czeskastrefa.pl\/sk\/prezentacia-vasej-spolocnosti\/","og_site_name":"Czeska Strefa","article_publisher":"https:\/\/www.facebook.com\/czeskastrefa","article_modified_time":"2024-05-15T18:34:04+00:00","og_image":[{"url":"https:\/\/czeskastrefa.pl\/wp-content\/uploads\/2024\/04\/madison-oren-uGP_6CAD-14-unsplash-1024x683.jpg","type":"","width":"","height":""}],"twitter_card":"summary_large_image","twitter_misc":{"Predpokladan\u00fd \u010das \u010d\u00edtania":"2 min\u00faty"},"schema":{"@context":"https:\/\/schema.org","@graph":[{"@type":"WebPage","@id":"https:\/\/czeskastrefa.pl\/sk\/prezentacia-vasej-spolocnosti\/","url":"https:\/\/czeskastrefa.pl\/sk\/prezentacia-vasej-spolocnosti\/","name":"Prezent\u00e1cia va\u0161ej spolo\u010dnosti | Czeska Strefa","isPartOf":{"@id":"https:\/\/czeskastrefa.pl\/sk\/#website"},"primaryImageOfPage":{"@id":"https:\/\/czeskastrefa.pl\/sk\/prezentacia-vasej-spolocnosti\/#primaryimage"},"image":{"@id":"https:\/\/czeskastrefa.pl\/sk\/prezentacia-vasej-spolocnosti\/#primaryimage"},"thumbnailUrl":"https:\/\/czeskastrefa.pl\/wp-content\/uploads\/2024\/04\/madison-oren-uGP_6CAD-14-unsplash-scaled.jpg","datePublished":"2024-04-13T09:25:17+00:00","dateModified":"2024-05-15T18:34:04+00:00","description":"Zanechajte n\u00e1m prezent\u00e1ciu va\u0161ej spolo\u010dnosti a presved\u010dte sa o kvalite a efektivite na\u0161ich slu\u017eieb. Na \u010deskom trhu vystupujeme v mene va\u0161ej spolo\u010dnosti, aby sa z\u00e1kazn\u00edk c\u00edtil bezpe\u010dne a myslel si, \u017ee komunikuje so zamestnancami va\u0161ej spolo\u010dnosti. N\u00e1\u0161 t\u00edm tvoria profesion\u00e1li, ktor\u00ed hovoria \u010desky aj po\u013esky. Vo vz\u0165ahu k va\u0161im z\u00e1kazn\u00edkom sa riadime z\u00e1sadami ochrany osobn\u00fdch \u00fadajov, Ob\u010dianskym z\u00e1konn\u00edkom, z\u00e1konom o ochrane spotrebite\u013ea a \u010fal\u0161\u00edmi pr\u00e1vnymi predpismi.","breadcrumb":{"@id":"https:\/\/czeskastrefa.pl\/sk\/prezentacia-vasej-spolocnosti\/#breadcrumb"},"inLanguage":"sk-SK","potentialAction":[{"@type":"ReadAction","target":["https:\/\/czeskastrefa.pl\/sk\/prezentacia-vasej-spolocnosti\/"]}]},{"@type":"ImageObject","inLanguage":"sk-SK","@id":"https:\/\/czeskastrefa.pl\/sk\/prezentacia-vasej-spolocnosti\/#primaryimage","url":"https:\/\/czeskastrefa.pl\/wp-content\/uploads\/2024\/04\/madison-oren-uGP_6CAD-14-unsplash-scaled.jpg","contentUrl":"https:\/\/czeskastrefa.pl\/wp-content\/uploads\/2024\/04\/madison-oren-uGP_6CAD-14-unsplash-scaled.jpg","width":2560,"height":1707},{"@type":"BreadcrumbList","@id":"https:\/\/czeskastrefa.pl\/sk\/prezentacia-vasej-spolocnosti\/#breadcrumb","itemListElement":[{"@type":"ListItem","position":1,"name":"Strona g\u0142\u00f3wna","item":"https:\/\/czeskastrefa.pl\/sk\/"},{"@type":"ListItem","position":2,"name":"Prezent\u00e1cia va\u0161ej spolo\u010dnosti"}]},{"@type":"WebSite","@id":"https:\/\/czeskastrefa.pl\/sk\/#website","url":"https:\/\/czeskastrefa.pl\/sk\/","name":"Czeska Strefa","description":"Us\u0142ugi zwi\u0105zane z e-commerce na rynku czeskim","publisher":{"@id":"https:\/\/czeskastrefa.pl\/sk\/#organization"},"alternateName":"Czeska Strefa","potentialAction":[{"@type":"SearchAction","target":{"@type":"EntryPoint","urlTemplate":"https:\/\/czeskastrefa.pl\/sk\/?s={search_term_string}"},"query-input":{"@type":"PropertyValueSpecification","valueRequired":true,"valueName":"search_term_string"}}],"inLanguage":"sk-SK"},{"@type":"Organization","@id":"https:\/\/czeskastrefa.pl\/sk\/#organization","name":"Czeska Strefa","alternateName":"Us\u0142ugi e-commerce na rynku czeskim","url":"https:\/\/czeskastrefa.pl\/sk\/","logo":{"@type":"ImageObject","inLanguage":"sk-SK","@id":"https:\/\/czeskastrefa.pl\/sk\/#\/schema\/logo\/image\/","url":"https:\/\/czeskastrefa.pl\/wp-content\/uploads\/2024\/04\/cropped-thumbnail_czeska-strefa-512-pxbhhui.png","contentUrl":"https:\/\/czeskastrefa.pl\/wp-content\/uploads\/2024\/04\/cropped-thumbnail_czeska-strefa-512-pxbhhui.png","width":240,"height":240,"caption":"Czeska Strefa"},"image":{"@id":"https:\/\/czeskastrefa.pl\/sk\/#\/schema\/logo\/image\/"},"sameAs":["https:\/\/www.facebook.com\/czeskastrefa","https:\/\/www.linkedin.com\/company\/czeskastrefa","https:\/\/www.instagram.com\/czeskastrefa"]}]}},"_links":{"self":[{"href":"https:\/\/czeskastrefa.pl\/sk\/wp-json\/wp\/v2\/pages\/1535","targetHints":{"allow":["GET"]}}],"collection":[{"href":"https:\/\/czeskastrefa.pl\/sk\/wp-json\/wp\/v2\/pages"}],"about":[{"href":"https:\/\/czeskastrefa.pl\/sk\/wp-json\/wp\/v2\/types\/page"}],"author":[{"embeddable":true,"href":"https:\/\/czeskastrefa.pl\/sk\/wp-json\/wp\/v2\/users\/1"}],"replies":[{"embeddable":true,"href":"https:\/\/czeskastrefa.pl\/sk\/wp-json\/wp\/v2\/comments?post=1535"}],"version-history":[{"count":1,"href":"https:\/\/czeskastrefa.pl\/sk\/wp-json\/wp\/v2\/pages\/1535\/revisions"}],"predecessor-version":[{"id":1540,"href":"https:\/\/czeskastrefa.pl\/sk\/wp-json\/wp\/v2\/pages\/1535\/revisions\/1540"}],"wp:featuredmedia":[{"embeddable":true,"href":"https:\/\/czeskastrefa.pl\/sk\/wp-json\/wp\/v2\/media\/1018"}],"wp:attachment":[{"href":"https:\/\/czeskastrefa.pl\/sk\/wp-json\/wp\/v2\/media?parent=1535"}],"curies":[{"name":"wp","href":"https:\/\/api.w.org\/{rel}","templated":true}]}}