{"id":1543,"date":"2024-04-22T21:05:01","date_gmt":"2024-04-22T19:05:01","guid":{"rendered":"https:\/\/czeskastrefa.pl\/qa\/"},"modified":"2024-05-15T20:34:02","modified_gmt":"2024-05-15T18:34:02","slug":"qa","status":"publish","type":"page","link":"https:\/\/czeskastrefa.pl\/sk\/qa\/","title":{"rendered":"Q&amp;A"},"content":{"rendered":"\n<div class=\"wp-block-group service-section has-global-padding is-layout-constrained wp-container-core-group-is-layout-42c4990b wp-block-group-is-layout-constrained\" style=\"margin-top:0;margin-bottom:0;padding-top:var(--wp--preset--spacing--80);padding-bottom:var(--wp--preset--spacing--80)\">\n<h3 class=\"wp-block-heading alignfull has-text-align-center wow bounceInDown delay-1000 has-primary-color has-text-color has-link-color wp-elements-3af30c90660d5d2683f015dcda19eff0\" style=\"text-transform:uppercase\"><strong>Ot\u00e1zky a odpovede<\/strong><\/h3>\n\n\n\n<p class=\"has-text-align-center has-heading-color has-text-color has-link-color has-regular-font-size wp-elements-8121d4e85221231b659bb68b57865eba\" style=\"font-style:normal;font-weight:500\">\u010casto kladen\u00e9 ot\u00e1zky na\u0161ich klientov podnikaj\u00facich v \u010ceskej republike.<\/p>\n\n\n\n<div style=\"height:18px\" aria-hidden=\"true\" class=\"wp-block-spacer\"><\/div>\n\n\n\n<div class=\"wp-block-columns alignfull are-vertically-aligned-center service-outer-box is-layout-flex wp-container-core-columns-is-layout-9b24e0e0 wp-block-columns-is-layout-flex\">\n<div class=\"wp-block-column is-vertically-aligned-center service-box wow swing is-layout-flow wp-block-column-is-layout-flow\" style=\"flex-basis:33.33%\">\n<div class=\"wp-block-group service-inner-box has-background has-global-padding is-layout-constrained wp-container-core-group-is-layout-280f0a9a wp-block-group-is-layout-constrained\" style=\"background-color:#f5f5f5;padding-top:20px;padding-right:15px;padding-bottom:20px;padding-left:15px\">\n<figure class=\"wp-block-image aligncenter size-full\"><a href=\"https:\/\/czeskastrefa.pl\/jak-otworzyc-konto-bankowe-w-czechach\/\"><img loading=\"lazy\" decoding=\"async\" width=\"800\" height=\"533\" src=\"https:\/\/czeskastrefa.pl\/wp-content\/uploads\/2024\/04\/iStock-1389182834-1.jpg\" alt=\"\" class=\"wp-image-654\" srcset=\"https:\/\/czeskastrefa.pl\/wp-content\/uploads\/2024\/04\/iStock-1389182834-1.jpg 800w, https:\/\/czeskastrefa.pl\/wp-content\/uploads\/2024\/04\/iStock-1389182834-1-300x200.jpg 300w, https:\/\/czeskastrefa.pl\/wp-content\/uploads\/2024\/04\/iStock-1389182834-1-768x512.jpg 768w\" sizes=\"auto, (max-width: 800px) 100vw, 800px\" \/><\/a><\/figure>\n\n\n\n<h6 class=\"wp-block-heading has-text-align-center has-text-color has-link-color wp-elements-3df7c46f6c052749e84ae973709d0a6f\" style=\"color:#424242;text-transform:capitalize\">Ako si m\u00f4\u017eem otvori\u0165 bankov\u00fd \u00fa\u010det v \u010ceskej republike?<\/h6>\n\n\n\n<hr class=\"wp-block-separator has-text-color has-primary-color has-alpha-channel-opacity has-primary-background-color has-background service-seperator\" style=\"margin-top:var(--wp--preset--spacing--30);margin-bottom:var(--wp--preset--spacing--30)\"\/>\n\n\n\n<p class=\"has-text-align-center\">Proces zriadenia bankov\u00e9ho \u00fa\u010dtu v troch krokoch. Slu\u017eby, ktor\u00e9 pon\u00fakame v tejto oblasti.<\/p>\n<\/div>\n<\/div>\n\n\n\n<div class=\"wp-block-column is-vertically-aligned-center service-box wow swing is-layout-flow wp-block-column-is-layout-flow\" style=\"flex-basis:33.33%\">\n<div class=\"wp-block-group service-inner-box has-background has-global-padding is-layout-constrained wp-container-core-group-is-layout-280f0a9a wp-block-group-is-layout-constrained\" style=\"background-color:#f5f5f5;padding-top:20px;padding-right:15px;padding-bottom:20px;padding-left:15px\">\n<figure class=\"wp-block-image aligncenter size-full\"><a href=\"https:\/\/czeskastrefa.pl\/jak-stworzyc-i-wyslac-zlecenie\/\"><img loading=\"lazy\" decoding=\"async\" width=\"1024\" height=\"684\" src=\"https:\/\/czeskastrefa.pl\/wp-content\/uploads\/2024\/04\/iStock-1370835398-1.jpg\" alt=\"\" class=\"wp-image-655\" srcset=\"https:\/\/czeskastrefa.pl\/wp-content\/uploads\/2024\/04\/iStock-1370835398-1.jpg 1024w, https:\/\/czeskastrefa.pl\/wp-content\/uploads\/2024\/04\/iStock-1370835398-1-300x200.jpg 300w, https:\/\/czeskastrefa.pl\/wp-content\/uploads\/2024\/04\/iStock-1370835398-1-768x513.jpg 768w\" sizes=\"auto, (max-width: 1024px) 100vw, 1024px\" \/><\/a><\/figure>\n\n\n\n<h6 class=\"wp-block-heading has-text-align-center has-text-color has-link-color wp-elements-4b1205209c2b195732ac8e44ff6edffd\" style=\"color:#424242;text-transform:capitalize\">Ako vytvor\u00edm a odo\u0161lem objedn\u00e1vku?<\/h6>\n\n\n\n<hr class=\"wp-block-separator has-text-color has-primary-color has-alpha-channel-opacity has-primary-background-color has-background service-seperator\" style=\"margin-top:var(--wp--preset--spacing--30);margin-bottom:var(--wp--preset--spacing--30)\"\/>\n\n\n\n<p class=\"has-text-align-center\">Praktick\u00e9 rady, ako pripravi\u0165 objedn\u00e1vku na cenov\u00fa ponuku a v ak\u00fdch situ\u00e1ci\u00e1ch je to potrebn\u00e9.<\/p>\n<\/div>\n<\/div>\n\n\n\n<div class=\"wp-block-column is-vertically-aligned-center service-box wow swing is-layout-flow wp-block-column-is-layout-flow\" style=\"flex-basis:33.33%\">\n<div class=\"wp-block-group service-inner-box has-background has-global-padding is-layout-constrained wp-container-core-group-is-layout-280f0a9a wp-block-group-is-layout-constrained\" style=\"background-color:#f5f5f5;padding-top:20px;padding-right:15px;padding-bottom:20px;padding-left:15px\">\n<figure class=\"wp-block-image aligncenter size-full\"><a href=\"https:\/\/czeskastrefa.pl\/jak-rozpoczac-stala-wspolprace\/\"><img loading=\"lazy\" decoding=\"async\" width=\"2121\" height=\"1414\" src=\"https:\/\/czeskastrefa.pl\/wp-content\/uploads\/2024\/04\/iStock-859663820.jpg\" alt=\"\" class=\"wp-image-657\" srcset=\"https:\/\/czeskastrefa.pl\/wp-content\/uploads\/2024\/04\/iStock-859663820.jpg 2121w, https:\/\/czeskastrefa.pl\/wp-content\/uploads\/2024\/04\/iStock-859663820-300x200.jpg 300w, https:\/\/czeskastrefa.pl\/wp-content\/uploads\/2024\/04\/iStock-859663820-1024x683.jpg 1024w, https:\/\/czeskastrefa.pl\/wp-content\/uploads\/2024\/04\/iStock-859663820-768x512.jpg 768w, https:\/\/czeskastrefa.pl\/wp-content\/uploads\/2024\/04\/iStock-859663820-1536x1024.jpg 1536w, https:\/\/czeskastrefa.pl\/wp-content\/uploads\/2024\/04\/iStock-859663820-2048x1365.jpg 2048w\" sizes=\"auto, (max-width: 2121px) 100vw, 2121px\" \/><\/a><\/figure>\n\n\n\n<h6 class=\"wp-block-heading has-text-align-center has-text-color has-link-color wp-elements-f3e4cf5097b995c8a602a7e6473c8481\" style=\"color:#424242;text-transform:capitalize\">Ako za\u010da\u0165 trval\u00fa spolupr\u00e1cu?<\/h6>\n\n\n\n<hr class=\"wp-block-separator has-text-color has-primary-color has-alpha-channel-opacity has-primary-background-color has-background service-seperator\" style=\"margin-top:var(--wp--preset--spacing--30);margin-bottom:var(--wp--preset--spacing--30)\"\/>\n\n\n\n<p class=\"has-text-align-center\">Proces za\u010datia dlhodob\u00e9ho partnerstva v bodoch. Na \u010do sa pripravi\u0165.  <\/p>\n<\/div>\n<\/div>\n<\/div>\n\n\n\n<div class=\"wp-block-columns alignfull are-vertically-aligned-center service-outer-box is-layout-flex wp-container-core-columns-is-layout-9b24e0e0 wp-block-columns-is-layout-flex\">\n<div class=\"wp-block-column is-vertically-aligned-center service-box wow swing is-layout-flow wp-block-column-is-layout-flow\" style=\"flex-basis:33.33%\">\n<div class=\"wp-block-group service-inner-box has-background has-global-padding is-layout-constrained wp-container-core-group-is-layout-280f0a9a wp-block-group-is-layout-constrained\" style=\"background-color:#f5f5f5;padding-top:20px;padding-right:15px;padding-bottom:20px;padding-left:15px\">\n<figure class=\"wp-block-image aligncenter size-full\"><a href=\"https:\/\/czeskastrefa.pl\/co-wplywa-na-wiarygodnosc-twojego-sklepu-internetowego\/\"><img loading=\"lazy\" decoding=\"async\" width=\"1024\" height=\"684\" src=\"https:\/\/czeskastrefa.pl\/wp-content\/uploads\/2024\/04\/iStock-1127293325-1.jpg\" alt=\"\" class=\"wp-image-658\" srcset=\"https:\/\/czeskastrefa.pl\/wp-content\/uploads\/2024\/04\/iStock-1127293325-1.jpg 1024w, https:\/\/czeskastrefa.pl\/wp-content\/uploads\/2024\/04\/iStock-1127293325-1-300x200.jpg 300w, https:\/\/czeskastrefa.pl\/wp-content\/uploads\/2024\/04\/iStock-1127293325-1-768x513.jpg 768w\" sizes=\"auto, (max-width: 1024px) 100vw, 1024px\" \/><\/a><\/figure>\n\n\n\n<h6 class=\"wp-block-heading has-text-align-center has-text-color has-link-color wp-elements-2bfc9c448658aeb273684ee27b7c6b82\" style=\"color:#424242;text-transform:capitalize\">Ako zv\u00fd\u0161i\u0165 d\u00f4veryhodnos\u0165 internetov\u00e9ho obchodu?<\/h6>\n\n\n\n<hr class=\"wp-block-separator has-text-color has-primary-color has-alpha-channel-opacity has-primary-background-color has-background service-seperator\" style=\"margin-top:var(--wp--preset--spacing--30);margin-bottom:var(--wp--preset--spacing--30)\"\/>\n\n\n\n<p class=\"has-text-align-center\">5 vec\u00ed, ktor\u00e9 \u010desk\u00ed z\u00e1kazn\u00edci ocenia na va\u0161om internetovom obchode.<\/p>\n<\/div>\n<\/div>\n\n\n\n<div class=\"wp-block-column is-vertically-aligned-center service-box wow swing is-layout-flow wp-block-column-is-layout-flow\" style=\"flex-basis:33.33%\">\n<div class=\"wp-block-group service-inner-box has-background has-global-padding is-layout-constrained wp-container-core-group-is-layout-280f0a9a wp-block-group-is-layout-constrained\" style=\"background-color:#f5f5f5;padding-top:20px;padding-right:15px;padding-bottom:20px;padding-left:15px\">\n<figure class=\"wp-block-image aligncenter size-full\"><a href=\"https:\/\/czeskastrefa.pl\/jak-zwiekszyc-sprzedaz-produktow-dzieki-seo\/\"><img loading=\"lazy\" decoding=\"async\" width=\"1024\" height=\"684\" src=\"https:\/\/czeskastrefa.pl\/wp-content\/uploads\/2024\/04\/iStock-966214594-1.jpg\" alt=\"\" class=\"wp-image-659\" srcset=\"https:\/\/czeskastrefa.pl\/wp-content\/uploads\/2024\/04\/iStock-966214594-1.jpg 1024w, https:\/\/czeskastrefa.pl\/wp-content\/uploads\/2024\/04\/iStock-966214594-1-300x200.jpg 300w, https:\/\/czeskastrefa.pl\/wp-content\/uploads\/2024\/04\/iStock-966214594-1-768x513.jpg 768w\" sizes=\"auto, (max-width: 1024px) 100vw, 1024px\" \/><\/a><\/figure>\n\n\n\n<h6 class=\"wp-block-heading has-text-align-center has-text-color has-link-color wp-elements-ca31524ee3533f8e8a8f8f76b2bd886c\" style=\"color:#424242;text-transform:capitalize\">Ako zv\u00fd\u0161i\u0165 predaj v\u00fdrobkov?<\/h6>\n\n\n\n<hr class=\"wp-block-separator has-text-color has-primary-color has-alpha-channel-opacity has-primary-background-color has-background service-seperator\" style=\"margin-top:var(--wp--preset--spacing--30);margin-bottom:var(--wp--preset--spacing--30)\"\/>\n\n\n\n<p class=\"has-text-align-center\">Defin\u00edcia, met\u00f3dy SEO optimaliz\u00e1cie a jej chyby a dosahovanie zisku prostredn\u00edctvom SEO.  <\/p>\n<\/div>\n<\/div>\n\n\n\n<div class=\"wp-block-column is-vertically-aligned-center service-box wow swing is-layout-flow wp-block-column-is-layout-flow\" style=\"flex-basis:33.33%\">\n<div class=\"wp-block-group service-inner-box has-background has-global-padding is-layout-constrained wp-container-core-group-is-layout-280f0a9a wp-block-group-is-layout-constrained\" style=\"background-color:#f5f5f5;padding-top:20px;padding-right:15px;padding-bottom:20px;padding-left:15px\">\n<figure class=\"wp-block-image aligncenter size-full\"><a href=\"https:\/\/czeskastrefa.pl\/ktore-przepisy-dotycza-e-commerce-na-rynku-czeskim\/\"><img loading=\"lazy\" decoding=\"async\" width=\"1024\" height=\"684\" src=\"https:\/\/czeskastrefa.pl\/wp-content\/uploads\/2024\/04\/iStock-107098187245-1.jpg\" alt=\"\" class=\"wp-image-660\" srcset=\"https:\/\/czeskastrefa.pl\/wp-content\/uploads\/2024\/04\/iStock-107098187245-1.jpg 1024w, https:\/\/czeskastrefa.pl\/wp-content\/uploads\/2024\/04\/iStock-107098187245-1-300x200.jpg 300w, https:\/\/czeskastrefa.pl\/wp-content\/uploads\/2024\/04\/iStock-107098187245-1-768x513.jpg 768w\" sizes=\"auto, (max-width: 1024px) 100vw, 1024px\" \/><\/a><\/figure>\n\n\n\n<h6 class=\"wp-block-heading has-text-align-center has-text-color has-link-color wp-elements-52d64f955503d8971e6b2dd992be4801\" style=\"color:#424242;text-transform:capitalize\">Ktor\u00e9 predpisy sa vz\u0165ahuj\u00fa na elektronick\u00fd obchod na \u010deskom trhu?<\/h6>\n\n\n\n<hr class=\"wp-block-separator has-text-color has-primary-color has-alpha-channel-opacity has-primary-background-color has-background service-seperator\" style=\"margin-top:var(--wp--preset--spacing--30);margin-bottom:var(--wp--preset--spacing--30)\"\/>\n\n\n\n<p class=\"has-text-align-center\">Preh\u013ead \u010desk\u00fdch pr\u00e1vnych predpisov t\u00fdkaj\u00facich sa odvetvia elektronick\u00e9ho obchodu.<\/p>\n<\/div>\n<\/div>\n<\/div>\n<\/div>\n","protected":false},"excerpt":{"rendered":"<p>Ot\u00e1zky a odpovede \u010casto kladen\u00e9 ot\u00e1zky na\u0161ich klientov podnikaj\u00facich v \u010ceskej republike. Ako si m\u00f4\u017eem otvori\u0165 bankov\u00fd \u00fa\u010det v \u010ceskej republike? Proces zriadenia bankov\u00e9ho \u00fa\u010dtu v troch krokoch. Slu\u017eby, ktor\u00e9 pon\u00fakame v tejto oblasti. Ako vytvor\u00edm a odo\u0161lem objedn\u00e1vku? Praktick\u00e9 rady, ako pripravi\u0165 objedn\u00e1vku na cenov\u00fa ponuku a v ak\u00fdch situ\u00e1ci\u00e1ch je to potrebn\u00e9. Ako [&hellip;]<\/p>\n","protected":false},"author":1,"featured_media":1405,"parent":0,"menu_order":0,"comment_status":"closed","ping_status":"closed","template":"","meta":{"footnotes":""},"class_list":["post-1543","page","type-page","status-publish","has-post-thumbnail","hentry"],"yoast_head":"<!-- This site is optimized with the Yoast SEO plugin v26.7 - https:\/\/yoast.com\/wordpress\/plugins\/seo\/ -->\n<title>Q&amp;A | Czeska Strefa<\/title>\n<meta name=\"description\" content=\"\u010casto kladen\u00e9 ot\u00e1zky na\u0161ich klientov podnikaj\u00facich v \u010ceskej republike.\" \/>\n<meta name=\"robots\" content=\"index, follow, max-snippet:-1, max-image-preview:large, max-video-preview:-1\" \/>\n<link rel=\"canonical\" href=\"https:\/\/czeskastrefa.pl\/sk\/qa\/\" \/>\n<meta property=\"og:locale\" content=\"sk_SK\" \/>\n<meta property=\"og:type\" content=\"article\" \/>\n<meta property=\"og:title\" content=\"Q&amp;A\" \/>\n<meta property=\"og:description\" content=\"\u010casto kladen\u00e9 ot\u00e1zky na\u0161ich klientov podnikaj\u00facich v \u010ceskej republike.\" \/>\n<meta property=\"og:url\" content=\"https:\/\/czeskastrefa.pl\/sk\/qa\/\" \/>\n<meta property=\"og:site_name\" content=\"Czeska Strefa\" \/>\n<meta property=\"article:publisher\" content=\"https:\/\/www.facebook.com\/czeskastrefa\" \/>\n<meta property=\"article:modified_time\" content=\"2024-05-15T18:34:02+00:00\" \/>\n<meta property=\"og:image\" content=\"https:\/\/czeskastrefa.pl\/wp-content\/uploads\/2024\/05\/frequently-asked-questions-solution-concept-scaled.jpg\" \/>\n<meta name=\"twitter:card\" content=\"summary_large_image\" \/>\n<meta name=\"twitter:label1\" content=\"Predpokladan\u00fd \u010das \u010d\u00edtania\" \/>\n\t<meta name=\"twitter:data1\" content=\"1 min\u00fata\" \/>\n<script type=\"application\/ld+json\" class=\"yoast-schema-graph\">{\"@context\":\"https:\/\/schema.org\",\"@graph\":[{\"@type\":\"WebPage\",\"@id\":\"https:\/\/czeskastrefa.pl\/sk\/qa\/\",\"url\":\"https:\/\/czeskastrefa.pl\/sk\/qa\/\",\"name\":\"Q&amp;A | Czeska Strefa\",\"isPartOf\":{\"@id\":\"https:\/\/czeskastrefa.pl\/sk\/#website\"},\"primaryImageOfPage\":{\"@id\":\"https:\/\/czeskastrefa.pl\/sk\/qa\/#primaryimage\"},\"image\":{\"@id\":\"https:\/\/czeskastrefa.pl\/sk\/qa\/#primaryimage\"},\"thumbnailUrl\":\"https:\/\/czeskastrefa.pl\/wp-content\/uploads\/2024\/05\/frequently-asked-questions-solution-concept-scaled.jpg\",\"datePublished\":\"2024-04-22T19:05:01+00:00\",\"dateModified\":\"2024-05-15T18:34:02+00:00\",\"description\":\"\u010casto kladen\u00e9 ot\u00e1zky na\u0161ich klientov podnikaj\u00facich v \u010ceskej republike.\",\"breadcrumb\":{\"@id\":\"https:\/\/czeskastrefa.pl\/sk\/qa\/#breadcrumb\"},\"inLanguage\":\"sk-SK\",\"potentialAction\":[{\"@type\":\"ReadAction\",\"target\":[\"https:\/\/czeskastrefa.pl\/sk\/qa\/\"]}]},{\"@type\":\"ImageObject\",\"inLanguage\":\"sk-SK\",\"@id\":\"https:\/\/czeskastrefa.pl\/sk\/qa\/#primaryimage\",\"url\":\"https:\/\/czeskastrefa.pl\/wp-content\/uploads\/2024\/05\/frequently-asked-questions-solution-concept-scaled.jpg\",\"contentUrl\":\"https:\/\/czeskastrefa.pl\/wp-content\/uploads\/2024\/05\/frequently-asked-questions-solution-concept-scaled.jpg\",\"width\":2560,\"height\":2329,\"caption\":\"Frequently Asked Questions Solution concept\"},{\"@type\":\"BreadcrumbList\",\"@id\":\"https:\/\/czeskastrefa.pl\/sk\/qa\/#breadcrumb\",\"itemListElement\":[{\"@type\":\"ListItem\",\"position\":1,\"name\":\"Strona g\u0142\u00f3wna\",\"item\":\"https:\/\/czeskastrefa.pl\/sk\/\"},{\"@type\":\"ListItem\",\"position\":2,\"name\":\"Q&amp;A\"}]},{\"@type\":\"WebSite\",\"@id\":\"https:\/\/czeskastrefa.pl\/sk\/#website\",\"url\":\"https:\/\/czeskastrefa.pl\/sk\/\",\"name\":\"Czeska Strefa\",\"description\":\"Us\u0142ugi zwi\u0105zane z e-commerce na rynku czeskim\",\"publisher\":{\"@id\":\"https:\/\/czeskastrefa.pl\/sk\/#organization\"},\"alternateName\":\"Czeska Strefa\",\"potentialAction\":[{\"@type\":\"SearchAction\",\"target\":{\"@type\":\"EntryPoint\",\"urlTemplate\":\"https:\/\/czeskastrefa.pl\/sk\/?s={search_term_string}\"},\"query-input\":{\"@type\":\"PropertyValueSpecification\",\"valueRequired\":true,\"valueName\":\"search_term_string\"}}],\"inLanguage\":\"sk-SK\"},{\"@type\":\"Organization\",\"@id\":\"https:\/\/czeskastrefa.pl\/sk\/#organization\",\"name\":\"Czeska Strefa\",\"alternateName\":\"Us\u0142ugi e-commerce na rynku czeskim\",\"url\":\"https:\/\/czeskastrefa.pl\/sk\/\",\"logo\":{\"@type\":\"ImageObject\",\"inLanguage\":\"sk-SK\",\"@id\":\"https:\/\/czeskastrefa.pl\/sk\/#\/schema\/logo\/image\/\",\"url\":\"https:\/\/czeskastrefa.pl\/wp-content\/uploads\/2024\/04\/cropped-thumbnail_czeska-strefa-512-pxbhhui.png\",\"contentUrl\":\"https:\/\/czeskastrefa.pl\/wp-content\/uploads\/2024\/04\/cropped-thumbnail_czeska-strefa-512-pxbhhui.png\",\"width\":240,\"height\":240,\"caption\":\"Czeska Strefa\"},\"image\":{\"@id\":\"https:\/\/czeskastrefa.pl\/sk\/#\/schema\/logo\/image\/\"},\"sameAs\":[\"https:\/\/www.facebook.com\/czeskastrefa\",\"https:\/\/www.linkedin.com\/company\/czeskastrefa\",\"https:\/\/www.instagram.com\/czeskastrefa\"]}]}<\/script>\n<!-- \/ Yoast SEO plugin. -->","yoast_head_json":{"title":"Q&amp;A | Czeska Strefa","description":"\u010casto kladen\u00e9 ot\u00e1zky na\u0161ich klientov podnikaj\u00facich v \u010ceskej republike.","robots":{"index":"index","follow":"follow","max-snippet":"max-snippet:-1","max-image-preview":"max-image-preview:large","max-video-preview":"max-video-preview:-1"},"canonical":"https:\/\/czeskastrefa.pl\/sk\/qa\/","og_locale":"sk_SK","og_type":"article","og_title":"Q&A","og_description":"\u010casto kladen\u00e9 ot\u00e1zky na\u0161ich klientov podnikaj\u00facich v \u010ceskej republike.","og_url":"https:\/\/czeskastrefa.pl\/sk\/qa\/","og_site_name":"Czeska Strefa","article_publisher":"https:\/\/www.facebook.com\/czeskastrefa","article_modified_time":"2024-05-15T18:34:02+00:00","og_image":[{"url":"https:\/\/czeskastrefa.pl\/wp-content\/uploads\/2024\/05\/frequently-asked-questions-solution-concept-scaled.jpg","type":"","width":"","height":""}],"twitter_card":"summary_large_image","twitter_misc":{"Predpokladan\u00fd \u010das \u010d\u00edtania":"1 min\u00fata"},"schema":{"@context":"https:\/\/schema.org","@graph":[{"@type":"WebPage","@id":"https:\/\/czeskastrefa.pl\/sk\/qa\/","url":"https:\/\/czeskastrefa.pl\/sk\/qa\/","name":"Q&amp;A | Czeska Strefa","isPartOf":{"@id":"https:\/\/czeskastrefa.pl\/sk\/#website"},"primaryImageOfPage":{"@id":"https:\/\/czeskastrefa.pl\/sk\/qa\/#primaryimage"},"image":{"@id":"https:\/\/czeskastrefa.pl\/sk\/qa\/#primaryimage"},"thumbnailUrl":"https:\/\/czeskastrefa.pl\/wp-content\/uploads\/2024\/05\/frequently-asked-questions-solution-concept-scaled.jpg","datePublished":"2024-04-22T19:05:01+00:00","dateModified":"2024-05-15T18:34:02+00:00","description":"\u010casto kladen\u00e9 ot\u00e1zky na\u0161ich klientov podnikaj\u00facich v \u010ceskej republike.","breadcrumb":{"@id":"https:\/\/czeskastrefa.pl\/sk\/qa\/#breadcrumb"},"inLanguage":"sk-SK","potentialAction":[{"@type":"ReadAction","target":["https:\/\/czeskastrefa.pl\/sk\/qa\/"]}]},{"@type":"ImageObject","inLanguage":"sk-SK","@id":"https:\/\/czeskastrefa.pl\/sk\/qa\/#primaryimage","url":"https:\/\/czeskastrefa.pl\/wp-content\/uploads\/2024\/05\/frequently-asked-questions-solution-concept-scaled.jpg","contentUrl":"https:\/\/czeskastrefa.pl\/wp-content\/uploads\/2024\/05\/frequently-asked-questions-solution-concept-scaled.jpg","width":2560,"height":2329,"caption":"Frequently Asked Questions Solution concept"},{"@type":"BreadcrumbList","@id":"https:\/\/czeskastrefa.pl\/sk\/qa\/#breadcrumb","itemListElement":[{"@type":"ListItem","position":1,"name":"Strona g\u0142\u00f3wna","item":"https:\/\/czeskastrefa.pl\/sk\/"},{"@type":"ListItem","position":2,"name":"Q&amp;A"}]},{"@type":"WebSite","@id":"https:\/\/czeskastrefa.pl\/sk\/#website","url":"https:\/\/czeskastrefa.pl\/sk\/","name":"Czeska Strefa","description":"Us\u0142ugi zwi\u0105zane z e-commerce na rynku czeskim","publisher":{"@id":"https:\/\/czeskastrefa.pl\/sk\/#organization"},"alternateName":"Czeska Strefa","potentialAction":[{"@type":"SearchAction","target":{"@type":"EntryPoint","urlTemplate":"https:\/\/czeskastrefa.pl\/sk\/?s={search_term_string}"},"query-input":{"@type":"PropertyValueSpecification","valueRequired":true,"valueName":"search_term_string"}}],"inLanguage":"sk-SK"},{"@type":"Organization","@id":"https:\/\/czeskastrefa.pl\/sk\/#organization","name":"Czeska Strefa","alternateName":"Us\u0142ugi e-commerce na rynku czeskim","url":"https:\/\/czeskastrefa.pl\/sk\/","logo":{"@type":"ImageObject","inLanguage":"sk-SK","@id":"https:\/\/czeskastrefa.pl\/sk\/#\/schema\/logo\/image\/","url":"https:\/\/czeskastrefa.pl\/wp-content\/uploads\/2024\/04\/cropped-thumbnail_czeska-strefa-512-pxbhhui.png","contentUrl":"https:\/\/czeskastrefa.pl\/wp-content\/uploads\/2024\/04\/cropped-thumbnail_czeska-strefa-512-pxbhhui.png","width":240,"height":240,"caption":"Czeska Strefa"},"image":{"@id":"https:\/\/czeskastrefa.pl\/sk\/#\/schema\/logo\/image\/"},"sameAs":["https:\/\/www.facebook.com\/czeskastrefa","https:\/\/www.linkedin.com\/company\/czeskastrefa","https:\/\/www.instagram.com\/czeskastrefa"]}]}},"_links":{"self":[{"href":"https:\/\/czeskastrefa.pl\/sk\/wp-json\/wp\/v2\/pages\/1543","targetHints":{"allow":["GET"]}}],"collection":[{"href":"https:\/\/czeskastrefa.pl\/sk\/wp-json\/wp\/v2\/pages"}],"about":[{"href":"https:\/\/czeskastrefa.pl\/sk\/wp-json\/wp\/v2\/types\/page"}],"author":[{"embeddable":true,"href":"https:\/\/czeskastrefa.pl\/sk\/wp-json\/wp\/v2\/users\/1"}],"replies":[{"embeddable":true,"href":"https:\/\/czeskastrefa.pl\/sk\/wp-json\/wp\/v2\/comments?post=1543"}],"version-history":[{"count":1,"href":"https:\/\/czeskastrefa.pl\/sk\/wp-json\/wp\/v2\/pages\/1543\/revisions"}],"predecessor-version":[{"id":1550,"href":"https:\/\/czeskastrefa.pl\/sk\/wp-json\/wp\/v2\/pages\/1543\/revisions\/1550"}],"wp:featuredmedia":[{"embeddable":true,"href":"https:\/\/czeskastrefa.pl\/sk\/wp-json\/wp\/v2\/media\/1405"}],"wp:attachment":[{"href":"https:\/\/czeskastrefa.pl\/sk\/wp-json\/wp\/v2\/media?parent=1543"}],"curies":[{"name":"wp","href":"https:\/\/api.w.org\/{rel}","templated":true}]}}