{"id":1586,"date":"2024-05-03T20:54:38","date_gmt":"2024-05-03T18:54:38","guid":{"rendered":"https:\/\/czeskastrefa.pl\/grafika\/"},"modified":"2024-05-15T20:34:02","modified_gmt":"2024-05-15T18:34:02","slug":"grafika","status":"publish","type":"page","link":"https:\/\/czeskastrefa.pl\/sk\/grafika\/","title":{"rendered":"Grafika"},"content":{"rendered":"\n<blockquote class=\"wp-block-quote is-layout-flow wp-block-quote-is-layout-flow\">\n<p>Potrebujete vytvori\u0165 logo pre svoju spolo\u010dnos\u0165 alebo reklamn\u00e9 bannery na mieru pre \u010desk\u00fd trh? Pozrite si na\u0161u ponuku.  <\/p>\n<\/blockquote>\n\n<p><strong>V tejto s\u00favislosti poskytujeme tieto slu\u017eby:  <\/strong>  <\/p>\n\n<p><strong>1. vytvorenie loga spolo\u010dnosti<\/strong> <\/p>\n\n<p>Na z\u00e1klade va\u0161ich o\u010dak\u00e1van\u00ed vytvor\u00edme logo pre va\u0161u spolo\u010dnos\u0165 alebo organiz\u00e1ciu.  <\/p>\n\n<p><strong>2. kniha zna\u010diek<\/strong> <\/p>\n\n<p>Pokyny na spr\u00e1vne pou\u017e\u00edvanie zna\u010dky (loga). Komplexn\u00fd dokument obsahuj\u00faci v\u0161etky inform\u00e1cie o log\u00e1ch a firemn\u00fdch \u0161t\u00fdloch, ako s\u00fa farby, typografia, \u010fal\u0161ie dekorat\u00edvne prvky \u0161pecifick\u00e9 pre zna\u010dku. Zah\u0155\u0148a aj \u0161abl\u00f3ny pre akciov\u00e9\/tla\u010den\u00e9 materi\u00e1ly &#8211; vizitky, hlavi\u010dkov\u00e9 papiere, kalend\u00e1re, tri\u010dk\u00e1, per\u00e1 a hrn\u010deky s logom alebo n\u00e1lepkami.  <\/p>\n\n<p><strong>3 N\u00e1vrh let\u00e1ku<\/strong> <\/p>\n\n<p>Vytvorenie let\u00e1ku s informa\u010dn\u00fdm alebo reklamn\u00fdm textom.  <\/p>\n\n<p><strong>4. n\u00e1vrh bro\u017e\u00fary<\/strong> <\/p>\n\n<p>Tenk\u00e1 bro\u017e\u00farka v m\u00e4kkej v\u00e4zbe m\u00f4\u017ee obsahova\u0165 inform\u00e1cie o v\u00fdrobku, slu\u017eb\u00e1ch spolo\u010dnosti, podujat\u00ed at\u010f.  <\/p>\n\n<p><strong>5 Citylight  <\/strong>  <\/p>\n\n<p>Typ vonkaj\u0161ej pouli\u010dnej reklamy vo forme billboardov, zvy\u010dajne osvetlen\u00fdch, s rozmermi zvy\u010dajne 1,2 x 1,8 m.  <\/p>\n\n<p><strong>6. n\u00e1vrh plag\u00e1tu<\/strong> <\/p>\n\n<p>Typ tla\u010diarensk\u00e9ho v\u00fdrobku klasifikovan\u00fd ako doplnok. Jednostrann\u00e9 ve\u013ekoform\u00e1tov\u00e9 tla\u010de (minim\u00e1lne A3), informa\u010dn\u00e9, ale niekedy aj propaga\u010dn\u00e9, sa umiest\u0148uj\u00fa na st\u00e1lych verejn\u00fdch miestach.  <\/p>\n\n<p><strong>7. roll-up<\/strong> <\/p>\n\n<p>Reklamn\u00e9 m\u00e9dium, typ jednoduch\u00e9ho zobrazovacieho syst\u00e9mu pozost\u00e1vaj\u00faceho z kazety so zrolovan\u00fdm plag\u00e1tom a hlin\u00edkov\u00fdch r\u00farok, ktor\u00e9 sl\u00fa\u017eia na znehybnenie zrolovanej tla\u010de.  <\/p>\n\n<p><strong>8 Grafika pre soci\u00e1lne m\u00e9di\u00e1<\/strong> <\/p>\n\n<p>Profilov\u00e9 fotografie, fotografie na pozad\u00ed pre soci\u00e1lne m\u00e9di\u00e1, grafika pre vertik\u00e1lne pr\u00edspevky, grafika pre horizont\u00e1lne pr\u00edspevky, grafika fanpage, karuselov\u00e9 reklamy, ob\u00e1lky udalost\u00ed, pokrytie Facebooku a Instagramu.  <\/p>\n\n<p><strong>9. reklamn\u00e9 bannery<\/strong> <\/p>\n\n<p>Bannery ur\u010den\u00e9 na reklamn\u00e9 kampane pre va\u0161e produkty alebo slu\u017eby.  <\/p>\n\n<p><strong>10. Grafick\u00fd dizajn katal\u00f3gov a kn\u00edh<\/strong> <\/p>\n\n<p><strong>11. obaly na knihy, katal\u00f3gy a CD<\/strong> <\/p>\n\n<p><strong>12 Balenie v\u00fdrobku<\/strong> <\/p>\n\n<p><strong>13. spracovanie obrazu<\/strong> <\/p>\n\n<p>Orezanie, zlep\u0161enie farieb, kontrastu a jasu.  <\/p>\n\n<p><strong>14. retu\u0161ovanie fotografi\u00ed<\/strong> <\/p>\n\n<p>Ak potrebujete podporu s grafikou, nev\u00e1hajte n\u00e1s kontaktova\u0165 na <a href=\"mailto:info@czeskastrefa.pl\" target=\"_blank\" rel=\"noreferrer noopener\">adrese info@czeskastrefa.pl<\/a>.  <\/p>\n","protected":false},"excerpt":{"rendered":"<p>Potrebujete vytvori\u0165 logo pre svoju spolo\u010dnos\u0165 alebo reklamn\u00e9 bannery na mieru pre \u010desk\u00fd trh? Pozrite si na\u0161u ponuku. V tejto s\u00favislosti poskytujeme tieto slu\u017eby: 1. vytvorenie loga spolo\u010dnosti Na z\u00e1klade va\u0161ich o\u010dak\u00e1van\u00ed vytvor\u00edme logo pre va\u0161u spolo\u010dnos\u0165 alebo organiz\u00e1ciu. 2. kniha zna\u010diek Pokyny na spr\u00e1vne pou\u017e\u00edvanie zna\u010dky (loga). Komplexn\u00fd dokument obsahuj\u00faci v\u0161etky inform\u00e1cie o log\u00e1ch [&hellip;]<\/p>\n","protected":false},"author":1,"featured_media":2223,"parent":0,"menu_order":0,"comment_status":"closed","ping_status":"closed","template":"","meta":{"footnotes":""},"class_list":["post-1586","page","type-page","status-publish","has-post-thumbnail","hentry"],"yoast_head":"<!-- This site is optimized with the Yoast SEO plugin v26.7 - https:\/\/yoast.com\/wordpress\/plugins\/seo\/ -->\n<title>Grafika | Czeska Strefa<\/title>\n<meta name=\"description\" content=\"Potrebujete vytvori\u0165 logo pre svoju spolo\u010dnos\u0165 alebo reklamn\u00e9 bannery na mieru pre \u010desk\u00fd trh? Pozrite si na\u0161u ponuku.\" \/>\n<meta name=\"robots\" content=\"index, follow, max-snippet:-1, max-image-preview:large, max-video-preview:-1\" \/>\n<link rel=\"canonical\" href=\"https:\/\/czeskastrefa.pl\/sk\/grafika\/\" \/>\n<meta property=\"og:locale\" content=\"sk_SK\" \/>\n<meta property=\"og:type\" content=\"article\" \/>\n<meta property=\"og:title\" content=\"Grafika\" \/>\n<meta property=\"og:description\" content=\"Potrebujete vytvori\u0165 logo pre svoju spolo\u010dnos\u0165 alebo reklamn\u00e9 bannery na mieru pre \u010desk\u00fd trh? Pozrite si na\u0161u ponuku.\" \/>\n<meta property=\"og:url\" content=\"https:\/\/czeskastrefa.pl\/sk\/grafika\/\" \/>\n<meta property=\"og:site_name\" content=\"Czeska Strefa\" \/>\n<meta property=\"article:publisher\" content=\"https:\/\/www.facebook.com\/czeskastrefa\" \/>\n<meta property=\"article:modified_time\" content=\"2024-05-15T18:34:02+00:00\" \/>\n<meta property=\"og:image\" content=\"https:\/\/czeskastrefa.pl\/wp-content\/uploads\/2024\/05\/bw-greek-statue-image-torn-paper-style-remixed-media-1.jpg\" \/>\n<meta name=\"twitter:card\" content=\"summary_large_image\" \/>\n<meta name=\"twitter:label1\" content=\"Predpokladan\u00fd \u010das \u010d\u00edtania\" \/>\n\t<meta name=\"twitter:data1\" content=\"2 min\u00faty\" \/>\n<script type=\"application\/ld+json\" class=\"yoast-schema-graph\">{\"@context\":\"https:\/\/schema.org\",\"@graph\":[{\"@type\":\"WebPage\",\"@id\":\"https:\/\/czeskastrefa.pl\/sk\/grafika\/\",\"url\":\"https:\/\/czeskastrefa.pl\/sk\/grafika\/\",\"name\":\"Grafika | Czeska Strefa\",\"isPartOf\":{\"@id\":\"https:\/\/czeskastrefa.pl\/sk\/#website\"},\"primaryImageOfPage\":{\"@id\":\"https:\/\/czeskastrefa.pl\/sk\/grafika\/#primaryimage\"},\"image\":{\"@id\":\"https:\/\/czeskastrefa.pl\/sk\/grafika\/#primaryimage\"},\"thumbnailUrl\":\"https:\/\/czeskastrefa.pl\/wp-content\/uploads\/2024\/10\/iStock-1415925069-1.jpg\",\"datePublished\":\"2024-05-03T18:54:38+00:00\",\"dateModified\":\"2024-05-15T18:34:02+00:00\",\"description\":\"Potrebujete vytvori\u0165 logo pre svoju spolo\u010dnos\u0165 alebo reklamn\u00e9 bannery na mieru pre \u010desk\u00fd trh? Pozrite si na\u0161u ponuku.\",\"breadcrumb\":{\"@id\":\"https:\/\/czeskastrefa.pl\/sk\/grafika\/#breadcrumb\"},\"inLanguage\":\"sk-SK\",\"potentialAction\":[{\"@type\":\"ReadAction\",\"target\":[\"https:\/\/czeskastrefa.pl\/sk\/grafika\/\"]}]},{\"@type\":\"ImageObject\",\"inLanguage\":\"sk-SK\",\"@id\":\"https:\/\/czeskastrefa.pl\/sk\/grafika\/#primaryimage\",\"url\":\"https:\/\/czeskastrefa.pl\/wp-content\/uploads\/2024\/10\/iStock-1415925069-1.jpg\",\"contentUrl\":\"https:\/\/czeskastrefa.pl\/wp-content\/uploads\/2024\/10\/iStock-1415925069-1.jpg\",\"width\":2121,\"height\":1414,\"caption\":\"Asian woman graphic designer working in office. Artist creative designer illustrator graphic skill concept.\"},{\"@type\":\"BreadcrumbList\",\"@id\":\"https:\/\/czeskastrefa.pl\/sk\/grafika\/#breadcrumb\",\"itemListElement\":[{\"@type\":\"ListItem\",\"position\":1,\"name\":\"Strona g\u0142\u00f3wna\",\"item\":\"https:\/\/czeskastrefa.pl\/sk\/\"},{\"@type\":\"ListItem\",\"position\":2,\"name\":\"Grafika\"}]},{\"@type\":\"WebSite\",\"@id\":\"https:\/\/czeskastrefa.pl\/sk\/#website\",\"url\":\"https:\/\/czeskastrefa.pl\/sk\/\",\"name\":\"Czeska Strefa\",\"description\":\"Us\u0142ugi zwi\u0105zane z e-commerce na rynku czeskim\",\"publisher\":{\"@id\":\"https:\/\/czeskastrefa.pl\/sk\/#organization\"},\"alternateName\":\"Czeska Strefa\",\"potentialAction\":[{\"@type\":\"SearchAction\",\"target\":{\"@type\":\"EntryPoint\",\"urlTemplate\":\"https:\/\/czeskastrefa.pl\/sk\/?s={search_term_string}\"},\"query-input\":{\"@type\":\"PropertyValueSpecification\",\"valueRequired\":true,\"valueName\":\"search_term_string\"}}],\"inLanguage\":\"sk-SK\"},{\"@type\":\"Organization\",\"@id\":\"https:\/\/czeskastrefa.pl\/sk\/#organization\",\"name\":\"Czeska Strefa\",\"alternateName\":\"Us\u0142ugi e-commerce na rynku czeskim\",\"url\":\"https:\/\/czeskastrefa.pl\/sk\/\",\"logo\":{\"@type\":\"ImageObject\",\"inLanguage\":\"sk-SK\",\"@id\":\"https:\/\/czeskastrefa.pl\/sk\/#\/schema\/logo\/image\/\",\"url\":\"https:\/\/czeskastrefa.pl\/wp-content\/uploads\/2024\/04\/cropped-thumbnail_czeska-strefa-512-pxbhhui.png\",\"contentUrl\":\"https:\/\/czeskastrefa.pl\/wp-content\/uploads\/2024\/04\/cropped-thumbnail_czeska-strefa-512-pxbhhui.png\",\"width\":240,\"height\":240,\"caption\":\"Czeska Strefa\"},\"image\":{\"@id\":\"https:\/\/czeskastrefa.pl\/sk\/#\/schema\/logo\/image\/\"},\"sameAs\":[\"https:\/\/www.facebook.com\/czeskastrefa\",\"https:\/\/www.linkedin.com\/company\/czeskastrefa\",\"https:\/\/www.instagram.com\/czeskastrefa\"]}]}<\/script>\n<!-- \/ Yoast SEO plugin. -->","yoast_head_json":{"title":"Grafika | Czeska Strefa","description":"Potrebujete vytvori\u0165 logo pre svoju spolo\u010dnos\u0165 alebo reklamn\u00e9 bannery na mieru pre \u010desk\u00fd trh? Pozrite si na\u0161u ponuku.","robots":{"index":"index","follow":"follow","max-snippet":"max-snippet:-1","max-image-preview":"max-image-preview:large","max-video-preview":"max-video-preview:-1"},"canonical":"https:\/\/czeskastrefa.pl\/sk\/grafika\/","og_locale":"sk_SK","og_type":"article","og_title":"Grafika","og_description":"Potrebujete vytvori\u0165 logo pre svoju spolo\u010dnos\u0165 alebo reklamn\u00e9 bannery na mieru pre \u010desk\u00fd trh? Pozrite si na\u0161u ponuku.","og_url":"https:\/\/czeskastrefa.pl\/sk\/grafika\/","og_site_name":"Czeska Strefa","article_publisher":"https:\/\/www.facebook.com\/czeskastrefa","article_modified_time":"2024-05-15T18:34:02+00:00","og_image":[{"url":"https:\/\/czeskastrefa.pl\/wp-content\/uploads\/2024\/05\/bw-greek-statue-image-torn-paper-style-remixed-media-1.jpg","type":"","width":"","height":""}],"twitter_card":"summary_large_image","twitter_misc":{"Predpokladan\u00fd \u010das \u010d\u00edtania":"2 min\u00faty"},"schema":{"@context":"https:\/\/schema.org","@graph":[{"@type":"WebPage","@id":"https:\/\/czeskastrefa.pl\/sk\/grafika\/","url":"https:\/\/czeskastrefa.pl\/sk\/grafika\/","name":"Grafika | Czeska Strefa","isPartOf":{"@id":"https:\/\/czeskastrefa.pl\/sk\/#website"},"primaryImageOfPage":{"@id":"https:\/\/czeskastrefa.pl\/sk\/grafika\/#primaryimage"},"image":{"@id":"https:\/\/czeskastrefa.pl\/sk\/grafika\/#primaryimage"},"thumbnailUrl":"https:\/\/czeskastrefa.pl\/wp-content\/uploads\/2024\/10\/iStock-1415925069-1.jpg","datePublished":"2024-05-03T18:54:38+00:00","dateModified":"2024-05-15T18:34:02+00:00","description":"Potrebujete vytvori\u0165 logo pre svoju spolo\u010dnos\u0165 alebo reklamn\u00e9 bannery na mieru pre \u010desk\u00fd trh? Pozrite si na\u0161u ponuku.","breadcrumb":{"@id":"https:\/\/czeskastrefa.pl\/sk\/grafika\/#breadcrumb"},"inLanguage":"sk-SK","potentialAction":[{"@type":"ReadAction","target":["https:\/\/czeskastrefa.pl\/sk\/grafika\/"]}]},{"@type":"ImageObject","inLanguage":"sk-SK","@id":"https:\/\/czeskastrefa.pl\/sk\/grafika\/#primaryimage","url":"https:\/\/czeskastrefa.pl\/wp-content\/uploads\/2024\/10\/iStock-1415925069-1.jpg","contentUrl":"https:\/\/czeskastrefa.pl\/wp-content\/uploads\/2024\/10\/iStock-1415925069-1.jpg","width":2121,"height":1414,"caption":"Asian woman graphic designer working in office. Artist creative designer illustrator graphic skill concept."},{"@type":"BreadcrumbList","@id":"https:\/\/czeskastrefa.pl\/sk\/grafika\/#breadcrumb","itemListElement":[{"@type":"ListItem","position":1,"name":"Strona g\u0142\u00f3wna","item":"https:\/\/czeskastrefa.pl\/sk\/"},{"@type":"ListItem","position":2,"name":"Grafika"}]},{"@type":"WebSite","@id":"https:\/\/czeskastrefa.pl\/sk\/#website","url":"https:\/\/czeskastrefa.pl\/sk\/","name":"Czeska Strefa","description":"Us\u0142ugi zwi\u0105zane z e-commerce na rynku czeskim","publisher":{"@id":"https:\/\/czeskastrefa.pl\/sk\/#organization"},"alternateName":"Czeska Strefa","potentialAction":[{"@type":"SearchAction","target":{"@type":"EntryPoint","urlTemplate":"https:\/\/czeskastrefa.pl\/sk\/?s={search_term_string}"},"query-input":{"@type":"PropertyValueSpecification","valueRequired":true,"valueName":"search_term_string"}}],"inLanguage":"sk-SK"},{"@type":"Organization","@id":"https:\/\/czeskastrefa.pl\/sk\/#organization","name":"Czeska Strefa","alternateName":"Us\u0142ugi e-commerce na rynku czeskim","url":"https:\/\/czeskastrefa.pl\/sk\/","logo":{"@type":"ImageObject","inLanguage":"sk-SK","@id":"https:\/\/czeskastrefa.pl\/sk\/#\/schema\/logo\/image\/","url":"https:\/\/czeskastrefa.pl\/wp-content\/uploads\/2024\/04\/cropped-thumbnail_czeska-strefa-512-pxbhhui.png","contentUrl":"https:\/\/czeskastrefa.pl\/wp-content\/uploads\/2024\/04\/cropped-thumbnail_czeska-strefa-512-pxbhhui.png","width":240,"height":240,"caption":"Czeska Strefa"},"image":{"@id":"https:\/\/czeskastrefa.pl\/sk\/#\/schema\/logo\/image\/"},"sameAs":["https:\/\/www.facebook.com\/czeskastrefa","https:\/\/www.linkedin.com\/company\/czeskastrefa","https:\/\/www.instagram.com\/czeskastrefa"]}]}},"_links":{"self":[{"href":"https:\/\/czeskastrefa.pl\/sk\/wp-json\/wp\/v2\/pages\/1586","targetHints":{"allow":["GET"]}}],"collection":[{"href":"https:\/\/czeskastrefa.pl\/sk\/wp-json\/wp\/v2\/pages"}],"about":[{"href":"https:\/\/czeskastrefa.pl\/sk\/wp-json\/wp\/v2\/types\/page"}],"author":[{"embeddable":true,"href":"https:\/\/czeskastrefa.pl\/sk\/wp-json\/wp\/v2\/users\/1"}],"replies":[{"embeddable":true,"href":"https:\/\/czeskastrefa.pl\/sk\/wp-json\/wp\/v2\/comments?post=1586"}],"version-history":[{"count":1,"href":"https:\/\/czeskastrefa.pl\/sk\/wp-json\/wp\/v2\/pages\/1586\/revisions"}],"predecessor-version":[{"id":1591,"href":"https:\/\/czeskastrefa.pl\/sk\/wp-json\/wp\/v2\/pages\/1586\/revisions\/1591"}],"wp:featuredmedia":[{"embeddable":true,"href":"https:\/\/czeskastrefa.pl\/sk\/wp-json\/wp\/v2\/media\/2223"}],"wp:attachment":[{"href":"https:\/\/czeskastrefa.pl\/sk\/wp-json\/wp\/v2\/media?parent=1586"}],"curies":[{"name":"wp","href":"https:\/\/api.w.org\/{rel}","templated":true}]}}